{"id":58,"date":"2020-08-16T18:02:01","date_gmt":"2020-08-16T11:02:01","guid":{"rendered":"http:\/\/mau1.hoabinhweb.com\/noithat2\/?page_id=58"},"modified":"2021-04-01T07:57:37","modified_gmt":"2021-04-01T00:57:37","slug":"lien-he","status":"publish","type":"page","link":"http:\/\/mau1.hoabinhweb.com\/noithat2\/lien-he\/","title":{"rendered":"Li\u00ean h\u1ec7"},"content":{"rendered":"\n<p>\n<div class=\"row page-contact\"  id=\"row-244025168\">\n\n\n\t<div id=\"col-65988111\" class=\"col small-12 large-12\"  >\n\t\t<div class=\"col-inner\"  >\n\t\t\t\n\t\t\t\n\n<\/p>\n<h2>LTH Design<\/h2>\n<ul>\n<li>\u0110\u1ecba ch\u1ec9: Nguy\u1ec5n Ch\u00ed Thanh, TP.H\u1ed9i An, T\u1ec9nh Qu\u1ea3ng Nam<\/li>\n<li>Hotline: 0931 976 679 (KTS Hi\u1ebfu)<\/li>\n<li>hieuktsa7@gmail.com<\/li>\n<\/ul>\n<p>\n\n\t\t<\/div>\n\t\t\t<\/div>\n\n\t\n\n\t<div id=\"col-1559370221\" class=\"col medium-6 small-12 large-6\"  >\n\t\t<div class=\"col-inner\"  >\n\t\t\t\n\t\t\t\n\n<\/p>\n<h2>G\u1eedi y\u00eau c\u1ea7u cho ch\u00fang t\u00f4i<\/h2>\n<p>\n<div role=\"form\" class=\"wpcf7\" id=\"wpcf7-f217-o1\" lang=\"vi\" dir=\"ltr\">\n<div class=\"screen-reader-response\" role=\"alert\" aria-live=\"polite\"><\/div>\n<form action=\"\/noithat2\/wp-json\/wp\/v2\/pages\/58#wpcf7-f217-o1\" method=\"post\" class=\"wpcf7-form init\" novalidate=\"novalidate\">\n<div style=\"display: none;\">\n<input type=\"hidden\" name=\"_wpcf7\" value=\"217\" \/>\n<input type=\"hidden\" name=\"_wpcf7_version\" value=\"5.2.1\" \/>\n<input type=\"hidden\" name=\"_wpcf7_locale\" value=\"vi\" \/>\n<input type=\"hidden\" name=\"_wpcf7_unit_tag\" value=\"wpcf7-f217-o1\" \/>\n<input type=\"hidden\" name=\"_wpcf7_container_post\" value=\"0\" \/>\n<input type=\"hidden\" name=\"_wpcf7_posted_data_hash\" value=\"\" \/>\n<\/div>\n<p><span class=\"wpcf7-form-control-wrap your-name\"><input type=\"text\" name=\"your-name\" value=\"\" size=\"40\" class=\"wpcf7-form-control wpcf7-text wpcf7-validates-as-required\" aria-required=\"true\" aria-invalid=\"false\" placeholder=\"H\u1ecd t\u00ean (*)\" \/><\/span><\/p>\n<p><span class=\"wpcf7-form-control-wrap your-email\"><input type=\"email\" name=\"your-email\" value=\"\" size=\"40\" class=\"wpcf7-form-control wpcf7-text wpcf7-email wpcf7-validates-as-email\" aria-invalid=\"false\" placeholder=\"Email\" \/><\/span><\/p>\n<p><span class=\"wpcf7-form-control-wrap your-phone\"><input type=\"tel\" name=\"your-phone\" value=\"\" size=\"40\" class=\"wpcf7-form-control wpcf7-text wpcf7-tel wpcf7-validates-as-required wpcf7-validates-as-tel\" aria-required=\"true\" aria-invalid=\"false\" placeholder=\"S\u1ed1 \u0111i\u1ec7n tho\u1ea1i (*)\" \/><\/span><\/p>\n<p><span class=\"wpcf7-form-control-wrap your-address\"><input type=\"text\" name=\"your-address\" value=\"\" size=\"40\" class=\"wpcf7-form-control wpcf7-text\" aria-invalid=\"false\" placeholder=\"\u0110\u1ecba ch\u1ec9\" \/><\/span><\/p>\n<p><span class=\"wpcf7-form-control-wrap your-congtr\"><select name=\"your-congtr\" class=\"wpcf7-form-control wpcf7-select wpcf7-validates-as-required\" aria-required=\"true\" aria-invalid=\"false\"><option value=\"\">C\u00f4ng tr\u00ecnh<\/option><option value=\"Bi\u1ec7t th\u1ef1\">Bi\u1ec7t th\u1ef1<\/option><option value=\"Nh\u00e0 ph\u1ed1\">Nh\u00e0 ph\u1ed1<\/option><option value=\"Kh\u00e1ch s\u1ea1n - Resort\">Kh\u00e1ch s\u1ea1n - Resort<\/option><option value=\"Bar, nh\u00e0 h\u00e0ng, cafe\">Bar, nh\u00e0 h\u00e0ng, cafe<\/option><option value=\"V\u0103n ph\u00f2ng\">V\u0103n ph\u00f2ng<\/option><option value=\"C\u00f4ng tr\u00ecnh kh\u00e1c\">C\u00f4ng tr\u00ecnh kh\u00e1c<\/option><\/select><\/span><\/p>\n<p><span class=\"wpcf7-form-control-wrap your-hinhthuc\"><select name=\"your-hinhthuc\" class=\"wpcf7-form-control wpcf7-select wpcf7-validates-as-required\" aria-required=\"true\" aria-invalid=\"false\"><option value=\"\">H\u00ecnh th\u1ee9c<\/option><option value=\"X\u00e2y m\u1edbi\">X\u00e2y m\u1edbi<\/option><option value=\"C\u1ea3i t\u1ea1o\">C\u1ea3i t\u1ea1o<\/option><\/select><\/span><\/p>\n<p><span class=\"wpcf7-form-control-wrap your-st\"><input type=\"text\" name=\"your-st\" value=\"\" size=\"40\" class=\"wpcf7-form-control wpcf7-text\" aria-invalid=\"false\" placeholder=\"S\u1ed1 t\u1ea7ng\" \/><\/span><\/p>\n<p><span class=\"wpcf7-form-control-wrap your-dtd\"><input type=\"text\" name=\"your-dtd\" value=\"\" size=\"40\" class=\"wpcf7-form-control wpcf7-text\" aria-invalid=\"false\" placeholder=\"Di\u1ec7n t\u00edch \u0111\u1ea5t\" \/><\/span><\/p>\n<p><span class=\"wpcf7-form-control-wrap your-dtxd\"><input type=\"text\" name=\"your-dtxd\" value=\"\" size=\"40\" class=\"wpcf7-form-control wpcf7-text\" aria-invalid=\"false\" placeholder=\"Di\u1ec7n t\u00edch x\u00e2y d\u1ef1ng\" \/><\/span><\/p>\n<p><span class=\"wpcf7-form-control-wrap your-hangm\"><input type=\"text\" name=\"your-hangm\" value=\"\" size=\"40\" class=\"wpcf7-form-control wpcf7-text\" aria-invalid=\"false\" placeholder=\"H\u1ea1ng m\u1ee9c\" \/><\/span><\/p>\n<p><span class=\"wpcf7-form-control-wrap your-message\"><textarea name=\"your-message\" cols=\"40\" rows=\"10\" class=\"wpcf7-form-control wpcf7-textarea\" aria-invalid=\"false\" placeholder=\"N\u1ed9i dung\"><\/textarea><\/span><\/p>\n<p><input type=\"submit\" value=\"G\u1eedi \u0111i\" class=\"wpcf7-form-control wpcf7-submit\" \/><\/p>\n<div class=\"wpcf7-response-output\" role=\"alert\" aria-hidden=\"true\"><\/div><\/form><\/div>\n\n\n\t\t<\/div>\n\t\t\t<\/div>\n\n\t\n\n\t<div id=\"col-327010114\" class=\"col medium-6 small-12 large-6\"  >\n\t\t<div class=\"col-inner\"  >\n\t\t\t\n\t\t\t\n\n<\/p>\n<h2>B\u1ea3n \u0111\u1ed3 ch\u1ec9 d\u1eabn<\/h2>\n<p><iframe style=\"border: 0;\" src=\"https:\/\/www.google.com\/maps\/embed?pb=!1m18!1m12!1m3!1d3837.220962283667!2d108.31550831534669!3d15.897490748239031!2m3!1f0!2f0!3f0!3m2!1i1024!2i768!4f13.1!3m3!1m2!1s0x31420e132d81496f%3A0x38d4c6fdf9387a6d!2zTmd1eeG7hW4gQ2jDrSBUaGFuaCwgVHAuIEjhu5lpIEFuLCBRdeG6o25nIE5hbSwgVmnhu4d0IE5hbQ!5e0!3m2!1svi!2s!4v1617238168907!5m2!1svi!2s\" width=\"100%\" height=\"450\" allowfullscreen=\"allowfullscreen\"><\/iframe><\/p>\n<p>&nbsp;<\/p>\n<p>\n\n\t\t<\/div>\n\t\t\t<\/div>\n\n\t\n\n<\/div>\n\n","protected":false},"excerpt":{"rendered":"","protected":false},"author":2,"featured_media":0,"parent":0,"menu_order":0,"comment_status":"closed","ping_status":"closed","template":"page-no-sidebar.php","meta":[],"yoast_head":"<!-- This site is optimized with the Yoast SEO plugin v14.7 - https:\/\/yoast.com\/wordpress\/plugins\/seo\/ -->\n<title>Li\u00ean h\u1ec7 - LTH Design<\/title>\n<meta name=\"robots\" content=\"noindex, follow\" \/>\n<meta property=\"og:locale\" content=\"vi_VN\" \/>\n<meta property=\"og:type\" content=\"article\" \/>\n<meta property=\"og:title\" content=\"Li\u00ean h\u1ec7 - LTH Design\" \/>\n<meta property=\"og:url\" content=\"http:\/\/mau1.hoabinhweb.com\/noithat2\/lien-he\/\" \/>\n<meta property=\"og:site_name\" content=\"LTH Design\" \/>\n<meta property=\"article:modified_time\" content=\"2021-04-01T00:57:37+00:00\" \/>\n<meta name=\"twitter:card\" content=\"summary_large_image\" \/>\n<script type=\"application\/ld+json\" class=\"yoast-schema-graph\">{\"@context\":\"https:\/\/schema.org\",\"@graph\":[{\"@type\":\"WebSite\",\"@id\":\"http:\/\/mau1.hoabinhweb.com\/noithat2\/#website\",\"url\":\"http:\/\/mau1.hoabinhweb.com\/noithat2\/\",\"name\":\"LTH Design\",\"description\":\"\",\"potentialAction\":[{\"@type\":\"SearchAction\",\"target\":\"http:\/\/mau1.hoabinhweb.com\/noithat2\/?s={search_term_string}\",\"query-input\":\"required name=search_term_string\"}],\"inLanguage\":\"vi\"},{\"@type\":\"WebPage\",\"@id\":\"http:\/\/mau1.hoabinhweb.com\/noithat2\/lien-he\/#webpage\",\"url\":\"http:\/\/mau1.hoabinhweb.com\/noithat2\/lien-he\/\",\"name\":\"Li\\u00ean h\\u1ec7 - LTH Design\",\"isPartOf\":{\"@id\":\"http:\/\/mau1.hoabinhweb.com\/noithat2\/#website\"},\"datePublished\":\"2020-08-16T11:02:01+00:00\",\"dateModified\":\"2021-04-01T00:57:37+00:00\",\"breadcrumb\":{\"@id\":\"http:\/\/mau1.hoabinhweb.com\/noithat2\/lien-he\/#breadcrumb\"},\"inLanguage\":\"vi\",\"potentialAction\":[{\"@type\":\"ReadAction\",\"target\":[\"http:\/\/mau1.hoabinhweb.com\/noithat2\/lien-he\/\"]}]},{\"@type\":\"BreadcrumbList\",\"@id\":\"http:\/\/mau1.hoabinhweb.com\/noithat2\/lien-he\/#breadcrumb\",\"itemListElement\":[{\"@type\":\"ListItem\",\"position\":1,\"item\":{\"@type\":\"WebPage\",\"@id\":\"http:\/\/mau1.hoabinhweb.com\/noithat2\/\",\"url\":\"http:\/\/mau1.hoabinhweb.com\/noithat2\/\",\"name\":\"Trang ch\\u1ee7\"}},{\"@type\":\"ListItem\",\"position\":2,\"item\":{\"@type\":\"WebPage\",\"@id\":\"http:\/\/mau1.hoabinhweb.com\/noithat2\/lien-he\/\",\"url\":\"http:\/\/mau1.hoabinhweb.com\/noithat2\/lien-he\/\",\"name\":\"Li\\u00ean h\\u1ec7\"}}]}]}<\/script>\n<!-- \/ Yoast SEO plugin. -->","_links":{"self":[{"href":"http:\/\/mau1.hoabinhweb.com\/noithat2\/wp-json\/wp\/v2\/pages\/58"}],"collection":[{"href":"http:\/\/mau1.hoabinhweb.com\/noithat2\/wp-json\/wp\/v2\/pages"}],"about":[{"href":"http:\/\/mau1.hoabinhweb.com\/noithat2\/wp-json\/wp\/v2\/types\/page"}],"author":[{"embeddable":true,"href":"http:\/\/mau1.hoabinhweb.com\/noithat2\/wp-json\/wp\/v2\/users\/2"}],"replies":[{"embeddable":true,"href":"http:\/\/mau1.hoabinhweb.com\/noithat2\/wp-json\/wp\/v2\/comments?post=58"}],"version-history":[{"count":3,"href":"http:\/\/mau1.hoabinhweb.com\/noithat2\/wp-json\/wp\/v2\/pages\/58\/revisions"}],"predecessor-version":[{"id":599,"href":"http:\/\/mau1.hoabinhweb.com\/noithat2\/wp-json\/wp\/v2\/pages\/58\/revisions\/599"}],"wp:attachment":[{"href":"http:\/\/mau1.hoabinhweb.com\/noithat2\/wp-json\/wp\/v2\/media?parent=58"}],"curies":[{"name":"wp","href":"https:\/\/api.w.org\/{rel}","templated":true}]}}