{"id":13,"date":"2024-02-20T22:13:09","date_gmt":"2024-02-20T15:13:09","guid":{"rendered":"https:\/\/mau1.hoabinhweb.com\/moitruong1\/?page_id=13"},"modified":"2024-02-26T16:10:02","modified_gmt":"2024-02-26T09:10:02","slug":"bao-gia","status":"publish","type":"page","link":"https:\/\/mau1.hoabinhweb.com\/moitruong1\/bao-gia\/","title":{"rendered":"B\u00e1o gi\u00e1"},"content":{"rendered":"<p>T\u00e2\u0301t ca\u0309 ca\u0301c ca\u0301 nh\u00e2n, h\u00f4\u0323 gia \u0111i\u0300nh, c\u01a1 quan, c\u00f4ng ty, xi\u0301 nghi\u00ea\u0323p\u2026kha\u0301ch ha\u0300ng co\u0301 nhu c\u00e2\u0300u h\u00fat h\u1ea7m c\u1ea7u, h\u00fat b\u1ec3 ph\u1ed1t, th\u00f4ng t\u1eafc c\u1ed1ng ta\u0323i Website: mau1.hoabinhweb.com\/moitruong1<\/p>\n<p>Hay go\u0323i \u0111i\u00ea\u0323n hotline: 0333 222 444\u00a0\u0111i\u00ea\u0300u \u0111\u01b0\u01a1\u0323c h\u00f4\u0303 tr\u01a1\u0323 t\u01b0 v\u00e2\u0301n cu\u0303ng nh\u01b0 di\u0323ch v\u1ee5 ba\u0309o ha\u0300nh sau thi c\u00f4ng \u0111u\u0301ng nh\u01b0 trong bi\u00ean ba\u0309n cam k\u00ea\u0301t gi\u01b0\u0303a 2 b\u00ean.<\/p>\n<p>Unico xin cam k\u00ea\u0301t cung c\u00e2\u0301p v\u00e2\u0323t t\u01b0 \u0111u\u0301ng ch\u00e2\u0301t l\u01b0\u01a1\u0323ng, chu\u00e2\u0309n loa\u0323i\u2026 co\u0301 phi\u00ea\u0301u thu, ho\u0301a \u0111\u01a1n VAT, \u0111\u00e2\u0300y \u0111u\u0309 ch\u01b0\u0301ng t\u01b0\u0300 co\u0301 li\u00ean quan.<\/p>\n<p>Mo\u0323i \u0111o\u0301ng go\u0301p, y\u0301 ki\u00ea\u0301n, th\u0103\u0301c m\u0103\u0301c, xin li\u00ean h\u00ea\u0323 email: unico@gmail.com<\/p>\n<p>Tr\u00e2n tro\u0323ng ca\u0309m \u01a1n!<\/p>\n","protected":false},"excerpt":{"rendered":"<p>T\u00e2\u0301t ca\u0309 ca\u0301c ca\u0301 nh\u00e2n, h\u00f4\u0323 gia \u0111i\u0300nh, c\u01a1 quan, c\u00f4ng ty, xi\u0301 nghi\u00ea\u0323p\u2026kha\u0301ch ha\u0300ng co\u0301 nhu c\u00e2\u0300u h\u00fat h\u1ea7m c\u1ea7u, h\u00fat b\u1ec3 ph\u1ed1t, th\u00f4ng t\u1eafc c\u1ed1ng ta\u0323i Website: mau1.hoabinhweb.com\/moitruong1 Hay go\u0323i \u0111i\u00ea\u0323n hotline: 0333 222 444\u00a0\u0111i\u00ea\u0300u \u0111\u01b0\u01a1\u0323c h\u00f4\u0303 tr\u01a1\u0323 t\u01b0 v\u00e2\u0301n cu\u0303ng nh\u01b0 di\u0323ch v\u1ee5 ba\u0309o ha\u0300nh sau thi c\u00f4ng \u0111u\u0301ng nh\u01b0 trong bi\u00ean<\/p>\n","protected":false},"author":1,"featured_media":0,"parent":0,"menu_order":0,"comment_status":"closed","ping_status":"closed","template":"","meta":{"footnotes":""},"class_list":["post-13","page","type-page","status-publish","hentry"],"yoast_head":"<!-- This site is optimized with the Yoast SEO plugin v22.1 - https:\/\/yoast.com\/wordpress\/plugins\/seo\/ -->\n<title>B\u00e1o gi\u00e1 - Unico<\/title>\n<meta name=\"robots\" content=\"noindex, follow, max-snippet:-1, max-image-preview:large, max-video-preview:-1\" \/>\n<meta property=\"og:locale\" content=\"vi_VN\" \/>\n<meta property=\"og:type\" content=\"article\" \/>\n<meta property=\"og:title\" content=\"B\u00e1o gi\u00e1 - Unico\" \/>\n<meta property=\"og:description\" content=\"T\u00e2\u0301t ca\u0309 ca\u0301c ca\u0301 nh\u00e2n, h\u00f4\u0323 gia \u0111i\u0300nh, c\u01a1 quan, c\u00f4ng ty, xi\u0301 nghi\u00ea\u0323p\u2026kha\u0301ch ha\u0300ng co\u0301 nhu c\u00e2\u0300u h\u00fat h\u1ea7m c\u1ea7u, h\u00fat b\u1ec3 ph\u1ed1t, th\u00f4ng t\u1eafc c\u1ed1ng ta\u0323i Website: mau1.hoabinhweb.com\/moitruong1 Hay go\u0323i \u0111i\u00ea\u0323n hotline: 0333 222 444\u00a0\u0111i\u00ea\u0300u \u0111\u01b0\u01a1\u0323c h\u00f4\u0303 tr\u01a1\u0323 t\u01b0 v\u00e2\u0301n cu\u0303ng nh\u01b0 di\u0323ch v\u1ee5 ba\u0309o ha\u0300nh sau thi c\u00f4ng \u0111u\u0301ng nh\u01b0 trong bi\u00ean\" \/>\n<meta property=\"og:url\" content=\"https:\/\/mau1.hoabinhweb.com\/moitruong1\/bao-gia\/\" \/>\n<meta property=\"og:site_name\" content=\"Unico\" \/>\n<meta property=\"article:modified_time\" content=\"2024-02-26T09:10:02+00:00\" \/>\n<meta name=\"twitter:card\" content=\"summary_large_image\" \/>\n<meta name=\"twitter:label1\" content=\"\u01af\u1edbc t\u00ednh th\u1eddi gian \u0111\u1ecdc\" \/>\n\t<meta name=\"twitter:data1\" content=\"1 ph\u00fat\" \/>\n<script type=\"application\/ld+json\" class=\"yoast-schema-graph\">{\"@context\":\"https:\/\/schema.org\",\"@graph\":[{\"@type\":\"WebPage\",\"@id\":\"https:\/\/mau1.hoabinhweb.com\/moitruong1\/bao-gia\/\",\"url\":\"https:\/\/mau1.hoabinhweb.com\/moitruong1\/bao-gia\/\",\"name\":\"B\u00e1o gi\u00e1 - Unico\",\"isPartOf\":{\"@id\":\"https:\/\/mau1.hoabinhweb.com\/moitruong1\/#website\"},\"datePublished\":\"2024-02-20T15:13:09+00:00\",\"dateModified\":\"2024-02-26T09:10:02+00:00\",\"breadcrumb\":{\"@id\":\"https:\/\/mau1.hoabinhweb.com\/moitruong1\/bao-gia\/#breadcrumb\"},\"inLanguage\":\"vi\",\"potentialAction\":[{\"@type\":\"ReadAction\",\"target\":[\"https:\/\/mau1.hoabinhweb.com\/moitruong1\/bao-gia\/\"]}]},{\"@type\":\"BreadcrumbList\",\"@id\":\"https:\/\/mau1.hoabinhweb.com\/moitruong1\/bao-gia\/#breadcrumb\",\"itemListElement\":[{\"@type\":\"ListItem\",\"position\":1,\"name\":\"Trang ch\u1ee7\",\"item\":\"https:\/\/mau1.hoabinhweb.com\/moitruong1\/\"},{\"@type\":\"ListItem\",\"position\":2,\"name\":\"B\u00e1o gi\u00e1\"}]},{\"@type\":\"WebSite\",\"@id\":\"https:\/\/mau1.hoabinhweb.com\/moitruong1\/#website\",\"url\":\"https:\/\/mau1.hoabinhweb.com\/moitruong1\/\",\"name\":\"Unico\",\"description\":\"\",\"potentialAction\":[{\"@type\":\"SearchAction\",\"target\":{\"@type\":\"EntryPoint\",\"urlTemplate\":\"https:\/\/mau1.hoabinhweb.com\/moitruong1\/?s={search_term_string}\"},\"query-input\":\"required name=search_term_string\"}],\"inLanguage\":\"vi\"}]}<\/script>\n<!-- \/ Yoast SEO plugin. -->","yoast_head_json":{"title":"B\u00e1o gi\u00e1 - Unico","robots":{"index":"noindex","follow":"follow","max-snippet":"max-snippet:-1","max-image-preview":"max-image-preview:large","max-video-preview":"max-video-preview:-1"},"og_locale":"vi_VN","og_type":"article","og_title":"B\u00e1o gi\u00e1 - Unico","og_description":"T\u00e2\u0301t ca\u0309 ca\u0301c ca\u0301 nh\u00e2n, h\u00f4\u0323 gia \u0111i\u0300nh, c\u01a1 quan, c\u00f4ng ty, xi\u0301 nghi\u00ea\u0323p\u2026kha\u0301ch ha\u0300ng co\u0301 nhu c\u00e2\u0300u h\u00fat h\u1ea7m c\u1ea7u, h\u00fat b\u1ec3 ph\u1ed1t, th\u00f4ng t\u1eafc c\u1ed1ng ta\u0323i Website: mau1.hoabinhweb.com\/moitruong1 Hay go\u0323i \u0111i\u00ea\u0323n hotline: 0333 222 444\u00a0\u0111i\u00ea\u0300u \u0111\u01b0\u01a1\u0323c h\u00f4\u0303 tr\u01a1\u0323 t\u01b0 v\u00e2\u0301n cu\u0303ng nh\u01b0 di\u0323ch v\u1ee5 ba\u0309o ha\u0300nh sau thi c\u00f4ng \u0111u\u0301ng nh\u01b0 trong bi\u00ean","og_url":"https:\/\/mau1.hoabinhweb.com\/moitruong1\/bao-gia\/","og_site_name":"Unico","article_modified_time":"2024-02-26T09:10:02+00:00","twitter_card":"summary_large_image","twitter_misc":{"\u01af\u1edbc t\u00ednh th\u1eddi gian \u0111\u1ecdc":"1 ph\u00fat"},"schema":{"@context":"https:\/\/schema.org","@graph":[{"@type":"WebPage","@id":"https:\/\/mau1.hoabinhweb.com\/moitruong1\/bao-gia\/","url":"https:\/\/mau1.hoabinhweb.com\/moitruong1\/bao-gia\/","name":"B\u00e1o gi\u00e1 - Unico","isPartOf":{"@id":"https:\/\/mau1.hoabinhweb.com\/moitruong1\/#website"},"datePublished":"2024-02-20T15:13:09+00:00","dateModified":"2024-02-26T09:10:02+00:00","breadcrumb":{"@id":"https:\/\/mau1.hoabinhweb.com\/moitruong1\/bao-gia\/#breadcrumb"},"inLanguage":"vi","potentialAction":[{"@type":"ReadAction","target":["https:\/\/mau1.hoabinhweb.com\/moitruong1\/bao-gia\/"]}]},{"@type":"BreadcrumbList","@id":"https:\/\/mau1.hoabinhweb.com\/moitruong1\/bao-gia\/#breadcrumb","itemListElement":[{"@type":"ListItem","position":1,"name":"Trang ch\u1ee7","item":"https:\/\/mau1.hoabinhweb.com\/moitruong1\/"},{"@type":"ListItem","position":2,"name":"B\u00e1o gi\u00e1"}]},{"@type":"WebSite","@id":"https:\/\/mau1.hoabinhweb.com\/moitruong1\/#website","url":"https:\/\/mau1.hoabinhweb.com\/moitruong1\/","name":"Unico","description":"","potentialAction":[{"@type":"SearchAction","target":{"@type":"EntryPoint","urlTemplate":"https:\/\/mau1.hoabinhweb.com\/moitruong1\/?s={search_term_string}"},"query-input":"required name=search_term_string"}],"inLanguage":"vi"}]}},"_links":{"self":[{"href":"https:\/\/mau1.hoabinhweb.com\/moitruong1\/wp-json\/wp\/v2\/pages\/13","targetHints":{"allow":["GET"]}}],"collection":[{"href":"https:\/\/mau1.hoabinhweb.com\/moitruong1\/wp-json\/wp\/v2\/pages"}],"about":[{"href":"https:\/\/mau1.hoabinhweb.com\/moitruong1\/wp-json\/wp\/v2\/types\/page"}],"author":[{"embeddable":true,"href":"https:\/\/mau1.hoabinhweb.com\/moitruong1\/wp-json\/wp\/v2\/users\/1"}],"replies":[{"embeddable":true,"href":"https:\/\/mau1.hoabinhweb.com\/moitruong1\/wp-json\/wp\/v2\/comments?post=13"}],"version-history":[{"count":4,"href":"https:\/\/mau1.hoabinhweb.com\/moitruong1\/wp-json\/wp\/v2\/pages\/13\/revisions"}],"predecessor-version":[{"id":185,"href":"https:\/\/mau1.hoabinhweb.com\/moitruong1\/wp-json\/wp\/v2\/pages\/13\/revisions\/185"}],"wp:attachment":[{"href":"https:\/\/mau1.hoabinhweb.com\/moitruong1\/wp-json\/wp\/v2\/media?parent=13"}],"curies":[{"name":"wp","href":"https:\/\/api.w.org\/{rel}","templated":true}]}}