{"id":17,"date":"2024-02-20T22:15:07","date_gmt":"2024-02-20T15:15:07","guid":{"rendered":"https:\/\/mau1.hoabinhweb.com\/moitruong1\/?page_id=17"},"modified":"2024-02-26T10:41:40","modified_gmt":"2024-02-26T03:41:40","slug":"ve-unico","status":"publish","type":"page","link":"https:\/\/mau1.hoabinhweb.com\/moitruong1\/ve-unico\/","title":{"rendered":"V\u1ec1 Unico"},"content":{"rendered":"<p>Trung T\u00e2m B\u1ea3o H\u00e0nh S\u1eeda Ch\u1eefa\u00a0<strong>\u0110I\u1ec6N N\u01af\u1edaC B\u00c1CH KHOA 365\u00a0<\/strong>v\u1edbi h\u01a1n 10 n\u0103m kinh nghi\u1ec7m, tr\u1ea3i qua qu\u00e1 tr\u00ecnh h\u00ecnh th\u00e0nh v\u00e0 ph\u00e1t tri\u1ec3n \u0111\u00e3 t\u1ea1o \u0111\u01b0\u1ee3c ti\u1ebfng vang l\u1edbn v\u1ec1 ch\u1ea5t l\u01b0\u1ee3ng d\u1ecbch v\u1ee5 v\u00e0 s\u1ef1 uy t\u00edn. V\u1edbi \u0111\u1ed9i ng\u0169 Th\u1ee3 k\u1ef9 thu\u1eadt c\u00f3 tay ngh\u1ec1 cao, \u0111\u01b0\u1ee3c \u0111\u00e0o t\u1ea1o b\u00e0i b\u1ea3n ,chuy\u00ean s\u00e2u v\u1ec1 chuy\u00ean m\u00f4n v\u00e0 phong c\u00e1ch l\u00e0m vi\u1ec7c, \u0111\u1ea3m b\u1ea3o ph\u1ee5c v\u1ee5\u00a0Qu\u00fd Kh\u00e1ch h\u00e0ng th\u00e2n y\u00eau m\u1ed9t c\u00e1ch t\u1ed1t nh\u1ea5t. !<\/p>\n<p><strong>I. Quan \u0111i\u1ec3m kinh doanh :<\/strong><br \/>\nUnico lu\u00f4n \u0111\u1eb7t ch\u1eef<strong>\u00a0T\u00edn<\/strong>\u00a0l\u00ean h\u00e0ng \u0111\u1ea7u. Kh\u00f4ng v\u00ec l\u1ee3i nhu\u1eadn tr\u01b0\u1edbc m\u1eaft m\u00e0 gian d\u1ed1i, l\u1eeba g\u1ea1t kh\u00e1ch h\u00e0ng.<br \/>\nV\u1edbi ph\u01b0\u01a1ng ch\u00e2m kinh doanh\u00a0<strong>\u201cl\u1ee3i \u00edch c\u1ee7a kh\u00e1ch h\u00e0ng ch\u00ednh l\u00e0 \u0111\u1ea3m b\u1ea3o cho s\u1ef1 t\u1ed3n t\u1ea1i v\u00e0 ph\u00e1t tri\u1ec3n th\u00e0nh c\u00f4ng c\u1ee7a Trung T\u00e2m\u201d<\/strong>.<br \/>\nV\u1edbi m\u1ee5c ti\u00eau h\u00e0ng \u0111\u1ea7u\u00a0<strong>\u201cT\u1ea5t c\u1ea3 nh\u1eb1m x\u00e2y d\u1ef1ng m\u1ed9t \u0111\u1ecba ch\u1ec9 cung c\u1ea5p d\u1ecbch v\u1ee5 s\u1eeda ch\u1eefa\u00a0&amp;\u00a0b\u1ea3o h\u00e0nh thi\u1ebft b\u1ecb \u0111i\u1ec7n m\u00e1y uy t\u00edn nh\u1ea5t\u201d.<\/strong><\/p>\n<p><strong>II. Ch\u00ednh s\u00e1ch kinh doanh:<\/strong><\/p>\n<p><strong>1. C\u00e1c d\u1ecbch v\u1ee5:<\/strong><br \/>\n\u2013 S\u1eeda ch\u1eefa \u0110i\u1ec7n N\u01b0\u1edbc<br \/>\n\u2013 S\u1eeda ch\u1eefa M\u00e1y N\u00f3ng L\u1ea1nh<br \/>\n\u2013 S\u1eeda ch\u1eefa M\u00e1y B\u01a1m N\u01b0\u1edbc<\/p>\n<p><strong>2. C\u00e1c m\u1eb7t h\u00e0ng c\u1ee7a Trung T\u00e2m<\/strong><\/p>\n<p>M\u00e1y B\u01a1m N\u01b0\u1edbc \u2013 B\u00ecnh N\u00f3ng L\u1ea1nh \u2026 C\u1ee7a c\u00e1c h\u00e3ng c\u00f3 th\u01b0\u01a1ng hi\u1ec7u \u0111\u00e3 \u0111\u01b0\u1ee3c kh\u1eb3ng \u0111\u1ecbnh ch\u1ea5t l\u01b0\u1ee3ng tr\u00ean th\u1ecb tr\u01b0\u1eddng th\u1ebf gi\u1edbi v\u00e0 trong n\u01b0\u1edbc nh\u01b0 Panasonic, Fujitsu, LG, Funiki, Nagakawa , Toshiba, General , Mitsubishi, \u2026<\/p>\n<p><strong>3. V\u1ec1 h\u00e0ng h\u00f3a:<\/strong><br \/>\n\u2013 \u0110a d\u1ea1ng v\u1ec1 ch\u1ee7ng lo\u1ea1i \u0111\u1ea3m b\u1ea3o \u0111\u00e1p \u1ee9ng nhu c\u1ea7u, th\u1ecb hi\u1ebfu c\u1ee7a kh\u00e1ch h\u00e0ng.<br \/>\n\u2013 \u0110\u00fang ngu\u1ed3n g\u1ed1c, xu\u1ea5t x\u1ee9 .<br \/>\n\u2013 Tuy\u1ec7t \u0111\u1ed1i kh\u00f4ng b\u00e1n h\u00e0ng gi\u1ea3, h\u00e0ng nh\u00e1i , h\u00e0ng k\u00e9m ch\u1ea5t l\u01b0\u1ee3ng .<br \/>\n\u2013 Qu\u00fd kh\u00e1ch s\u1ebd \u0111\u01b0\u1ee3c \u0111\u1ea3m b\u1ea3o v\u1ec1 ch\u1ea5t l\u01b0\u1ee3ng h\u00e0ng ho\u00e1 b\u1eb1ng H\u1ee3p \u0111\u1ed3ng ho\u1eb7c gi\u1ea5y cam k\u1ebft c\u00f3 gi\u00e1 tr\u1ecb v\u1ec1 m\u1eb7t ph\u00e1p l\u00fd . S\u1ea3n ph\u1ea9m \u0111\u1ec1u \u0111\u01b0\u1ee3c \u0111\u1ea3m b\u1ea3o \u0111\u00fang ngu\u1ed3n g\u1ed1c xu\u1ea5t x\u1ee9 v\u00e0 \u0111\u00fang t\u00ednh n\u0103ng k\u1ef9 thu\u1eadt nh\u01b0 \u0111\u00e3 ch\u00e0o h\u00e0ng.<\/p>\n<p><strong>4. V\u1ec1 gi\u00e1 c\u1ea3:<\/strong><br \/>\nGi\u00e1 lu\u00f4n c\u1ea1nh tranh v\u00e0 r\u1ea5t linh ho\u1ea1t<br \/>\n\u0110\u1ec3 nh\u1eb1m gi\u1ea3m gi\u00e1 th\u00e0nh ch\u00fang t\u00f4i lu\u00f4n ch\u00fa tr\u1ecdng \u0111\u1ebfn chi ph\u00ed cho ho\u1ea1t \u0111\u1ed9ng c\u1ee7a Trung T\u00e2m nh\u01b0 :<br \/>\n\u2013 B\u1ed9 m\u00e1y nh\u00e2n vi\u00ean v\u0103n ph\u00f2ng g\u1ecdn nh\u1eb9 \u2026<br \/>\n\u2013 Kh\u00f4ng thu\u00ea c\u1eeda h\u00e0ng, v\u0103n ph\u00f2ng \u1edf nh\u1eefng n\u01a1i gi\u00e1 cao .<br \/>\n\u2013 Chi ph\u00ed qu\u1ea3ng c\u00e1o h\u1ee3p l\u00fd v\u00e0 hi\u1ec7u qu\u1ea3 nh\u1ea5t .<br \/>\nV\u1edbi ph\u01b0\u01a1ng tr\u00e2m\u00a0 \u201cQu\u1ea3ng c\u00e1o hi\u1ec7u qu\u1ea3 nh\u1ea5t \u0111\u00f3 ch\u00ednh l\u00e0 kh\u00e1ch h\u00e0ng\u201d<\/p>\n<p><strong>5. \u0110\u1ed9i ng\u0169 nh\u00e2n vi\u00ean k\u1ef9 thu\u1eadt:<\/strong><br \/>\nTay ngh\u1ec1 gi\u1ecfi \u2013 chuy\u00ean nghi\u1ec7p. K\u1ecbp th\u1eddi, nhi\u1ec7t t\u00ecnh, chu \u0111\u00e1o.<br \/>\n\u0110\u1eb7c bi\u1ec7t, Trung T\u00e2m ch\u00fang t\u00f4i r\u1ea5t ch\u00fa tr\u1ecdng \u0111\u1ebfn d\u1ecbch v\u1ee5 ch\u0103m s\u00f3c kh\u00e1ch h\u00e0ng sau b\u00e1n h\u00e0ng.<br \/>\nV\u1edbi mong mu\u1ed1n \u0111\u01b0\u1ee3c ph\u1ee5c v\u1ee5 c\u00e1c kh\u00e1ch h\u00e0ng ng\u00e0y c\u00e0ng chu \u0111\u00e1o h\u01a1n, Unico\u00a0 lu\u00f4n s\u1eb5n s\u00e0ng ti\u1ebfp nh\u1eadn v\u00e0 bi\u1ebft \u01a1n m\u1ecdi s\u1ef1 g\u00f3p \u00fd c\u1ee7a c\u00e1c qu\u00ed kh\u00e1ch h\u00e0ng. V\u00ec v\u1eady n\u1ebfu qu\u00ed kh\u00e1ch c\u00f3 b\u1ea5t c\u1ee9 \u0111i\u1ec1u g\u00ec ch\u01b0a h\u00e0i l\u00f2ng v\u1ec1 s\u1ea3n ph\u1ea9m, d\u1ecbch v\u1ee5 hay cung c\u00e1ch ph\u1ee5c v\u1ee5 c\u1ee7a Unico, xin vui l\u00f2ng ph\u1ea3n \u00e1nh tr\u1ef1c ti\u1ebfp v\u1edbi ch\u00fang t\u00f4i.<\/p>\n<p>\u0110\u1ebfn v\u1edbi Unico, Qu\u00fd kh\u00e1ch s\u1ebd th\u1ea5y \u0111\u01b0\u1ee3c gi\u00e1 tr\u1ecb c\u1ee7a \u0111\u1ed3ng ti\u1ec1n b\u1ecf ra t\u01b0\u01a1ng x\u1ee9ng v\u1edbi s\u1ea3n ph\u1ea9m v\u00e0 l\u1ee3i \u00edch \u0111\u01b0\u1ee3c mang l\u1ea1i.<\/p>\n<p>Xin h\u00e2n h\u1ea1nh \u0111\u01b0\u1ee3c ph\u1ee5c v\u1ee5 qu\u00fd kh\u00e1ch h\u00e0ng !!!<\/p>\n","protected":false},"excerpt":{"rendered":"<p>Trung T\u00e2m B\u1ea3o H\u00e0nh S\u1eeda Ch\u1eefa\u00a0\u0110I\u1ec6N N\u01af\u1edaC B\u00c1CH KHOA 365\u00a0v\u1edbi h\u01a1n 10 n\u0103m kinh nghi\u1ec7m, tr\u1ea3i qua qu\u00e1 tr\u00ecnh h\u00ecnh th\u00e0nh v\u00e0 ph\u00e1t tri\u1ec3n \u0111\u00e3 t\u1ea1o \u0111\u01b0\u1ee3c ti\u1ebfng vang l\u1edbn v\u1ec1 ch\u1ea5t l\u01b0\u1ee3ng d\u1ecbch v\u1ee5 v\u00e0 s\u1ef1 uy t\u00edn. V\u1edbi \u0111\u1ed9i ng\u0169 Th\u1ee3 k\u1ef9 thu\u1eadt c\u00f3 tay ngh\u1ec1 cao, \u0111\u01b0\u1ee3c \u0111\u00e0o t\u1ea1o b\u00e0i b\u1ea3n ,chuy\u00ean<\/p>\n","protected":false},"author":1,"featured_media":0,"parent":0,"menu_order":0,"comment_status":"closed","ping_status":"closed","template":"","meta":{"footnotes":""},"class_list":["post-17","page","type-page","status-publish","hentry"],"yoast_head":"<!-- This site is optimized with the Yoast SEO plugin v22.1 - https:\/\/yoast.com\/wordpress\/plugins\/seo\/ -->\n<title>V\u1ec1 Unico - Unico<\/title>\n<meta name=\"robots\" content=\"noindex, follow, max-snippet:-1, max-image-preview:large, max-video-preview:-1\" \/>\n<meta property=\"og:locale\" content=\"vi_VN\" \/>\n<meta property=\"og:type\" content=\"article\" \/>\n<meta property=\"og:title\" content=\"V\u1ec1 Unico - Unico\" \/>\n<meta property=\"og:description\" content=\"Trung T\u00e2m B\u1ea3o H\u00e0nh S\u1eeda Ch\u1eefa\u00a0\u0110I\u1ec6N N\u01af\u1edaC B\u00c1CH KHOA 365\u00a0v\u1edbi h\u01a1n 10 n\u0103m kinh nghi\u1ec7m, tr\u1ea3i qua qu\u00e1 tr\u00ecnh h\u00ecnh th\u00e0nh v\u00e0 ph\u00e1t tri\u1ec3n \u0111\u00e3 t\u1ea1o \u0111\u01b0\u1ee3c ti\u1ebfng vang l\u1edbn v\u1ec1 ch\u1ea5t l\u01b0\u1ee3ng d\u1ecbch v\u1ee5 v\u00e0 s\u1ef1 uy t\u00edn. V\u1edbi \u0111\u1ed9i ng\u0169 Th\u1ee3 k\u1ef9 thu\u1eadt c\u00f3 tay ngh\u1ec1 cao, \u0111\u01b0\u1ee3c \u0111\u00e0o t\u1ea1o b\u00e0i b\u1ea3n ,chuy\u00ean\" \/>\n<meta property=\"og:url\" content=\"https:\/\/mau1.hoabinhweb.com\/moitruong1\/ve-unico\/\" \/>\n<meta property=\"og:site_name\" content=\"Unico\" \/>\n<meta property=\"article:modified_time\" content=\"2024-02-26T03:41:40+00:00\" \/>\n<meta name=\"twitter:card\" content=\"summary_large_image\" \/>\n<meta name=\"twitter:label1\" content=\"\u01af\u1edbc t\u00ednh th\u1eddi gian \u0111\u1ecdc\" \/>\n\t<meta name=\"twitter:data1\" content=\"3 ph\u00fat\" \/>\n<script type=\"application\/ld+json\" class=\"yoast-schema-graph\">{\"@context\":\"https:\/\/schema.org\",\"@graph\":[{\"@type\":\"WebPage\",\"@id\":\"https:\/\/mau1.hoabinhweb.com\/moitruong1\/ve-unico\/\",\"url\":\"https:\/\/mau1.hoabinhweb.com\/moitruong1\/ve-unico\/\",\"name\":\"V\u1ec1 Unico - Unico\",\"isPartOf\":{\"@id\":\"https:\/\/mau1.hoabinhweb.com\/moitruong1\/#website\"},\"datePublished\":\"2024-02-20T15:15:07+00:00\",\"dateModified\":\"2024-02-26T03:41:40+00:00\",\"breadcrumb\":{\"@id\":\"https:\/\/mau1.hoabinhweb.com\/moitruong1\/ve-unico\/#breadcrumb\"},\"inLanguage\":\"vi\",\"potentialAction\":[{\"@type\":\"ReadAction\",\"target\":[\"https:\/\/mau1.hoabinhweb.com\/moitruong1\/ve-unico\/\"]}]},{\"@type\":\"BreadcrumbList\",\"@id\":\"https:\/\/mau1.hoabinhweb.com\/moitruong1\/ve-unico\/#breadcrumb\",\"itemListElement\":[{\"@type\":\"ListItem\",\"position\":1,\"name\":\"Trang ch\u1ee7\",\"item\":\"https:\/\/mau1.hoabinhweb.com\/moitruong1\/\"},{\"@type\":\"ListItem\",\"position\":2,\"name\":\"V\u1ec1 Unico\"}]},{\"@type\":\"WebSite\",\"@id\":\"https:\/\/mau1.hoabinhweb.com\/moitruong1\/#website\",\"url\":\"https:\/\/mau1.hoabinhweb.com\/moitruong1\/\",\"name\":\"Unico\",\"description\":\"\",\"potentialAction\":[{\"@type\":\"SearchAction\",\"target\":{\"@type\":\"EntryPoint\",\"urlTemplate\":\"https:\/\/mau1.hoabinhweb.com\/moitruong1\/?s={search_term_string}\"},\"query-input\":\"required name=search_term_string\"}],\"inLanguage\":\"vi\"}]}<\/script>\n<!-- \/ Yoast SEO plugin. -->","yoast_head_json":{"title":"V\u1ec1 Unico - Unico","robots":{"index":"noindex","follow":"follow","max-snippet":"max-snippet:-1","max-image-preview":"max-image-preview:large","max-video-preview":"max-video-preview:-1"},"og_locale":"vi_VN","og_type":"article","og_title":"V\u1ec1 Unico - Unico","og_description":"Trung T\u00e2m B\u1ea3o H\u00e0nh S\u1eeda Ch\u1eefa\u00a0\u0110I\u1ec6N N\u01af\u1edaC B\u00c1CH KHOA 365\u00a0v\u1edbi h\u01a1n 10 n\u0103m kinh nghi\u1ec7m, tr\u1ea3i qua qu\u00e1 tr\u00ecnh h\u00ecnh th\u00e0nh v\u00e0 ph\u00e1t tri\u1ec3n \u0111\u00e3 t\u1ea1o \u0111\u01b0\u1ee3c ti\u1ebfng vang l\u1edbn v\u1ec1 ch\u1ea5t l\u01b0\u1ee3ng d\u1ecbch v\u1ee5 v\u00e0 s\u1ef1 uy t\u00edn. V\u1edbi \u0111\u1ed9i ng\u0169 Th\u1ee3 k\u1ef9 thu\u1eadt c\u00f3 tay ngh\u1ec1 cao, \u0111\u01b0\u1ee3c \u0111\u00e0o t\u1ea1o b\u00e0i b\u1ea3n ,chuy\u00ean","og_url":"https:\/\/mau1.hoabinhweb.com\/moitruong1\/ve-unico\/","og_site_name":"Unico","article_modified_time":"2024-02-26T03:41:40+00:00","twitter_card":"summary_large_image","twitter_misc":{"\u01af\u1edbc t\u00ednh th\u1eddi gian \u0111\u1ecdc":"3 ph\u00fat"},"schema":{"@context":"https:\/\/schema.org","@graph":[{"@type":"WebPage","@id":"https:\/\/mau1.hoabinhweb.com\/moitruong1\/ve-unico\/","url":"https:\/\/mau1.hoabinhweb.com\/moitruong1\/ve-unico\/","name":"V\u1ec1 Unico - Unico","isPartOf":{"@id":"https:\/\/mau1.hoabinhweb.com\/moitruong1\/#website"},"datePublished":"2024-02-20T15:15:07+00:00","dateModified":"2024-02-26T03:41:40+00:00","breadcrumb":{"@id":"https:\/\/mau1.hoabinhweb.com\/moitruong1\/ve-unico\/#breadcrumb"},"inLanguage":"vi","potentialAction":[{"@type":"ReadAction","target":["https:\/\/mau1.hoabinhweb.com\/moitruong1\/ve-unico\/"]}]},{"@type":"BreadcrumbList","@id":"https:\/\/mau1.hoabinhweb.com\/moitruong1\/ve-unico\/#breadcrumb","itemListElement":[{"@type":"ListItem","position":1,"name":"Trang ch\u1ee7","item":"https:\/\/mau1.hoabinhweb.com\/moitruong1\/"},{"@type":"ListItem","position":2,"name":"V\u1ec1 Unico"}]},{"@type":"WebSite","@id":"https:\/\/mau1.hoabinhweb.com\/moitruong1\/#website","url":"https:\/\/mau1.hoabinhweb.com\/moitruong1\/","name":"Unico","description":"","potentialAction":[{"@type":"SearchAction","target":{"@type":"EntryPoint","urlTemplate":"https:\/\/mau1.hoabinhweb.com\/moitruong1\/?s={search_term_string}"},"query-input":"required name=search_term_string"}],"inLanguage":"vi"}]}},"_links":{"self":[{"href":"https:\/\/mau1.hoabinhweb.com\/moitruong1\/wp-json\/wp\/v2\/pages\/17","targetHints":{"allow":["GET"]}}],"collection":[{"href":"https:\/\/mau1.hoabinhweb.com\/moitruong1\/wp-json\/wp\/v2\/pages"}],"about":[{"href":"https:\/\/mau1.hoabinhweb.com\/moitruong1\/wp-json\/wp\/v2\/types\/page"}],"author":[{"embeddable":true,"href":"https:\/\/mau1.hoabinhweb.com\/moitruong1\/wp-json\/wp\/v2\/users\/1"}],"replies":[{"embeddable":true,"href":"https:\/\/mau1.hoabinhweb.com\/moitruong1\/wp-json\/wp\/v2\/comments?post=17"}],"version-history":[{"count":2,"href":"https:\/\/mau1.hoabinhweb.com\/moitruong1\/wp-json\/wp\/v2\/pages\/17\/revisions"}],"predecessor-version":[{"id":151,"href":"https:\/\/mau1.hoabinhweb.com\/moitruong1\/wp-json\/wp\/v2\/pages\/17\/revisions\/151"}],"wp:attachment":[{"href":"https:\/\/mau1.hoabinhweb.com\/moitruong1\/wp-json\/wp\/v2\/media?parent=17"}],"curies":[{"name":"wp","href":"https:\/\/api.w.org\/{rel}","templated":true}]}}