{"id":18,"date":"2024-02-20T22:17:24","date_gmt":"2024-02-20T15:17:24","guid":{"rendered":"https:\/\/mau1.hoabinhweb.com\/moitruong1\/?page_id=18"},"modified":"2024-02-20T22:17:24","modified_gmt":"2024-02-20T15:17:24","slug":"lien-he","status":"publish","type":"page","link":"https:\/\/mau1.hoabinhweb.com\/moitruong1\/lien-he\/","title":{"rendered":"Li\u00ean h\u1ec7"},"content":{"rendered":"<p>Qu\u00fd kh\u00e1ch c\u00f3 nhu c\u1ea7u c\u1ea7n \u0111\u01b0\u1ee3c t\u01b0 v\u1ea5n, vui l\u00f2ng li\u00ean h\u1ec7 v\u1edbi ch\u00fang t\u00f4i.<\/p>\n<ul>\n<li>Email: unico@gmail.com <\/li>\n<li>Hotline: 0333 222 444<\/li>\n<\/ul>\n<p>Ho\u1eb7c qu\u00fd kh\u00e1ch c\u00f3 th\u1ec3 y\u00eau c\u1ea7u ch\u00fang t\u00f4i g\u1ecdi l\u1ea1i t\u01b0 v\u1ea5n t\u1ea1i \u0111\u00e2y!<\/p>\n","protected":false},"excerpt":{"rendered":"<p>Qu\u00fd kh\u00e1ch c\u00f3 nhu c\u1ea7u c\u1ea7n \u0111\u01b0\u1ee3c t\u01b0 v\u1ea5n, vui l\u00f2ng li\u00ean h\u1ec7 v\u1edbi ch\u00fang t\u00f4i. Email: unico@gmail.com Hotline: 0333 222 444 Ho\u1eb7c qu\u00fd kh\u00e1ch c\u00f3 th\u1ec3 y\u00eau c\u1ea7u ch\u00fang t\u00f4i g\u1ecdi l\u1ea1i t\u01b0 v\u1ea5n t\u1ea1i \u0111\u00e2y!<\/p>\n","protected":false},"author":1,"featured_media":0,"parent":0,"menu_order":0,"comment_status":"closed","ping_status":"closed","template":"","meta":{"footnotes":""},"class_list":["post-18","page","type-page","status-publish","hentry"],"yoast_head":"<!-- This site is optimized with the Yoast SEO plugin v22.1 - https:\/\/yoast.com\/wordpress\/plugins\/seo\/ -->\n<title>Li\u00ean h\u1ec7 - Unico<\/title>\n<meta name=\"robots\" content=\"noindex, follow, max-snippet:-1, max-image-preview:large, max-video-preview:-1\" \/>\n<meta property=\"og:locale\" content=\"vi_VN\" \/>\n<meta property=\"og:type\" content=\"article\" \/>\n<meta property=\"og:title\" content=\"Li\u00ean h\u1ec7 - Unico\" \/>\n<meta property=\"og:description\" content=\"Qu\u00fd kh\u00e1ch c\u00f3 nhu c\u1ea7u c\u1ea7n \u0111\u01b0\u1ee3c t\u01b0 v\u1ea5n, vui l\u00f2ng li\u00ean h\u1ec7 v\u1edbi ch\u00fang t\u00f4i. Email: unico@gmail.com Hotline: 0333 222 444 Ho\u1eb7c qu\u00fd kh\u00e1ch c\u00f3 th\u1ec3 y\u00eau c\u1ea7u ch\u00fang t\u00f4i g\u1ecdi l\u1ea1i t\u01b0 v\u1ea5n t\u1ea1i \u0111\u00e2y!\" \/>\n<meta property=\"og:url\" content=\"https:\/\/mau1.hoabinhweb.com\/moitruong1\/lien-he\/\" \/>\n<meta property=\"og:site_name\" content=\"Unico\" \/>\n<meta name=\"twitter:card\" content=\"summary_large_image\" \/>\n<meta name=\"twitter:label1\" content=\"\u01af\u1edbc t\u00ednh th\u1eddi gian \u0111\u1ecdc\" \/>\n\t<meta name=\"twitter:data1\" content=\"1 ph\u00fat\" \/>\n<script type=\"application\/ld+json\" class=\"yoast-schema-graph\">{\"@context\":\"https:\/\/schema.org\",\"@graph\":[{\"@type\":\"WebPage\",\"@id\":\"https:\/\/mau1.hoabinhweb.com\/moitruong1\/lien-he\/\",\"url\":\"https:\/\/mau1.hoabinhweb.com\/moitruong1\/lien-he\/\",\"name\":\"Li\u00ean h\u1ec7 - Unico\",\"isPartOf\":{\"@id\":\"https:\/\/mau1.hoabinhweb.com\/moitruong1\/#website\"},\"datePublished\":\"2024-02-20T15:17:24+00:00\",\"dateModified\":\"2024-02-20T15:17:24+00:00\",\"breadcrumb\":{\"@id\":\"https:\/\/mau1.hoabinhweb.com\/moitruong1\/lien-he\/#breadcrumb\"},\"inLanguage\":\"vi\",\"potentialAction\":[{\"@type\":\"ReadAction\",\"target\":[\"https:\/\/mau1.hoabinhweb.com\/moitruong1\/lien-he\/\"]}]},{\"@type\":\"BreadcrumbList\",\"@id\":\"https:\/\/mau1.hoabinhweb.com\/moitruong1\/lien-he\/#breadcrumb\",\"itemListElement\":[{\"@type\":\"ListItem\",\"position\":1,\"name\":\"Trang ch\u1ee7\",\"item\":\"https:\/\/mau1.hoabinhweb.com\/moitruong1\/\"},{\"@type\":\"ListItem\",\"position\":2,\"name\":\"Li\u00ean h\u1ec7\"}]},{\"@type\":\"WebSite\",\"@id\":\"https:\/\/mau1.hoabinhweb.com\/moitruong1\/#website\",\"url\":\"https:\/\/mau1.hoabinhweb.com\/moitruong1\/\",\"name\":\"Unico\",\"description\":\"\",\"potentialAction\":[{\"@type\":\"SearchAction\",\"target\":{\"@type\":\"EntryPoint\",\"urlTemplate\":\"https:\/\/mau1.hoabinhweb.com\/moitruong1\/?s={search_term_string}\"},\"query-input\":\"required name=search_term_string\"}],\"inLanguage\":\"vi\"}]}<\/script>\n<!-- \/ Yoast SEO plugin. -->","yoast_head_json":{"title":"Li\u00ean h\u1ec7 - Unico","robots":{"index":"noindex","follow":"follow","max-snippet":"max-snippet:-1","max-image-preview":"max-image-preview:large","max-video-preview":"max-video-preview:-1"},"og_locale":"vi_VN","og_type":"article","og_title":"Li\u00ean h\u1ec7 - Unico","og_description":"Qu\u00fd kh\u00e1ch c\u00f3 nhu c\u1ea7u c\u1ea7n \u0111\u01b0\u1ee3c t\u01b0 v\u1ea5n, vui l\u00f2ng li\u00ean h\u1ec7 v\u1edbi ch\u00fang t\u00f4i. Email: unico@gmail.com Hotline: 0333 222 444 Ho\u1eb7c qu\u00fd kh\u00e1ch c\u00f3 th\u1ec3 y\u00eau c\u1ea7u ch\u00fang t\u00f4i g\u1ecdi l\u1ea1i t\u01b0 v\u1ea5n t\u1ea1i \u0111\u00e2y!","og_url":"https:\/\/mau1.hoabinhweb.com\/moitruong1\/lien-he\/","og_site_name":"Unico","twitter_card":"summary_large_image","twitter_misc":{"\u01af\u1edbc t\u00ednh th\u1eddi gian \u0111\u1ecdc":"1 ph\u00fat"},"schema":{"@context":"https:\/\/schema.org","@graph":[{"@type":"WebPage","@id":"https:\/\/mau1.hoabinhweb.com\/moitruong1\/lien-he\/","url":"https:\/\/mau1.hoabinhweb.com\/moitruong1\/lien-he\/","name":"Li\u00ean h\u1ec7 - Unico","isPartOf":{"@id":"https:\/\/mau1.hoabinhweb.com\/moitruong1\/#website"},"datePublished":"2024-02-20T15:17:24+00:00","dateModified":"2024-02-20T15:17:24+00:00","breadcrumb":{"@id":"https:\/\/mau1.hoabinhweb.com\/moitruong1\/lien-he\/#breadcrumb"},"inLanguage":"vi","potentialAction":[{"@type":"ReadAction","target":["https:\/\/mau1.hoabinhweb.com\/moitruong1\/lien-he\/"]}]},{"@type":"BreadcrumbList","@id":"https:\/\/mau1.hoabinhweb.com\/moitruong1\/lien-he\/#breadcrumb","itemListElement":[{"@type":"ListItem","position":1,"name":"Trang ch\u1ee7","item":"https:\/\/mau1.hoabinhweb.com\/moitruong1\/"},{"@type":"ListItem","position":2,"name":"Li\u00ean h\u1ec7"}]},{"@type":"WebSite","@id":"https:\/\/mau1.hoabinhweb.com\/moitruong1\/#website","url":"https:\/\/mau1.hoabinhweb.com\/moitruong1\/","name":"Unico","description":"","potentialAction":[{"@type":"SearchAction","target":{"@type":"EntryPoint","urlTemplate":"https:\/\/mau1.hoabinhweb.com\/moitruong1\/?s={search_term_string}"},"query-input":"required name=search_term_string"}],"inLanguage":"vi"}]}},"_links":{"self":[{"href":"https:\/\/mau1.hoabinhweb.com\/moitruong1\/wp-json\/wp\/v2\/pages\/18","targetHints":{"allow":["GET"]}}],"collection":[{"href":"https:\/\/mau1.hoabinhweb.com\/moitruong1\/wp-json\/wp\/v2\/pages"}],"about":[{"href":"https:\/\/mau1.hoabinhweb.com\/moitruong1\/wp-json\/wp\/v2\/types\/page"}],"author":[{"embeddable":true,"href":"https:\/\/mau1.hoabinhweb.com\/moitruong1\/wp-json\/wp\/v2\/users\/1"}],"replies":[{"embeddable":true,"href":"https:\/\/mau1.hoabinhweb.com\/moitruong1\/wp-json\/wp\/v2\/comments?post=18"}],"version-history":[{"count":1,"href":"https:\/\/mau1.hoabinhweb.com\/moitruong1\/wp-json\/wp\/v2\/pages\/18\/revisions"}],"predecessor-version":[{"id":21,"href":"https:\/\/mau1.hoabinhweb.com\/moitruong1\/wp-json\/wp\/v2\/pages\/18\/revisions\/21"}],"wp:attachment":[{"href":"https:\/\/mau1.hoabinhweb.com\/moitruong1\/wp-json\/wp\/v2\/media?parent=18"}],"curies":[{"name":"wp","href":"https:\/\/api.w.org\/{rel}","templated":true}]}}