{"id":2,"date":"2020-08-16T08:58:29","date_gmt":"2020-08-16T01:58:29","guid":{"rendered":"http:\/\/mau1.hoabinhweb.com\/noithat3\/?page_id=2"},"modified":"2023-02-20T21:35:09","modified_gmt":"2023-02-20T14:35:09","slug":"gioi-thieu","status":"publish","type":"page","link":"https:\/\/mau1.hoabinhweb.com\/noithat3\/gioi-thieu\/","title":{"rendered":"Gi\u1edbi thi\u1ec7u"},"content":{"rendered":"<h1 data-opacity=\"0.7\">HO\u00c0N THI\u1ec6N TR\u00caN T\u1eeaNG B\u01af\u1edaC TI\u1ebeN<\/h1>\n<h1 data-opacity=\"0.7\">KH\u00d4NG \u0110\u1eb6T L\u1ee2I NHU\u1eacN L\u00caN H\u00c0NG \u0110\u1ea6U<\/h1>\n<p>Lux House JSC l\u00e0\u00a0<strong>c\u00f4ng ty thi\u1ebft k\u1ebf n\u1ed9i th\u1ea5t<\/strong>\u00a0c\u00f3 b\u1ec1 d\u00e0y kinh nghi\u1ec7m trong l\u0129nh v\u1ef1c thi\u1ebft k\u1ebf v\u00e0 thi c\u00f4ng n\u1ed9i th\u1ea5t. V\u1edbi b\u00e0n tay v\u00e0 kh\u1ed1i \u00f3c s\u00e1ng t\u1ea1o, \u0111\u1ed9i ng\u0169 Lux House JSC \u0111\u00e3 thi\u1ebft k\u1ebf v\u00e0 thi c\u00f4ng h\u00e0ng tr\u0103m c\u00f4ng tr\u00ecnh v\u00e0 d\u1ef1 \u00e1n \u1edf H\u00e0 N\u1ed9i v\u00e0 c\u00e1c t\u1ec9nh th\u00e0nh l\u00e2n c\u1eadn mi\u1ec1n B\u1eafc.<\/p>\n<p><img decoding=\"async\" loading=\"lazy\" class=\"aligncenter size-full wp-image-966\" src=\"http:\/\/homedecordesign.vn\/tixeeruw\/2021\/07\/2-1-2.jpg\" sizes=\"(max-width: 900px) 100vw, 900px\" srcset=\"http:\/\/homedecordesign.vn\/tixeeruw\/2021\/07\/2-1-2.jpg 900w, http:\/\/homedecordesign.vn\/tixeeruw\/2021\/07\/2-1-2-300x300.jpg 300w, http:\/\/homedecordesign.vn\/tixeeruw\/2021\/07\/2-1-2-150x150.jpg 150w, http:\/\/homedecordesign.vn\/tixeeruw\/2021\/07\/2-1-2-768x768.jpg 768w, http:\/\/homedecordesign.vn\/tixeeruw\/2021\/07\/2-1-2-75x75.jpg 75w\" alt=\"\" width=\"900\" height=\"900\" \/><\/p>\n<div class=\"indo-item-about\">\n<h2>X\u01af\u1edeNG S\u1ea2N XU\u1ea4T<\/h2>\n<div class=\"indo-item-about\">\n<p>Thay v\u00ec ph\u1ea3i \u0111i nh\u1eadp kh\u1ea9u c\u00e1c s\u1ea3n ph\u1ea9m n\u1ed9i th\u1ea5t t\u1eeb nh\u1eefng \u0111\u01a1n v\u1ecb kh\u00e1c, Lux House JSC s\u1edf h\u1eefu x\u01b0\u1edfng s\u1ea3n xu\u1ea5t \u0111\u1ed3 g\u1ed7 n\u1ed9i th\u1ea5t \u0111\u01b0\u1ee3c trang b\u1ecb nh\u1eefng c\u00f4ng ngh\u1ec7 s\u1ea3n xu\u1ea5t hi\u1ec7n \u0111\u1ea1i v\u1edbi quy m\u00f4 tr\u00ean 2000m2. T\u1eeb nguy\u00ean li\u1ec7u ch\u00ednh l\u00e0 2 lo\u1ea1i g\u1ed7 t\u1ef1 nhi\u00ean v\u00e0 g\u1ed7 c\u00f4ng nghi\u1ec7p, 60 c\u00f4ng nh\u00e2n v\u00e0 th\u1ee3 l\u00e0nh ngh\u1ec1 thi c\u00f4ng c\u00e1c b\u1ea3n v\u1ebd thi\u1ebft k\u1ebf th\u00e0nh nh\u1eefng s\u1ea3n ph\u1ea9m ch\u1ea5t l\u01b0\u1ee3ng, th\u1ea9m m\u1ef9 cao v\u00e0 \u0111\u1ea3m b\u1ea3o v\u1ec1 t\u00ednh b\u1ec1n b\u1ec9 theo th\u1eddi gian.<\/p>\n<p><img decoding=\"async\" loading=\"lazy\" class=\"aligncenter size-full wp-image-963\" src=\"http:\/\/homedecordesign.vn\/tixeeruw\/2021\/07\/6-1.jpg\" sizes=\"(max-width: 900px) 100vw, 900px\" srcset=\"http:\/\/homedecordesign.vn\/tixeeruw\/2021\/07\/6-1.jpg 900w, http:\/\/homedecordesign.vn\/tixeeruw\/2021\/07\/6-1-300x300.jpg 300w, http:\/\/homedecordesign.vn\/tixeeruw\/2021\/07\/6-1-150x150.jpg 150w, http:\/\/homedecordesign.vn\/tixeeruw\/2021\/07\/6-1-768x768.jpg 768w, http:\/\/homedecordesign.vn\/tixeeruw\/2021\/07\/6-1-75x75.jpg 75w\" alt=\"\" width=\"900\" height=\"900\" \/><\/p>\n<h2>T\u1ea6M NH\u00ccN V\u00c0 S\u1ee8 M\u1ec6NH<\/h2>\n<div class=\"indo-item-about\">\n<p>Lu\u00f4n \u0111\u1eb7t ra v\u00e0 tu\u00e2n theo s\u1ee9 m\u1ec7nh: \u201cKh\u00f4ng \u0111\u1eb7t l\u1ee3i nhu\u1eadn l\u00ean h\u00e0ng \u0111\u1ea7u\u201d,\u00a0 Lux House JSC lu\u00f4n:<\/p>\n<p>\u2013\u00a0 T\u1eadn t\u1eadm trong t\u1eebng c\u00f4ng tr\u00ecnh, d\u1ef1 \u00e1n<\/p>\n<p>\u2013\u00a0 S\u1ea3n ph\u1ea9m th\u1ea9m m\u0129, \u0111\u00f3n \u0111\u1ea7u c\u00e1c xu h\u01b0\u1edbng m\u1edbi tr\u00ean\u00a0th\u1ebf gi\u1edbi.<\/p>\n<p>\u2013\u00a0 Ki\u1ebfn t\u1ea1o c\u00e1c kh\u00f4ng gian ho\u00e0n h\u1ea3o v\u1ec1 th\u1ea9m m\u1ef9, h\u1eefu d\u1ee5ng v\u1ec1 c\u00f4ng n\u0103ng, mang l\u1ea1i cu\u1ed9c s\u1ed1ng ti\u1ec7n nghi v\u00e0 n\u00e2ng t\u1ea7m kh\u00f4ng gian s\u1ed1ng cho kh\u00e1ch h\u00e0ng.<\/p>\n<p>\u2013\u00a0 G\u00f3p ph\u1ea7n t\u1ea1o d\u1ef1ng t\u1ed5 \u1ea5m h\u1ea1nh ph\u00fac, g\u1eafn k\u1ebft\u00a0t\u00ecnh c\u1ea3m c\u1ee7a c\u00e1c th\u00e0nh vi\u00ean trong gia \u0111\u00ecnh.<\/p>\n<p>T\u1eadp th\u1ec3 c\u00e1n b\u1ed9, c\u00f4ng nh\u00e2n vi\u00ean Lux House JSC lu\u00f4n t\u00ecm t\u00f2i, nghi\u00ean c\u1ee9u, n\u00e2ng cao n\u0103ng l\u1ef1c \u0111\u1ec3 mang t\u1edbi cho kh\u00e1ch h\u00e0ng nh\u1eefng s\u1ea3n ph\u1ea9m cao c\u1ea5p, ch\u1ea5t l\u01b0\u1ee3ng ho\u00e0n h\u1ea3o. Ph\u1ea5n \u0111\u1ea5u n\u0103m 2021 tr\u1edf th\u00e0nh \u0111\u01a1n v\u1ecb c\u00f3 th\u1ee9 h\u1ea1ng cao tr\u00ean th\u1ecb tr\u01b0\u1eddng thi\u1ebft k\u1ebf n\u1ed9i th\u1ea5t.<\/p>\n<p><img decoding=\"async\" loading=\"lazy\" class=\"aligncenter size-full wp-image-968\" src=\"http:\/\/homedecordesign.vn\/tixeeruw\/2021\/07\/5-1-2.jpg\" sizes=\"(max-width: 900px) 100vw, 900px\" srcset=\"http:\/\/homedecordesign.vn\/tixeeruw\/2021\/07\/5-1-2.jpg 900w, http:\/\/homedecordesign.vn\/tixeeruw\/2021\/07\/5-1-2-300x300.jpg 300w, http:\/\/homedecordesign.vn\/tixeeruw\/2021\/07\/5-1-2-150x150.jpg 150w, http:\/\/homedecordesign.vn\/tixeeruw\/2021\/07\/5-1-2-768x768.jpg 768w, http:\/\/homedecordesign.vn\/tixeeruw\/2021\/07\/5-1-2-75x75.jpg 75w\" alt=\"\" width=\"900\" height=\"900\" \/><\/p>\n<h2>\u0110\u1ed8I NG\u0168 NH\u00c2N S\u1ef0<\/h2>\n<div class=\"indo-item-about\">\n<p>Lux House JSC quy t\u1ee5 \u0111\u1ed9i ng\u0169 nh\u00e2n s\u1ef1 l\u00e0nh ngh\u1ec1 l\u00e0 nh\u1eefng ki\u1ebfn tr\u00fac s\u01b0, nh\u00e2n vi\u00ean thi\u1ebft k\u1ebf c\u00f3 tr\u00ecnh \u0111\u1ed9 chuy\u00ean m\u00f4n cao, t\u00e1c phong chuy\u00ean nghi\u1ec7p v\u00e0 s\u1eb5n s\u00e0ng l\u1eafng nghe, th\u1ea5u hi\u1ec3u kh\u00e1ch h\u00e0ng. \u0110\u1ed9i ng\u0169 ch\u00fang t\u00f4i c\u0169ng kh\u00f4ng ng\u1eebng trau d\u1ed3i \u0111\u1ec3 n\u00e2ng cao tr\u00ecnh \u0111\u1ed9 v\u1edbi mong mu\u1ed1n n\u1ed7 l\u1ef1c \u0111\u00e1p \u1ee9ng nhu c\u1ea7u ng\u00e0y c\u00e0ng \u0111a d\u1ea1ng c\u1ee7a kh\u00e1ch h\u00e0ng. \u0110\u1ed9i ng\u0169 Lux House JSC cam k\u1ebft mang \u0111\u1ebfn cho kh\u00e1ch h\u00e0ng nh\u1eefng s\u1ea3n ph\u1ea9m thi\u1ebft k\u1ebf v\u00e0 thi c\u00f4ng n\u1ed9i th\u1ea5t \u01b0ng \u00fd v\u1edbi m\u1ee9c chi ph\u00ed c\u1ea1nh tranh nh\u1ea5t.<\/p>\n<\/div>\n<\/div>\n<\/div>\n<\/div>\n","protected":false},"excerpt":{"rendered":"<p>HO\u00c0N THI\u1ec6N TR\u00caN T\u1eeaNG B\u01af\u1edaC TI\u1ebeN KH\u00d4NG \u0110\u1eb6T L\u1ee2I NHU\u1eacN L\u00caN H\u00c0NG \u0110\u1ea6U Lux House JSC l\u00e0\u00a0c\u00f4ng ty thi\u1ebft k\u1ebf n\u1ed9i th\u1ea5t\u00a0c\u00f3 b\u1ec1 d\u00e0y kinh nghi\u1ec7m trong l\u0129nh v\u1ef1c thi\u1ebft k\u1ebf v\u00e0 thi c\u00f4ng n\u1ed9i th\u1ea5t. V\u1edbi b\u00e0n tay v\u00e0 kh\u1ed1i \u00f3c s\u00e1ng t\u1ea1o, \u0111\u1ed9i ng\u0169 Lux House JSC \u0111\u00e3 thi\u1ebft k\u1ebf v\u00e0 thi c\u00f4ng<\/p>\n","protected":false},"author":2,"featured_media":0,"parent":0,"menu_order":0,"comment_status":"closed","ping_status":"closed","template":"","meta":[],"yoast_head":"<!-- This site is optimized with the Yoast SEO plugin v20.6 - https:\/\/yoast.com\/wordpress\/plugins\/seo\/ -->\n<title>Gi\u1edbi thi\u1ec7u - Lux House JSC<\/title>\n<meta name=\"robots\" content=\"noindex, follow, max-snippet:-1, max-image-preview:large, max-video-preview:-1\" \/>\n<meta property=\"og:locale\" content=\"vi_VN\" \/>\n<meta property=\"og:type\" content=\"article\" \/>\n<meta property=\"og:title\" content=\"Gi\u1edbi thi\u1ec7u - Lux House JSC\" \/>\n<meta property=\"og:description\" content=\"HO\u00c0N THI\u1ec6N TR\u00caN T\u1eeaNG B\u01af\u1edaC TI\u1ebeN KH\u00d4NG \u0110\u1eb6T L\u1ee2I NHU\u1eacN L\u00caN H\u00c0NG \u0110\u1ea6U Lux House JSC l\u00e0\u00a0c\u00f4ng ty thi\u1ebft k\u1ebf n\u1ed9i th\u1ea5t\u00a0c\u00f3 b\u1ec1 d\u00e0y kinh nghi\u1ec7m trong l\u0129nh v\u1ef1c thi\u1ebft k\u1ebf v\u00e0 thi c\u00f4ng n\u1ed9i th\u1ea5t. V\u1edbi b\u00e0n tay v\u00e0 kh\u1ed1i \u00f3c s\u00e1ng t\u1ea1o, \u0111\u1ed9i ng\u0169 Lux House JSC \u0111\u00e3 thi\u1ebft k\u1ebf v\u00e0 thi c\u00f4ng\" \/>\n<meta property=\"og:url\" content=\"https:\/\/mau1.hoabinhweb.com\/noithat3\/gioi-thieu\/\" \/>\n<meta property=\"og:site_name\" content=\"Lux House JSC\" \/>\n<meta property=\"article:modified_time\" content=\"2023-02-20T14:35:09+00:00\" \/>\n<meta property=\"og:image\" content=\"http:\/\/homedecordesign.vn\/tixeeruw\/2021\/07\/2-1-2.jpg\" \/>\n<meta name=\"twitter:card\" content=\"summary_large_image\" \/>\n<meta name=\"twitter:label1\" content=\"\u01af\u1edbc t\u00ednh th\u1eddi gian \u0111\u1ecdc\" \/>\n\t<meta name=\"twitter:data1\" content=\"3 ph\u00fat\" \/>\n<script type=\"application\/ld+json\" class=\"yoast-schema-graph\">{\"@context\":\"https:\/\/schema.org\",\"@graph\":[{\"@type\":\"WebPage\",\"@id\":\"https:\/\/mau1.hoabinhweb.com\/noithat3\/gioi-thieu\/\",\"url\":\"https:\/\/mau1.hoabinhweb.com\/noithat3\/gioi-thieu\/\",\"name\":\"Gi\u1edbi thi\u1ec7u - Lux House JSC\",\"isPartOf\":{\"@id\":\"http:\/\/mau1.hoabinhweb.com\/noithat3\/#website\"},\"datePublished\":\"2020-08-16T01:58:29+00:00\",\"dateModified\":\"2023-02-20T14:35:09+00:00\",\"breadcrumb\":{\"@id\":\"https:\/\/mau1.hoabinhweb.com\/noithat3\/gioi-thieu\/#breadcrumb\"},\"inLanguage\":\"vi\",\"potentialAction\":[{\"@type\":\"ReadAction\",\"target\":[\"https:\/\/mau1.hoabinhweb.com\/noithat3\/gioi-thieu\/\"]}]},{\"@type\":\"BreadcrumbList\",\"@id\":\"https:\/\/mau1.hoabinhweb.com\/noithat3\/gioi-thieu\/#breadcrumb\",\"itemListElement\":[{\"@type\":\"ListItem\",\"position\":1,\"name\":\"Trang ch\u1ee7\",\"item\":\"https:\/\/mau1.hoabinhweb.com\/noithat3\/\"},{\"@type\":\"ListItem\",\"position\":2,\"name\":\"Gi\u1edbi thi\u1ec7u\"}]},{\"@type\":\"WebSite\",\"@id\":\"http:\/\/mau1.hoabinhweb.com\/noithat3\/#website\",\"url\":\"http:\/\/mau1.hoabinhweb.com\/noithat3\/\",\"name\":\"Lux House JSC\",\"description\":\"\",\"potentialAction\":[{\"@type\":\"SearchAction\",\"target\":{\"@type\":\"EntryPoint\",\"urlTemplate\":\"http:\/\/mau1.hoabinhweb.com\/noithat3\/?s={search_term_string}\"},\"query-input\":\"required name=search_term_string\"}],\"inLanguage\":\"vi\"}]}<\/script>\n<!-- \/ Yoast SEO plugin. -->","yoast_head_json":{"title":"Gi\u1edbi thi\u1ec7u - Lux House JSC","robots":{"index":"noindex","follow":"follow","max-snippet":"max-snippet:-1","max-image-preview":"max-image-preview:large","max-video-preview":"max-video-preview:-1"},"og_locale":"vi_VN","og_type":"article","og_title":"Gi\u1edbi thi\u1ec7u - Lux House JSC","og_description":"HO\u00c0N THI\u1ec6N TR\u00caN T\u1eeaNG B\u01af\u1edaC TI\u1ebeN KH\u00d4NG \u0110\u1eb6T L\u1ee2I NHU\u1eacN L\u00caN H\u00c0NG \u0110\u1ea6U Lux House JSC l\u00e0\u00a0c\u00f4ng ty thi\u1ebft k\u1ebf n\u1ed9i th\u1ea5t\u00a0c\u00f3 b\u1ec1 d\u00e0y kinh nghi\u1ec7m trong l\u0129nh v\u1ef1c thi\u1ebft k\u1ebf v\u00e0 thi c\u00f4ng n\u1ed9i th\u1ea5t. V\u1edbi b\u00e0n tay v\u00e0 kh\u1ed1i \u00f3c s\u00e1ng t\u1ea1o, \u0111\u1ed9i ng\u0169 Lux House JSC \u0111\u00e3 thi\u1ebft k\u1ebf v\u00e0 thi c\u00f4ng","og_url":"https:\/\/mau1.hoabinhweb.com\/noithat3\/gioi-thieu\/","og_site_name":"Lux House JSC","article_modified_time":"2023-02-20T14:35:09+00:00","og_image":[{"url":"http:\/\/homedecordesign.vn\/tixeeruw\/2021\/07\/2-1-2.jpg"}],"twitter_card":"summary_large_image","twitter_misc":{"\u01af\u1edbc t\u00ednh th\u1eddi gian \u0111\u1ecdc":"3 ph\u00fat"},"schema":{"@context":"https:\/\/schema.org","@graph":[{"@type":"WebPage","@id":"https:\/\/mau1.hoabinhweb.com\/noithat3\/gioi-thieu\/","url":"https:\/\/mau1.hoabinhweb.com\/noithat3\/gioi-thieu\/","name":"Gi\u1edbi thi\u1ec7u - Lux House JSC","isPartOf":{"@id":"http:\/\/mau1.hoabinhweb.com\/noithat3\/#website"},"datePublished":"2020-08-16T01:58:29+00:00","dateModified":"2023-02-20T14:35:09+00:00","breadcrumb":{"@id":"https:\/\/mau1.hoabinhweb.com\/noithat3\/gioi-thieu\/#breadcrumb"},"inLanguage":"vi","potentialAction":[{"@type":"ReadAction","target":["https:\/\/mau1.hoabinhweb.com\/noithat3\/gioi-thieu\/"]}]},{"@type":"BreadcrumbList","@id":"https:\/\/mau1.hoabinhweb.com\/noithat3\/gioi-thieu\/#breadcrumb","itemListElement":[{"@type":"ListItem","position":1,"name":"Trang ch\u1ee7","item":"https:\/\/mau1.hoabinhweb.com\/noithat3\/"},{"@type":"ListItem","position":2,"name":"Gi\u1edbi thi\u1ec7u"}]},{"@type":"WebSite","@id":"http:\/\/mau1.hoabinhweb.com\/noithat3\/#website","url":"http:\/\/mau1.hoabinhweb.com\/noithat3\/","name":"Lux House JSC","description":"","potentialAction":[{"@type":"SearchAction","target":{"@type":"EntryPoint","urlTemplate":"http:\/\/mau1.hoabinhweb.com\/noithat3\/?s={search_term_string}"},"query-input":"required name=search_term_string"}],"inLanguage":"vi"}]}},"_links":{"self":[{"href":"https:\/\/mau1.hoabinhweb.com\/noithat3\/wp-json\/wp\/v2\/pages\/2"}],"collection":[{"href":"https:\/\/mau1.hoabinhweb.com\/noithat3\/wp-json\/wp\/v2\/pages"}],"about":[{"href":"https:\/\/mau1.hoabinhweb.com\/noithat3\/wp-json\/wp\/v2\/types\/page"}],"author":[{"embeddable":true,"href":"https:\/\/mau1.hoabinhweb.com\/noithat3\/wp-json\/wp\/v2\/users\/2"}],"replies":[{"embeddable":true,"href":"https:\/\/mau1.hoabinhweb.com\/noithat3\/wp-json\/wp\/v2\/comments?post=2"}],"version-history":[{"count":1,"href":"https:\/\/mau1.hoabinhweb.com\/noithat3\/wp-json\/wp\/v2\/pages\/2\/revisions"}],"predecessor-version":[{"id":32,"href":"https:\/\/mau1.hoabinhweb.com\/noithat3\/wp-json\/wp\/v2\/pages\/2\/revisions\/32"}],"wp:attachment":[{"href":"https:\/\/mau1.hoabinhweb.com\/noithat3\/wp-json\/wp\/v2\/media?parent=2"}],"curies":[{"name":"wp","href":"https:\/\/api.w.org\/{rel}","templated":true}]}}