{"id":58,"date":"2020-08-16T18:02:01","date_gmt":"2020-08-16T11:02:01","guid":{"rendered":"http:\/\/mau1.hoabinhweb.com\/noithat3\/?page_id=58"},"modified":"2023-06-05T13:57:11","modified_gmt":"2023-06-05T06:57:11","slug":"lien-he","status":"publish","type":"page","link":"https:\/\/mau1.hoabinhweb.com\/noithat3\/lien-he\/","title":{"rendered":"Li\u00ean h\u1ec7"},"content":{"rendered":"<h2>Lux House JSC<\/h2>\n<ul>\n<li>s\u1ed1 12A KBT Geleximco L\u00ea Tr\u1ecdng T\u1ea5n, H\u00e0 \u0110\u00f4ng, H\u00e0 N\u1ed9i | X\u01b0\u1edfng s\u1ea3n xu\u1ea5t: Th\u1ea1ch Th\u1ea5t \u2013 H\u00e0 N\u1ed9i.:<\/li>\n<li>Hotline: 0978 560 000 \u2013 1800 8282<\/li>\n<\/ul>\n<h2>B\u1ea3n \u0111\u1ed3 ch\u1ec9 d\u1eabn<\/h2>\n<p><iframe loading=\"lazy\" style=\"border: 0;\" src=\"https:\/\/www.google.com\/maps\/embed?pb=!1m14!1m8!1m3!1d7450.287255197336!2d105.796314!3d20.986879!3m2!1i1024!2i768!4f13.1!3m3!1m2!1s0x3135ac9725ed29e7%3A0x6b8c4ef16ce1502b!2zMzAyIMSQLiBOZ3V54buFbiBUcsOjaSwgVGhhbmggWHXDom4gVHJ1bmcsIFRoYW5oIFh1w6JuLCBIw6AgTuG7mWksIFZp4buHdCBOYW0!5e0!3m2!1svi!2sus!4v1676903833469!5m2!1svi!2sus\" width=\"100%\" height=\"450\" allowfullscreen=\"allowfullscreen\"><span data-mce-type=\"bookmark\" style=\"display: inline-block; width: 0px; overflow: hidden; line-height: 0;\" class=\"mce_SELRES_start\">\ufeff<\/span><\/iframe><\/p>\n","protected":false},"excerpt":{"rendered":"<p>Lux House JSC s\u1ed1 12A KBT Geleximco L\u00ea Tr\u1ecdng T\u1ea5n, H\u00e0 \u0110\u00f4ng, H\u00e0 N\u1ed9i | X\u01b0\u1edfng s\u1ea3n xu\u1ea5t: Th\u1ea1ch Th\u1ea5t \u2013 H\u00e0 N\u1ed9i.: Hotline: 0978 560 000 \u2013 1800 8282 B\u1ea3n \u0111\u1ed3 ch\u1ec9 d\u1eabn \ufeff<\/p>\n","protected":false},"author":2,"featured_media":0,"parent":0,"menu_order":0,"comment_status":"closed","ping_status":"closed","template":"","meta":[],"yoast_head":"<!-- This site is optimized with the Yoast SEO plugin v20.6 - https:\/\/yoast.com\/wordpress\/plugins\/seo\/ -->\n<title>Li\u00ean h\u1ec7 - Lux House JSC<\/title>\n<meta name=\"robots\" content=\"noindex, follow, max-snippet:-1, max-image-preview:large, max-video-preview:-1\" \/>\n<meta property=\"og:locale\" content=\"vi_VN\" \/>\n<meta property=\"og:type\" content=\"article\" \/>\n<meta property=\"og:title\" content=\"Li\u00ean h\u1ec7 - Lux House JSC\" \/>\n<meta property=\"og:description\" content=\"Lux House JSC s\u1ed1 12A KBT Geleximco L\u00ea Tr\u1ecdng T\u1ea5n, H\u00e0 \u0110\u00f4ng, H\u00e0 N\u1ed9i | X\u01b0\u1edfng s\u1ea3n xu\u1ea5t: Th\u1ea1ch Th\u1ea5t \u2013 H\u00e0 N\u1ed9i.: Hotline: 0978 560 000 \u2013 1800 8282 B\u1ea3n \u0111\u1ed3 ch\u1ec9 d\u1eabn \ufeff\" \/>\n<meta property=\"og:url\" content=\"https:\/\/mau1.hoabinhweb.com\/noithat3\/lien-he\/\" \/>\n<meta property=\"og:site_name\" content=\"Lux House JSC\" \/>\n<meta property=\"article:modified_time\" content=\"2023-06-05T06:57:11+00:00\" \/>\n<meta name=\"twitter:card\" content=\"summary_large_image\" \/>\n<meta name=\"twitter:label1\" content=\"\u01af\u1edbc t\u00ednh th\u1eddi gian \u0111\u1ecdc\" \/>\n\t<meta name=\"twitter:data1\" content=\"1 ph\u00fat\" \/>\n<script type=\"application\/ld+json\" class=\"yoast-schema-graph\">{\"@context\":\"https:\/\/schema.org\",\"@graph\":[{\"@type\":\"WebPage\",\"@id\":\"https:\/\/mau1.hoabinhweb.com\/noithat3\/lien-he\/\",\"url\":\"https:\/\/mau1.hoabinhweb.com\/noithat3\/lien-he\/\",\"name\":\"Li\u00ean h\u1ec7 - Lux House JSC\",\"isPartOf\":{\"@id\":\"http:\/\/mau1.hoabinhweb.com\/noithat3\/#website\"},\"datePublished\":\"2020-08-16T11:02:01+00:00\",\"dateModified\":\"2023-06-05T06:57:11+00:00\",\"breadcrumb\":{\"@id\":\"https:\/\/mau1.hoabinhweb.com\/noithat3\/lien-he\/#breadcrumb\"},\"inLanguage\":\"vi\",\"potentialAction\":[{\"@type\":\"ReadAction\",\"target\":[\"https:\/\/mau1.hoabinhweb.com\/noithat3\/lien-he\/\"]}]},{\"@type\":\"BreadcrumbList\",\"@id\":\"https:\/\/mau1.hoabinhweb.com\/noithat3\/lien-he\/#breadcrumb\",\"itemListElement\":[{\"@type\":\"ListItem\",\"position\":1,\"name\":\"Trang ch\u1ee7\",\"item\":\"https:\/\/mau1.hoabinhweb.com\/noithat3\/\"},{\"@type\":\"ListItem\",\"position\":2,\"name\":\"Li\u00ean h\u1ec7\"}]},{\"@type\":\"WebSite\",\"@id\":\"http:\/\/mau1.hoabinhweb.com\/noithat3\/#website\",\"url\":\"http:\/\/mau1.hoabinhweb.com\/noithat3\/\",\"name\":\"Lux House JSC\",\"description\":\"\",\"potentialAction\":[{\"@type\":\"SearchAction\",\"target\":{\"@type\":\"EntryPoint\",\"urlTemplate\":\"http:\/\/mau1.hoabinhweb.com\/noithat3\/?s={search_term_string}\"},\"query-input\":\"required name=search_term_string\"}],\"inLanguage\":\"vi\"}]}<\/script>\n<!-- \/ Yoast SEO plugin. -->","yoast_head_json":{"title":"Li\u00ean h\u1ec7 - Lux House JSC","robots":{"index":"noindex","follow":"follow","max-snippet":"max-snippet:-1","max-image-preview":"max-image-preview:large","max-video-preview":"max-video-preview:-1"},"og_locale":"vi_VN","og_type":"article","og_title":"Li\u00ean h\u1ec7 - Lux House JSC","og_description":"Lux House JSC s\u1ed1 12A KBT Geleximco L\u00ea Tr\u1ecdng T\u1ea5n, H\u00e0 \u0110\u00f4ng, H\u00e0 N\u1ed9i | X\u01b0\u1edfng s\u1ea3n xu\u1ea5t: Th\u1ea1ch Th\u1ea5t \u2013 H\u00e0 N\u1ed9i.: Hotline: 0978 560 000 \u2013 1800 8282 B\u1ea3n \u0111\u1ed3 ch\u1ec9 d\u1eabn \ufeff","og_url":"https:\/\/mau1.hoabinhweb.com\/noithat3\/lien-he\/","og_site_name":"Lux House JSC","article_modified_time":"2023-06-05T06:57:11+00:00","twitter_card":"summary_large_image","twitter_misc":{"\u01af\u1edbc t\u00ednh th\u1eddi gian \u0111\u1ecdc":"1 ph\u00fat"},"schema":{"@context":"https:\/\/schema.org","@graph":[{"@type":"WebPage","@id":"https:\/\/mau1.hoabinhweb.com\/noithat3\/lien-he\/","url":"https:\/\/mau1.hoabinhweb.com\/noithat3\/lien-he\/","name":"Li\u00ean h\u1ec7 - Lux House JSC","isPartOf":{"@id":"http:\/\/mau1.hoabinhweb.com\/noithat3\/#website"},"datePublished":"2020-08-16T11:02:01+00:00","dateModified":"2023-06-05T06:57:11+00:00","breadcrumb":{"@id":"https:\/\/mau1.hoabinhweb.com\/noithat3\/lien-he\/#breadcrumb"},"inLanguage":"vi","potentialAction":[{"@type":"ReadAction","target":["https:\/\/mau1.hoabinhweb.com\/noithat3\/lien-he\/"]}]},{"@type":"BreadcrumbList","@id":"https:\/\/mau1.hoabinhweb.com\/noithat3\/lien-he\/#breadcrumb","itemListElement":[{"@type":"ListItem","position":1,"name":"Trang ch\u1ee7","item":"https:\/\/mau1.hoabinhweb.com\/noithat3\/"},{"@type":"ListItem","position":2,"name":"Li\u00ean h\u1ec7"}]},{"@type":"WebSite","@id":"http:\/\/mau1.hoabinhweb.com\/noithat3\/#website","url":"http:\/\/mau1.hoabinhweb.com\/noithat3\/","name":"Lux House JSC","description":"","potentialAction":[{"@type":"SearchAction","target":{"@type":"EntryPoint","urlTemplate":"http:\/\/mau1.hoabinhweb.com\/noithat3\/?s={search_term_string}"},"query-input":"required name=search_term_string"}],"inLanguage":"vi"}]}},"_links":{"self":[{"href":"https:\/\/mau1.hoabinhweb.com\/noithat3\/wp-json\/wp\/v2\/pages\/58"}],"collection":[{"href":"https:\/\/mau1.hoabinhweb.com\/noithat3\/wp-json\/wp\/v2\/pages"}],"about":[{"href":"https:\/\/mau1.hoabinhweb.com\/noithat3\/wp-json\/wp\/v2\/types\/page"}],"author":[{"embeddable":true,"href":"https:\/\/mau1.hoabinhweb.com\/noithat3\/wp-json\/wp\/v2\/users\/2"}],"replies":[{"embeddable":true,"href":"https:\/\/mau1.hoabinhweb.com\/noithat3\/wp-json\/wp\/v2\/comments?post=58"}],"version-history":[{"count":2,"href":"https:\/\/mau1.hoabinhweb.com\/noithat3\/wp-json\/wp\/v2\/pages\/58\/revisions"}],"predecessor-version":[{"id":882,"href":"https:\/\/mau1.hoabinhweb.com\/noithat3\/wp-json\/wp\/v2\/pages\/58\/revisions\/882"}],"wp:attachment":[{"href":"https:\/\/mau1.hoabinhweb.com\/noithat3\/wp-json\/wp\/v2\/media?parent=58"}],"curies":[{"name":"wp","href":"https:\/\/api.w.org\/{rel}","templated":true}]}}