{"id":18,"date":"2023-02-17T22:05:27","date_gmt":"2023-02-17T15:05:27","guid":{"rendered":"http:\/\/mau1.hoabinhweb.com\/noithat4\/?page_id=18"},"modified":"2023-10-11T13:25:02","modified_gmt":"2023-10-11T06:25:02","slug":"gioi-thieu","status":"publish","type":"page","link":"https:\/\/mau1.hoabinhweb.com\/noithat4\/gioi-thieu\/","title":{"rendered":"Gi\u1edbi thi\u1ec7u"},"content":{"rendered":"<p><strong>IDESKO<\/strong> \u0111\u01b0\u1ee3c th\u00e0nh l\u1eadp t\u1eeb n\u0103m 2004, l\u00e0 m\u1ed9t c\u00f4ng ty thi\u1ebft k\u1ebf v\u00e0 thi c\u00f4ng n\u1ed9i th\u1ea5t chuy\u00ean m\u1ea3ng v\u0103n ph\u00f2ng. T\u1ea1i IDESKO, ch\u00fang t\u00f4i mang \u0111\u1ebfn cho kh\u00e1ch h\u00e0ng d\u1ecbch v\u1ee5 tr\u1ecdn g\u00f3i t\u1eeb thi\u1ebft k\u1ebf \u0111\u1ebfn thi c\u00f4ng ho\u00e0n thi\u1ec7n. Qua nhi\u1ec1u n\u0103m thi\u1ebft k\u1ebf v\u00e0 cung c\u1ea5p s\u1ea3n ph\u1ea9m n\u1ed9i th\u1ea5t cho c\u00e1c t\u1eadp \u0111o\u00e0n l\u1edbn, c\u00e1c c\u00f4ng ty \u0111a qu\u1ed1c gia v\u00e0 c\u00e1c v\u0103n ph\u00f2ng \u0111\u1ea1i di\u1ec7n ch\u00fang t\u00f4i ng\u00e0y c\u00e0ng t\u1ef1 tin tham gia c\u00e1c d\u1ef1 \u00e1n l\u1edbn.<\/p>\n<p>V\u1edbi \u0111\u1ed9i ng\u0169 thi\u1ebft k\u1ebf n\u1ed9i th\u1ea5t \u0111\u01b0\u1ee3c \u0111\u00e0o t\u1ea1o ch\u00ednh quy, chuy\u00ean nghi\u1ec7p v\u00e0 s\u00e1ng t\u1ea1o &#8211; ch\u00fang t\u00f4i s\u1ebd mang \u0111\u1ebfn cho qu\u00fd kh\u00e1ch d\u1ecbch v\u1ee5 thi\u1ebft k\u1ebf \u0111\u1ea7y \u0111\u1ee7 t\u1eeb kh\u1ea3o s\u00e1t l\u00ean thi\u1ebft k\u1ebf \u0111\u1ebfn h\u1ed3 s\u01a1 thi c\u00f4ng. B\u1eb1ng ph\u1ed1i c\u1ea3nh 3D, qu\u00fd kh\u00e1ch c\u00f3 th\u1ec3 tr\u1ef1c ti\u1ebfp tham gia v\u00e0o qu\u00e1 tr\u00ecnh thi\u1ebft k\u1ebf sao cho ph\u00f9 h\u1ee3p v\u1edbi phong c\u00e1ch v\u00e0 \u0111\u1ecbnh h\u01b0\u1edbng m\u00e0 doanh nghi\u1ec7p h\u01b0\u1edbng t\u1edbi.<\/p>\n<p>V\u1edbi x\u01b0\u1edfng s\u1ea3n xu\u1ea5t \u0111\u1ed3 g\u1ed7 ri\u00eang bi\u1ec7t, ch\u00fang t\u00f4i mang \u0111\u1ebfn qu\u00fd kh\u00e1ch s\u1ea3n ph\u1ea9m n\u1ed9i th\u1ea5t ch\u1ea5t l\u01b0\u1ee3ng cao. \u0110\u1ed9i ng\u0169 gi\u00e1m s\u00e1t gi\u00e0u kinh nghi\u1ec7m, ch\u00fang t\u00f4i t\u00ecm ra ph\u01b0\u01a1ng \u00e1n thi c\u00f4ng t\u1ed1i \u01b0u \u0111\u1ea3m b\u1ea3o ti\u1ebfn \u0111\u1ed9 v\u00e0 ch\u1ea5t l\u01b0\u1ee3ng c\u00f4ng tr\u00ecnh. T\u1eebng chi ti\u1ebft c\u1ee7a c\u00f4ng tr\u00ecnh \u0111\u1ec1u \u0111\u01b0\u1ee3c ch\u00fa \u00fd m\u1ed9t c\u00e1ch c\u1ea9n th\u1eadn.<\/p>\n<p>V\u1edbi \u0111\u1ed9i ng\u0169 thi c\u00f4ng t\u1ed5ng th\u1ec3 t\u1eeb x\u00e2y d\u1ef1ng, h\u1ec7 th\u1ed1ng \u0111i\u1ec7n m\u1ea1ng \u0111\u1ebfn cung c\u1ea5p n\u1ed9i th\u1ea5t &#8211; ch\u00fang t\u00f4i mang \u0111\u1ebfn cho kh\u00e1ch h\u00e0ng m\u1ed9t c\u00f4ng tr\u00ecnh ho\u00e0n thi\u1ec7n.<\/p>\n<p>H\u00e3y cho IDESKO m\u1ed9t c\u01a1 h\u1ed9i h\u1ee3p t\u00e1c. Ch\u00fang t\u00f4i \u0111\u1ea3m b\u1ea3o s\u1ebd l\u00e0m h\u00e0i l\u00f2ng qu\u00fd kh\u00e1ch.<\/p>\n","protected":false},"excerpt":{"rendered":"<p>IDESKO \u0111\u01b0\u1ee3c th\u00e0nh l\u1eadp t\u1eeb n\u0103m 2004, l\u00e0 m\u1ed9t c\u00f4ng ty thi\u1ebft k\u1ebf v\u00e0 thi c\u00f4ng n\u1ed9i th\u1ea5t chuy\u00ean m\u1ea3ng v\u0103n ph\u00f2ng. T\u1ea1i IDESKO, ch\u00fang t\u00f4i mang \u0111\u1ebfn cho kh\u00e1ch h\u00e0ng d\u1ecbch v\u1ee5 tr\u1ecdn g\u00f3i t\u1eeb thi\u1ebft k\u1ebf \u0111\u1ebfn thi c\u00f4ng ho\u00e0n thi\u1ec7n. Qua nhi\u1ec1u n\u0103m thi\u1ebft k\u1ebf v\u00e0 cung c\u1ea5p s\u1ea3n ph\u1ea9m n\u1ed9i th\u1ea5t<\/p>\n","protected":false},"author":1,"featured_media":0,"parent":0,"menu_order":0,"comment_status":"closed","ping_status":"closed","template":"","meta":{"footnotes":""},"class_list":["post-18","page","type-page","status-publish","hentry"],"yoast_head":"<!-- This site is optimized with the Yoast SEO plugin v21.5 - https:\/\/yoast.com\/wordpress\/plugins\/seo\/ -->\n<title>Gi\u1edbi thi\u1ec7u - Idesko<\/title>\n<meta name=\"robots\" content=\"noindex, follow, max-snippet:-1, max-image-preview:large, max-video-preview:-1\" \/>\n<meta property=\"og:locale\" content=\"vi_VN\" \/>\n<meta property=\"og:type\" content=\"article\" \/>\n<meta property=\"og:title\" content=\"Gi\u1edbi thi\u1ec7u - Idesko\" \/>\n<meta property=\"og:description\" content=\"IDESKO \u0111\u01b0\u1ee3c th\u00e0nh l\u1eadp t\u1eeb n\u0103m 2004, l\u00e0 m\u1ed9t c\u00f4ng ty thi\u1ebft k\u1ebf v\u00e0 thi c\u00f4ng n\u1ed9i th\u1ea5t chuy\u00ean m\u1ea3ng v\u0103n ph\u00f2ng. T\u1ea1i IDESKO, ch\u00fang t\u00f4i mang \u0111\u1ebfn cho kh\u00e1ch h\u00e0ng d\u1ecbch v\u1ee5 tr\u1ecdn g\u00f3i t\u1eeb thi\u1ebft k\u1ebf \u0111\u1ebfn thi c\u00f4ng ho\u00e0n thi\u1ec7n. Qua nhi\u1ec1u n\u0103m thi\u1ebft k\u1ebf v\u00e0 cung c\u1ea5p s\u1ea3n ph\u1ea9m n\u1ed9i th\u1ea5t\" \/>\n<meta property=\"og:url\" content=\"https:\/\/mau1.hoabinhweb.com\/noithat4\/gioi-thieu\/\" \/>\n<meta property=\"og:site_name\" content=\"Idesko\" \/>\n<meta property=\"article:modified_time\" content=\"2023-10-11T06:25:02+00:00\" \/>\n<meta name=\"twitter:card\" content=\"summary_large_image\" \/>\n<script type=\"application\/ld+json\" class=\"yoast-schema-graph\">{\"@context\":\"https:\/\/schema.org\",\"@graph\":[{\"@type\":\"WebPage\",\"@id\":\"https:\/\/mau1.hoabinhweb.com\/noithat4\/gioi-thieu\/\",\"url\":\"https:\/\/mau1.hoabinhweb.com\/noithat4\/gioi-thieu\/\",\"name\":\"Gi\u1edbi thi\u1ec7u - Idesko\",\"isPartOf\":{\"@id\":\"https:\/\/mau1.hoabinhweb.com\/noithat4\/#website\"},\"datePublished\":\"2023-02-17T15:05:27+00:00\",\"dateModified\":\"2023-10-11T06:25:02+00:00\",\"breadcrumb\":{\"@id\":\"https:\/\/mau1.hoabinhweb.com\/noithat4\/gioi-thieu\/#breadcrumb\"},\"inLanguage\":\"vi\",\"potentialAction\":[{\"@type\":\"ReadAction\",\"target\":[\"https:\/\/mau1.hoabinhweb.com\/noithat4\/gioi-thieu\/\"]}]},{\"@type\":\"BreadcrumbList\",\"@id\":\"https:\/\/mau1.hoabinhweb.com\/noithat4\/gioi-thieu\/#breadcrumb\",\"itemListElement\":[{\"@type\":\"ListItem\",\"position\":1,\"name\":\"Trang ch\u1ee7\",\"item\":\"https:\/\/mau1.hoabinhweb.com\/noithat4\/\"},{\"@type\":\"ListItem\",\"position\":2,\"name\":\"Gi\u1edbi thi\u1ec7u\"}]},{\"@type\":\"WebSite\",\"@id\":\"https:\/\/mau1.hoabinhweb.com\/noithat4\/#website\",\"url\":\"https:\/\/mau1.hoabinhweb.com\/noithat4\/\",\"name\":\"Idesko\",\"description\":\"\",\"potentialAction\":[{\"@type\":\"SearchAction\",\"target\":{\"@type\":\"EntryPoint\",\"urlTemplate\":\"https:\/\/mau1.hoabinhweb.com\/noithat4\/?s={search_term_string}\"},\"query-input\":\"required name=search_term_string\"}],\"inLanguage\":\"vi\"}]}<\/script>\n<!-- \/ Yoast SEO plugin. -->","yoast_head_json":{"title":"Gi\u1edbi thi\u1ec7u - Idesko","robots":{"index":"noindex","follow":"follow","max-snippet":"max-snippet:-1","max-image-preview":"max-image-preview:large","max-video-preview":"max-video-preview:-1"},"og_locale":"vi_VN","og_type":"article","og_title":"Gi\u1edbi thi\u1ec7u - Idesko","og_description":"IDESKO \u0111\u01b0\u1ee3c th\u00e0nh l\u1eadp t\u1eeb n\u0103m 2004, l\u00e0 m\u1ed9t c\u00f4ng ty thi\u1ebft k\u1ebf v\u00e0 thi c\u00f4ng n\u1ed9i th\u1ea5t chuy\u00ean m\u1ea3ng v\u0103n ph\u00f2ng. T\u1ea1i IDESKO, ch\u00fang t\u00f4i mang \u0111\u1ebfn cho kh\u00e1ch h\u00e0ng d\u1ecbch v\u1ee5 tr\u1ecdn g\u00f3i t\u1eeb thi\u1ebft k\u1ebf \u0111\u1ebfn thi c\u00f4ng ho\u00e0n thi\u1ec7n. Qua nhi\u1ec1u n\u0103m thi\u1ebft k\u1ebf v\u00e0 cung c\u1ea5p s\u1ea3n ph\u1ea9m n\u1ed9i th\u1ea5t","og_url":"https:\/\/mau1.hoabinhweb.com\/noithat4\/gioi-thieu\/","og_site_name":"Idesko","article_modified_time":"2023-10-11T06:25:02+00:00","twitter_card":"summary_large_image","schema":{"@context":"https:\/\/schema.org","@graph":[{"@type":"WebPage","@id":"https:\/\/mau1.hoabinhweb.com\/noithat4\/gioi-thieu\/","url":"https:\/\/mau1.hoabinhweb.com\/noithat4\/gioi-thieu\/","name":"Gi\u1edbi thi\u1ec7u - Idesko","isPartOf":{"@id":"https:\/\/mau1.hoabinhweb.com\/noithat4\/#website"},"datePublished":"2023-02-17T15:05:27+00:00","dateModified":"2023-10-11T06:25:02+00:00","breadcrumb":{"@id":"https:\/\/mau1.hoabinhweb.com\/noithat4\/gioi-thieu\/#breadcrumb"},"inLanguage":"vi","potentialAction":[{"@type":"ReadAction","target":["https:\/\/mau1.hoabinhweb.com\/noithat4\/gioi-thieu\/"]}]},{"@type":"BreadcrumbList","@id":"https:\/\/mau1.hoabinhweb.com\/noithat4\/gioi-thieu\/#breadcrumb","itemListElement":[{"@type":"ListItem","position":1,"name":"Trang ch\u1ee7","item":"https:\/\/mau1.hoabinhweb.com\/noithat4\/"},{"@type":"ListItem","position":2,"name":"Gi\u1edbi thi\u1ec7u"}]},{"@type":"WebSite","@id":"https:\/\/mau1.hoabinhweb.com\/noithat4\/#website","url":"https:\/\/mau1.hoabinhweb.com\/noithat4\/","name":"Idesko","description":"","potentialAction":[{"@type":"SearchAction","target":{"@type":"EntryPoint","urlTemplate":"https:\/\/mau1.hoabinhweb.com\/noithat4\/?s={search_term_string}"},"query-input":"required name=search_term_string"}],"inLanguage":"vi"}]}},"_links":{"self":[{"href":"https:\/\/mau1.hoabinhweb.com\/noithat4\/wp-json\/wp\/v2\/pages\/18","targetHints":{"allow":["GET"]}}],"collection":[{"href":"https:\/\/mau1.hoabinhweb.com\/noithat4\/wp-json\/wp\/v2\/pages"}],"about":[{"href":"https:\/\/mau1.hoabinhweb.com\/noithat4\/wp-json\/wp\/v2\/types\/page"}],"author":[{"embeddable":true,"href":"https:\/\/mau1.hoabinhweb.com\/noithat4\/wp-json\/wp\/v2\/users\/1"}],"replies":[{"embeddable":true,"href":"https:\/\/mau1.hoabinhweb.com\/noithat4\/wp-json\/wp\/v2\/comments?post=18"}],"version-history":[{"count":2,"href":"https:\/\/mau1.hoabinhweb.com\/noithat4\/wp-json\/wp\/v2\/pages\/18\/revisions"}],"predecessor-version":[{"id":92,"href":"https:\/\/mau1.hoabinhweb.com\/noithat4\/wp-json\/wp\/v2\/pages\/18\/revisions\/92"}],"wp:attachment":[{"href":"https:\/\/mau1.hoabinhweb.com\/noithat4\/wp-json\/wp\/v2\/media?parent=18"}],"curies":[{"name":"wp","href":"https:\/\/api.w.org\/{rel}","templated":true}]}}