{"id":65,"date":"2023-10-10T17:00:09","date_gmt":"2023-10-10T10:00:09","guid":{"rendered":"https:\/\/mau1.hoabinhweb.com\/noithat4\/?post_type=product&#038;p=65"},"modified":"2023-10-11T13:50:36","modified_gmt":"2023-10-11T06:50:36","slug":"gte-localize","status":"publish","type":"product","link":"https:\/\/mau1.hoabinhweb.com\/noithat4\/du-an\/gte-localize\/","title":{"rendered":"GTE Localize"},"content":{"rendered":"<h1>Thi\u1ebft k\u1ebf v\u00e0 thi c\u00f4ng n\u1ed9i th\u1ea5t v\u0103n ph\u00f2ng C\u00f4ng ty B\u1ea3n \u0110\u1ecba H\u00f3a GTE<\/h1>\n<p>GTE Localize l\u00e0 m\u1ed9t c\u00f4ng ty d\u1ecbch thu\u1eadt v\u00e0 b\u1ea3n \u0111\u1ecba h\u00f3a to\u00e0n c\u1ea7u. GTE Localize c\u00f3 ba v\u0103n ph\u00f2ng t\u1ea1i Hoa K\u1ef3, Singapore v\u00e0 Vi\u1ec7t Nam. V\u0103n ph\u00f2ng Vi\u1ec7t Nam \u0111\u01b0\u1ee3c \u0111\u1eb7t t\u1ea1i t\u00f2a nh\u00e0 MIPEC Tower, s\u1ed1 229 T\u00e2y S\u01a1n, H\u00e0 N\u1ed9i.<\/p>\n<ul>\n<li>Di\u1ec7n t\u00edch v\u0103n ph\u00f2ng: 200m2<\/li>\n<li>Phong c\u00e1ch hi\u1ec7n \u0111\u1ea1i<\/li>\n<\/ul>\n\n<p><em><strong>Xem th\u00eam c\u00e1c d\u1ef1 \u00e1n kh\u00e1c t\u1ea1i:\u00a0D\u1ef1 \u00e1n<\/strong><\/em><\/p>\n<p>Qu\u00fd kh\u00e1ch h\u00e0ng c\u00f3 nhu c\u1ea7u thi c\u00f4ng n\u1ed9i th\u1ea5t v\u0103n ph\u00f2ng, vui l\u00f2ng \u0111\u1ec3 l\u1ea1i th\u00f4ng tin\u00a0t\u1ea1i \u0111\u00e2y. Ho\u1eb7c l<span class=\"text\">i\u00ean h\u1ec7 v\u1edbi IDESKO \u0111\u1ec3 nh\u1eadn \u0111\u01b0\u1ee3c t\u01b0 v\u1ea5n chi ti\u1ebft v\u00e0 \u01b0u \u0111\u00e3i t\u1ed1t nh\u1ea5t.<\/span><\/p>\n<p><span class=\"text\">IDESKO v\u1edbi h\u01a1n 20 n\u0103m kinh nghi\u1ec7m trong vi\u1ec7c thi\u1ebft k\u1ebf &amp; thi c\u00f4ng n\u1ed9i th\u1ea5t v\u0103n ph\u00f2ng. Ch\u00fang t\u00f4i cam k\u1ebft mang t\u1edbi s\u1ef1 h\u00e0i l\u00f2ng nh\u1ea5t cho Qu\u00fd kh\u00e1ch h\u00e0ng.<\/span><\/p>\n<p><strong><span class=\"text\">IDESKO \u2013 Total solutions for spaces<\/span><\/strong><\/p>\n<p><em><span class=\"text\">Hotline:\u00a0<\/span><strong>0911 199 929<\/strong><\/em><\/p>\n<p><em><span class=\"text\">\u0110\u1ecba ch\u1ec9: T\u1ea7ng 6, s\u1ed1 19 An Tr\u1ea1ch, Qu\u1ed1c T\u1eed Gi\u00e1m, \u0110\u1ed1ng \u0110a, H\u00e0 N\u1ed9i<\/span><\/em><\/p>\n<p><em><span class=\"text\">Facebook:\u00a0https:\/\/www.facebook.com\/kientrucnoithatidesko<\/span><\/em><\/p>\n","protected":false},"excerpt":{"rendered":"<ul>\n<li>\u0110\u1ecba ch\u1ec9: t\u00f2a nh\u00e0 MIPEC Tower, s\u1ed1 229 T\u00e2y S\u01a1n, H\u00e0 N\u1ed9i<\/li>\n<li>Di\u1ec7n t\u00edch v\u0103n ph\u00f2ng: 200m2<\/li>\n<li><span data-sheets-value=\"{&quot;1&quot;:2,&quot;2&quot;:&quot;- \u0110\u1ecba \u0111i\u1ec3m: To\u00e0 nh\u00e0 Central Field, 219 Trung K\u00ednh, C\u1ea7u Gi\u1ea5y, H\u00e0 N\u1ed9i.\\n- Di\u1ec7n t\u00edch: 300m2.\\n- C\u1ea5p \u0111\u1ed9 thi\u1ebft k\u1ebf: H\u1ea1ng A\\n- Phong c\u00e1ch thi\u1ebft k\u1ebf: Hi\u1ec7n \u0111\u1ea1i n\u0103ng \u0111\u1ed9ng\\n- Trang th\u00e1i: \u0110\u00e3 ho\u00e0n th\u00e0nh\\n- Thi\u1ebft k\u1ebf kh\u00f4ng gian n\u1ed9i th\u1ea5t.&quot;}\" data-sheets-userformat=\"{&quot;2&quot;:15167,&quot;3&quot;:{&quot;1&quot;:0},&quot;4&quot;:{&quot;1&quot;:2,&quot;2&quot;:16777215},&quot;5&quot;:{&quot;1&quot;:[{&quot;1&quot;:2,&quot;2&quot;:0,&quot;5&quot;:{&quot;1&quot;:2,&quot;2&quot;:0}},{&quot;1&quot;:0,&quot;2&quot;:0,&quot;3&quot;:3},{&quot;1&quot;:1,&quot;2&quot;:0,&quot;4&quot;:1}]},&quot;6&quot;:{&quot;1&quot;:[{&quot;1&quot;:2,&quot;2&quot;:0,&quot;5&quot;:{&quot;1&quot;:2,&quot;2&quot;:0}},{&quot;1&quot;:0,&quot;2&quot;:0,&quot;3&quot;:3},{&quot;1&quot;:1,&quot;2&quot;:0,&quot;4&quot;:1}]},&quot;7&quot;:{&quot;1&quot;:[{&quot;1&quot;:2,&quot;2&quot;:0,&quot;5&quot;:{&quot;1&quot;:2,&quot;2&quot;:0}},{&quot;1&quot;:0,&quot;2&quot;:0,&quot;3&quot;:3},{&quot;1&quot;:1,&quot;2&quot;:0,&quot;4&quot;:1}]},&quot;8&quot;:{&quot;1&quot;:[{&quot;1&quot;:2,&quot;2&quot;:0,&quot;5&quot;:{&quot;1&quot;:2,&quot;2&quot;:0}},{&quot;1&quot;:0,&quot;2&quot;:0,&quot;3&quot;:3},{&quot;1&quot;:1,&quot;2&quot;:0,&quot;4&quot;:1}]},&quot;11&quot;:4,&quot;12&quot;:0,&quot;14&quot;:{&quot;1&quot;:2,&quot;2&quot;:531510},&quot;15&quot;:&quot;Times New Roman&quot;,&quot;16&quot;:12}\"><strong>C\u1ea5p \u0111\u1ed9 thi\u1ebft k\u1ebf<\/strong>: H\u1ea1ng A<\/span><\/li>\n<li><span data-sheets-value=\"{&quot;1&quot;:2,&quot;2&quot;:&quot;- \u0110\u1ecba \u0111i\u1ec3m: To\u00e0 nh\u00e0 Central Field, 219 Trung K\u00ednh, C\u1ea7u Gi\u1ea5y, H\u00e0 N\u1ed9i.\\n- Di\u1ec7n t\u00edch: 300m2.\\n- C\u1ea5p \u0111\u1ed9 thi\u1ebft k\u1ebf: H\u1ea1ng A\\n- Phong c\u00e1ch thi\u1ebft k\u1ebf: Hi\u1ec7n \u0111\u1ea1i n\u0103ng \u0111\u1ed9ng\\n- Trang th\u00e1i: \u0110\u00e3 ho\u00e0n th\u00e0nh\\n- Thi\u1ebft k\u1ebf kh\u00f4ng gian n\u1ed9i th\u1ea5t.&quot;}\" data-sheets-userformat=\"{&quot;2&quot;:15167,&quot;3&quot;:{&quot;1&quot;:0},&quot;4&quot;:{&quot;1&quot;:2,&quot;2&quot;:16777215},&quot;5&quot;:{&quot;1&quot;:[{&quot;1&quot;:2,&quot;2&quot;:0,&quot;5&quot;:{&quot;1&quot;:2,&quot;2&quot;:0}},{&quot;1&quot;:0,&quot;2&quot;:0,&quot;3&quot;:3},{&quot;1&quot;:1,&quot;2&quot;:0,&quot;4&quot;:1}]},&quot;6&quot;:{&quot;1&quot;:[{&quot;1&quot;:2,&quot;2&quot;:0,&quot;5&quot;:{&quot;1&quot;:2,&quot;2&quot;:0}},{&quot;1&quot;:0,&quot;2&quot;:0,&quot;3&quot;:3},{&quot;1&quot;:1,&quot;2&quot;:0,&quot;4&quot;:1}]},&quot;7&quot;:{&quot;1&quot;:[{&quot;1&quot;:2,&quot;2&quot;:0,&quot;5&quot;:{&quot;1&quot;:2,&quot;2&quot;:0}},{&quot;1&quot;:0,&quot;2&quot;:0,&quot;3&quot;:3},{&quot;1&quot;:1,&quot;2&quot;:0,&quot;4&quot;:1}]},&quot;8&quot;:{&quot;1&quot;:[{&quot;1&quot;:2,&quot;2&quot;:0,&quot;5&quot;:{&quot;1&quot;:2,&quot;2&quot;:0}},{&quot;1&quot;:0,&quot;2&quot;:0,&quot;3&quot;:3},{&quot;1&quot;:1,&quot;2&quot;:0,&quot;4&quot;:1}]},&quot;11&quot;:4,&quot;12&quot;:0,&quot;14&quot;:{&quot;1&quot;:2,&quot;2&quot;:531510},&quot;15&quot;:&quot;Times New Roman&quot;,&quot;16&quot;:12}\"><strong>Phong c\u00e1ch thi\u1ebft k\u1ebf<\/strong>: Hi\u1ec7n \u0111\u1ea1i n\u0103ng \u0111\u1ed9ng<br \/>\n<\/span><\/li>\n<li><span data-sheets-value=\"{&quot;1&quot;:2,&quot;2&quot;:&quot;- \u0110\u1ecba \u0111i\u1ec3m: To\u00e0 nh\u00e0 Central Field, 219 Trung K\u00ednh, C\u1ea7u Gi\u1ea5y, H\u00e0 N\u1ed9i.\\n- Di\u1ec7n t\u00edch: 300m2.\\n- C\u1ea5p \u0111\u1ed9 thi\u1ebft k\u1ebf: H\u1ea1ng A\\n- Phong c\u00e1ch thi\u1ebft k\u1ebf: Hi\u1ec7n \u0111\u1ea1i n\u0103ng \u0111\u1ed9ng\\n- Trang th\u00e1i: \u0110\u00e3 ho\u00e0n th\u00e0nh\\n- Thi\u1ebft k\u1ebf kh\u00f4ng gian n\u1ed9i th\u1ea5t.&quot;}\" data-sheets-userformat=\"{&quot;2&quot;:15167,&quot;3&quot;:{&quot;1&quot;:0},&quot;4&quot;:{&quot;1&quot;:2,&quot;2&quot;:16777215},&quot;5&quot;:{&quot;1&quot;:[{&quot;1&quot;:2,&quot;2&quot;:0,&quot;5&quot;:{&quot;1&quot;:2,&quot;2&quot;:0}},{&quot;1&quot;:0,&quot;2&quot;:0,&quot;3&quot;:3},{&quot;1&quot;:1,&quot;2&quot;:0,&quot;4&quot;:1}]},&quot;6&quot;:{&quot;1&quot;:[{&quot;1&quot;:2,&quot;2&quot;:0,&quot;5&quot;:{&quot;1&quot;:2,&quot;2&quot;:0}},{&quot;1&quot;:0,&quot;2&quot;:0,&quot;3&quot;:3},{&quot;1&quot;:1,&quot;2&quot;:0,&quot;4&quot;:1}]},&quot;7&quot;:{&quot;1&quot;:[{&quot;1&quot;:2,&quot;2&quot;:0,&quot;5&quot;:{&quot;1&quot;:2,&quot;2&quot;:0}},{&quot;1&quot;:0,&quot;2&quot;:0,&quot;3&quot;:3},{&quot;1&quot;:1,&quot;2&quot;:0,&quot;4&quot;:1}]},&quot;8&quot;:{&quot;1&quot;:[{&quot;1&quot;:2,&quot;2&quot;:0,&quot;5&quot;:{&quot;1&quot;:2,&quot;2&quot;:0}},{&quot;1&quot;:0,&quot;2&quot;:0,&quot;3&quot;:3},{&quot;1&quot;:1,&quot;2&quot;:0,&quot;4&quot;:1}]},&quot;11&quot;:4,&quot;12&quot;:0,&quot;14&quot;:{&quot;1&quot;:2,&quot;2&quot;:531510},&quot;15&quot;:&quot;Times New Roman&quot;,&quot;16&quot;:12}\"><strong>H\u1ea1ng m\u1ee5c c\u00f4ng vi\u1ec7c<\/strong>: Thi\u1ebft k\u1ebf kh\u00f4ng gian n\u1ed9i th\u1ea5t.<\/span><\/li>\n<li><span data-sheets-value=\"{&quot;1&quot;:2,&quot;2&quot;:&quot;- \u0110\u1ecba \u0111i\u1ec3m: To\u00e0 nh\u00e0 Central Field, 219 Trung K\u00ednh, C\u1ea7u Gi\u1ea5y, H\u00e0 N\u1ed9i.\\n- Di\u1ec7n t\u00edch: 300m2.\\n- C\u1ea5p \u0111\u1ed9 thi\u1ebft k\u1ebf: H\u1ea1ng A\\n- Phong c\u00e1ch thi\u1ebft k\u1ebf: Hi\u1ec7n \u0111\u1ea1i n\u0103ng \u0111\u1ed9ng\\n- Trang th\u00e1i: \u0110\u00e3 ho\u00e0n th\u00e0nh\\n- Thi\u1ebft k\u1ebf kh\u00f4ng gian n\u1ed9i th\u1ea5t.&quot;}\" data-sheets-userformat=\"{&quot;2&quot;:15167,&quot;3&quot;:{&quot;1&quot;:0},&quot;4&quot;:{&quot;1&quot;:2,&quot;2&quot;:16777215},&quot;5&quot;:{&quot;1&quot;:[{&quot;1&quot;:2,&quot;2&quot;:0,&quot;5&quot;:{&quot;1&quot;:2,&quot;2&quot;:0}},{&quot;1&quot;:0,&quot;2&quot;:0,&quot;3&quot;:3},{&quot;1&quot;:1,&quot;2&quot;:0,&quot;4&quot;:1}]},&quot;6&quot;:{&quot;1&quot;:[{&quot;1&quot;:2,&quot;2&quot;:0,&quot;5&quot;:{&quot;1&quot;:2,&quot;2&quot;:0}},{&quot;1&quot;:0,&quot;2&quot;:0,&quot;3&quot;:3},{&quot;1&quot;:1,&quot;2&quot;:0,&quot;4&quot;:1}]},&quot;7&quot;:{&quot;1&quot;:[{&quot;1&quot;:2,&quot;2&quot;:0,&quot;5&quot;:{&quot;1&quot;:2,&quot;2&quot;:0}},{&quot;1&quot;:0,&quot;2&quot;:0,&quot;3&quot;:3},{&quot;1&quot;:1,&quot;2&quot;:0,&quot;4&quot;:1}]},&quot;8&quot;:{&quot;1&quot;:[{&quot;1&quot;:2,&quot;2&quot;:0,&quot;5&quot;:{&quot;1&quot;:2,&quot;2&quot;:0}},{&quot;1&quot;:0,&quot;2&quot;:0,&quot;3&quot;:3},{&quot;1&quot;:1,&quot;2&quot;:0,&quot;4&quot;:1}]},&quot;11&quot;:4,&quot;12&quot;:0,&quot;14&quot;:{&quot;1&quot;:2,&quot;2&quot;:531510},&quot;15&quot;:&quot;Times New Roman&quot;,&quot;16&quot;:12}\"><strong>Trang th\u00e1i<\/strong>: \u0110\u00e3 ho\u00e0n th\u00e0nh<\/span><\/li>\n<\/ul>\n","protected":false},"featured_media":66,"comment_status":"closed","ping_status":"closed","template":"","meta":[],"product_cat":[15,19,20],"product_tag":[],"class_list":["post-65","product","type-product","status-publish","has-post-thumbnail","hentry","product_cat-du-an-noi-bat","product_cat-du-an-thi-cong","product_cat-du-an-thiet-ke"],"yoast_head":"<!-- This site is optimized with the Yoast SEO plugin v21.5 - https:\/\/yoast.com\/wordpress\/plugins\/seo\/ -->\n<title>GTE Localize - Idesko<\/title>\n<meta name=\"robots\" content=\"noindex, follow, max-snippet:-1, max-image-preview:large, max-video-preview:-1\" \/>\n<meta property=\"og:locale\" content=\"vi_VN\" \/>\n<meta property=\"og:type\" content=\"article\" \/>\n<meta property=\"og:title\" content=\"GTE Localize - Idesko\" \/>\n<meta property=\"og:description\" content=\"\u0110\u1ecba ch\u1ec9: t\u00f2a nh\u00e0 MIPEC Tower, s\u1ed1 229 T\u00e2y S\u01a1n, H\u00e0 N\u1ed9i  Di\u1ec7n t\u00edch v\u0103n ph\u00f2ng: 200m2  C\u1ea5p \u0111\u1ed9 thi\u1ebft k\u1ebf: H\u1ea1ng A  Phong c\u00e1ch thi\u1ebft k\u1ebf: Hi\u1ec7n \u0111\u1ea1i n\u0103ng \u0111\u1ed9ng   H\u1ea1ng m\u1ee5c c\u00f4ng vi\u1ec7c: Thi\u1ebft k\u1ebf kh\u00f4ng gian n\u1ed9i th\u1ea5t.  Trang th\u00e1i: \u0110\u00e3 ho\u00e0n th\u00e0nh\" \/>\n<meta property=\"og:url\" content=\"https:\/\/mau1.hoabinhweb.com\/noithat4\/du-an\/gte-localize\/\" \/>\n<meta property=\"og:site_name\" content=\"Idesko\" \/>\n<meta property=\"article:modified_time\" content=\"2023-10-11T06:50:36+00:00\" \/>\n<meta property=\"og:image\" content=\"https:\/\/mau1.hoabinhweb.com\/noithat4\/wp-content\/uploads\/2023\/10\/duan1.jpg\" \/>\n\t<meta property=\"og:image:width\" content=\"1000\" \/>\n\t<meta property=\"og:image:height\" content=\"658\" \/>\n\t<meta property=\"og:image:type\" content=\"image\/jpeg\" \/>\n<meta name=\"twitter:card\" content=\"summary_large_image\" \/>\n<meta name=\"twitter:label1\" content=\"\u01af\u1edbc t\u00ednh th\u1eddi gian \u0111\u1ecdc\" \/>\n\t<meta name=\"twitter:data1\" content=\"1 ph\u00fat\" \/>\n<script type=\"application\/ld+json\" class=\"yoast-schema-graph\">{\"@context\":\"https:\/\/schema.org\",\"@graph\":[{\"@type\":\"WebPage\",\"@id\":\"https:\/\/mau1.hoabinhweb.com\/noithat4\/du-an\/gte-localize\/\",\"url\":\"https:\/\/mau1.hoabinhweb.com\/noithat4\/du-an\/gte-localize\/\",\"name\":\"GTE Localize - Idesko\",\"isPartOf\":{\"@id\":\"https:\/\/mau1.hoabinhweb.com\/noithat4\/#website\"},\"datePublished\":\"2023-10-10T10:00:09+00:00\",\"dateModified\":\"2023-10-11T06:50:36+00:00\",\"breadcrumb\":{\"@id\":\"https:\/\/mau1.hoabinhweb.com\/noithat4\/du-an\/gte-localize\/#breadcrumb\"},\"inLanguage\":\"vi\",\"potentialAction\":[{\"@type\":\"ReadAction\",\"target\":[\"https:\/\/mau1.hoabinhweb.com\/noithat4\/du-an\/gte-localize\/\"]}]},{\"@type\":\"BreadcrumbList\",\"@id\":\"https:\/\/mau1.hoabinhweb.com\/noithat4\/du-an\/gte-localize\/#breadcrumb\",\"itemListElement\":[{\"@type\":\"ListItem\",\"position\":1,\"name\":\"Trang ch\u1ee7\",\"item\":\"https:\/\/mau1.hoabinhweb.com\/noithat4\/\"},{\"@type\":\"ListItem\",\"position\":2,\"name\":\"D\u1ef1 \u00e1n\",\"item\":\"https:\/\/mau1.hoabinhweb.com\/noithat4\/du-an\/\"},{\"@type\":\"ListItem\",\"position\":3,\"name\":\"D\u1ef1 \u00e1n thi\u1ebft k\u1ebf\",\"item\":\"https:\/\/mau1.hoabinhweb.com\/noithat4\/danh-muc\/du-an-thiet-ke\/\"},{\"@type\":\"ListItem\",\"position\":4,\"name\":\"GTE Localize\"}]},{\"@type\":\"WebSite\",\"@id\":\"https:\/\/mau1.hoabinhweb.com\/noithat4\/#website\",\"url\":\"https:\/\/mau1.hoabinhweb.com\/noithat4\/\",\"name\":\"Idesko\",\"description\":\"\",\"potentialAction\":[{\"@type\":\"SearchAction\",\"target\":{\"@type\":\"EntryPoint\",\"urlTemplate\":\"https:\/\/mau1.hoabinhweb.com\/noithat4\/?s={search_term_string}\"},\"query-input\":\"required name=search_term_string\"}],\"inLanguage\":\"vi\"}]}<\/script>\n<!-- \/ Yoast SEO plugin. -->","yoast_head_json":{"title":"GTE Localize - Idesko","robots":{"index":"noindex","follow":"follow","max-snippet":"max-snippet:-1","max-image-preview":"max-image-preview:large","max-video-preview":"max-video-preview:-1"},"og_locale":"vi_VN","og_type":"article","og_title":"GTE Localize - Idesko","og_description":"\u0110\u1ecba ch\u1ec9: t\u00f2a nh\u00e0 MIPEC Tower, s\u1ed1 229 T\u00e2y S\u01a1n, H\u00e0 N\u1ed9i  Di\u1ec7n t\u00edch v\u0103n ph\u00f2ng: 200m2  C\u1ea5p \u0111\u1ed9 thi\u1ebft k\u1ebf: H\u1ea1ng A  Phong c\u00e1ch thi\u1ebft k\u1ebf: Hi\u1ec7n \u0111\u1ea1i n\u0103ng \u0111\u1ed9ng   H\u1ea1ng m\u1ee5c c\u00f4ng vi\u1ec7c: Thi\u1ebft k\u1ebf kh\u00f4ng gian n\u1ed9i th\u1ea5t.  Trang th\u00e1i: \u0110\u00e3 ho\u00e0n th\u00e0nh","og_url":"https:\/\/mau1.hoabinhweb.com\/noithat4\/du-an\/gte-localize\/","og_site_name":"Idesko","article_modified_time":"2023-10-11T06:50:36+00:00","og_image":[{"width":1000,"height":658,"url":"https:\/\/mau1.hoabinhweb.com\/noithat4\/wp-content\/uploads\/2023\/10\/duan1.jpg","type":"image\/jpeg"}],"twitter_card":"summary_large_image","twitter_misc":{"\u01af\u1edbc t\u00ednh th\u1eddi gian \u0111\u1ecdc":"1 ph\u00fat"},"schema":{"@context":"https:\/\/schema.org","@graph":[{"@type":"WebPage","@id":"https:\/\/mau1.hoabinhweb.com\/noithat4\/du-an\/gte-localize\/","url":"https:\/\/mau1.hoabinhweb.com\/noithat4\/du-an\/gte-localize\/","name":"GTE Localize - Idesko","isPartOf":{"@id":"https:\/\/mau1.hoabinhweb.com\/noithat4\/#website"},"datePublished":"2023-10-10T10:00:09+00:00","dateModified":"2023-10-11T06:50:36+00:00","breadcrumb":{"@id":"https:\/\/mau1.hoabinhweb.com\/noithat4\/du-an\/gte-localize\/#breadcrumb"},"inLanguage":"vi","potentialAction":[{"@type":"ReadAction","target":["https:\/\/mau1.hoabinhweb.com\/noithat4\/du-an\/gte-localize\/"]}]},{"@type":"BreadcrumbList","@id":"https:\/\/mau1.hoabinhweb.com\/noithat4\/du-an\/gte-localize\/#breadcrumb","itemListElement":[{"@type":"ListItem","position":1,"name":"Trang ch\u1ee7","item":"https:\/\/mau1.hoabinhweb.com\/noithat4\/"},{"@type":"ListItem","position":2,"name":"D\u1ef1 \u00e1n","item":"https:\/\/mau1.hoabinhweb.com\/noithat4\/du-an\/"},{"@type":"ListItem","position":3,"name":"D\u1ef1 \u00e1n thi\u1ebft k\u1ebf","item":"https:\/\/mau1.hoabinhweb.com\/noithat4\/danh-muc\/du-an-thiet-ke\/"},{"@type":"ListItem","position":4,"name":"GTE Localize"}]},{"@type":"WebSite","@id":"https:\/\/mau1.hoabinhweb.com\/noithat4\/#website","url":"https:\/\/mau1.hoabinhweb.com\/noithat4\/","name":"Idesko","description":"","potentialAction":[{"@type":"SearchAction","target":{"@type":"EntryPoint","urlTemplate":"https:\/\/mau1.hoabinhweb.com\/noithat4\/?s={search_term_string}"},"query-input":"required name=search_term_string"}],"inLanguage":"vi"}]}},"_links":{"self":[{"href":"https:\/\/mau1.hoabinhweb.com\/noithat4\/wp-json\/wp\/v2\/product\/65","targetHints":{"allow":["GET"]}}],"collection":[{"href":"https:\/\/mau1.hoabinhweb.com\/noithat4\/wp-json\/wp\/v2\/product"}],"about":[{"href":"https:\/\/mau1.hoabinhweb.com\/noithat4\/wp-json\/wp\/v2\/types\/product"}],"replies":[{"embeddable":true,"href":"https:\/\/mau1.hoabinhweb.com\/noithat4\/wp-json\/wp\/v2\/comments?post=65"}],"wp:featuredmedia":[{"embeddable":true,"href":"https:\/\/mau1.hoabinhweb.com\/noithat4\/wp-json\/wp\/v2\/media\/66"}],"wp:attachment":[{"href":"https:\/\/mau1.hoabinhweb.com\/noithat4\/wp-json\/wp\/v2\/media?parent=65"}],"wp:term":[{"taxonomy":"product_cat","embeddable":true,"href":"https:\/\/mau1.hoabinhweb.com\/noithat4\/wp-json\/wp\/v2\/product_cat?post=65"},{"taxonomy":"product_tag","embeddable":true,"href":"https:\/\/mau1.hoabinhweb.com\/noithat4\/wp-json\/wp\/v2\/product_tag?post=65"}],"curies":[{"name":"wp","href":"https:\/\/api.w.org\/{rel}","templated":true}]}}