{"id":67,"date":"2023-10-10T21:08:46","date_gmt":"2023-10-10T14:08:46","guid":{"rendered":"http:\/\/mau1.hoabinhweb.com\/noithat4\/?post_type=product&#038;p=67"},"modified":"2023-10-11T13:50:36","modified_gmt":"2023-10-11T06:50:36","slug":"bes-engineering","status":"publish","type":"product","link":"https:\/\/mau1.hoabinhweb.com\/noithat4\/du-an\/bes-engineering\/","title":{"rendered":"BES Engineering"},"content":{"rendered":"<h1>Thi\u1ebft k\u1ebf, thi c\u00f4ng n\u1ed9i th\u1ea5t v\u0103n ph\u00f2ng BES<\/h1>\n<p><strong>BES Engineering Corporation (BES)<\/strong> l\u00e0 c\u00e1i t\u00ean kh\u00f4ng m\u1ea5y xa l\u1ea1 v\u1edbi gi\u1edbi x\u00e2y d\u1ef1ng to\u00e0n c\u1ea7u. \u0110\u00e2y l\u00e0 m\u1ed9t c\u00f4ng ty x\u00e2y d\u1ef1ng tr\u1ef1c thu\u1ed9c T\u1eadp \u0111o\u00e0n <strong>Core Pacific<\/strong>. <strong>C\u00f4ng ty TNHH BES Engineering Vi\u1ec7t Nam<\/strong>, c\u00f4ng ty con tr\u1ef1c thu\u1ed9c <strong>BES<\/strong> \u0111\u00e3 c\u00f3 m\u1eb7t t\u1ea1i Vi\u1ec7t Nam cu\u1ed1i n\u0103m 2019. \u0110\u1ebfn \u0111\u1ea7u n\u0103m 2023, tri\u1ec3n khai v\u0103n ph\u00f2ng H\u00e0 N\u1ed9i v\u00e0 \u0111\u01b0\u1ee3c \u0111\u1eb7t t\u1ea1i <strong>T\u00f2a nh\u00e0 Capital Place, Li\u1ec5u Giai<\/strong>.<\/p>\n<p><strong>Idesko<\/strong> vinh d\u1ef1 \u0111\u01b0\u1ee3c \u0111\u1ed3ng h\u00e0nh c\u00f9ng <strong>BES<\/strong> trong vi\u1ec7c thi\u1ebft k\u1ebf, thi c\u00f4ng n\u1ed9i th\u1ea5t v\u0103n ph\u00f2ng t\u1ea1i H\u00e0 N\u1ed9i.<\/p>\n<p>T\u1ed5ng quan v\u1ec1 v\u0103n ph\u00f2ng:<\/p>\n<ul>\n<li>Di\u1ec7n t\u00edch: 141m2<\/li>\n<li>Y\u00eau c\u1ea7u thi\u1ebft k\u1ebf:<\/li>\n<\/ul>\n<ol>\n<li>Khu s\u1ea3nh l\u1ec5 t\u00e2n<\/li>\n<li>1 ph\u00f2ng h\u1ecdp l\u1edbn<\/li>\n<li>2 ph\u00f2ng Gi\u00e1m \u0111\u1ed1c<\/li>\n<li>Khu l\u00e0m vi\u1ec7c m\u1edf<\/li>\n<li>Pantry<\/li>\n<\/ol>\n<p>H\u00ecnh \u1ea3nh th\u1ef1c t\u1ebf thi c\u00f4ng c\u00e1c kh\u00f4ng gian v\u0103n ph\u00f2ng:<\/p>\n\n<p><em><strong>Xem th\u00eam c\u00e1c d\u1ef1 \u00e1n kh\u00e1c t\u1ea1i:\u00a0D\u1ef1 \u00e1n<\/strong><\/em><\/p>\n<p>Qu\u00fd kh\u00e1ch h\u00e0ng c\u00f3 nhu c\u1ea7u thi c\u00f4ng n\u1ed9i th\u1ea5t v\u0103n ph\u00f2ng, vui l\u00f2ng \u0111\u1ec3 l\u1ea1i th\u00f4ng tin t\u1ea1i \u0111\u00e2y. Ho\u1eb7c l<span class=\"text\">i\u00ean h\u1ec7 v\u1edbi IDESKO \u0111\u1ec3 nh\u1eadn \u0111\u01b0\u1ee3c t\u01b0 v\u1ea5n chi ti\u1ebft v\u00e0 \u01b0u \u0111\u00e3i t\u1ed1t nh\u1ea5t.<\/span><\/p>\n<p><span class=\"text\">IDESKO v\u1edbi h\u01a1n 20 n\u0103m kinh nghi\u1ec7m trong vi\u1ec7c thi\u1ebft k\u1ebf &amp; thi c\u00f4ng n\u1ed9i th\u1ea5t v\u0103n ph\u00f2ng. Ch\u00fang t\u00f4i cam k\u1ebft mang t\u1edbi s\u1ef1 h\u00e0i l\u00f2ng nh\u1ea5t cho Qu\u00fd kh\u00e1ch h\u00e0ng.<\/span><\/p>\n<p><strong><span class=\"text\">IDESKO \u2013 Total solutions for spaces<\/span><\/strong><\/p>\n<p><em><span class=\"text\">Hotline:\u00a0<\/span><strong>0911 199 929<\/strong><\/em><\/p>\n<p><em><span class=\"text\">\u0110\u1ecba ch\u1ec9: T\u1ea7ng 6, s\u1ed1 19 An Tr\u1ea1ch, Qu\u1ed1c T\u1eed Gi\u00e1m, \u0110\u1ed1ng \u0110a, H\u00e0 N\u1ed9i<\/span><\/em><\/p>\n<p><em><span class=\"text\">Facebook:\u00a0https:\/\/www.facebook.com\/kientrucnoithatidesko<\/span><\/em><\/p>\n","protected":false},"excerpt":{"rendered":"<ul>\n<li><strong>\u0110\u1ecba ch\u1ec9:<\/strong> T\u00f2a nh\u00e0 Capital Place, Li\u1ec5u Giai, H\u00e0 N\u1ed9i<\/li>\n<li><strong>Di\u1ec7n t\u00edch v\u0103n ph\u00f2ng:<\/strong> 200m2<\/li>\n<li><strong>C\u1ea5p \u0111\u1ed9 thi\u1ebft k\u1ebf:<\/strong> H\u1ea1ng A<\/li>\n<li><strong>Phong c\u00e1ch thi\u1ebft k\u1ebf:<\/strong> Hi\u1ec7n \u0111\u1ea1i n\u0103ng \u0111\u1ed9ng<\/li>\n<li><strong>H\u1ea1ng m\u1ee5c c\u00f4ng vi\u1ec7c:<\/strong> Thi\u1ebft k\u1ebf kh\u00f4ng gian n\u1ed9i th\u1ea5t.<\/li>\n<li><strong>Trang th\u00e1i:<\/strong> \u0110\u00e3 ho\u00e0n th\u00e0nh<\/li>\n<\/ul>\n","protected":false},"featured_media":74,"comment_status":"closed","ping_status":"closed","template":"","meta":[],"product_cat":[15,19,20],"product_tag":[],"class_list":["post-67","product","type-product","status-publish","has-post-thumbnail","hentry","product_cat-du-an-noi-bat","product_cat-du-an-thi-cong","product_cat-du-an-thiet-ke"],"yoast_head":"<!-- This site is optimized with the Yoast SEO plugin v21.5 - https:\/\/yoast.com\/wordpress\/plugins\/seo\/ -->\n<title>BES Engineering - Idesko<\/title>\n<meta name=\"robots\" content=\"noindex, follow, max-snippet:-1, max-image-preview:large, max-video-preview:-1\" \/>\n<meta property=\"og:locale\" content=\"vi_VN\" \/>\n<meta property=\"og:type\" content=\"article\" \/>\n<meta property=\"og:title\" content=\"BES Engineering - Idesko\" \/>\n<meta property=\"og:description\" content=\"\u0110\u1ecba ch\u1ec9: T\u00f2a nh\u00e0 Capital Place, Li\u1ec5u Giai, H\u00e0 N\u1ed9i  Di\u1ec7n t\u00edch v\u0103n ph\u00f2ng: 200m2  C\u1ea5p \u0111\u1ed9 thi\u1ebft k\u1ebf: H\u1ea1ng A  Phong c\u00e1ch thi\u1ebft k\u1ebf: Hi\u1ec7n \u0111\u1ea1i n\u0103ng \u0111\u1ed9ng  H\u1ea1ng m\u1ee5c c\u00f4ng vi\u1ec7c: Thi\u1ebft k\u1ebf kh\u00f4ng gian n\u1ed9i th\u1ea5t.  Trang th\u00e1i: \u0110\u00e3 ho\u00e0n th\u00e0nh\" \/>\n<meta property=\"og:url\" content=\"https:\/\/mau1.hoabinhweb.com\/noithat4\/du-an\/bes-engineering\/\" \/>\n<meta property=\"og:site_name\" content=\"Idesko\" \/>\n<meta property=\"article:modified_time\" content=\"2023-10-11T06:50:36+00:00\" \/>\n<meta property=\"og:image\" content=\"https:\/\/mau1.hoabinhweb.com\/noithat4\/wp-content\/uploads\/2023\/10\/duan2.jpg\" \/>\n\t<meta property=\"og:image:width\" content=\"1000\" \/>\n\t<meta property=\"og:image:height\" content=\"667\" \/>\n\t<meta property=\"og:image:type\" content=\"image\/jpeg\" \/>\n<meta name=\"twitter:card\" content=\"summary_large_image\" \/>\n<meta name=\"twitter:label1\" content=\"\u01af\u1edbc t\u00ednh th\u1eddi gian \u0111\u1ecdc\" \/>\n\t<meta name=\"twitter:data1\" content=\"2 ph\u00fat\" \/>\n<script type=\"application\/ld+json\" class=\"yoast-schema-graph\">{\"@context\":\"https:\/\/schema.org\",\"@graph\":[{\"@type\":\"WebPage\",\"@id\":\"https:\/\/mau1.hoabinhweb.com\/noithat4\/du-an\/bes-engineering\/\",\"url\":\"https:\/\/mau1.hoabinhweb.com\/noithat4\/du-an\/bes-engineering\/\",\"name\":\"BES Engineering - Idesko\",\"isPartOf\":{\"@id\":\"https:\/\/mau1.hoabinhweb.com\/noithat4\/#website\"},\"datePublished\":\"2023-10-10T14:08:46+00:00\",\"dateModified\":\"2023-10-11T06:50:36+00:00\",\"breadcrumb\":{\"@id\":\"https:\/\/mau1.hoabinhweb.com\/noithat4\/du-an\/bes-engineering\/#breadcrumb\"},\"inLanguage\":\"vi\",\"potentialAction\":[{\"@type\":\"ReadAction\",\"target\":[\"https:\/\/mau1.hoabinhweb.com\/noithat4\/du-an\/bes-engineering\/\"]}]},{\"@type\":\"BreadcrumbList\",\"@id\":\"https:\/\/mau1.hoabinhweb.com\/noithat4\/du-an\/bes-engineering\/#breadcrumb\",\"itemListElement\":[{\"@type\":\"ListItem\",\"position\":1,\"name\":\"Trang ch\u1ee7\",\"item\":\"https:\/\/mau1.hoabinhweb.com\/noithat4\/\"},{\"@type\":\"ListItem\",\"position\":2,\"name\":\"D\u1ef1 \u00e1n\",\"item\":\"https:\/\/mau1.hoabinhweb.com\/noithat4\/du-an\/\"},{\"@type\":\"ListItem\",\"position\":3,\"name\":\"D\u1ef1 \u00e1n thi\u1ebft k\u1ebf\",\"item\":\"https:\/\/mau1.hoabinhweb.com\/noithat4\/danh-muc\/du-an-thiet-ke\/\"},{\"@type\":\"ListItem\",\"position\":4,\"name\":\"BES Engineering\"}]},{\"@type\":\"WebSite\",\"@id\":\"https:\/\/mau1.hoabinhweb.com\/noithat4\/#website\",\"url\":\"https:\/\/mau1.hoabinhweb.com\/noithat4\/\",\"name\":\"Idesko\",\"description\":\"\",\"potentialAction\":[{\"@type\":\"SearchAction\",\"target\":{\"@type\":\"EntryPoint\",\"urlTemplate\":\"https:\/\/mau1.hoabinhweb.com\/noithat4\/?s={search_term_string}\"},\"query-input\":\"required name=search_term_string\"}],\"inLanguage\":\"vi\"}]}<\/script>\n<!-- \/ Yoast SEO plugin. -->","yoast_head_json":{"title":"BES Engineering - Idesko","robots":{"index":"noindex","follow":"follow","max-snippet":"max-snippet:-1","max-image-preview":"max-image-preview:large","max-video-preview":"max-video-preview:-1"},"og_locale":"vi_VN","og_type":"article","og_title":"BES Engineering - Idesko","og_description":"\u0110\u1ecba ch\u1ec9: T\u00f2a nh\u00e0 Capital Place, Li\u1ec5u Giai, H\u00e0 N\u1ed9i  Di\u1ec7n t\u00edch v\u0103n ph\u00f2ng: 200m2  C\u1ea5p \u0111\u1ed9 thi\u1ebft k\u1ebf: H\u1ea1ng A  Phong c\u00e1ch thi\u1ebft k\u1ebf: Hi\u1ec7n \u0111\u1ea1i n\u0103ng \u0111\u1ed9ng  H\u1ea1ng m\u1ee5c c\u00f4ng vi\u1ec7c: Thi\u1ebft k\u1ebf kh\u00f4ng gian n\u1ed9i th\u1ea5t.  Trang th\u00e1i: \u0110\u00e3 ho\u00e0n th\u00e0nh","og_url":"https:\/\/mau1.hoabinhweb.com\/noithat4\/du-an\/bes-engineering\/","og_site_name":"Idesko","article_modified_time":"2023-10-11T06:50:36+00:00","og_image":[{"width":1000,"height":667,"url":"https:\/\/mau1.hoabinhweb.com\/noithat4\/wp-content\/uploads\/2023\/10\/duan2.jpg","type":"image\/jpeg"}],"twitter_card":"summary_large_image","twitter_misc":{"\u01af\u1edbc t\u00ednh th\u1eddi gian \u0111\u1ecdc":"2 ph\u00fat"},"schema":{"@context":"https:\/\/schema.org","@graph":[{"@type":"WebPage","@id":"https:\/\/mau1.hoabinhweb.com\/noithat4\/du-an\/bes-engineering\/","url":"https:\/\/mau1.hoabinhweb.com\/noithat4\/du-an\/bes-engineering\/","name":"BES Engineering - Idesko","isPartOf":{"@id":"https:\/\/mau1.hoabinhweb.com\/noithat4\/#website"},"datePublished":"2023-10-10T14:08:46+00:00","dateModified":"2023-10-11T06:50:36+00:00","breadcrumb":{"@id":"https:\/\/mau1.hoabinhweb.com\/noithat4\/du-an\/bes-engineering\/#breadcrumb"},"inLanguage":"vi","potentialAction":[{"@type":"ReadAction","target":["https:\/\/mau1.hoabinhweb.com\/noithat4\/du-an\/bes-engineering\/"]}]},{"@type":"BreadcrumbList","@id":"https:\/\/mau1.hoabinhweb.com\/noithat4\/du-an\/bes-engineering\/#breadcrumb","itemListElement":[{"@type":"ListItem","position":1,"name":"Trang ch\u1ee7","item":"https:\/\/mau1.hoabinhweb.com\/noithat4\/"},{"@type":"ListItem","position":2,"name":"D\u1ef1 \u00e1n","item":"https:\/\/mau1.hoabinhweb.com\/noithat4\/du-an\/"},{"@type":"ListItem","position":3,"name":"D\u1ef1 \u00e1n thi\u1ebft k\u1ebf","item":"https:\/\/mau1.hoabinhweb.com\/noithat4\/danh-muc\/du-an-thiet-ke\/"},{"@type":"ListItem","position":4,"name":"BES Engineering"}]},{"@type":"WebSite","@id":"https:\/\/mau1.hoabinhweb.com\/noithat4\/#website","url":"https:\/\/mau1.hoabinhweb.com\/noithat4\/","name":"Idesko","description":"","potentialAction":[{"@type":"SearchAction","target":{"@type":"EntryPoint","urlTemplate":"https:\/\/mau1.hoabinhweb.com\/noithat4\/?s={search_term_string}"},"query-input":"required name=search_term_string"}],"inLanguage":"vi"}]}},"_links":{"self":[{"href":"https:\/\/mau1.hoabinhweb.com\/noithat4\/wp-json\/wp\/v2\/product\/67","targetHints":{"allow":["GET"]}}],"collection":[{"href":"https:\/\/mau1.hoabinhweb.com\/noithat4\/wp-json\/wp\/v2\/product"}],"about":[{"href":"https:\/\/mau1.hoabinhweb.com\/noithat4\/wp-json\/wp\/v2\/types\/product"}],"replies":[{"embeddable":true,"href":"https:\/\/mau1.hoabinhweb.com\/noithat4\/wp-json\/wp\/v2\/comments?post=67"}],"wp:featuredmedia":[{"embeddable":true,"href":"https:\/\/mau1.hoabinhweb.com\/noithat4\/wp-json\/wp\/v2\/media\/74"}],"wp:attachment":[{"href":"https:\/\/mau1.hoabinhweb.com\/noithat4\/wp-json\/wp\/v2\/media?parent=67"}],"wp:term":[{"taxonomy":"product_cat","embeddable":true,"href":"https:\/\/mau1.hoabinhweb.com\/noithat4\/wp-json\/wp\/v2\/product_cat?post=67"},{"taxonomy":"product_tag","embeddable":true,"href":"https:\/\/mau1.hoabinhweb.com\/noithat4\/wp-json\/wp\/v2\/product_tag?post=67"}],"curies":[{"name":"wp","href":"https:\/\/api.w.org\/{rel}","templated":true}]}}