{"id":72,"date":"2023-10-10T21:09:11","date_gmt":"2023-10-10T14:09:11","guid":{"rendered":"http:\/\/mau1.hoabinhweb.com\/noithat4\/?post_type=product&#038;p=72"},"modified":"2023-10-11T13:50:35","modified_gmt":"2023-10-11T06:50:35","slug":"dynachem-vietnam","status":"publish","type":"product","link":"https:\/\/mau1.hoabinhweb.com\/noithat4\/du-an\/dynachem-vietnam\/","title":{"rendered":"DYNACHEM (VIETNAM)"},"content":{"rendered":"<h2>Thi\u1ebft k\u1ebf v\u00e0 thi c\u00f4ng v\u0103n ph\u00f2ng c\u00f4ng ty DYNACHEM (VIETNAM)<\/h2>\n<p>Thi\u1ebft k\u1ebf &amp; thi c\u00f4ng v\u0103n ph\u00f2ng C\u00f4ng ty TNHH DYNACHEM (VIETNAM)<\/p>\n<p>\u0110\u1ecba \u0111i\u1ec3m: Sudico (HH3 Tower), M\u1ec5 Tr\u00ec, Nam T\u1eeb Li\u00eam, H\u00e0 N\u1ed9i<\/p>\n<p>Di\u1ec7n t\u00edch: 55m2<\/p>\n\n<p><span class=\"text\">IDESKO v\u1edbi 19 n\u0103m kinh nghi\u1ec7m trong vi\u1ec7c thi\u1ebft k\u1ebf &amp; thi c\u00f4ng n\u1ed9i th\u1ea5t v\u0103n ph\u00f2ng. Li\u00ean h\u1ec7 ngay v\u1edbi IDESKO \u0111\u1ec3 nh\u1eadn \u0111\u01b0\u1ee3c t\u01b0 v\u1ea5n v\u00e0 \u01b0u \u0111\u00e3i t\u1ed1t nh\u1ea5t.<\/span><\/p>\n<p><strong><span class=\"text\">IDESKO \u2013 Total solutions for spaces<\/span><\/strong><\/p>\n<p><em><span class=\"text\">Hotline:\u00a0<\/span>0911 199 929<\/em><\/p>\n<p><em><span class=\"text\">\u0110\u1ecba ch\u1ec9: T\u1ea7ng 6, s\u1ed1 19 An Tr\u1ea1ch, Qu\u1ed1c T\u1eed Gi\u00e1m, \u0110\u1ed1ng \u0110a, H\u00e0 N\u1ed9i<\/span><\/em><\/p>\n<p><em><span class=\"text\">Facebook:\u00a0https:\/\/www.facebook.com\/kientrucnoithatidesko<\/span><\/em><\/p>\n","protected":false},"excerpt":{"rendered":"<ul>\n<li>\u0110\u1ecba ch\u1ec9: Sudico (HH3 Tower), M\u1ec5 Tr\u00ec, Nam T\u1eeb Li\u00eam, H\u00e0 N\u1ed9i<\/li>\n<li>Di\u1ec7n t\u00edch v\u0103n ph\u00f2ng: 55m2<\/li>\n<li><span data-sheets-value=\"{&quot;1&quot;:2,&quot;2&quot;:&quot;- \u0110\u1ecba \u0111i\u1ec3m: To\u00e0 nh\u00e0 Central Field, 219 Trung K\u00ednh, C\u1ea7u Gi\u1ea5y, H\u00e0 N\u1ed9i.n- Di\u1ec7n t\u00edch: 300m2.n- C\u1ea5p \u0111\u1ed9 thi\u1ebft k\u1ebf: H\u1ea1ng An- Phong c\u00e1ch thi\u1ebft k\u1ebf: Hi\u1ec7n \u0111\u1ea1i n\u0103ng \u0111\u1ed9ngn- Trang th\u00e1i: \u0110\u00e3 ho\u00e0n th\u00e0nhn- Thi\u1ebft k\u1ebf kh\u00f4ng gian n\u1ed9i th\u1ea5t.&quot;}\" data-sheets-userformat=\"{&quot;2&quot;:15167,&quot;3&quot;:{&quot;1&quot;:0},&quot;4&quot;:{&quot;1&quot;:2,&quot;2&quot;:16777215},&quot;5&quot;:{&quot;1&quot;:[{&quot;1&quot;:2,&quot;2&quot;:0,&quot;5&quot;:{&quot;1&quot;:2,&quot;2&quot;:0}},{&quot;1&quot;:0,&quot;2&quot;:0,&quot;3&quot;:3},{&quot;1&quot;:1,&quot;2&quot;:0,&quot;4&quot;:1}]},&quot;6&quot;:{&quot;1&quot;:[{&quot;1&quot;:2,&quot;2&quot;:0,&quot;5&quot;:{&quot;1&quot;:2,&quot;2&quot;:0}},{&quot;1&quot;:0,&quot;2&quot;:0,&quot;3&quot;:3},{&quot;1&quot;:1,&quot;2&quot;:0,&quot;4&quot;:1}]},&quot;7&quot;:{&quot;1&quot;:[{&quot;1&quot;:2,&quot;2&quot;:0,&quot;5&quot;:{&quot;1&quot;:2,&quot;2&quot;:0}},{&quot;1&quot;:0,&quot;2&quot;:0,&quot;3&quot;:3},{&quot;1&quot;:1,&quot;2&quot;:0,&quot;4&quot;:1}]},&quot;8&quot;:{&quot;1&quot;:[{&quot;1&quot;:2,&quot;2&quot;:0,&quot;5&quot;:{&quot;1&quot;:2,&quot;2&quot;:0}},{&quot;1&quot;:0,&quot;2&quot;:0,&quot;3&quot;:3},{&quot;1&quot;:1,&quot;2&quot;:0,&quot;4&quot;:1}]},&quot;11&quot;:4,&quot;12&quot;:0,&quot;14&quot;:{&quot;1&quot;:2,&quot;2&quot;:531510},&quot;15&quot;:&quot;Times New Roman&quot;,&quot;16&quot;:12}\"><strong>C\u1ea5p \u0111\u1ed9 thi\u1ebft k\u1ebf<\/strong>: H\u1ea1ng A<\/span><\/li>\n<li><span data-sheets-value=\"{&quot;1&quot;:2,&quot;2&quot;:&quot;- \u0110\u1ecba \u0111i\u1ec3m: To\u00e0 nh\u00e0 Central Field, 219 Trung K\u00ednh, C\u1ea7u Gi\u1ea5y, H\u00e0 N\u1ed9i.n- Di\u1ec7n t\u00edch: 300m2.n- C\u1ea5p \u0111\u1ed9 thi\u1ebft k\u1ebf: H\u1ea1ng An- Phong c\u00e1ch thi\u1ebft k\u1ebf: Hi\u1ec7n \u0111\u1ea1i n\u0103ng \u0111\u1ed9ngn- Trang th\u00e1i: \u0110\u00e3 ho\u00e0n th\u00e0nhn- Thi\u1ebft k\u1ebf kh\u00f4ng gian n\u1ed9i th\u1ea5t.&quot;}\" data-sheets-userformat=\"{&quot;2&quot;:15167,&quot;3&quot;:{&quot;1&quot;:0},&quot;4&quot;:{&quot;1&quot;:2,&quot;2&quot;:16777215},&quot;5&quot;:{&quot;1&quot;:[{&quot;1&quot;:2,&quot;2&quot;:0,&quot;5&quot;:{&quot;1&quot;:2,&quot;2&quot;:0}},{&quot;1&quot;:0,&quot;2&quot;:0,&quot;3&quot;:3},{&quot;1&quot;:1,&quot;2&quot;:0,&quot;4&quot;:1}]},&quot;6&quot;:{&quot;1&quot;:[{&quot;1&quot;:2,&quot;2&quot;:0,&quot;5&quot;:{&quot;1&quot;:2,&quot;2&quot;:0}},{&quot;1&quot;:0,&quot;2&quot;:0,&quot;3&quot;:3},{&quot;1&quot;:1,&quot;2&quot;:0,&quot;4&quot;:1}]},&quot;7&quot;:{&quot;1&quot;:[{&quot;1&quot;:2,&quot;2&quot;:0,&quot;5&quot;:{&quot;1&quot;:2,&quot;2&quot;:0}},{&quot;1&quot;:0,&quot;2&quot;:0,&quot;3&quot;:3},{&quot;1&quot;:1,&quot;2&quot;:0,&quot;4&quot;:1}]},&quot;8&quot;:{&quot;1&quot;:[{&quot;1&quot;:2,&quot;2&quot;:0,&quot;5&quot;:{&quot;1&quot;:2,&quot;2&quot;:0}},{&quot;1&quot;:0,&quot;2&quot;:0,&quot;3&quot;:3},{&quot;1&quot;:1,&quot;2&quot;:0,&quot;4&quot;:1}]},&quot;11&quot;:4,&quot;12&quot;:0,&quot;14&quot;:{&quot;1&quot;:2,&quot;2&quot;:531510},&quot;15&quot;:&quot;Times New Roman&quot;,&quot;16&quot;:12}\"><strong>Phong c\u00e1ch thi\u1ebft k\u1ebf<\/strong>: Hi\u1ec7n \u0111\u1ea1i n\u0103ng \u0111\u1ed9ng<br \/>\n<\/span><\/li>\n<li><span data-sheets-value=\"{&quot;1&quot;:2,&quot;2&quot;:&quot;- \u0110\u1ecba \u0111i\u1ec3m: To\u00e0 nh\u00e0 Central Field, 219 Trung K\u00ednh, C\u1ea7u Gi\u1ea5y, H\u00e0 N\u1ed9i.n- Di\u1ec7n t\u00edch: 300m2.n- C\u1ea5p \u0111\u1ed9 thi\u1ebft k\u1ebf: H\u1ea1ng An- Phong c\u00e1ch thi\u1ebft k\u1ebf: Hi\u1ec7n \u0111\u1ea1i n\u0103ng \u0111\u1ed9ngn- Trang th\u00e1i: \u0110\u00e3 ho\u00e0n th\u00e0nhn- Thi\u1ebft k\u1ebf kh\u00f4ng gian n\u1ed9i th\u1ea5t.&quot;}\" data-sheets-userformat=\"{&quot;2&quot;:15167,&quot;3&quot;:{&quot;1&quot;:0},&quot;4&quot;:{&quot;1&quot;:2,&quot;2&quot;:16777215},&quot;5&quot;:{&quot;1&quot;:[{&quot;1&quot;:2,&quot;2&quot;:0,&quot;5&quot;:{&quot;1&quot;:2,&quot;2&quot;:0}},{&quot;1&quot;:0,&quot;2&quot;:0,&quot;3&quot;:3},{&quot;1&quot;:1,&quot;2&quot;:0,&quot;4&quot;:1}]},&quot;6&quot;:{&quot;1&quot;:[{&quot;1&quot;:2,&quot;2&quot;:0,&quot;5&quot;:{&quot;1&quot;:2,&quot;2&quot;:0}},{&quot;1&quot;:0,&quot;2&quot;:0,&quot;3&quot;:3},{&quot;1&quot;:1,&quot;2&quot;:0,&quot;4&quot;:1}]},&quot;7&quot;:{&quot;1&quot;:[{&quot;1&quot;:2,&quot;2&quot;:0,&quot;5&quot;:{&quot;1&quot;:2,&quot;2&quot;:0}},{&quot;1&quot;:0,&quot;2&quot;:0,&quot;3&quot;:3},{&quot;1&quot;:1,&quot;2&quot;:0,&quot;4&quot;:1}]},&quot;8&quot;:{&quot;1&quot;:[{&quot;1&quot;:2,&quot;2&quot;:0,&quot;5&quot;:{&quot;1&quot;:2,&quot;2&quot;:0}},{&quot;1&quot;:0,&quot;2&quot;:0,&quot;3&quot;:3},{&quot;1&quot;:1,&quot;2&quot;:0,&quot;4&quot;:1}]},&quot;11&quot;:4,&quot;12&quot;:0,&quot;14&quot;:{&quot;1&quot;:2,&quot;2&quot;:531510},&quot;15&quot;:&quot;Times New Roman&quot;,&quot;16&quot;:12}\"><strong>H\u1ea1ng m\u1ee5c c\u00f4ng vi\u1ec7c<\/strong>: Thi\u1ebft k\u1ebf kh\u00f4ng gian n\u1ed9i th\u1ea5t.<\/span><\/li>\n<li><span data-sheets-value=\"{&quot;1&quot;:2,&quot;2&quot;:&quot;- \u0110\u1ecba \u0111i\u1ec3m: To\u00e0 nh\u00e0 Central Field, 219 Trung K\u00ednh, C\u1ea7u Gi\u1ea5y, H\u00e0 N\u1ed9i.n- Di\u1ec7n t\u00edch: 300m2.n- C\u1ea5p \u0111\u1ed9 thi\u1ebft k\u1ebf: H\u1ea1ng An- Phong c\u00e1ch thi\u1ebft k\u1ebf: Hi\u1ec7n \u0111\u1ea1i n\u0103ng \u0111\u1ed9ngn- Trang th\u00e1i: \u0110\u00e3 ho\u00e0n th\u00e0nhn- Thi\u1ebft k\u1ebf kh\u00f4ng gian n\u1ed9i th\u1ea5t.&quot;}\" data-sheets-userformat=\"{&quot;2&quot;:15167,&quot;3&quot;:{&quot;1&quot;:0},&quot;4&quot;:{&quot;1&quot;:2,&quot;2&quot;:16777215},&quot;5&quot;:{&quot;1&quot;:[{&quot;1&quot;:2,&quot;2&quot;:0,&quot;5&quot;:{&quot;1&quot;:2,&quot;2&quot;:0}},{&quot;1&quot;:0,&quot;2&quot;:0,&quot;3&quot;:3},{&quot;1&quot;:1,&quot;2&quot;:0,&quot;4&quot;:1}]},&quot;6&quot;:{&quot;1&quot;:[{&quot;1&quot;:2,&quot;2&quot;:0,&quot;5&quot;:{&quot;1&quot;:2,&quot;2&quot;:0}},{&quot;1&quot;:0,&quot;2&quot;:0,&quot;3&quot;:3},{&quot;1&quot;:1,&quot;2&quot;:0,&quot;4&quot;:1}]},&quot;7&quot;:{&quot;1&quot;:[{&quot;1&quot;:2,&quot;2&quot;:0,&quot;5&quot;:{&quot;1&quot;:2,&quot;2&quot;:0}},{&quot;1&quot;:0,&quot;2&quot;:0,&quot;3&quot;:3},{&quot;1&quot;:1,&quot;2&quot;:0,&quot;4&quot;:1}]},&quot;8&quot;:{&quot;1&quot;:[{&quot;1&quot;:2,&quot;2&quot;:0,&quot;5&quot;:{&quot;1&quot;:2,&quot;2&quot;:0}},{&quot;1&quot;:0,&quot;2&quot;:0,&quot;3&quot;:3},{&quot;1&quot;:1,&quot;2&quot;:0,&quot;4&quot;:1}]},&quot;11&quot;:4,&quot;12&quot;:0,&quot;14&quot;:{&quot;1&quot;:2,&quot;2&quot;:531510},&quot;15&quot;:&quot;Times New Roman&quot;,&quot;16&quot;:12}\"><strong>Trang th\u00e1i<\/strong>: \u0110\u00e3 ho\u00e0n th\u00e0nh<\/span><\/li>\n<\/ul>\n","protected":false},"featured_media":81,"comment_status":"closed","ping_status":"closed","template":"","meta":[],"product_cat":[15,19,20],"product_tag":[],"class_list":["post-72","product","type-product","status-publish","has-post-thumbnail","hentry","product_cat-du-an-noi-bat","product_cat-du-an-thi-cong","product_cat-du-an-thiet-ke"],"yoast_head":"<!-- This site is optimized with the Yoast SEO plugin v21.5 - https:\/\/yoast.com\/wordpress\/plugins\/seo\/ -->\n<title>DYNACHEM (VIETNAM) - Idesko<\/title>\n<meta name=\"robots\" content=\"noindex, follow, max-snippet:-1, max-image-preview:large, max-video-preview:-1\" \/>\n<meta property=\"og:locale\" content=\"vi_VN\" \/>\n<meta property=\"og:type\" content=\"article\" \/>\n<meta property=\"og:title\" content=\"DYNACHEM (VIETNAM) - Idesko\" \/>\n<meta property=\"og:description\" content=\"\u0110\u1ecba ch\u1ec9: Sudico (HH3 Tower), M\u1ec5 Tr\u00ec, Nam T\u1eeb Li\u00eam, H\u00e0 N\u1ed9i  Di\u1ec7n t\u00edch v\u0103n ph\u00f2ng: 55m2  C\u1ea5p \u0111\u1ed9 thi\u1ebft k\u1ebf: H\u1ea1ng A  Phong c\u00e1ch thi\u1ebft k\u1ebf: Hi\u1ec7n \u0111\u1ea1i n\u0103ng \u0111\u1ed9ng   H\u1ea1ng m\u1ee5c c\u00f4ng vi\u1ec7c: Thi\u1ebft k\u1ebf kh\u00f4ng gian n\u1ed9i th\u1ea5t.  Trang th\u00e1i: \u0110\u00e3 ho\u00e0n th\u00e0nh\" \/>\n<meta property=\"og:url\" content=\"https:\/\/mau1.hoabinhweb.com\/noithat4\/du-an\/dynachem-vietnam\/\" \/>\n<meta property=\"og:site_name\" content=\"Idesko\" \/>\n<meta property=\"article:modified_time\" content=\"2023-10-11T06:50:35+00:00\" \/>\n<meta property=\"og:image\" content=\"https:\/\/mau1.hoabinhweb.com\/noithat4\/wp-content\/uploads\/2023\/10\/duan7.jpg\" \/>\n\t<meta property=\"og:image:width\" content=\"1000\" \/>\n\t<meta property=\"og:image:height\" content=\"667\" \/>\n\t<meta property=\"og:image:type\" content=\"image\/jpeg\" \/>\n<meta name=\"twitter:card\" content=\"summary_large_image\" \/>\n<meta name=\"twitter:label1\" content=\"\u01af\u1edbc t\u00ednh th\u1eddi gian \u0111\u1ecdc\" \/>\n\t<meta name=\"twitter:data1\" content=\"1 ph\u00fat\" \/>\n<script type=\"application\/ld+json\" class=\"yoast-schema-graph\">{\"@context\":\"https:\/\/schema.org\",\"@graph\":[{\"@type\":\"WebPage\",\"@id\":\"https:\/\/mau1.hoabinhweb.com\/noithat4\/du-an\/dynachem-vietnam\/\",\"url\":\"https:\/\/mau1.hoabinhweb.com\/noithat4\/du-an\/dynachem-vietnam\/\",\"name\":\"DYNACHEM (VIETNAM) - Idesko\",\"isPartOf\":{\"@id\":\"https:\/\/mau1.hoabinhweb.com\/noithat4\/#website\"},\"datePublished\":\"2023-10-10T14:09:11+00:00\",\"dateModified\":\"2023-10-11T06:50:35+00:00\",\"breadcrumb\":{\"@id\":\"https:\/\/mau1.hoabinhweb.com\/noithat4\/du-an\/dynachem-vietnam\/#breadcrumb\"},\"inLanguage\":\"vi\",\"potentialAction\":[{\"@type\":\"ReadAction\",\"target\":[\"https:\/\/mau1.hoabinhweb.com\/noithat4\/du-an\/dynachem-vietnam\/\"]}]},{\"@type\":\"BreadcrumbList\",\"@id\":\"https:\/\/mau1.hoabinhweb.com\/noithat4\/du-an\/dynachem-vietnam\/#breadcrumb\",\"itemListElement\":[{\"@type\":\"ListItem\",\"position\":1,\"name\":\"Trang ch\u1ee7\",\"item\":\"https:\/\/mau1.hoabinhweb.com\/noithat4\/\"},{\"@type\":\"ListItem\",\"position\":2,\"name\":\"D\u1ef1 \u00e1n\",\"item\":\"https:\/\/mau1.hoabinhweb.com\/noithat4\/du-an\/\"},{\"@type\":\"ListItem\",\"position\":3,\"name\":\"D\u1ef1 \u00e1n thi\u1ebft k\u1ebf\",\"item\":\"https:\/\/mau1.hoabinhweb.com\/noithat4\/danh-muc\/du-an-thiet-ke\/\"},{\"@type\":\"ListItem\",\"position\":4,\"name\":\"DYNACHEM (VIETNAM)\"}]},{\"@type\":\"WebSite\",\"@id\":\"https:\/\/mau1.hoabinhweb.com\/noithat4\/#website\",\"url\":\"https:\/\/mau1.hoabinhweb.com\/noithat4\/\",\"name\":\"Idesko\",\"description\":\"\",\"potentialAction\":[{\"@type\":\"SearchAction\",\"target\":{\"@type\":\"EntryPoint\",\"urlTemplate\":\"https:\/\/mau1.hoabinhweb.com\/noithat4\/?s={search_term_string}\"},\"query-input\":\"required name=search_term_string\"}],\"inLanguage\":\"vi\"}]}<\/script>\n<!-- \/ Yoast SEO plugin. -->","yoast_head_json":{"title":"DYNACHEM (VIETNAM) - Idesko","robots":{"index":"noindex","follow":"follow","max-snippet":"max-snippet:-1","max-image-preview":"max-image-preview:large","max-video-preview":"max-video-preview:-1"},"og_locale":"vi_VN","og_type":"article","og_title":"DYNACHEM (VIETNAM) - Idesko","og_description":"\u0110\u1ecba ch\u1ec9: Sudico (HH3 Tower), M\u1ec5 Tr\u00ec, Nam T\u1eeb Li\u00eam, H\u00e0 N\u1ed9i  Di\u1ec7n t\u00edch v\u0103n ph\u00f2ng: 55m2  C\u1ea5p \u0111\u1ed9 thi\u1ebft k\u1ebf: H\u1ea1ng A  Phong c\u00e1ch thi\u1ebft k\u1ebf: Hi\u1ec7n \u0111\u1ea1i n\u0103ng \u0111\u1ed9ng   H\u1ea1ng m\u1ee5c c\u00f4ng vi\u1ec7c: Thi\u1ebft k\u1ebf kh\u00f4ng gian n\u1ed9i th\u1ea5t.  Trang th\u00e1i: \u0110\u00e3 ho\u00e0n th\u00e0nh","og_url":"https:\/\/mau1.hoabinhweb.com\/noithat4\/du-an\/dynachem-vietnam\/","og_site_name":"Idesko","article_modified_time":"2023-10-11T06:50:35+00:00","og_image":[{"width":1000,"height":667,"url":"https:\/\/mau1.hoabinhweb.com\/noithat4\/wp-content\/uploads\/2023\/10\/duan7.jpg","type":"image\/jpeg"}],"twitter_card":"summary_large_image","twitter_misc":{"\u01af\u1edbc t\u00ednh th\u1eddi gian \u0111\u1ecdc":"1 ph\u00fat"},"schema":{"@context":"https:\/\/schema.org","@graph":[{"@type":"WebPage","@id":"https:\/\/mau1.hoabinhweb.com\/noithat4\/du-an\/dynachem-vietnam\/","url":"https:\/\/mau1.hoabinhweb.com\/noithat4\/du-an\/dynachem-vietnam\/","name":"DYNACHEM (VIETNAM) - Idesko","isPartOf":{"@id":"https:\/\/mau1.hoabinhweb.com\/noithat4\/#website"},"datePublished":"2023-10-10T14:09:11+00:00","dateModified":"2023-10-11T06:50:35+00:00","breadcrumb":{"@id":"https:\/\/mau1.hoabinhweb.com\/noithat4\/du-an\/dynachem-vietnam\/#breadcrumb"},"inLanguage":"vi","potentialAction":[{"@type":"ReadAction","target":["https:\/\/mau1.hoabinhweb.com\/noithat4\/du-an\/dynachem-vietnam\/"]}]},{"@type":"BreadcrumbList","@id":"https:\/\/mau1.hoabinhweb.com\/noithat4\/du-an\/dynachem-vietnam\/#breadcrumb","itemListElement":[{"@type":"ListItem","position":1,"name":"Trang ch\u1ee7","item":"https:\/\/mau1.hoabinhweb.com\/noithat4\/"},{"@type":"ListItem","position":2,"name":"D\u1ef1 \u00e1n","item":"https:\/\/mau1.hoabinhweb.com\/noithat4\/du-an\/"},{"@type":"ListItem","position":3,"name":"D\u1ef1 \u00e1n thi\u1ebft k\u1ebf","item":"https:\/\/mau1.hoabinhweb.com\/noithat4\/danh-muc\/du-an-thiet-ke\/"},{"@type":"ListItem","position":4,"name":"DYNACHEM (VIETNAM)"}]},{"@type":"WebSite","@id":"https:\/\/mau1.hoabinhweb.com\/noithat4\/#website","url":"https:\/\/mau1.hoabinhweb.com\/noithat4\/","name":"Idesko","description":"","potentialAction":[{"@type":"SearchAction","target":{"@type":"EntryPoint","urlTemplate":"https:\/\/mau1.hoabinhweb.com\/noithat4\/?s={search_term_string}"},"query-input":"required name=search_term_string"}],"inLanguage":"vi"}]}},"_links":{"self":[{"href":"https:\/\/mau1.hoabinhweb.com\/noithat4\/wp-json\/wp\/v2\/product\/72","targetHints":{"allow":["GET"]}}],"collection":[{"href":"https:\/\/mau1.hoabinhweb.com\/noithat4\/wp-json\/wp\/v2\/product"}],"about":[{"href":"https:\/\/mau1.hoabinhweb.com\/noithat4\/wp-json\/wp\/v2\/types\/product"}],"replies":[{"embeddable":true,"href":"https:\/\/mau1.hoabinhweb.com\/noithat4\/wp-json\/wp\/v2\/comments?post=72"}],"wp:featuredmedia":[{"embeddable":true,"href":"https:\/\/mau1.hoabinhweb.com\/noithat4\/wp-json\/wp\/v2\/media\/81"}],"wp:attachment":[{"href":"https:\/\/mau1.hoabinhweb.com\/noithat4\/wp-json\/wp\/v2\/media?parent=72"}],"wp:term":[{"taxonomy":"product_cat","embeddable":true,"href":"https:\/\/mau1.hoabinhweb.com\/noithat4\/wp-json\/wp\/v2\/product_cat?post=72"},{"taxonomy":"product_tag","embeddable":true,"href":"https:\/\/mau1.hoabinhweb.com\/noithat4\/wp-json\/wp\/v2\/product_tag?post=72"}],"curies":[{"name":"wp","href":"https:\/\/api.w.org\/{rel}","templated":true}]}}