{"id":105,"date":"2024-01-09T14:38:15","date_gmt":"2024-01-09T07:38:15","guid":{"rendered":"https:\/\/mau1.hoabinhweb.com\/quatang1\/?page_id=105"},"modified":"2024-01-09T14:42:24","modified_gmt":"2024-01-09T07:42:24","slug":"nhung-manh-ghep-sac-mau-cua-vun-art","status":"publish","type":"page","link":"https:\/\/mau1.hoabinhweb.com\/quatang1\/nhung-manh-ghep-sac-mau-cua-vun-art\/","title":{"rendered":"Nh\u1eefng m\u1ea3nh gh\u00e9p s\u1eafc m\u00e0u c\u1ee7a V\u1ee5n Art"},"content":{"rendered":"<p>\u201cM\u1ed9t m\u1ea3nh v\u1ea3i v\u1ee5n s\u1ebd g\u00f3p ph\u1ea7n t\u1ea1o n\u00ean m\u1ed9t b\u1ee9c tranh ngh\u1ec7 thu\u1eadt n\u1ebfu \u0111\u01b0\u1ee3c \u0111\u1eb7t \u0111\u00fang ch\u1ed7. M\u1ed9t ng\u01b0\u1eddi khuy\u1ebft t\u1eadt c\u0169ng c\u00f3 th\u1ec3 \u0111\u00f3ng g\u00f3p nh\u1eefng ph\u1ea9m ch\u1ea5t tuy\u1ec7t v\u1eddi c\u1ee7a m\u00ecnh \u0111\u1ec3 l\u00e0m \u0111\u1eb9p cho cu\u1ed9c \u0111\u1eddi n\u1ebfu t\u00ecm \u0111\u01b0\u1ee3c \u0111\u00fang v\u1ecb tr\u00ed c\u1ee7a m\u00ecnh\u201d, \u0111\u00e2y ch\u00ednh l\u00e0 th\u00f4ng \u0111i\u1ec7p v\u00e0 c\u0169ng l\u00e0 s\u1ee9 m\u1ec7nh c\u1ee7a V\u1ee5n Art.<\/p>\n<p><iframe loading=\"lazy\" src=\"https:\/\/www.youtube.com\/embed\/GcZwvrod5Y8\" width=\"70%\" height=\"315\" frameborder=\"0\" scrolling=\"no\" data-mce-fragment=\"1\"><\/iframe><\/p>\n<p dir=\"ltr\">\u00a0V\u1ee5n l\u00e0 kh\u00f4ng ch\u1ec9 l\u00e0 m\u1ed9t n\u01a1i l\u00e0m vi\u1ec7c, \u0111\u00e2y c\u00f2n l\u00e0 m\u1ed9t \u201cng\u00f4i nh\u00e0 chung\u201d c\u1ee7a r\u1ea5t nhi\u1ec1u b\u1ea1n khuy\u1ebft t\u1eadt v\u1edbi nhi\u1ec1u d\u1ea1ng t\u1eadt kh\u00e1c nhau. Tuy c\u00f3 nh\u1eefng khi\u1ebfm khuy\u1ebft v\u1ec1 c\u01a1 th\u1ec3 hay tr\u00ed tu\u1ec7, nh\u01b0ng c\u00e1c b\u1ea1n lu\u00f4n l\u1ea1c quan v\u00e0 c\u1ed1 g\u1eafng trong c\u00f4ng vi\u1ec7c c\u0169ng nh\u01b0 trong cu\u1ed9c s\u1ed1ng. V\u00e0 V\u1ee5n s\u1ebd lu\u00f4n l\u00e0 c\u00e1nh c\u1eeda \u0111\u1ec3 c\u00e1c b\u1ea1n b\u01b0\u1edbc v\u00e0o m\u1ed9t th\u1ebf gi\u1edbi m\u1edbi, gi\u00fap c\u00e1c b\u1ea1n t\u1ef1 tin v\u00e0 t\u1ef1 ch\u1ee7.<\/p>\n<p dir=\"ltr\"><img loading=\"lazy\" decoding=\"async\" class=\"aligncenter size-full wp-image-113\" src=\"http:\/\/mau1.hoabinhweb.com\/quatang1\/wp-content\/uploads\/2024\/01\/manhghep1.jpg\" alt=\"Manhghep1\" width=\"1280\" height=\"960\" \/><\/p>\n<p dir=\"ltr\" style=\"text-align: center;\"><em>Nh\u00e2n c\u00f4ng c\u1ee7a V\u1ee4N \u0111ang c\u1eaft h\u1ecda ti\u1ebft<\/em><\/p>\n<p dir=\"ltr\"><strong>\u00a0Ch\u1eb3ng vi\u1ec7c g\u00ec c\u00f3 th\u1ec3 l\u00e0m kh\u00f3 An\u00a0<\/strong><\/p>\n<p dir=\"ltr\">\u201cCh\u00e1u l\u00e0m vi\u1ec7c \u1edf \u0111\u00e2y \u0111\u01b0\u1ee3c h\u01a1n 1 n\u0103m r\u1ed3i, ban \u0111\u1ea7u ch\u00e1u c\u00f2n b\u1ee1 ng\u1ee1, r\u1ea5t kh\u00f3 kh\u0103n \u0111\u1ec3 l\u00e0m quen v\u1edbi c\u00f4ng vi\u1ec7c nh\u01b0ng \u0111\u01b0\u1ee3c s\u1ef1 h\u01b0\u1edbng d\u1eabn t\u1eadn t\u00ecnh c\u1ee7a ch\u00fa C\u01b0\u1eddng \u2013 Gi\u00e1m \u0111\u1ed1c V\u1ee5n Art, ch\u1ecb M\u1ef9 v\u00e0 c\u00e1c b\u1ea1n \u0111i tr\u01b0\u1edbc, nay ch\u00e1u c\u00f3 th\u1ec3 l\u00e0m th\u00e0nh th\u1ea1o c\u00f4ng vi\u1ec7c \u0111\u01b0\u1ee3c giao. Ch\u00e1u r\u1ea5t c\u1ea3m \u01a1n V\u1ee5n Art v\u00e0 ch\u00fa C\u01b0\u1eddng \u0111\u00e3 t\u1ea1o c\u01a1 h\u1ed9i cho ch\u00e1u c\u00f3 c\u00f4ng vi\u1ec7c \u0111\u1ec3 c\u00f3 thu nh\u1eadp, \u0111\u01b0\u1ee3c l\u00e0m vi\u1ec7c v\u00e0 c\u1ed1ng hi\u1ebfn, ch\u00e1u th\u1ea5y r\u1ea5t vui \u1ea1.\u201d<\/p>\n<p dir=\"ltr\"><img loading=\"lazy\" decoding=\"async\" class=\"aligncenter size-full wp-image-114\" src=\"http:\/\/mau1.hoabinhweb.com\/quatang1\/wp-content\/uploads\/2024\/01\/manhghep2.jpg\" alt=\"Manhghep2\" width=\"1500\" height=\"1000\" \/><\/p>\n<p dir=\"ltr\" style=\"text-align: center;\"><em>An (\u1edf gi\u1eefa)<\/em><\/p>\n<p dir=\"ltr\">\u00a0Nh\u1eefng c\u00e2u n\u00f3i kh\u00f4ng \u0111\u01b0\u1ee3c tr\u00f2n v\u00e0nh r\u00f5 ch\u1eef c\u1ee7a An &#8211; c\u00f4 g\u00e1i nh\u1ecf nh\u1eafn \u0111\u1ebfn t\u1eeb Ngh\u1ec7 An, khi\u1ebfn m\u1ecdi ng\u01b0\u1eddi \u1edf V\u1ee5n th\u1eadt c\u1ea3m \u0111\u1ed9ng v\u00e0 h\u1ea1nh ph\u00fac. V\u01b0\u1ee3t qua qu\u00e3ng \u0111\u01b0\u1eddng d\u00e0i t\u1eeb qu\u00ea nh\u00e0 \u0111\u1ec3 \u0111\u1ebfn v\u1edbi V\u1ee5n. Th\u1eddi gian \u0111\u1ea7u b\u1ee1 ng\u1ee1, t\u1ef1 ti t\u01b0\u1edfng nh\u01b0 kh\u00f4ng th\u1ec3 h\u1ecdc ngh\u1ec1, kh\u00f4ng th\u1ec3 l\u00e0m vi\u1ec7c nh\u01b0ng v\u1edbi s\u1ef1 quy\u1ebft t\u00e2m c\u1ee7a b\u1ea3n th\u00e2n c\u00f9ng s\u1ef1 gi\u00fap \u0111\u1ee1, ch\u1ec9 b\u1ea3o c\u1ee7a nh\u1eefng ng\u01b0\u1eddi \u0111i tr\u01b0\u1edbc \u1edf V\u1ee5n, gi\u1edd \u0111\u00e2y An \u0111\u00e3 t\u1ef1 tin h\u01a1n r\u1ea5t nhi\u1ec1u. Em \u0111\u00e3 tr\u1edf th\u00e0nh m\u1ed9t th\u1ee3 l\u00e0nh ngh\u1ec1, lao \u0111\u1ed9ng, s\u1ea3n xu\u1ea5t, h\u01b0\u1edbng d\u1eabn tr\u1ea3i nghi\u1ec7m, ch\u1eb3ng vi\u1ec7c g\u00ec c\u00f3 th\u1ec3 l\u00e0m kh\u00f3 An.<\/p>\n<p dir=\"ltr\"><strong>\u00a0Ch\u1ee7 nh\u00e2n c\u1ee7a nh\u1eefng ph\u00e1t ng\u00f4n \u201cd\u00ed d\u1ecfm\u201d<\/strong><\/p>\n<p dir=\"ltr\">C\u00f3 v\u1ebb ngo\u00e0i kh\u00f4i ng\u00f4, kh\u00f4ng ai bi\u1ebft Th\u00e0nh l\u00e0 m\u1ed9t ng\u01b0\u1eddi khuy\u1ebft t\u1eadt tr\u00ed tu\u1ec7. Ng\u00e0y em c\u00f9ng b\u00e1c v\u00e0 b\u1ed1 t\u1edbi V\u1ee5n xin h\u1ecdc ngh\u1ec1, em nh\u00fat nh\u00e1t v\u00e0 \u00edt n\u00f3i, th\u1eadm ch\u00ed lu\u00f4n \u0111\u1ec1 ph\u00f2ng ng\u01b0\u1eddi kh\u00e1c. \u00c1nh m\u1eaft t\u1ef1 ti, s\u1ee3 s\u1ec7t, ai h\u1ecfi g\u00ec c\u0169ng ph\u1ea3i h\u1ecfi l\u1ea1i em m\u1edbi tr\u1ea3 l\u1eddi.<\/p>\n<p dir=\"ltr\">\u00a0Tr\u1ea3i qua m\u1ed9t th\u1eddi gian h\u1ecdc t\u1eadp v\u00e0 l\u00e0m vi\u1ec7c t\u1ea1i V\u1ee5n, Th\u00e0nh d\u01b0\u1eddng nh\u01b0 tr\u1edf th\u00e0nh m\u1ed9t ng\u01b0\u1eddi ho\u00e0n to\u00e0n kh\u00e1c. Em hay c\u01b0\u1eddi, hay n\u00f3i, th\u1eadm ch\u00ed c\u00f2n t\u00e2m s\u1ef1 c\u1ea3 nh\u1eefng suy ngh\u0129 th\u1ea7m k\u00edn. T\u1ed1i v\u1ec1 nh\u00e0 em bi\u1ebft \u0111i ch\u1ee3 mua \u0111\u1ed3 \u0103n v\u00e0 c\u00f2n chu\u1ea9n b\u1ecb cho b\u1eefa \u0103n h\u00f4m sau mang t\u1edbi V\u1ee5n.<\/p>\n<p dir=\"ltr\"><img loading=\"lazy\" decoding=\"async\" class=\"aligncenter size-full wp-image-115\" src=\"http:\/\/mau1.hoabinhweb.com\/quatang1\/wp-content\/uploads\/2024\/01\/manhghep3.jpg\" alt=\"Manhghep3\" width=\"1500\" height=\"849\" \/><\/p>\n<p dir=\"ltr\" style=\"text-align: center;\"><em>Th\u00e0nh \u0111ang chu\u1ea9n b\u1ecb nguy\u00ean v\u1eadt li\u1ec7u<\/em><\/p>\n<p dir=\"ltr\">\u00a0Ban \u0111\u1ea7u Th\u00e0nh ch\u1ec9 gi\u00fap thu d\u1ecdn, s\u1eafp x\u1ebfp s\u1ea3n ph\u1ea9m, d\u1ea7n d\u1ea7n em \u0111\u00e3 bi\u1ebft c\u1eaft, d\u00e1n th\u00e0nh th\u1ea1o nh\u1eefng chi ti\u1ebft kh\u00f3. Ch\u01b0a ph\u1ea3i l\u00e0 xu\u1ea5t s\u1eafc, em v\u1eabn c\u1ea7n s\u1ef1 d\u00ecu d\u1eaft, gi\u00fap \u0111\u1ee1 c\u1ee7a Th\u1ea7y, c\u1ee7a nh\u1eefng anh ch\u1ecb \u0111i tr\u01b0\u1edbc nh\u01b0ng Th\u00e0nh ch\u1ecbu kh\u00f3 h\u1ecdc h\u1ecfi v\u00e0 ti\u1ebfp thu.<\/p>\n<p dir=\"ltr\">\u00a0Ch\u1ecb M\u1ef9 &#8211; m\u1ed9t ng\u01b0\u1eddi ch\u1ecb c\u1ee7a c\u00e1c b\u1ea1n khuy\u1ebft t\u1eadt t\u1ea1i V\u1ee5n c\u1ea3 v\u1ec1 tay ngh\u1ec1 v\u00e0 \u0111\u1ed9 tu\u1ed5i, ch\u1ecb n\u00f3i \u201cBan \u0111\u1ea7u h\u01b0\u1edbng d\u1eabn cho Th\u00e0nh c\u0169ng v\u1ea5t v\u1ea3 l\u1eafm b\u1edfi em hay qu\u00ean v\u00e0 v\u1ee5ng v\u1ec1 nh\u01b0ng \u0111\u01b0\u1ee3c c\u00e1i ch\u1ecbu kh\u00f3 l\u1eafng nghe v\u00e0 ti\u1ebfp thu \u00fd ki\u1ebfn. Th\u1eddi gian h\u01b0\u1edbng d\u1eabn cho Th\u00e0nh l\u00e2u h\u01a1n nh\u1eefng b\u1ea1n kh\u00e1c nh\u01b0ng th\u1ea5y Th\u00e0nh vui v\u1ebb, thay \u0111\u1ed5i t\u1eebng ng\u00e0y khi\u1ebfn em, th\u1ea7y gi\u00e1o v\u00e0 m\u1ecdi ng\u01b0\u1eddi c\u0169ng th\u1ea5y vui. Th\u1ec9nh tho\u1ea3ng Th\u00e0nh c\u00f3 nh\u1eefng c\u00e2u n\u00f3i d\u00ed d\u1ecfm khi\u1ebfn ai c\u0169ng b\u1eadt c\u01b0\u1eddi, vui l\u1eafm\u201d<\/p>\n<p dir=\"ltr\"><strong>Ch\u00e0ng th\u1ee3 ch\u00ednh hot boy c\u1ee7a V\u1ee5n<\/strong><\/p>\n<p dir=\"ltr\">B\u1ea3o &#8211; m\u1ed9t ch\u00e0ng trai hi\u1ec1n l\u00e0nh, \u00edt n\u00f3i, lu\u00f4n t\u1eadn t\u1ee5y v\u1edbi c\u00f4ng vi\u1ec7c v\u00e0 r\u1ea5t bi\u1ebft quan t\u00e2m ng\u01b0\u1eddi kh\u00e1c.<\/p>\n<p dir=\"ltr\">\u00a0B\u1ed1 B\u1ea3o m\u1ea5t s\u1edbm, ch\u1ecb g\u00e1i \u0111i l\u1ea5y ch\u1ed3ng, nh\u00e0 ch\u1ec9 c\u00f2n B\u1ea3o v\u00e0 m\u1eb9. B\u1ea3o kh\u00f4ng may b\u1ecb khi\u1ebfm th\u00ednh t\u1eeb nh\u1ecf n\u00ean c\u00f3 nhi\u1ec1u h\u1ea1n ch\u1ebf. Kh\u00f4ng v\u00ec v\u1eady m\u00e0 em \u1ef7 l\u1ea1i, em \u0111\u00e3 t\u1eebng \u0111i h\u1ecdc may r\u1ed3i l\u00e0m nhi\u1ec1u vi\u1ec7c t\u1ea1i nh\u00e0 nh\u01b0ng thu nh\u1eadp th\u1ea5p, kh\u00f4ng \u1ed5n \u0111\u1ecbnh l\u1ea1i g\u1eb7p nhi\u1ec1u r\u00e0o c\u1ea3n. M\u1eb9 l\u00e0m n\u00f4ng n\u00ean ch\u1ec9 c\u00f3 \u00edt \u0111\u1ed3ng ru\u1ed9ng, cu\u1ed9c s\u1ed1ng c\u0169ng b\u1ea5p b\u00eanh.<\/p>\n<p dir=\"ltr\"><img loading=\"lazy\" decoding=\"async\" class=\"aligncenter size-full wp-image-116\" src=\"http:\/\/mau1.hoabinhweb.com\/quatang1\/wp-content\/uploads\/2024\/01\/manhghep4.jpg\" alt=\"Manhghep4\" width=\"862\" height=\"1280\" \/><\/p>\n<p dir=\"ltr\" style=\"text-align: center;\"><em>B\u1ea3o \u0111ang cho s\u1ea3n ph\u1ea9m v\u00e0o m\u00e1y \u00e9p nhi\u1ec7t<\/em><\/p>\n<p dir=\"ltr\">Bi\u1ebft t\u1edbi V\u1ee5n, ch\u00ednh anh r\u1ec3 c\u1ee7a B\u1ea3o l\u00e0 ng\u01b0\u1eddi \u0111\u01b0a em \u0111\u1ebfn, B\u1ea3o \u0111\u00e3 r\u1ea5t vui. Em vui b\u1edfi \u1edf \u0111\u00e2y em g\u1eb7p \u0111\u01b0\u1ee3c c\u00e1c b\u1ea1n \u0111\u1ed3ng c\u1ea3nh, em vui b\u1edfi em \u0111\u01b0\u1ee3c th\u1ea5u hi\u1ec3u v\u00e0 s\u1ebb chia v\u00e0 em vui b\u1edfi t\u1eeb nay em c\u00f3 c\u00f4ng vi\u1ec7c \u1ed5n \u0111\u1ecbnh c\u00f3 th\u1ec3 g\u00e1nh ph\u1ea7n n\u00e0o s\u1ef1 v\u1ea5t v\u1ea3 c\u1ee7a m\u1eb9.<\/p>\n<p dir=\"ltr\">\u00a0V\u1edbi \u0111\u00f4i b\u00e0n tay kh\u00e9o l\u00e9o c\u00f9ng s\u1ef1 ch\u0103m ch\u1ec9 h\u1ecdc h\u1ecfi, B\u1ea3o \u0111\u00e3 nhanh ch\u00f3ng tr\u1edf th\u00e0nh th\u1ee3 ch\u00ednh c\u1ee7a V\u1ee5n. Gi\u1edd \u0111\u00e2y em c\u00f3 m\u1ee9c l\u01b0\u01a1ng \u1ed5n \u0111\u1ecbnh, \u0111\u01b0\u1ee3c \u0111\u00f3ng b\u1ea3o hi\u1ec3m x\u00e3 h\u1ed9i n\u00ean B\u1ea3o y\u00ean t\u00e2m l\u1eafm.<\/p>\n<p dir=\"ltr\"><strong>\u00a0\u201cEm c\u0169ng mu\u1ed1n c\u00f3 l\u01b0\u01a1ng nh\u01b0 m\u1ecdi ng\u01b0\u1eddi \u0111\u1ec3 gi\u00fap \u0111\u1ee1 m\u1eb9\u201d<\/strong><\/p>\n<p dir=\"ltr\">Ho\u00e0ng Gia B\u00e1ch c\u00f3 l\u1ebd l\u00e0 m\u1ed9t trong nh\u1eefng \u201cthanh ni\u00ean\u201d tr\u1ebb nh\u1ea5t \u1edf V\u1ee5n. Em m\u1edbi 18 tu\u1ed5i, kh\u00f4ng may b\u1ecb t\u1ef1 k\u1ec9 n\u00ean m\u1ecdi \u01b0\u1edbc m\u01a1, ho\u00e0i b\u00e3o c\u1ee7a em c\u0169ng b\u1ecb gi\u00e1n \u0111o\u1ea1n. Em tr\u1edf n\u00ean thu m\u00ecnh, ng\u1ea1i ti\u1ebfp x\u00fac, kh\u00f4ng mu\u1ed1n chia s\u1ebb c\u00f9ng ai. B\u00e1ch t\u1eebng \u01b0\u1edbc mu\u1ed1n sau n\u00e0y tr\u1edf th\u00e0nh m\u1ed9t phi h\u00e0nh gia, c\u00f3 th\u1ec3 bay l\u01b0\u1ee3n tr\u00ean b\u1ea7u tr\u1eddi v\u00e0 c\u00f4ng vi\u1ec7c \u1ea5y gi\u00fap B\u00e1ch ch\u0103m s\u00f3c \u0111\u01b0\u1ee3c cho gia \u0111\u00ecnh.<\/p>\n<p dir=\"ltr\">\u00a0T\u1eeb khi v\u00e0o V\u1ee5n, th\u1eddi gian \u0111\u00e3 \u0111\u01b0\u1ee3c 5 th\u00e1ng, B\u00e1ch \u0111\u00e3 thay \u0111\u1ed5i r\u1ea5t nhi\u1ec1u. B\u00e1ch c\u1edfi m\u1edf, vui v\u1ebb n\u00f3i chuy\u1ec7n v\u1edbi m\u1ecdi ng\u01b0\u1eddi v\u00e0 ch\u0103m ch\u1ec9 l\u00e0m nh\u1eefng vi\u1ec7c \u0111\u01b0\u1ee3c th\u1ea7y v\u00e0 c\u00e1c anh ch\u1ecb h\u01b0\u1edbng d\u1eabn. Mong \u01b0\u1edbc c\u1ee7a B\u00e1ch l\u00fac n\u00e0y th\u1eadt d\u1ec5 th\u01b0\u01a1ng, em b\u1ea3o em mu\u1ed1n l\u00e0m \u0111\u01b0\u1ee3c b\u1ee9c tranh \u0111\u1eb9p nh\u01b0 ch\u1ecb M\u1ef9 \u0111ang l\u00e0m, em c\u0169ng mu\u1ed1n c\u00f3 l\u01b0\u01a1ng nh\u01b0 m\u1ecdi ng\u01b0\u1eddi \u0111\u1ec3 gi\u00fap \u0111\u1ee1 m\u1eb9.<\/p>\n<p dir=\"ltr\"><img loading=\"lazy\" decoding=\"async\" class=\"aligncenter size-full wp-image-117\" src=\"http:\/\/mau1.hoabinhweb.com\/quatang1\/wp-content\/uploads\/2024\/01\/manhghep5.jpg\" alt=\"Manhghep5\" width=\"960\" height=\"1280\" \/><\/p>\n<p dir=\"ltr\" style=\"text-align: center;\"><em>B\u00e1ch nh\u1eefng ng\u00e0y \u0111\u1ea7u \u0111\u1ebfn h\u1ecdc ngh\u1ec1 t\u1ea1i V\u1ee4N\u00a0<\/em><\/p>\n<p dir=\"ltr\">C\u00f2n nhi\u1ec1u l\u1eafm nh\u1eefng c\u00e2u chuy\u1ec7n \u0111\u1eb7c bi\u1ec7t kh\u00e1c t\u1ea1i V\u1ee5n. M\u1ed7i m\u1ed9t ng\u01b0\u1eddi th\u1ee3 \u1edf V\u1ee5n l\u1ea1i c\u00f3 m\u1ed9t ho\u00e0n c\u1ea3nh kh\u00e1c nhau nh\u01b0ng \u0111\u1ec1u mang l\u1ea1i cho b\u1ea1n n\u0103ng l\u01b0\u1ee3ng, c\u1ea3m h\u1ee9ng v\u00e0 ni\u1ec1m tin v\u1ec1 ng\u01b0\u1eddi khuy\u1ebft t\u1eadt, tin v\u00e0o nh\u1eefng vi\u1ec7c h\u1ecd l\u00e0m s\u1ebd c\u00f3 \u00edch, tin v\u00e0o nh\u1eefng s\u1ea3n ph\u1ea9m gh\u00e9p l\u1ee5a h\u1ecd l\u00e0m ra s\u1ebd chinh ph\u1ee5c \u0111\u01b0\u1ee3c nhi\u1ec1u kh\u00e1ch h\u00e0ng b\u1eb1ng ch\u00ednh ch\u1ea5t l\u01b0\u1ee3ng c\u1ee7a n\u00f3. H\u1ecd ch\u00ednh l\u00e0 nh\u1eefng m\u1ea3nh v\u1ee5n gh\u00e9p th\u00e0nh b\u1ee9c tranh cu\u1ed9c s\u1ed1ng mu\u00f4n m\u00e0u \u0111\u00fang nh\u01b0 c\u00e1i t\u00ean V\u1ee5n Art \u0111ang mang.<\/p>\n<p dir=\"ltr\"><img loading=\"lazy\" decoding=\"async\" class=\"aligncenter size-full wp-image-118\" src=\"http:\/\/mau1.hoabinhweb.com\/quatang1\/wp-content\/uploads\/2024\/01\/manhghep6.jpg\" alt=\"Manhghep6\" width=\"960\" height=\"1280\" \/><\/p>\n<p dir=\"ltr\" style=\"text-align: center;\"><em>C\u00f9ng th\u1ea3 tim cho c\u00e1c b\u1ea1n nh\u00e2n c\u00f4ng c\u1ee7a V\u1ee4N n\u00e0o<\/em><\/p>\n","protected":false},"excerpt":{"rendered":"<p>\u201cM\u1ed9t m\u1ea3nh v\u1ea3i v\u1ee5n s\u1ebd g\u00f3p ph\u1ea7n t\u1ea1o n\u00ean m\u1ed9t b\u1ee9c tranh ngh\u1ec7 thu\u1eadt n\u1ebfu \u0111\u01b0\u1ee3c \u0111\u1eb7t \u0111\u00fang ch\u1ed7. M\u1ed9t ng\u01b0\u1eddi khuy\u1ebft t\u1eadt c\u0169ng c\u00f3 th\u1ec3 \u0111\u00f3ng g\u00f3p nh\u1eefng ph\u1ea9m ch\u1ea5t tuy\u1ec7t v\u1eddi c\u1ee7a m\u00ecnh \u0111\u1ec3 l\u00e0m \u0111\u1eb9p cho cu\u1ed9c \u0111\u1eddi n\u1ebfu t\u00ecm \u0111\u01b0\u1ee3c \u0111\u00fang v\u1ecb tr\u00ed c\u1ee7a m\u00ecnh\u201d, \u0111\u00e2y ch\u00ednh l\u00e0 th\u00f4ng \u0111i\u1ec7p v\u00e0<\/p>\n","protected":false},"author":1,"featured_media":0,"parent":0,"menu_order":0,"comment_status":"closed","ping_status":"closed","template":"","meta":{"footnotes":""},"class_list":["post-105","page","type-page","status-publish","hentry"],"yoast_head":"<!-- This site is optimized with the Yoast SEO plugin v21.7 - https:\/\/yoast.com\/wordpress\/plugins\/seo\/ -->\n<title>Nh\u1eefng m\u1ea3nh gh\u00e9p s\u1eafc m\u00e0u c\u1ee7a V\u1ee5n Art - V\u1ee5n Art<\/title>\n<meta name=\"robots\" content=\"noindex, follow, max-snippet:-1, max-image-preview:large, max-video-preview:-1\" \/>\n<meta property=\"og:locale\" content=\"vi_VN\" \/>\n<meta property=\"og:type\" content=\"article\" \/>\n<meta property=\"og:title\" content=\"Nh\u1eefng m\u1ea3nh gh\u00e9p s\u1eafc m\u00e0u c\u1ee7a V\u1ee5n Art - V\u1ee5n Art\" \/>\n<meta property=\"og:description\" content=\"\u201cM\u1ed9t m\u1ea3nh v\u1ea3i v\u1ee5n s\u1ebd g\u00f3p ph\u1ea7n t\u1ea1o n\u00ean m\u1ed9t b\u1ee9c tranh ngh\u1ec7 thu\u1eadt n\u1ebfu \u0111\u01b0\u1ee3c \u0111\u1eb7t \u0111\u00fang ch\u1ed7. M\u1ed9t ng\u01b0\u1eddi khuy\u1ebft t\u1eadt c\u0169ng c\u00f3 th\u1ec3 \u0111\u00f3ng g\u00f3p nh\u1eefng ph\u1ea9m ch\u1ea5t tuy\u1ec7t v\u1eddi c\u1ee7a m\u00ecnh \u0111\u1ec3 l\u00e0m \u0111\u1eb9p cho cu\u1ed9c \u0111\u1eddi n\u1ebfu t\u00ecm \u0111\u01b0\u1ee3c \u0111\u00fang v\u1ecb tr\u00ed c\u1ee7a m\u00ecnh\u201d, \u0111\u00e2y ch\u00ednh l\u00e0 th\u00f4ng \u0111i\u1ec7p v\u00e0\" \/>\n<meta property=\"og:url\" content=\"https:\/\/mau1.hoabinhweb.com\/quatang1\/nhung-manh-ghep-sac-mau-cua-vun-art\/\" \/>\n<meta property=\"og:site_name\" content=\"V\u1ee5n Art\" \/>\n<meta property=\"article:modified_time\" content=\"2024-01-09T07:42:24+00:00\" \/>\n<meta property=\"og:image\" content=\"http:\/\/mau1.hoabinhweb.com\/quatang1\/wp-content\/uploads\/2024\/01\/manhghep1.jpg\" \/>\n<meta name=\"twitter:card\" content=\"summary_large_image\" \/>\n<meta name=\"twitter:label1\" content=\"\u01af\u1edbc t\u00ednh th\u1eddi gian \u0111\u1ecdc\" \/>\n\t<meta name=\"twitter:data1\" content=\"8 ph\u00fat\" \/>\n<script type=\"application\/ld+json\" class=\"yoast-schema-graph\">{\"@context\":\"https:\/\/schema.org\",\"@graph\":[{\"@type\":\"WebPage\",\"@id\":\"https:\/\/mau1.hoabinhweb.com\/quatang1\/nhung-manh-ghep-sac-mau-cua-vun-art\/\",\"url\":\"https:\/\/mau1.hoabinhweb.com\/quatang1\/nhung-manh-ghep-sac-mau-cua-vun-art\/\",\"name\":\"Nh\u1eefng m\u1ea3nh gh\u00e9p s\u1eafc m\u00e0u c\u1ee7a V\u1ee5n Art - V\u1ee5n Art\",\"isPartOf\":{\"@id\":\"https:\/\/mau1.hoabinhweb.com\/quatang1\/#website\"},\"datePublished\":\"2024-01-09T07:38:15+00:00\",\"dateModified\":\"2024-01-09T07:42:24+00:00\",\"breadcrumb\":{\"@id\":\"https:\/\/mau1.hoabinhweb.com\/quatang1\/nhung-manh-ghep-sac-mau-cua-vun-art\/#breadcrumb\"},\"inLanguage\":\"vi\",\"potentialAction\":[{\"@type\":\"ReadAction\",\"target\":[\"https:\/\/mau1.hoabinhweb.com\/quatang1\/nhung-manh-ghep-sac-mau-cua-vun-art\/\"]}]},{\"@type\":\"BreadcrumbList\",\"@id\":\"https:\/\/mau1.hoabinhweb.com\/quatang1\/nhung-manh-ghep-sac-mau-cua-vun-art\/#breadcrumb\",\"itemListElement\":[{\"@type\":\"ListItem\",\"position\":1,\"name\":\"Trang ch\u1ee7\",\"item\":\"https:\/\/mau1.hoabinhweb.com\/quatang1\/\"},{\"@type\":\"ListItem\",\"position\":2,\"name\":\"Nh\u1eefng m\u1ea3nh gh\u00e9p s\u1eafc m\u00e0u c\u1ee7a V\u1ee5n Art\"}]},{\"@type\":\"WebSite\",\"@id\":\"https:\/\/mau1.hoabinhweb.com\/quatang1\/#website\",\"url\":\"https:\/\/mau1.hoabinhweb.com\/quatang1\/\",\"name\":\"V\u1ee5n Art\",\"description\":\"\",\"potentialAction\":[{\"@type\":\"SearchAction\",\"target\":{\"@type\":\"EntryPoint\",\"urlTemplate\":\"https:\/\/mau1.hoabinhweb.com\/quatang1\/?s={search_term_string}\"},\"query-input\":\"required name=search_term_string\"}],\"inLanguage\":\"vi\"}]}<\/script>\n<!-- \/ Yoast SEO plugin. -->","yoast_head_json":{"title":"Nh\u1eefng m\u1ea3nh gh\u00e9p s\u1eafc m\u00e0u c\u1ee7a V\u1ee5n Art - V\u1ee5n Art","robots":{"index":"noindex","follow":"follow","max-snippet":"max-snippet:-1","max-image-preview":"max-image-preview:large","max-video-preview":"max-video-preview:-1"},"og_locale":"vi_VN","og_type":"article","og_title":"Nh\u1eefng m\u1ea3nh gh\u00e9p s\u1eafc m\u00e0u c\u1ee7a V\u1ee5n Art - V\u1ee5n Art","og_description":"\u201cM\u1ed9t m\u1ea3nh v\u1ea3i v\u1ee5n s\u1ebd g\u00f3p ph\u1ea7n t\u1ea1o n\u00ean m\u1ed9t b\u1ee9c tranh ngh\u1ec7 thu\u1eadt n\u1ebfu \u0111\u01b0\u1ee3c \u0111\u1eb7t \u0111\u00fang ch\u1ed7. M\u1ed9t ng\u01b0\u1eddi khuy\u1ebft t\u1eadt c\u0169ng c\u00f3 th\u1ec3 \u0111\u00f3ng g\u00f3p nh\u1eefng ph\u1ea9m ch\u1ea5t tuy\u1ec7t v\u1eddi c\u1ee7a m\u00ecnh \u0111\u1ec3 l\u00e0m \u0111\u1eb9p cho cu\u1ed9c \u0111\u1eddi n\u1ebfu t\u00ecm \u0111\u01b0\u1ee3c \u0111\u00fang v\u1ecb tr\u00ed c\u1ee7a m\u00ecnh\u201d, \u0111\u00e2y ch\u00ednh l\u00e0 th\u00f4ng \u0111i\u1ec7p v\u00e0","og_url":"https:\/\/mau1.hoabinhweb.com\/quatang1\/nhung-manh-ghep-sac-mau-cua-vun-art\/","og_site_name":"V\u1ee5n Art","article_modified_time":"2024-01-09T07:42:24+00:00","og_image":[{"url":"http:\/\/mau1.hoabinhweb.com\/quatang1\/wp-content\/uploads\/2024\/01\/manhghep1.jpg"}],"twitter_card":"summary_large_image","twitter_misc":{"\u01af\u1edbc t\u00ednh th\u1eddi gian \u0111\u1ecdc":"8 ph\u00fat"},"schema":{"@context":"https:\/\/schema.org","@graph":[{"@type":"WebPage","@id":"https:\/\/mau1.hoabinhweb.com\/quatang1\/nhung-manh-ghep-sac-mau-cua-vun-art\/","url":"https:\/\/mau1.hoabinhweb.com\/quatang1\/nhung-manh-ghep-sac-mau-cua-vun-art\/","name":"Nh\u1eefng m\u1ea3nh gh\u00e9p s\u1eafc m\u00e0u c\u1ee7a V\u1ee5n Art - V\u1ee5n Art","isPartOf":{"@id":"https:\/\/mau1.hoabinhweb.com\/quatang1\/#website"},"datePublished":"2024-01-09T07:38:15+00:00","dateModified":"2024-01-09T07:42:24+00:00","breadcrumb":{"@id":"https:\/\/mau1.hoabinhweb.com\/quatang1\/nhung-manh-ghep-sac-mau-cua-vun-art\/#breadcrumb"},"inLanguage":"vi","potentialAction":[{"@type":"ReadAction","target":["https:\/\/mau1.hoabinhweb.com\/quatang1\/nhung-manh-ghep-sac-mau-cua-vun-art\/"]}]},{"@type":"BreadcrumbList","@id":"https:\/\/mau1.hoabinhweb.com\/quatang1\/nhung-manh-ghep-sac-mau-cua-vun-art\/#breadcrumb","itemListElement":[{"@type":"ListItem","position":1,"name":"Trang ch\u1ee7","item":"https:\/\/mau1.hoabinhweb.com\/quatang1\/"},{"@type":"ListItem","position":2,"name":"Nh\u1eefng m\u1ea3nh gh\u00e9p s\u1eafc m\u00e0u c\u1ee7a V\u1ee5n Art"}]},{"@type":"WebSite","@id":"https:\/\/mau1.hoabinhweb.com\/quatang1\/#website","url":"https:\/\/mau1.hoabinhweb.com\/quatang1\/","name":"V\u1ee5n Art","description":"","potentialAction":[{"@type":"SearchAction","target":{"@type":"EntryPoint","urlTemplate":"https:\/\/mau1.hoabinhweb.com\/quatang1\/?s={search_term_string}"},"query-input":"required name=search_term_string"}],"inLanguage":"vi"}]}},"_links":{"self":[{"href":"https:\/\/mau1.hoabinhweb.com\/quatang1\/wp-json\/wp\/v2\/pages\/105","targetHints":{"allow":["GET"]}}],"collection":[{"href":"https:\/\/mau1.hoabinhweb.com\/quatang1\/wp-json\/wp\/v2\/pages"}],"about":[{"href":"https:\/\/mau1.hoabinhweb.com\/quatang1\/wp-json\/wp\/v2\/types\/page"}],"author":[{"embeddable":true,"href":"https:\/\/mau1.hoabinhweb.com\/quatang1\/wp-json\/wp\/v2\/users\/1"}],"replies":[{"embeddable":true,"href":"https:\/\/mau1.hoabinhweb.com\/quatang1\/wp-json\/wp\/v2\/comments?post=105"}],"version-history":[{"count":3,"href":"https:\/\/mau1.hoabinhweb.com\/quatang1\/wp-json\/wp\/v2\/pages\/105\/revisions"}],"predecessor-version":[{"id":120,"href":"https:\/\/mau1.hoabinhweb.com\/quatang1\/wp-json\/wp\/v2\/pages\/105\/revisions\/120"}],"wp:attachment":[{"href":"https:\/\/mau1.hoabinhweb.com\/quatang1\/wp-json\/wp\/v2\/media?parent=105"}],"curies":[{"name":"wp","href":"https:\/\/api.w.org\/{rel}","templated":true}]}}