{"id":18,"date":"2023-02-17T22:05:27","date_gmt":"2023-02-17T15:05:27","guid":{"rendered":"http:\/\/mau1.hoabinhweb.com\/quatang1\/?page_id=18"},"modified":"2024-01-09T14:35:08","modified_gmt":"2024-01-09T07:35:08","slug":"gioi-thieu","status":"publish","type":"page","link":"https:\/\/mau1.hoabinhweb.com\/quatang1\/gioi-thieu\/","title":{"rendered":"Gi\u1edbi thi\u1ec7u"},"content":{"rendered":"<p><iframe loading=\"lazy\" title=\"Vun Art   Introducing video\" width=\"1020\" height=\"574\" src=\"https:\/\/www.youtube.com\/embed\/t8LvRU1AbXE?feature=oembed\" frameborder=\"0\" allow=\"accelerometer; autoplay; clipboard-write; encrypted-media; gyroscope; picture-in-picture; web-share\" allowfullscreen><\/iframe><\/p>\n<p style=\"font-weight: 400;\">V\u1ee5n Art l\u00e0 m\u1ed9t m\u00f4 h\u00ecnh kinh t\u1ebf t\u1eadp th\u1ec3 t\u1ea1o t\u00e1c \u0111\u1ed9ng, \u0111\u01b0\u1ee3c th\u00e0nh l\u1eadp n\u0103m 2017 b\u1edfi anh L\u00ea Vi\u1ec7t C\u01b0\u1eddng, m\u1ed9t ng\u01b0\u1eddi khuy\u1ebft t\u1eadt v\u1eadn \u0111\u1ed9ng. V\u1ee5n Art \u0111\u01b0\u1ee3c ra \u0111\u1eddi v\u1edbi mong mu\u1ed1n gi\u1eef g\u00ecn v\u00e0 gi\u1edbi thi\u1ec7u v\u0103n<b><strong>\u00a0<\/strong><\/b>h\u00f3a truy\u1ec1n th\u1ed1ng, t\u1ea1o vi\u1ec7c l\u00e0m cho ng\u01b0\u1eddi khuy\u1ebft t\u1eadt v\u00e0 t\u1eadn d\u1ee5ng c\u00e1c nguy\u00ean li\u1ec7u th\u1eeba trong qu\u00e1 tr\u00ecnh s\u1ea3n xu\u1ea5t \u0111\u1ec3 b\u1ea3o v\u1ec7 m\u00f4i tr\u01b0\u1eddng.<\/p>\n<h2 style=\"font-weight: 400;\">T\u1ea6M NH\u00ccN<\/h2>\n<p style=\"font-weight: 400;\">Tr\u1edf th\u00e0nh m\u1ed9t trong nh\u1eefng m\u00f4 h\u00ecnh kinh t\u1ebf t\u1eadp th\u1ec3 c\u00f3 th\u01b0\u01a1ng hi\u1ec7u \u1edf Vi\u1ec7t Nam v\u00e0 qu\u1ed1c t\u1ebf trong l\u0129nh v\u1ef1c c\u00f4ng nghi\u1ec7p v\u0103n h\u00f3a s\u00e1ng t\u1ea1o g\u1eafn li\u1ec1n v\u1edbi t\u1ea1o vi\u1ec7c l\u00e0m cho ng\u01b0\u1eddi khuy\u1ebft t\u1eadt v\u00e0 thay \u0111\u1ed5i c\u00e1ch nh\u00ecn nh\u1eadn c\u1ee7a x\u00e3 h\u1ed9i v\u1ec1 kh\u1ea3 n\u0103ng lao \u0111\u1ed9ng, s\u00e1ng t\u1ea1o c\u1ee7a ng\u01b0\u1eddi khuy\u1ebft t\u1eadt<\/p>\n<h2 style=\"font-weight: 400;\"><b><strong>S\u1ee8 M\u1ec6NH<\/strong><\/b><\/h2>\n<p style=\"font-weight: 400;\">&#8211; T\u00e1i s\u1eed d\u1ee5ng v\u1ea3i v\u1ee5n \u0111\u1eb7c bi\u1ec7t l\u1ee5a V\u1ea1n Ph\u00fac, c\u00f9ng v\u1edbi \u0111\u00f4i b\u00e0n tay kh\u00e9o l\u00e9o v\u00e0 s\u1ef1 c\u1ea7n c\u00f9, s\u00e1ng t\u1ea1o c\u1ee7a ng\u01b0\u1eddi khuy\u1ebft t\u1eadt, t\u1ea1o n\u00ean nh\u1eefng s\u1ea3n ph\u1ea9m \u0111\u1ed9c \u0111\u00e1o, \u0111\u1ea7y m\u00e0u s\u1eafc v\u00e0 mang \u0111\u1eadm t\u00ednh ngh\u1ec7 thu\u1eadt.<\/p>\n<p style=\"font-weight: 400;\">&#8211; L\u1ea5y vi\u1ec7c kinh doanh c\u00e1c s\u1ea3n ph\u1ea9m v\u0103n h\u00f3a s\u00e1ng t\u1ea1o \u0111\u1ec3 t\u1ea1o vi\u1ec7c l\u00e0m b\u1ec1n v\u1eefng cho c\u00e1c \u0111\u1ed1i t\u01b0\u1ee3ng y\u1ebfu th\u1ebf trong \u0111\u00f3 c\u00f3 ng\u01b0\u1eddi khuy\u1ebft t\u1eadt, t\u1eeb \u0111\u00f3 t\u1ea1o \u0111\u1ed9ng l\u1ef1c cho h\u1ecd h\u00f2a nh\u1eadp c\u1ed9ng \u0111\u1ed3ng, ch\u1ee7 \u0111\u1ed9ng v\u00e0 t\u1ef1 l\u1eadp trong cu\u1ed9c s\u1ed1ng.<\/p>\n<p style=\"font-weight: 400;\">&#8211; K\u1ebft h\u1ee3p v\u1edbi Hi\u1ec7p h\u1ed9i l\u00e0ng ngh\u1ec1 l\u1ee5a V\u1ea1n Ph\u00fac \u0111\u1ec3 gi\u1edbi thi\u1ec7u s\u1ea3n ph\u1ea9m l\u1ee5a V\u1ea1n Ph\u00fac v\u00e0 nh\u1eefng gi\u00e1 tr\u1ecb v\u0103n h\u00f3a d\u00e2n gian c\u1ee7a Vi\u1ec7t Nam v\u00e0 th\u1ebf gi\u1edbi.<\/p>\n<h2 style=\"font-weight: 400;\"><b><strong>GI\u00c1 TR\u1eca C\u1ed0T L\u00d5I<\/strong><\/b><\/h2>\n<h3 style=\"font-weight: 500;\"><b><strong>S\u00e1ng t\u1ea1o \u2013 Nh\u00e2n v\u0103n \u2013 T\u00f4n tr\u1ecdng \u2013 Truy\u1ec1n c\u1ea3m h\u1ee9ng<\/strong><\/b><\/h3>\n<h2 style=\"font-weight: 400;\"><b><strong>HO\u1ea0T \u0110\u1ed8NG<\/strong><\/b><\/h2>\n<p style=\"font-weight: 400;\">Chuy\u1ec3n th\u1ec3 tranh d\u00e2n gian v\u00e0o tranh v\u1ea3i \u0111\u01b0\u1ee3c th\u1ef1c hi\u1ec7n theo nguy\u00ean t\u1eafc v\u1eeba trung th\u00e0nh v\u1edbi nguy\u00ean b\u1ea3n nh\u01b0ng c\u0169ng kh\u00f4ng v\u00ec th\u1ebf m\u00e0 b\u00f3 bu\u1ed9c nh\u1eefng nh\u1eefng th\u1ec3 nghi\u1ec7m c\u00f3 th\u1ec3 t\u1ea1o n\u00ean gi\u00e1 tr\u1ecb th\u1ea9m m\u1ef9 m\u1edbi ph\u00f9 h\u1ee3p v\u1edbi th\u1ecb hi\u1ebfu c\u1ee7a ng\u01b0\u1eddi \u0111\u01b0\u01a1ng th\u1eddi.<\/p>\n<p style=\"font-weight: 400;\">T\u1ed5 ch\u1ee9c h\u01b0\u1edbng d\u1eabn, \u0111\u00e0o t\u1ea1o ngh\u1ec1 tranh gh\u00e9p v\u1ea3i cho ng\u01b0\u1eddi khuy\u1ebft t\u1eadt v\u1edbi s\u1ef1 tham gia c\u1ee7a c\u00e1c h\u1ecda s\u0129 h\u00e0ng \u0111\u1ea7u Vi\u1ec7t Nam. Tranh v\u1ea3i l\u00e0 chi\u1ebfc c\u1ea7u n\u1ed1i \u0111\u1ec3 h\u1ecd c\u00f9ng v\u1edbi nh\u1eefng ng\u01b0\u1eddi khuy\u1ebft t\u1eadt g\u00f3p ph\u1ea7n \u201ch\u1ed3i sinh\u201d nh\u1eefng gi\u00e1 tr\u1ecb v\u0103n h\u00f3a truy\u1ec1n th\u1ed1ng c\u1ee7a ng\u01b0\u1eddi Vi\u1ec7t.<\/p>\n<p style=\"font-weight: 400;\">Nguy\u00ean li\u1ec7u gh\u00e9p tranh l\u00e0 nh\u1eefng m\u1ea3nh v\u1ea3i v\u1ee5n b\u1ecf \u0111i c\u1ee7a c\u00e1c nh\u00e0 may. T\u1eadn d\u1ee5ng c\u00e1c m\u1ea3nh v\u1ea3i v\u1ee5n n\u00e0y, b\u1eb1ng s\u1ef1 s\u1ef1 kh\u00e9o l\u00e9o, c\u1ea7n c\u00f9, s\u00e1ng t\u1ea1o, nh\u1eefng ng\u01b0\u1eddi th\u1ee3 khuy\u1ebft t\u1eadt t\u1ea1o n\u00ean nh\u1eefng b\u1ee9c tranh ngh\u1ec7 thu\u1eadt mang \u0111\u1eadm v\u0103n h\u00f3a, b\u1ea3n s\u1eafc d\u00e2n t\u1ed9c.<\/p>\n","protected":false},"excerpt":{"rendered":"<p>V\u1ee5n Art l\u00e0 m\u1ed9t m\u00f4 h\u00ecnh kinh t\u1ebf t\u1eadp th\u1ec3 t\u1ea1o t\u00e1c \u0111\u1ed9ng, \u0111\u01b0\u1ee3c th\u00e0nh l\u1eadp n\u0103m 2017 b\u1edfi anh L\u00ea Vi\u1ec7t C\u01b0\u1eddng, m\u1ed9t ng\u01b0\u1eddi khuy\u1ebft t\u1eadt v\u1eadn \u0111\u1ed9ng. V\u1ee5n Art \u0111\u01b0\u1ee3c ra \u0111\u1eddi v\u1edbi mong mu\u1ed1n gi\u1eef g\u00ecn v\u00e0 gi\u1edbi thi\u1ec7u v\u0103n\u00a0h\u00f3a truy\u1ec1n th\u1ed1ng, t\u1ea1o vi\u1ec7c l\u00e0m cho ng\u01b0\u1eddi khuy\u1ebft t\u1eadt v\u00e0 t\u1eadn d\u1ee5ng<\/p>\n","protected":false},"author":1,"featured_media":0,"parent":0,"menu_order":0,"comment_status":"closed","ping_status":"closed","template":"","meta":{"footnotes":""},"class_list":["post-18","page","type-page","status-publish","hentry"],"yoast_head":"<!-- This site is optimized with the Yoast SEO plugin v21.7 - https:\/\/yoast.com\/wordpress\/plugins\/seo\/ -->\n<title>Gi\u1edbi thi\u1ec7u - V\u1ee5n Art<\/title>\n<meta name=\"robots\" content=\"noindex, follow, max-snippet:-1, max-image-preview:large, max-video-preview:-1\" \/>\n<meta property=\"og:locale\" content=\"vi_VN\" \/>\n<meta property=\"og:type\" content=\"article\" \/>\n<meta property=\"og:title\" content=\"Gi\u1edbi thi\u1ec7u - V\u1ee5n Art\" \/>\n<meta property=\"og:description\" content=\"V\u1ee5n Art l\u00e0 m\u1ed9t m\u00f4 h\u00ecnh kinh t\u1ebf t\u1eadp th\u1ec3 t\u1ea1o t\u00e1c \u0111\u1ed9ng, \u0111\u01b0\u1ee3c th\u00e0nh l\u1eadp n\u0103m 2017 b\u1edfi anh L\u00ea Vi\u1ec7t C\u01b0\u1eddng, m\u1ed9t ng\u01b0\u1eddi khuy\u1ebft t\u1eadt v\u1eadn \u0111\u1ed9ng. V\u1ee5n Art \u0111\u01b0\u1ee3c ra \u0111\u1eddi v\u1edbi mong mu\u1ed1n gi\u1eef g\u00ecn v\u00e0 gi\u1edbi thi\u1ec7u v\u0103n\u00a0h\u00f3a truy\u1ec1n th\u1ed1ng, t\u1ea1o vi\u1ec7c l\u00e0m cho ng\u01b0\u1eddi khuy\u1ebft t\u1eadt v\u00e0 t\u1eadn d\u1ee5ng\" \/>\n<meta property=\"og:url\" content=\"https:\/\/mau1.hoabinhweb.com\/quatang1\/gioi-thieu\/\" \/>\n<meta property=\"og:site_name\" content=\"V\u1ee5n Art\" \/>\n<meta property=\"article:modified_time\" content=\"2024-01-09T07:35:08+00:00\" \/>\n<meta name=\"twitter:card\" content=\"summary_large_image\" \/>\n<meta name=\"twitter:label1\" content=\"\u01af\u1edbc t\u00ednh th\u1eddi gian \u0111\u1ecdc\" \/>\n\t<meta name=\"twitter:data1\" content=\"3 ph\u00fat\" \/>\n<script type=\"application\/ld+json\" class=\"yoast-schema-graph\">{\"@context\":\"https:\/\/schema.org\",\"@graph\":[{\"@type\":\"WebPage\",\"@id\":\"https:\/\/mau1.hoabinhweb.com\/quatang1\/gioi-thieu\/\",\"url\":\"https:\/\/mau1.hoabinhweb.com\/quatang1\/gioi-thieu\/\",\"name\":\"Gi\u1edbi thi\u1ec7u - V\u1ee5n Art\",\"isPartOf\":{\"@id\":\"https:\/\/mau1.hoabinhweb.com\/quatang1\/#website\"},\"datePublished\":\"2023-02-17T15:05:27+00:00\",\"dateModified\":\"2024-01-09T07:35:08+00:00\",\"breadcrumb\":{\"@id\":\"https:\/\/mau1.hoabinhweb.com\/quatang1\/gioi-thieu\/#breadcrumb\"},\"inLanguage\":\"vi\",\"potentialAction\":[{\"@type\":\"ReadAction\",\"target\":[\"https:\/\/mau1.hoabinhweb.com\/quatang1\/gioi-thieu\/\"]}]},{\"@type\":\"BreadcrumbList\",\"@id\":\"https:\/\/mau1.hoabinhweb.com\/quatang1\/gioi-thieu\/#breadcrumb\",\"itemListElement\":[{\"@type\":\"ListItem\",\"position\":1,\"name\":\"Trang ch\u1ee7\",\"item\":\"https:\/\/mau1.hoabinhweb.com\/quatang1\/\"},{\"@type\":\"ListItem\",\"position\":2,\"name\":\"Gi\u1edbi thi\u1ec7u\"}]},{\"@type\":\"WebSite\",\"@id\":\"https:\/\/mau1.hoabinhweb.com\/quatang1\/#website\",\"url\":\"https:\/\/mau1.hoabinhweb.com\/quatang1\/\",\"name\":\"V\u1ee5n Art\",\"description\":\"\",\"potentialAction\":[{\"@type\":\"SearchAction\",\"target\":{\"@type\":\"EntryPoint\",\"urlTemplate\":\"https:\/\/mau1.hoabinhweb.com\/quatang1\/?s={search_term_string}\"},\"query-input\":\"required name=search_term_string\"}],\"inLanguage\":\"vi\"}]}<\/script>\n<!-- \/ Yoast SEO plugin. -->","yoast_head_json":{"title":"Gi\u1edbi thi\u1ec7u - V\u1ee5n Art","robots":{"index":"noindex","follow":"follow","max-snippet":"max-snippet:-1","max-image-preview":"max-image-preview:large","max-video-preview":"max-video-preview:-1"},"og_locale":"vi_VN","og_type":"article","og_title":"Gi\u1edbi thi\u1ec7u - V\u1ee5n Art","og_description":"V\u1ee5n Art l\u00e0 m\u1ed9t m\u00f4 h\u00ecnh kinh t\u1ebf t\u1eadp th\u1ec3 t\u1ea1o t\u00e1c \u0111\u1ed9ng, \u0111\u01b0\u1ee3c th\u00e0nh l\u1eadp n\u0103m 2017 b\u1edfi anh L\u00ea Vi\u1ec7t C\u01b0\u1eddng, m\u1ed9t ng\u01b0\u1eddi khuy\u1ebft t\u1eadt v\u1eadn \u0111\u1ed9ng. V\u1ee5n Art \u0111\u01b0\u1ee3c ra \u0111\u1eddi v\u1edbi mong mu\u1ed1n gi\u1eef g\u00ecn v\u00e0 gi\u1edbi thi\u1ec7u v\u0103n\u00a0h\u00f3a truy\u1ec1n th\u1ed1ng, t\u1ea1o vi\u1ec7c l\u00e0m cho ng\u01b0\u1eddi khuy\u1ebft t\u1eadt v\u00e0 t\u1eadn d\u1ee5ng","og_url":"https:\/\/mau1.hoabinhweb.com\/quatang1\/gioi-thieu\/","og_site_name":"V\u1ee5n Art","article_modified_time":"2024-01-09T07:35:08+00:00","twitter_card":"summary_large_image","twitter_misc":{"\u01af\u1edbc t\u00ednh th\u1eddi gian \u0111\u1ecdc":"3 ph\u00fat"},"schema":{"@context":"https:\/\/schema.org","@graph":[{"@type":"WebPage","@id":"https:\/\/mau1.hoabinhweb.com\/quatang1\/gioi-thieu\/","url":"https:\/\/mau1.hoabinhweb.com\/quatang1\/gioi-thieu\/","name":"Gi\u1edbi thi\u1ec7u - V\u1ee5n Art","isPartOf":{"@id":"https:\/\/mau1.hoabinhweb.com\/quatang1\/#website"},"datePublished":"2023-02-17T15:05:27+00:00","dateModified":"2024-01-09T07:35:08+00:00","breadcrumb":{"@id":"https:\/\/mau1.hoabinhweb.com\/quatang1\/gioi-thieu\/#breadcrumb"},"inLanguage":"vi","potentialAction":[{"@type":"ReadAction","target":["https:\/\/mau1.hoabinhweb.com\/quatang1\/gioi-thieu\/"]}]},{"@type":"BreadcrumbList","@id":"https:\/\/mau1.hoabinhweb.com\/quatang1\/gioi-thieu\/#breadcrumb","itemListElement":[{"@type":"ListItem","position":1,"name":"Trang ch\u1ee7","item":"https:\/\/mau1.hoabinhweb.com\/quatang1\/"},{"@type":"ListItem","position":2,"name":"Gi\u1edbi thi\u1ec7u"}]},{"@type":"WebSite","@id":"https:\/\/mau1.hoabinhweb.com\/quatang1\/#website","url":"https:\/\/mau1.hoabinhweb.com\/quatang1\/","name":"V\u1ee5n Art","description":"","potentialAction":[{"@type":"SearchAction","target":{"@type":"EntryPoint","urlTemplate":"https:\/\/mau1.hoabinhweb.com\/quatang1\/?s={search_term_string}"},"query-input":"required name=search_term_string"}],"inLanguage":"vi"}]}},"_links":{"self":[{"href":"https:\/\/mau1.hoabinhweb.com\/quatang1\/wp-json\/wp\/v2\/pages\/18","targetHints":{"allow":["GET"]}}],"collection":[{"href":"https:\/\/mau1.hoabinhweb.com\/quatang1\/wp-json\/wp\/v2\/pages"}],"about":[{"href":"https:\/\/mau1.hoabinhweb.com\/quatang1\/wp-json\/wp\/v2\/types\/page"}],"author":[{"embeddable":true,"href":"https:\/\/mau1.hoabinhweb.com\/quatang1\/wp-json\/wp\/v2\/users\/1"}],"replies":[{"embeddable":true,"href":"https:\/\/mau1.hoabinhweb.com\/quatang1\/wp-json\/wp\/v2\/comments?post=18"}],"version-history":[{"count":2,"href":"https:\/\/mau1.hoabinhweb.com\/quatang1\/wp-json\/wp\/v2\/pages\/18\/revisions"}],"predecessor-version":[{"id":104,"href":"https:\/\/mau1.hoabinhweb.com\/quatang1\/wp-json\/wp\/v2\/pages\/18\/revisions\/104"}],"wp:attachment":[{"href":"https:\/\/mau1.hoabinhweb.com\/quatang1\/wp-json\/wp\/v2\/media?parent=18"}],"curies":[{"name":"wp","href":"https:\/\/api.w.org\/{rel}","templated":true}]}}