{"id":19,"date":"2023-02-17T22:05:32","date_gmt":"2023-02-17T15:05:32","guid":{"rendered":"http:\/\/mau1.hoabinhweb.com\/quatang1\/?page_id=19"},"modified":"2024-01-09T14:58:45","modified_gmt":"2024-01-09T07:58:45","slug":"lien-he","status":"publish","type":"page","link":"https:\/\/mau1.hoabinhweb.com\/quatang1\/lien-he\/","title":{"rendered":"Li\u00ean h\u1ec7"},"content":{"rendered":"<h2>V\u1ee5n Art<\/h2>\n<ul>\n<li>\u0110\u1ecba ch\u1ec9: S\u1ed1 16, Ph\u1ed1 L\u1ee5a, V\u1ea1n Ph\u00fac, Q. H\u00e0 \u0110\u00f4ng, H\u00e0 N\u1ed9i<\/li>\n<li>Hotline: 0354 322 244<\/li>\n<li>htx.vunart@gmail.com<\/li>\n<\/ul>\n<h2>B\u1ea3n \u0111\u1ed3 ch\u1ec9 d\u1eabn<\/h2>\n<p><iframe loading=\"lazy\" style=\"border: 0;\" src=\"https:\/\/www.google.com\/maps\/embed?pb=!1m14!1m8!1m3!1d7450.645886919593!2d105.774261!3d20.979688!3m2!1i1024!2i768!4f13.1!3m3!1m2!1s0x3134532e26de46a7%3A0x19b774a832096cbe!2zMTYgUC4gTOG7pWEsIFbhuqFuIFBow7pjLCBIw6AgxJDDtG5nLCBIw6AgTuG7mWksIFZpZXRuYW0!5e0!3m2!1sen!2sus!4v1704787067983!5m2!1sen!2sus\" width=\"100%\" height=\"450\" allowfullscreen=\"allowfullscreen\"><span data-mce-type=\"bookmark\" style=\"display: inline-block; width: 0px; overflow: hidden; line-height: 0;\" class=\"mce_SELRES_start\">\ufeff<\/span><\/iframe><\/p>\n","protected":false},"excerpt":{"rendered":"<p>V\u1ee5n Art \u0110\u1ecba ch\u1ec9: S\u1ed1 16, Ph\u1ed1 L\u1ee5a, V\u1ea1n Ph\u00fac, Q. H\u00e0 \u0110\u00f4ng, H\u00e0 N\u1ed9i Hotline: 0354 322 244 htx.vunart@gmail.com B\u1ea3n \u0111\u1ed3 ch\u1ec9 d\u1eabn \ufeff<\/p>\n","protected":false},"author":1,"featured_media":0,"parent":0,"menu_order":0,"comment_status":"closed","ping_status":"closed","template":"","meta":{"footnotes":""},"class_list":["post-19","page","type-page","status-publish","hentry"],"yoast_head":"<!-- This site is optimized with the Yoast SEO plugin v21.7 - https:\/\/yoast.com\/wordpress\/plugins\/seo\/ -->\n<title>Li\u00ean h\u1ec7 - V\u1ee5n Art<\/title>\n<meta name=\"robots\" content=\"noindex, follow, max-snippet:-1, max-image-preview:large, max-video-preview:-1\" \/>\n<meta property=\"og:locale\" content=\"vi_VN\" \/>\n<meta property=\"og:type\" content=\"article\" \/>\n<meta property=\"og:title\" content=\"Li\u00ean h\u1ec7 - V\u1ee5n Art\" \/>\n<meta property=\"og:description\" content=\"V\u1ee5n Art \u0110\u1ecba ch\u1ec9: S\u1ed1 16, Ph\u1ed1 L\u1ee5a, V\u1ea1n Ph\u00fac, Q. H\u00e0 \u0110\u00f4ng, H\u00e0 N\u1ed9i Hotline: 0354 322 244 htx.vunart@gmail.com B\u1ea3n \u0111\u1ed3 ch\u1ec9 d\u1eabn \ufeff\" \/>\n<meta property=\"og:url\" content=\"https:\/\/mau1.hoabinhweb.com\/quatang1\/lien-he\/\" \/>\n<meta property=\"og:site_name\" content=\"V\u1ee5n Art\" \/>\n<meta property=\"article:modified_time\" content=\"2024-01-09T07:58:45+00:00\" \/>\n<meta name=\"twitter:card\" content=\"summary_large_image\" \/>\n<meta name=\"twitter:label1\" content=\"\u01af\u1edbc t\u00ednh th\u1eddi gian \u0111\u1ecdc\" \/>\n\t<meta name=\"twitter:data1\" content=\"1 ph\u00fat\" \/>\n<script type=\"application\/ld+json\" class=\"yoast-schema-graph\">{\"@context\":\"https:\/\/schema.org\",\"@graph\":[{\"@type\":\"WebPage\",\"@id\":\"https:\/\/mau1.hoabinhweb.com\/quatang1\/lien-he\/\",\"url\":\"https:\/\/mau1.hoabinhweb.com\/quatang1\/lien-he\/\",\"name\":\"Li\u00ean h\u1ec7 - V\u1ee5n Art\",\"isPartOf\":{\"@id\":\"https:\/\/mau1.hoabinhweb.com\/quatang1\/#website\"},\"datePublished\":\"2023-02-17T15:05:32+00:00\",\"dateModified\":\"2024-01-09T07:58:45+00:00\",\"breadcrumb\":{\"@id\":\"https:\/\/mau1.hoabinhweb.com\/quatang1\/lien-he\/#breadcrumb\"},\"inLanguage\":\"vi\",\"potentialAction\":[{\"@type\":\"ReadAction\",\"target\":[\"https:\/\/mau1.hoabinhweb.com\/quatang1\/lien-he\/\"]}]},{\"@type\":\"BreadcrumbList\",\"@id\":\"https:\/\/mau1.hoabinhweb.com\/quatang1\/lien-he\/#breadcrumb\",\"itemListElement\":[{\"@type\":\"ListItem\",\"position\":1,\"name\":\"Trang ch\u1ee7\",\"item\":\"https:\/\/mau1.hoabinhweb.com\/quatang1\/\"},{\"@type\":\"ListItem\",\"position\":2,\"name\":\"Li\u00ean h\u1ec7\"}]},{\"@type\":\"WebSite\",\"@id\":\"https:\/\/mau1.hoabinhweb.com\/quatang1\/#website\",\"url\":\"https:\/\/mau1.hoabinhweb.com\/quatang1\/\",\"name\":\"V\u1ee5n Art\",\"description\":\"\",\"potentialAction\":[{\"@type\":\"SearchAction\",\"target\":{\"@type\":\"EntryPoint\",\"urlTemplate\":\"https:\/\/mau1.hoabinhweb.com\/quatang1\/?s={search_term_string}\"},\"query-input\":\"required name=search_term_string\"}],\"inLanguage\":\"vi\"}]}<\/script>\n<!-- \/ Yoast SEO plugin. -->","yoast_head_json":{"title":"Li\u00ean h\u1ec7 - V\u1ee5n Art","robots":{"index":"noindex","follow":"follow","max-snippet":"max-snippet:-1","max-image-preview":"max-image-preview:large","max-video-preview":"max-video-preview:-1"},"og_locale":"vi_VN","og_type":"article","og_title":"Li\u00ean h\u1ec7 - V\u1ee5n Art","og_description":"V\u1ee5n Art \u0110\u1ecba ch\u1ec9: S\u1ed1 16, Ph\u1ed1 L\u1ee5a, V\u1ea1n Ph\u00fac, Q. H\u00e0 \u0110\u00f4ng, H\u00e0 N\u1ed9i Hotline: 0354 322 244 htx.vunart@gmail.com B\u1ea3n \u0111\u1ed3 ch\u1ec9 d\u1eabn \ufeff","og_url":"https:\/\/mau1.hoabinhweb.com\/quatang1\/lien-he\/","og_site_name":"V\u1ee5n Art","article_modified_time":"2024-01-09T07:58:45+00:00","twitter_card":"summary_large_image","twitter_misc":{"\u01af\u1edbc t\u00ednh th\u1eddi gian \u0111\u1ecdc":"1 ph\u00fat"},"schema":{"@context":"https:\/\/schema.org","@graph":[{"@type":"WebPage","@id":"https:\/\/mau1.hoabinhweb.com\/quatang1\/lien-he\/","url":"https:\/\/mau1.hoabinhweb.com\/quatang1\/lien-he\/","name":"Li\u00ean h\u1ec7 - V\u1ee5n Art","isPartOf":{"@id":"https:\/\/mau1.hoabinhweb.com\/quatang1\/#website"},"datePublished":"2023-02-17T15:05:32+00:00","dateModified":"2024-01-09T07:58:45+00:00","breadcrumb":{"@id":"https:\/\/mau1.hoabinhweb.com\/quatang1\/lien-he\/#breadcrumb"},"inLanguage":"vi","potentialAction":[{"@type":"ReadAction","target":["https:\/\/mau1.hoabinhweb.com\/quatang1\/lien-he\/"]}]},{"@type":"BreadcrumbList","@id":"https:\/\/mau1.hoabinhweb.com\/quatang1\/lien-he\/#breadcrumb","itemListElement":[{"@type":"ListItem","position":1,"name":"Trang ch\u1ee7","item":"https:\/\/mau1.hoabinhweb.com\/quatang1\/"},{"@type":"ListItem","position":2,"name":"Li\u00ean h\u1ec7"}]},{"@type":"WebSite","@id":"https:\/\/mau1.hoabinhweb.com\/quatang1\/#website","url":"https:\/\/mau1.hoabinhweb.com\/quatang1\/","name":"V\u1ee5n Art","description":"","potentialAction":[{"@type":"SearchAction","target":{"@type":"EntryPoint","urlTemplate":"https:\/\/mau1.hoabinhweb.com\/quatang1\/?s={search_term_string}"},"query-input":"required name=search_term_string"}],"inLanguage":"vi"}]}},"_links":{"self":[{"href":"https:\/\/mau1.hoabinhweb.com\/quatang1\/wp-json\/wp\/v2\/pages\/19","targetHints":{"allow":["GET"]}}],"collection":[{"href":"https:\/\/mau1.hoabinhweb.com\/quatang1\/wp-json\/wp\/v2\/pages"}],"about":[{"href":"https:\/\/mau1.hoabinhweb.com\/quatang1\/wp-json\/wp\/v2\/types\/page"}],"author":[{"embeddable":true,"href":"https:\/\/mau1.hoabinhweb.com\/quatang1\/wp-json\/wp\/v2\/users\/1"}],"replies":[{"embeddable":true,"href":"https:\/\/mau1.hoabinhweb.com\/quatang1\/wp-json\/wp\/v2\/comments?post=19"}],"version-history":[{"count":3,"href":"https:\/\/mau1.hoabinhweb.com\/quatang1\/wp-json\/wp\/v2\/pages\/19\/revisions"}],"predecessor-version":[{"id":122,"href":"https:\/\/mau1.hoabinhweb.com\/quatang1\/wp-json\/wp\/v2\/pages\/19\/revisions\/122"}],"wp:attachment":[{"href":"https:\/\/mau1.hoabinhweb.com\/quatang1\/wp-json\/wp\/v2\/media?parent=19"}],"curies":[{"name":"wp","href":"https:\/\/api.w.org\/{rel}","templated":true}]}}