{"id":59,"date":"2024-01-09T14:12:09","date_gmt":"2024-01-09T07:12:09","guid":{"rendered":"https:\/\/mau1.hoabinhweb.com\/quatang1\/?post_type=product&#038;p=59"},"modified":"2024-01-10T15:09:31","modified_gmt":"2024-01-10T08:09:31","slug":"tui-tote-ca-nhan-hoa","status":"publish","type":"product","link":"https:\/\/mau1.hoabinhweb.com\/quatang1\/san-pham\/tui-tote-ca-nhan-hoa\/","title":{"rendered":"T\u00fai Tote C\u00e1 Nh\u00e2n H\u00f3a"},"content":{"rendered":"<p dir=\"ltr\">\u0110i\u1ec1u g\u00ec l\u00e0m n\u00ean s\u1ef1 kh\u00e1c bi\u1ec7t trong s\u1ea3n ph\u1ea9m c\u1ee7a V\u1ee5n?<\/p>\n<p dir=\"ltr\">\u0110\u00f3 ch\u00ednh l\u00e0 s\u1ef1\u00a0kh\u00e9o l\u00e9o v\u00e0 \u0111\u1ed9c \u0111\u00e1o\u00a0 n\u1eb1m \u1edf vi\u1ec7c\u00a0l\u1ef1a ch\u1ecdn nh\u1eefng mi\u1ebfng l\u1ee5a v\u1ee5n\u00a0\u0111\u1ea7y m\u00e0u s\u1eafc, l\u00e0 s\u1ef1 c\u1eaft, d\u00e1n t\u1ec9 m\u1ec9 \u0111\u1ec3 t\u1ea1o n\u00ean m\u1ed9t\u00a0b\u1ee9c tranh s\u1ed1ng \u0111\u1ed9ng. Ho\u00e0n to\u00e0n kh\u00e1c v\u1edbi in hay th\u00eau, nh\u1eefng mi\u1ebfng l\u1ee5a \u0111\u01b0\u1ee3c d\u00e1n b\u1eb1ng m\u1ed9t\u00a0lo\u1ea1i keo \u0111\u1eb7c bi\u1ec7t v\u00e0\u00a0\u0111\u01b0\u1ee3c \u00e9p nhi\u1ec7t k\u0129 c\u00e0ng. Nh\u01b0ng \u0111i\u1ec1u \u0111\u1eb7c bi\u1ec7t nh\u1ea5t \u0111\u00f3 l\u00e0 nh\u1eefng s\u1ea3n ph\u1ea9m &#8220;ngh\u1ec7 thu\u1eadt&#8221; \u0111\u00f3 \u0111\u01b0\u1ee3c l\u00e0m n\u00ean b\u1edfi \u0111\u00f4i b\u00e0n tay c\u1ee7a nh\u1eefng ng\u01b0\u1eddi khuy\u1ebft t\u1eadt.<\/p>\n<p dir=\"ltr\">T\u1ea5t c\u1ea3 nh\u1eefng \u0111i\u1ec1u \u0111\u00f3 t\u1ea1o n\u00ean m\u1ed9t s\u1ea3n ph\u1ea9m \u0110\u1ed8C B\u1ea2N, gi\u00fap b\u1ea1n th\u1ec3 hi\u1ec7n \u0111\u01b0\u1ee3c b\u1ea3n s\u1eafc c\u1ee7a ri\u00eang m\u00ecnh.<\/p>\n<p><img decoding=\"async\" src=\"https:\/\/bizweb.dktcdn.net\/100\/419\/649\/files\/z4191436313985-25c89c52ec510269bf28dbea752a7e0d.jpg?v=1679110224342\" data-thumb=\"original\" \/><\/p>\n","protected":false},"excerpt":{"rendered":"<p><strong>K\u00edch th\u01b0\u1edbc:\u00a0<\/strong><\/p>\n<ul>\n<li>T\u00fai d\u1ecdc: 36x39cm<\/li>\n<\/ul>\n<p dir=\"ltr\"><strong>Ch\u1ea5t li\u1ec7u:<\/strong><\/p>\n<ul>\n<li>V\u1ea3i canvas 9 t\u1eeb c\u00e2y gai d\u1ea7u t\u1ef1 nhi\u00ean (\u0111\u1eb7c bi\u1ec7t kh\u00f4ng h\u1ed3 v\u1ea3i n\u00ean gi\u1eef \u0111\u01b0\u1ee3c d\u00e1ng sau khi gi\u1eb7t)<\/li>\n<li>100% l\u1ee5a V\u1ea1n Ph\u00fac \u0111\u01b0\u1ee3c c\u1eaft, d\u00e1n th\u1ee7 c\u00f4ng v\u00e0 \u00e9p nhi\u1ec7t b\u1eb1ng c\u00f4ng ngh\u1ec7 hi\u1ec7n \u0111\u1ea1i, kh\u00f4ng bong tr\u00f3c khi gi\u1eb7t<\/li>\n<li>T\u00fai nh\u1ecf b\u00ean trong c\u00f3 kh\u00f3a<\/li>\n<li>Khuy d\u1eeba mi\u1ec7ng t\u00fai<\/li>\n<li>H\u1ecda ti\u1ebft c\u00f3 th\u1ec3 thi\u1ebft k\u1ebf theo y\u00eau c\u1ea7u<\/li>\n<\/ul>\n<p><strong>C\u00f4ng d\u1ee5ng:<\/strong>\u00a0L\u00e0m qu\u00e0 t\u1eb7ng, \u0111i ch\u01a1i,\u00a0\u0111i l\u00e0m v.v.<\/p>\n","protected":false},"featured_media":63,"comment_status":"closed","ping_status":"closed","template":"","meta":[],"product_cat":[15,22,23,25,21,19,20,24,26],"product_tag":[],"class_list":{"0":"post-59","1":"product","2":"type-product","3":"status-publish","4":"has-post-thumbnail","6":"product_cat-san-pham-ca-nhan-hoa","7":"product_cat-ao-dai-thoi-trang","8":"product_cat-ao-phong-thoi-trang","9":"product_cat-cac-bo-kit-ghep-tranh","10":"product_cat-qua-tang-doanh-nghiep","11":"product_cat-tranh-lua-ghep-vai","12":"product_cat-tui-tote","13":"product_cat-vi-vai","14":"product_cat-vo-goi","16":"first","17":"instock","18":"shipping-taxable","19":"purchasable","20":"product-type-variable"},"yoast_head":"<!-- This site is optimized with the Yoast SEO plugin v21.7 - https:\/\/yoast.com\/wordpress\/plugins\/seo\/ -->\n<title>T\u00fai Tote C\u00e1 Nh\u00e2n H\u00f3a - V\u1ee5n Art<\/title>\n<meta name=\"robots\" content=\"noindex, follow, max-snippet:-1, max-image-preview:large, max-video-preview:-1\" \/>\n<meta property=\"og:locale\" content=\"vi_VN\" \/>\n<meta property=\"og:type\" content=\"article\" \/>\n<meta property=\"og:title\" content=\"T\u00fai Tote C\u00e1 Nh\u00e2n H\u00f3a - V\u1ee5n Art\" \/>\n<meta property=\"og:description\" content=\"K\u00edch th\u01b0\u1edbc:\u00a0   T\u00fai d\u1ecdc: 36x39cm  Ch\u1ea5t li\u1ec7u:    V\u1ea3i canvas 9 t\u1eeb c\u00e2y gai d\u1ea7u t\u1ef1 nhi\u00ean (\u0111\u1eb7c bi\u1ec7t kh\u00f4ng h\u1ed3 v\u1ea3i n\u00ean gi\u1eef \u0111\u01b0\u1ee3c d\u00e1ng sau khi gi\u1eb7t)  100% l\u1ee5a V\u1ea1n Ph\u00fac \u0111\u01b0\u1ee3c c\u1eaft, d\u00e1n th\u1ee7 c\u00f4ng v\u00e0 \u00e9p nhi\u1ec7t b\u1eb1ng c\u00f4ng ngh\u1ec7 hi\u1ec7n \u0111\u1ea1i, kh\u00f4ng bong tr\u00f3c khi gi\u1eb7t  T\u00fai nh\u1ecf b\u00ean trong c\u00f3 kh\u00f3a  Khuy d\u1eeba mi\u1ec7ng t\u00fai  H\u1ecda ti\u1ebft c\u00f3 th\u1ec3 thi\u1ebft k\u1ebf theo y\u00eau c\u1ea7u  C\u00f4ng d\u1ee5ng:\u00a0L\u00e0m qu\u00e0 t\u1eb7ng, \u0111i ch\u01a1i,\u00a0\u0111i l\u00e0m v.v.\" \/>\n<meta property=\"og:url\" content=\"https:\/\/mau1.hoabinhweb.com\/quatang1\/san-pham\/tui-tote-ca-nhan-hoa\/\" \/>\n<meta property=\"og:site_name\" content=\"V\u1ee5n Art\" \/>\n<meta property=\"article:modified_time\" content=\"2024-01-10T08:09:31+00:00\" \/>\n<meta property=\"og:image\" content=\"https:\/\/mau1.hoabinhweb.com\/quatang1\/wp-content\/uploads\/2024\/01\/sp9.jpg\" \/>\n\t<meta property=\"og:image:width\" content=\"1024\" \/>\n\t<meta property=\"og:image:height\" content=\"1024\" \/>\n\t<meta property=\"og:image:type\" content=\"image\/jpeg\" \/>\n<meta name=\"twitter:card\" content=\"summary_large_image\" \/>\n<meta name=\"twitter:label1\" content=\"\u01af\u1edbc t\u00ednh th\u1eddi gian \u0111\u1ecdc\" \/>\n\t<meta name=\"twitter:data1\" content=\"2 ph\u00fat\" \/>\n<script type=\"application\/ld+json\" class=\"yoast-schema-graph\">{\"@context\":\"https:\/\/schema.org\",\"@graph\":[{\"@type\":\"WebPage\",\"@id\":\"https:\/\/mau1.hoabinhweb.com\/quatang1\/san-pham\/tui-tote-ca-nhan-hoa\/\",\"url\":\"https:\/\/mau1.hoabinhweb.com\/quatang1\/san-pham\/tui-tote-ca-nhan-hoa\/\",\"name\":\"T\u00fai Tote C\u00e1 Nh\u00e2n H\u00f3a - V\u1ee5n Art\",\"isPartOf\":{\"@id\":\"https:\/\/mau1.hoabinhweb.com\/quatang1\/#website\"},\"datePublished\":\"2024-01-09T07:12:09+00:00\",\"dateModified\":\"2024-01-10T08:09:31+00:00\",\"breadcrumb\":{\"@id\":\"https:\/\/mau1.hoabinhweb.com\/quatang1\/san-pham\/tui-tote-ca-nhan-hoa\/#breadcrumb\"},\"inLanguage\":\"vi\",\"potentialAction\":[{\"@type\":\"ReadAction\",\"target\":[\"https:\/\/mau1.hoabinhweb.com\/quatang1\/san-pham\/tui-tote-ca-nhan-hoa\/\"]}]},{\"@type\":\"BreadcrumbList\",\"@id\":\"https:\/\/mau1.hoabinhweb.com\/quatang1\/san-pham\/tui-tote-ca-nhan-hoa\/#breadcrumb\",\"itemListElement\":[{\"@type\":\"ListItem\",\"position\":1,\"name\":\"Trang ch\u1ee7\",\"item\":\"https:\/\/mau1.hoabinhweb.com\/quatang1\/\"},{\"@type\":\"ListItem\",\"position\":2,\"name\":\"S\u1ea3n ph\u1ea9m\",\"item\":\"https:\/\/mau1.hoabinhweb.com\/quatang1\/san-pham\/\"},{\"@type\":\"ListItem\",\"position\":3,\"name\":\"S\u1ea3n ph\u1ea9m c\u00e1 nh\u00e2n h\u00f3a\",\"item\":\"https:\/\/mau1.hoabinhweb.com\/quatang1\/danh-muc\/san-pham-ca-nhan-hoa\/\"},{\"@type\":\"ListItem\",\"position\":4,\"name\":\"T\u00fai Tote C\u00e1 Nh\u00e2n H\u00f3a\"}]},{\"@type\":\"WebSite\",\"@id\":\"https:\/\/mau1.hoabinhweb.com\/quatang1\/#website\",\"url\":\"https:\/\/mau1.hoabinhweb.com\/quatang1\/\",\"name\":\"V\u1ee5n Art\",\"description\":\"\",\"potentialAction\":[{\"@type\":\"SearchAction\",\"target\":{\"@type\":\"EntryPoint\",\"urlTemplate\":\"https:\/\/mau1.hoabinhweb.com\/quatang1\/?s={search_term_string}\"},\"query-input\":\"required name=search_term_string\"}],\"inLanguage\":\"vi\"}]}<\/script>\n<!-- \/ Yoast SEO plugin. -->","yoast_head_json":{"title":"T\u00fai Tote C\u00e1 Nh\u00e2n H\u00f3a - V\u1ee5n Art","robots":{"index":"noindex","follow":"follow","max-snippet":"max-snippet:-1","max-image-preview":"max-image-preview:large","max-video-preview":"max-video-preview:-1"},"og_locale":"vi_VN","og_type":"article","og_title":"T\u00fai Tote C\u00e1 Nh\u00e2n H\u00f3a - V\u1ee5n Art","og_description":"K\u00edch th\u01b0\u1edbc:\u00a0   T\u00fai d\u1ecdc: 36x39cm  Ch\u1ea5t li\u1ec7u:    V\u1ea3i canvas 9 t\u1eeb c\u00e2y gai d\u1ea7u t\u1ef1 nhi\u00ean (\u0111\u1eb7c bi\u1ec7t kh\u00f4ng h\u1ed3 v\u1ea3i n\u00ean gi\u1eef \u0111\u01b0\u1ee3c d\u00e1ng sau khi gi\u1eb7t)  100% l\u1ee5a V\u1ea1n Ph\u00fac \u0111\u01b0\u1ee3c c\u1eaft, d\u00e1n th\u1ee7 c\u00f4ng v\u00e0 \u00e9p nhi\u1ec7t b\u1eb1ng c\u00f4ng ngh\u1ec7 hi\u1ec7n \u0111\u1ea1i, kh\u00f4ng bong tr\u00f3c khi gi\u1eb7t  T\u00fai nh\u1ecf b\u00ean trong c\u00f3 kh\u00f3a  Khuy d\u1eeba mi\u1ec7ng t\u00fai  H\u1ecda ti\u1ebft c\u00f3 th\u1ec3 thi\u1ebft k\u1ebf theo y\u00eau c\u1ea7u  C\u00f4ng d\u1ee5ng:\u00a0L\u00e0m qu\u00e0 t\u1eb7ng, \u0111i ch\u01a1i,\u00a0\u0111i l\u00e0m v.v.","og_url":"https:\/\/mau1.hoabinhweb.com\/quatang1\/san-pham\/tui-tote-ca-nhan-hoa\/","og_site_name":"V\u1ee5n Art","article_modified_time":"2024-01-10T08:09:31+00:00","og_image":[{"width":1024,"height":1024,"url":"https:\/\/mau1.hoabinhweb.com\/quatang1\/wp-content\/uploads\/2024\/01\/sp9.jpg","type":"image\/jpeg"}],"twitter_card":"summary_large_image","twitter_misc":{"\u01af\u1edbc t\u00ednh th\u1eddi gian \u0111\u1ecdc":"2 ph\u00fat"},"schema":{"@context":"https:\/\/schema.org","@graph":[{"@type":"WebPage","@id":"https:\/\/mau1.hoabinhweb.com\/quatang1\/san-pham\/tui-tote-ca-nhan-hoa\/","url":"https:\/\/mau1.hoabinhweb.com\/quatang1\/san-pham\/tui-tote-ca-nhan-hoa\/","name":"T\u00fai Tote C\u00e1 Nh\u00e2n H\u00f3a - V\u1ee5n Art","isPartOf":{"@id":"https:\/\/mau1.hoabinhweb.com\/quatang1\/#website"},"datePublished":"2024-01-09T07:12:09+00:00","dateModified":"2024-01-10T08:09:31+00:00","breadcrumb":{"@id":"https:\/\/mau1.hoabinhweb.com\/quatang1\/san-pham\/tui-tote-ca-nhan-hoa\/#breadcrumb"},"inLanguage":"vi","potentialAction":[{"@type":"ReadAction","target":["https:\/\/mau1.hoabinhweb.com\/quatang1\/san-pham\/tui-tote-ca-nhan-hoa\/"]}]},{"@type":"BreadcrumbList","@id":"https:\/\/mau1.hoabinhweb.com\/quatang1\/san-pham\/tui-tote-ca-nhan-hoa\/#breadcrumb","itemListElement":[{"@type":"ListItem","position":1,"name":"Trang ch\u1ee7","item":"https:\/\/mau1.hoabinhweb.com\/quatang1\/"},{"@type":"ListItem","position":2,"name":"S\u1ea3n ph\u1ea9m","item":"https:\/\/mau1.hoabinhweb.com\/quatang1\/san-pham\/"},{"@type":"ListItem","position":3,"name":"S\u1ea3n ph\u1ea9m c\u00e1 nh\u00e2n h\u00f3a","item":"https:\/\/mau1.hoabinhweb.com\/quatang1\/danh-muc\/san-pham-ca-nhan-hoa\/"},{"@type":"ListItem","position":4,"name":"T\u00fai Tote C\u00e1 Nh\u00e2n H\u00f3a"}]},{"@type":"WebSite","@id":"https:\/\/mau1.hoabinhweb.com\/quatang1\/#website","url":"https:\/\/mau1.hoabinhweb.com\/quatang1\/","name":"V\u1ee5n Art","description":"","potentialAction":[{"@type":"SearchAction","target":{"@type":"EntryPoint","urlTemplate":"https:\/\/mau1.hoabinhweb.com\/quatang1\/?s={search_term_string}"},"query-input":"required name=search_term_string"}],"inLanguage":"vi"}]}},"_links":{"self":[{"href":"https:\/\/mau1.hoabinhweb.com\/quatang1\/wp-json\/wp\/v2\/product\/59","targetHints":{"allow":["GET"]}}],"collection":[{"href":"https:\/\/mau1.hoabinhweb.com\/quatang1\/wp-json\/wp\/v2\/product"}],"about":[{"href":"https:\/\/mau1.hoabinhweb.com\/quatang1\/wp-json\/wp\/v2\/types\/product"}],"replies":[{"embeddable":true,"href":"https:\/\/mau1.hoabinhweb.com\/quatang1\/wp-json\/wp\/v2\/comments?post=59"}],"wp:featuredmedia":[{"embeddable":true,"href":"https:\/\/mau1.hoabinhweb.com\/quatang1\/wp-json\/wp\/v2\/media\/63"}],"wp:attachment":[{"href":"https:\/\/mau1.hoabinhweb.com\/quatang1\/wp-json\/wp\/v2\/media?parent=59"}],"wp:term":[{"taxonomy":"product_cat","embeddable":true,"href":"https:\/\/mau1.hoabinhweb.com\/quatang1\/wp-json\/wp\/v2\/product_cat?post=59"},{"taxonomy":"product_tag","embeddable":true,"href":"https:\/\/mau1.hoabinhweb.com\/quatang1\/wp-json\/wp\/v2\/product_tag?post=59"}],"curies":[{"name":"wp","href":"https:\/\/api.w.org\/{rel}","templated":true}]}}