{"id":62,"date":"2024-01-09T14:12:15","date_gmt":"2024-01-09T07:12:15","guid":{"rendered":"https:\/\/mau1.hoabinhweb.com\/quatang1\/?post_type=product&#038;p=62"},"modified":"2024-01-10T14:57:57","modified_gmt":"2024-01-10T07:57:57","slug":"tranh-ghep-lua-pho-thu-tuong-tran-hong-ha","status":"publish","type":"product","link":"https:\/\/mau1.hoabinhweb.com\/quatang1\/san-pham\/tranh-ghep-lua-pho-thu-tuong-tran-hong-ha\/","title":{"rendered":"Tranh Gh\u00e9p L\u1ee5a Ph\u00f3 Th\u1ee7 T\u01b0\u1edbng Tr\u1ea7n H\u1ed3ng H\u00e0"},"content":{"rendered":"<p dir=\"ltr\">Tranh ch\u00e2n dung Ph\u00f3 Th\u1ee7 T\u01b0\u1edbng Tr\u1ea7n H\u1ed3ng H\u00e0 \u0111\u01b0\u1ee3c nh\u1eefng ng\u01b0\u1eddi th\u1ee3 c\u1ee7a V\u1ee5n t\u1ec9 m\u1ec9 l\u00e0m t\u1eeb nh\u1eefng m\u1ea3nh l\u1ee5a V\u1ea1n Ph\u00fac \u0111\u01b0\u1ee3c tr\u01b0ng b\u00e0y t\u1ea1i H\u1ed9i B\u00e1o to\u00e0n qu\u1ed1c n\u0103m 2023, t\u1ed5 ch\u1ee9c t\u1ea1i B\u1ea3o t\u00e0ng H\u00e0 N\u1ed9i (17-19\/03\/2023)<\/p>\n<p dir=\"ltr\">\u0110i\u1ec1u g\u00ec l\u00e0m n\u00ean s\u1ef1 kh\u00e1c bi\u1ec7t trong s\u1ea3n ph\u1ea9m c\u1ee7a V\u1ee5n? \u0110\u00f3 ch\u00ednh l\u00e0 s\u1ef1\u00a0kh\u00e9o l\u00e9o v\u00e0 \u0111\u1ed9c \u0111\u00e1o\u00a0 n\u1eb1m \u1edf vi\u1ec7c\u00a0l\u1ef1a ch\u1ecdn nh\u1eefng mi\u1ebfng l\u1ee5a v\u1ee5n\u00a0\u0111\u1ea7y m\u00e0u s\u1eafc, l\u00e0 s\u1ef1 c\u1eaft, d\u00e1n t\u1ec9 m\u1ec9 \u0111\u1ec3 t\u1ea1o n\u00ean m\u1ed9t\u00a0b\u1ee9c tranh s\u1ed1ng \u0111\u1ed9ng. Ho\u00e0n to\u00e0n kh\u00e1c v\u1edbi in hay th\u00eau, nh\u1eefng mi\u1ebfng l\u1ee5a \u0111\u01b0\u1ee3c d\u00e1n b\u1eb1ng m\u1ed9t\u00a0lo\u1ea1i keo \u0111\u1eb7c bi\u1ec7t v\u00e0\u00a0\u0111\u01b0\u1ee3c \u00e9p nhi\u1ec7t k\u0129 c\u00e0ng. Nh\u01b0ng \u0111i\u1ec1u \u0111\u1eb7c bi\u1ec7t nh\u1ea5t \u0111\u00f3 l\u00e0 nh\u1eefng s\u1ea3n ph\u1ea9m &#8220;ngh\u1ec7 thu\u1eadt&#8221; \u0111\u00f3 \u0111\u01b0\u1ee3c l\u00e0m n\u00ean b\u1edfi \u0111\u00f4i b\u00e0n tay c\u1ee7a nh\u1eefng ng\u01b0\u1eddi khuy\u1ebft t\u1eadt.<\/p>\n<p dir=\"ltr\">T\u1ea5t c\u1ea3 nh\u1eefng \u0111i\u1ec1u \u0111\u00f3 t\u1ea1o n\u00ean m\u1ed9t s\u1ea3n ph\u1ea9m \u0110\u1ed8C B\u1ea2N ch\u1ec9 c\u00f3 t\u1ea1i V\u1ee5n.<\/p>\n<p dir=\"ltr\"><img decoding=\"async\" src=\"https:\/\/bizweb.dktcdn.net\/100\/419\/649\/products\/tranh-ong-tran-hong-ha-min.jpg?v=1679712862070\" data-thumb=\"original\" \/><\/p>\n<p dir=\"ltr\"><em>Tranh gh\u00e9p l\u1ee5a Ph\u00f3 Th\u1ee7 T\u01b0\u1edbng Tr\u1ea7n H\u1ed3ng H\u00e0<\/em><\/p>\n<p dir=\"ltr\"><img decoding=\"async\" src=\"https:\/\/bizweb.dktcdn.net\/100\/419\/649\/products\/337305507-913882876526129-5933462477429551865-n.jpg?v=1679712862070\" data-thumb=\"original\" \/><\/p>\n<p dir=\"ltr\"><em>Ph\u00f3 Th\u1ee7 T\u01b0\u1edbng th\u0103m gian h\u00e0ng v\u00e0 \u0111\u1ed9ng vi\u00ean tinh th\u1ea7n nh\u1eefng ng\u01b0\u1eddi l\u00e0m t\u1ea1i V\u1ee5n<\/em><\/p>\n<p dir=\"ltr\"><img decoding=\"async\" src=\"https:\/\/bizweb.dktcdn.net\/100\/419\/649\/products\/337149066-928977761467461-3153079524875307734-n.jpg?v=1679712862070\" data-thumb=\"original\" \/><\/p>\n<p dir=\"ltr\"><em>Ph\u00f3 Th\u1ee7 T\u01b0\u1edbng th\u0103m gian h\u00e0ng v\u00e0 \u0111\u1ed9ng vi\u00ean tinh th\u1ea7n nh\u1eefng ng\u01b0\u1eddi l\u00e0m t\u1ea1i V\u1ee5n<\/em><\/p>\n","protected":false},"excerpt":{"rendered":"<p><strong>T\u00ean s\u1ea3n ph\u1ea9m<\/strong>: Tranh\u00a0gh\u00e9p l\u1ee5a ch\u00e2n dung c\u00e1 nh\u00e2n<\/p>\n<p><strong>K\u00edch th\u01b0\u1edbc<\/strong>:\u00a030&#215;42 cm,\u00a042&#215;60 cm ho\u1eb7c theo y\u00eau c\u1ea7u<\/p>\n<p><strong>Ch\u1ea5t li\u1ec7u<\/strong>:<\/p>\n<ul>\n<li>N\u1ec1n tranh \u0111\u01b0\u1ee3c l\u00e0m t\u1eeb v\u1ea3i canvas t\u1ef1 nhi\u00ean.<\/li>\n<li>H\u1ecda ti\u1ebft 100% l\u1ee5a truy\u1ec1n th\u1ed1ng V\u1ea1n Ph\u00fac, nhu\u1ed9m m\u00e0u t\u1ef1 nhi\u00ean ho\u00e0n to\u00e0n kh\u00f4ng h\u00f3a ch\u1ea5t \u0111\u1ed9c h\u1ea1i<\/li>\n<li>B\u1ec1n m\u00e0u, th\u00e2n thi\u1ec7n m\u00f4i tr\u01b0\u1eddng<\/li>\n<\/ul>\n","protected":false},"featured_media":66,"comment_status":"closed","ping_status":"closed","template":"","meta":[],"product_cat":[15,22,23,25,21,19,20,24,26],"product_tag":[],"class_list":{"0":"post-62","1":"product","2":"type-product","3":"status-publish","4":"has-post-thumbnail","6":"product_cat-san-pham-ca-nhan-hoa","7":"product_cat-ao-dai-thoi-trang","8":"product_cat-ao-phong-thoi-trang","9":"product_cat-cac-bo-kit-ghep-tranh","10":"product_cat-qua-tang-doanh-nghiep","11":"product_cat-tranh-lua-ghep-vai","12":"product_cat-tui-tote","13":"product_cat-vi-vai","14":"product_cat-vo-goi","16":"first","17":"instock","18":"shipping-taxable","19":"purchasable","20":"product-type-variable"},"yoast_head":"<!-- This site is optimized with the Yoast SEO plugin v21.7 - https:\/\/yoast.com\/wordpress\/plugins\/seo\/ -->\n<title>Tranh Gh\u00e9p L\u1ee5a Ph\u00f3 Th\u1ee7 T\u01b0\u1edbng Tr\u1ea7n H\u1ed3ng H\u00e0 - V\u1ee5n Art<\/title>\n<meta name=\"robots\" content=\"noindex, follow, max-snippet:-1, max-image-preview:large, max-video-preview:-1\" \/>\n<meta property=\"og:locale\" content=\"vi_VN\" \/>\n<meta property=\"og:type\" content=\"article\" \/>\n<meta property=\"og:title\" content=\"Tranh Gh\u00e9p L\u1ee5a Ph\u00f3 Th\u1ee7 T\u01b0\u1edbng Tr\u1ea7n H\u1ed3ng H\u00e0 - V\u1ee5n Art\" \/>\n<meta property=\"og:description\" content=\"T\u00ean s\u1ea3n ph\u1ea9m: Tranh\u00a0gh\u00e9p l\u1ee5a ch\u00e2n dung c\u00e1 nh\u00e2n  K\u00edch th\u01b0\u1edbc:\u00a030x42 cm,\u00a042x60 cm ho\u1eb7c theo y\u00eau c\u1ea7u  Ch\u1ea5t li\u1ec7u:   N\u1ec1n tranh \u0111\u01b0\u1ee3c l\u00e0m t\u1eeb v\u1ea3i canvas t\u1ef1 nhi\u00ean.  H\u1ecda ti\u1ebft 100% l\u1ee5a truy\u1ec1n th\u1ed1ng V\u1ea1n Ph\u00fac, nhu\u1ed9m m\u00e0u t\u1ef1 nhi\u00ean ho\u00e0n to\u00e0n kh\u00f4ng h\u00f3a ch\u1ea5t \u0111\u1ed9c h\u1ea1i  B\u1ec1n m\u00e0u, th\u00e2n thi\u1ec7n m\u00f4i tr\u01b0\u1eddng\" \/>\n<meta property=\"og:url\" content=\"https:\/\/mau1.hoabinhweb.com\/quatang1\/san-pham\/tranh-ghep-lua-pho-thu-tuong-tran-hong-ha\/\" \/>\n<meta property=\"og:site_name\" content=\"V\u1ee5n Art\" \/>\n<meta property=\"article:modified_time\" content=\"2024-01-10T07:57:57+00:00\" \/>\n<meta property=\"og:image\" content=\"https:\/\/mau1.hoabinhweb.com\/quatang1\/wp-content\/uploads\/2024\/01\/sp12.jpg\" \/>\n\t<meta property=\"og:image:width\" content=\"1024\" \/>\n\t<meta property=\"og:image:height\" content=\"810\" \/>\n\t<meta property=\"og:image:type\" content=\"image\/jpeg\" \/>\n<meta name=\"twitter:card\" content=\"summary_large_image\" \/>\n<meta name=\"twitter:label1\" content=\"\u01af\u1edbc t\u00ednh th\u1eddi gian \u0111\u1ecdc\" \/>\n\t<meta name=\"twitter:data1\" content=\"2 ph\u00fat\" \/>\n<script type=\"application\/ld+json\" class=\"yoast-schema-graph\">{\"@context\":\"https:\/\/schema.org\",\"@graph\":[{\"@type\":\"WebPage\",\"@id\":\"https:\/\/mau1.hoabinhweb.com\/quatang1\/san-pham\/tranh-ghep-lua-pho-thu-tuong-tran-hong-ha\/\",\"url\":\"https:\/\/mau1.hoabinhweb.com\/quatang1\/san-pham\/tranh-ghep-lua-pho-thu-tuong-tran-hong-ha\/\",\"name\":\"Tranh Gh\u00e9p L\u1ee5a Ph\u00f3 Th\u1ee7 T\u01b0\u1edbng Tr\u1ea7n H\u1ed3ng H\u00e0 - V\u1ee5n Art\",\"isPartOf\":{\"@id\":\"https:\/\/mau1.hoabinhweb.com\/quatang1\/#website\"},\"datePublished\":\"2024-01-09T07:12:15+00:00\",\"dateModified\":\"2024-01-10T07:57:57+00:00\",\"breadcrumb\":{\"@id\":\"https:\/\/mau1.hoabinhweb.com\/quatang1\/san-pham\/tranh-ghep-lua-pho-thu-tuong-tran-hong-ha\/#breadcrumb\"},\"inLanguage\":\"vi\",\"potentialAction\":[{\"@type\":\"ReadAction\",\"target\":[\"https:\/\/mau1.hoabinhweb.com\/quatang1\/san-pham\/tranh-ghep-lua-pho-thu-tuong-tran-hong-ha\/\"]}]},{\"@type\":\"BreadcrumbList\",\"@id\":\"https:\/\/mau1.hoabinhweb.com\/quatang1\/san-pham\/tranh-ghep-lua-pho-thu-tuong-tran-hong-ha\/#breadcrumb\",\"itemListElement\":[{\"@type\":\"ListItem\",\"position\":1,\"name\":\"Trang ch\u1ee7\",\"item\":\"https:\/\/mau1.hoabinhweb.com\/quatang1\/\"},{\"@type\":\"ListItem\",\"position\":2,\"name\":\"S\u1ea3n ph\u1ea9m\",\"item\":\"https:\/\/mau1.hoabinhweb.com\/quatang1\/san-pham\/\"},{\"@type\":\"ListItem\",\"position\":3,\"name\":\"S\u1ea3n ph\u1ea9m c\u00e1 nh\u00e2n h\u00f3a\",\"item\":\"https:\/\/mau1.hoabinhweb.com\/quatang1\/danh-muc\/san-pham-ca-nhan-hoa\/\"},{\"@type\":\"ListItem\",\"position\":4,\"name\":\"Tranh Gh\u00e9p L\u1ee5a Ph\u00f3 Th\u1ee7 T\u01b0\u1edbng Tr\u1ea7n H\u1ed3ng H\u00e0\"}]},{\"@type\":\"WebSite\",\"@id\":\"https:\/\/mau1.hoabinhweb.com\/quatang1\/#website\",\"url\":\"https:\/\/mau1.hoabinhweb.com\/quatang1\/\",\"name\":\"V\u1ee5n Art\",\"description\":\"\",\"potentialAction\":[{\"@type\":\"SearchAction\",\"target\":{\"@type\":\"EntryPoint\",\"urlTemplate\":\"https:\/\/mau1.hoabinhweb.com\/quatang1\/?s={search_term_string}\"},\"query-input\":\"required name=search_term_string\"}],\"inLanguage\":\"vi\"}]}<\/script>\n<!-- \/ Yoast SEO plugin. -->","yoast_head_json":{"title":"Tranh Gh\u00e9p L\u1ee5a Ph\u00f3 Th\u1ee7 T\u01b0\u1edbng Tr\u1ea7n H\u1ed3ng H\u00e0 - V\u1ee5n Art","robots":{"index":"noindex","follow":"follow","max-snippet":"max-snippet:-1","max-image-preview":"max-image-preview:large","max-video-preview":"max-video-preview:-1"},"og_locale":"vi_VN","og_type":"article","og_title":"Tranh Gh\u00e9p L\u1ee5a Ph\u00f3 Th\u1ee7 T\u01b0\u1edbng Tr\u1ea7n H\u1ed3ng H\u00e0 - V\u1ee5n Art","og_description":"T\u00ean s\u1ea3n ph\u1ea9m: Tranh\u00a0gh\u00e9p l\u1ee5a ch\u00e2n dung c\u00e1 nh\u00e2n  K\u00edch th\u01b0\u1edbc:\u00a030x42 cm,\u00a042x60 cm ho\u1eb7c theo y\u00eau c\u1ea7u  Ch\u1ea5t li\u1ec7u:   N\u1ec1n tranh \u0111\u01b0\u1ee3c l\u00e0m t\u1eeb v\u1ea3i canvas t\u1ef1 nhi\u00ean.  H\u1ecda ti\u1ebft 100% l\u1ee5a truy\u1ec1n th\u1ed1ng V\u1ea1n Ph\u00fac, nhu\u1ed9m m\u00e0u t\u1ef1 nhi\u00ean ho\u00e0n to\u00e0n kh\u00f4ng h\u00f3a ch\u1ea5t \u0111\u1ed9c h\u1ea1i  B\u1ec1n m\u00e0u, th\u00e2n thi\u1ec7n m\u00f4i tr\u01b0\u1eddng","og_url":"https:\/\/mau1.hoabinhweb.com\/quatang1\/san-pham\/tranh-ghep-lua-pho-thu-tuong-tran-hong-ha\/","og_site_name":"V\u1ee5n Art","article_modified_time":"2024-01-10T07:57:57+00:00","og_image":[{"width":1024,"height":810,"url":"https:\/\/mau1.hoabinhweb.com\/quatang1\/wp-content\/uploads\/2024\/01\/sp12.jpg","type":"image\/jpeg"}],"twitter_card":"summary_large_image","twitter_misc":{"\u01af\u1edbc t\u00ednh th\u1eddi gian \u0111\u1ecdc":"2 ph\u00fat"},"schema":{"@context":"https:\/\/schema.org","@graph":[{"@type":"WebPage","@id":"https:\/\/mau1.hoabinhweb.com\/quatang1\/san-pham\/tranh-ghep-lua-pho-thu-tuong-tran-hong-ha\/","url":"https:\/\/mau1.hoabinhweb.com\/quatang1\/san-pham\/tranh-ghep-lua-pho-thu-tuong-tran-hong-ha\/","name":"Tranh Gh\u00e9p L\u1ee5a Ph\u00f3 Th\u1ee7 T\u01b0\u1edbng Tr\u1ea7n H\u1ed3ng H\u00e0 - V\u1ee5n Art","isPartOf":{"@id":"https:\/\/mau1.hoabinhweb.com\/quatang1\/#website"},"datePublished":"2024-01-09T07:12:15+00:00","dateModified":"2024-01-10T07:57:57+00:00","breadcrumb":{"@id":"https:\/\/mau1.hoabinhweb.com\/quatang1\/san-pham\/tranh-ghep-lua-pho-thu-tuong-tran-hong-ha\/#breadcrumb"},"inLanguage":"vi","potentialAction":[{"@type":"ReadAction","target":["https:\/\/mau1.hoabinhweb.com\/quatang1\/san-pham\/tranh-ghep-lua-pho-thu-tuong-tran-hong-ha\/"]}]},{"@type":"BreadcrumbList","@id":"https:\/\/mau1.hoabinhweb.com\/quatang1\/san-pham\/tranh-ghep-lua-pho-thu-tuong-tran-hong-ha\/#breadcrumb","itemListElement":[{"@type":"ListItem","position":1,"name":"Trang ch\u1ee7","item":"https:\/\/mau1.hoabinhweb.com\/quatang1\/"},{"@type":"ListItem","position":2,"name":"S\u1ea3n ph\u1ea9m","item":"https:\/\/mau1.hoabinhweb.com\/quatang1\/san-pham\/"},{"@type":"ListItem","position":3,"name":"S\u1ea3n ph\u1ea9m c\u00e1 nh\u00e2n h\u00f3a","item":"https:\/\/mau1.hoabinhweb.com\/quatang1\/danh-muc\/san-pham-ca-nhan-hoa\/"},{"@type":"ListItem","position":4,"name":"Tranh Gh\u00e9p L\u1ee5a Ph\u00f3 Th\u1ee7 T\u01b0\u1edbng Tr\u1ea7n H\u1ed3ng H\u00e0"}]},{"@type":"WebSite","@id":"https:\/\/mau1.hoabinhweb.com\/quatang1\/#website","url":"https:\/\/mau1.hoabinhweb.com\/quatang1\/","name":"V\u1ee5n Art","description":"","potentialAction":[{"@type":"SearchAction","target":{"@type":"EntryPoint","urlTemplate":"https:\/\/mau1.hoabinhweb.com\/quatang1\/?s={search_term_string}"},"query-input":"required name=search_term_string"}],"inLanguage":"vi"}]}},"_links":{"self":[{"href":"https:\/\/mau1.hoabinhweb.com\/quatang1\/wp-json\/wp\/v2\/product\/62","targetHints":{"allow":["GET"]}}],"collection":[{"href":"https:\/\/mau1.hoabinhweb.com\/quatang1\/wp-json\/wp\/v2\/product"}],"about":[{"href":"https:\/\/mau1.hoabinhweb.com\/quatang1\/wp-json\/wp\/v2\/types\/product"}],"replies":[{"embeddable":true,"href":"https:\/\/mau1.hoabinhweb.com\/quatang1\/wp-json\/wp\/v2\/comments?post=62"}],"wp:featuredmedia":[{"embeddable":true,"href":"https:\/\/mau1.hoabinhweb.com\/quatang1\/wp-json\/wp\/v2\/media\/66"}],"wp:attachment":[{"href":"https:\/\/mau1.hoabinhweb.com\/quatang1\/wp-json\/wp\/v2\/media?parent=62"}],"wp:term":[{"taxonomy":"product_cat","embeddable":true,"href":"https:\/\/mau1.hoabinhweb.com\/quatang1\/wp-json\/wp\/v2\/product_cat?post=62"},{"taxonomy":"product_tag","embeddable":true,"href":"https:\/\/mau1.hoabinhweb.com\/quatang1\/wp-json\/wp\/v2\/product_tag?post=62"}],"curies":[{"name":"wp","href":"https:\/\/api.w.org\/{rel}","templated":true}]}}