{"id":70,"date":"2024-01-09T14:17:40","date_gmt":"2024-01-09T07:17:40","guid":{"rendered":"https:\/\/mau1.hoabinhweb.com\/quatang1\/?post_type=product&#038;p=70"},"modified":"2024-06-18T11:05:32","modified_gmt":"2024-06-18T04:05:32","slug":"vo-goi-ca-nhan-hoa","status":"publish","type":"product","link":"https:\/\/mau1.hoabinhweb.com\/quatang1\/san-pham\/vo-goi-ca-nhan-hoa\/","title":{"rendered":"V\u1ecf G\u1ed1i C\u00e1 Nh\u00e2n H\u00f3a"},"content":{"rendered":"<p><img decoding=\"async\" src=\"https:\/\/bizweb.dktcdn.net\/100\/419\/649\/files\/huong-dan-giat-san-pham-tui-tote-canva-vunart-c0a77a1a-3be4-4093-83a6-28cd3d669c95.jpg?v=1663383436775\" \/><\/p>\n","protected":false},"excerpt":{"rendered":"<p><strong>K\u00edch th\u01b0\u1edbc:\u00a0<\/strong>45&#215;45 cm<\/p>\n<p><strong>Ch\u1ea5t li\u1ec7u:<\/strong><\/p>\n<ul>\n<li>V\u1ea3i lanh Th\u00e1i, v\u1ea3i canvas<\/li>\n<li>H\u1ecda ti\u1ebft 100% gh\u00e9p b\u1eb1ng v\u1ea3i l\u1ee5a V\u1ea1n Ph\u00fac H\u00e0 \u0110\u00f4ng \u0111\u01b0\u1ee3c\u00a0d\u00e1n, \u00e9p nhi\u1ec7t b\u1eb1ng c\u00f4ng ngh\u1ec7 hi\u1ec7n \u0111\u1ea1i, kh\u00f4ng lo bong tr\u00f3c<\/li>\n<li>C\u00f3 th\u1ec3 gi\u1eb7t tay ho\u1eb7c m\u00e1y<\/li>\n<\/ul>\n<p><strong>C\u00f4ng d\u1ee5ng:\u00a0<\/strong>d\u00f9ng l\u00e0m g\u1ed1i t\u1ef1a gh\u1ebf sofa, gh\u1ebf v\u0103n ph\u00f2ng, gh\u1ebf \u00f4 t\u00f4, g\u1ed1i \u0111\u1ea7u ng\u1ee7, qu\u00e0 t\u1eb7ng\u2026<\/p>\n<p><strong>Ch\u00fa \u00fd:<\/strong>\u00a0H\u1ecda ti\u1ebft c\u00f3 th\u1ec3 \u0111\u01b0\u1ee3c thi\u1ebft k\u1ebf theo y\u00eau c\u1ea7u c\u1ee7a kh\u00e1ch<\/p>\n","protected":false},"featured_media":74,"comment_status":"closed","ping_status":"closed","template":"","meta":[],"product_cat":[15,22,23,25,21,19,20,24,26],"product_tag":[],"class_list":{"0":"post-70","1":"product","2":"type-product","3":"status-publish","4":"has-post-thumbnail","6":"product_cat-san-pham-ca-nhan-hoa","7":"product_cat-ao-dai-thoi-trang","8":"product_cat-ao-phong-thoi-trang","9":"product_cat-cac-bo-kit-ghep-tranh","10":"product_cat-qua-tang-doanh-nghiep","11":"product_cat-tranh-lua-ghep-vai","12":"product_cat-tui-tote","13":"product_cat-vi-vai","14":"product_cat-vo-goi","16":"first","17":"instock","18":"sale","19":"shipping-taxable","20":"purchasable","21":"product-type-variable"},"yoast_head":"<!-- This site is optimized with the Yoast SEO plugin v21.7 - https:\/\/yoast.com\/wordpress\/plugins\/seo\/ -->\n<title>V\u1ecf G\u1ed1i C\u00e1 Nh\u00e2n H\u00f3a - V\u1ee5n Art<\/title>\n<meta name=\"robots\" content=\"noindex, follow, max-snippet:-1, max-image-preview:large, max-video-preview:-1\" \/>\n<meta property=\"og:locale\" content=\"vi_VN\" \/>\n<meta property=\"og:type\" content=\"article\" \/>\n<meta property=\"og:title\" content=\"V\u1ecf G\u1ed1i C\u00e1 Nh\u00e2n H\u00f3a - V\u1ee5n Art\" \/>\n<meta property=\"og:description\" content=\"K\u00edch th\u01b0\u1edbc:\u00a045x45 cm  Ch\u1ea5t li\u1ec7u:   V\u1ea3i lanh Th\u00e1i, v\u1ea3i canvas  H\u1ecda ti\u1ebft 100% gh\u00e9p b\u1eb1ng v\u1ea3i l\u1ee5a V\u1ea1n Ph\u00fac H\u00e0 \u0110\u00f4ng \u0111\u01b0\u1ee3c\u00a0d\u00e1n, \u00e9p nhi\u1ec7t b\u1eb1ng c\u00f4ng ngh\u1ec7 hi\u1ec7n \u0111\u1ea1i, kh\u00f4ng lo bong tr\u00f3c  C\u00f3 th\u1ec3 gi\u1eb7t tay ho\u1eb7c m\u00e1y  C\u00f4ng d\u1ee5ng:\u00a0d\u00f9ng l\u00e0m g\u1ed1i t\u1ef1a gh\u1ebf sofa, gh\u1ebf v\u0103n ph\u00f2ng, gh\u1ebf \u00f4 t\u00f4, g\u1ed1i \u0111\u1ea7u ng\u1ee7, qu\u00e0 t\u1eb7ng\u2026  Ch\u00fa \u00fd:\u00a0H\u1ecda ti\u1ebft c\u00f3 th\u1ec3 \u0111\u01b0\u1ee3c thi\u1ebft k\u1ebf theo y\u00eau c\u1ea7u c\u1ee7a kh\u00e1ch\" \/>\n<meta property=\"og:url\" content=\"https:\/\/mau1.hoabinhweb.com\/quatang1\/san-pham\/vo-goi-ca-nhan-hoa\/\" \/>\n<meta property=\"og:site_name\" content=\"V\u1ee5n Art\" \/>\n<meta property=\"article:modified_time\" content=\"2024-06-18T04:05:32+00:00\" \/>\n<meta property=\"og:image\" content=\"https:\/\/mau1.hoabinhweb.com\/quatang1\/wp-content\/uploads\/2024\/01\/sp16.jpg\" \/>\n\t<meta property=\"og:image:width\" content=\"757\" \/>\n\t<meta property=\"og:image:height\" content=\"760\" \/>\n\t<meta property=\"og:image:type\" content=\"image\/jpeg\" \/>\n<meta name=\"twitter:card\" content=\"summary_large_image\" \/>\n<meta name=\"twitter:label1\" content=\"\u01af\u1edbc t\u00ednh th\u1eddi gian \u0111\u1ecdc\" \/>\n\t<meta name=\"twitter:data1\" content=\"1 ph\u00fat\" \/>\n<script type=\"application\/ld+json\" class=\"yoast-schema-graph\">{\"@context\":\"https:\/\/schema.org\",\"@graph\":[{\"@type\":\"WebPage\",\"@id\":\"https:\/\/mau1.hoabinhweb.com\/quatang1\/san-pham\/vo-goi-ca-nhan-hoa\/\",\"url\":\"https:\/\/mau1.hoabinhweb.com\/quatang1\/san-pham\/vo-goi-ca-nhan-hoa\/\",\"name\":\"V\u1ecf G\u1ed1i C\u00e1 Nh\u00e2n H\u00f3a - V\u1ee5n Art\",\"isPartOf\":{\"@id\":\"https:\/\/mau1.hoabinhweb.com\/quatang1\/#website\"},\"datePublished\":\"2024-01-09T07:17:40+00:00\",\"dateModified\":\"2024-06-18T04:05:32+00:00\",\"breadcrumb\":{\"@id\":\"https:\/\/mau1.hoabinhweb.com\/quatang1\/san-pham\/vo-goi-ca-nhan-hoa\/#breadcrumb\"},\"inLanguage\":\"vi\",\"potentialAction\":[{\"@type\":\"ReadAction\",\"target\":[\"https:\/\/mau1.hoabinhweb.com\/quatang1\/san-pham\/vo-goi-ca-nhan-hoa\/\"]}]},{\"@type\":\"BreadcrumbList\",\"@id\":\"https:\/\/mau1.hoabinhweb.com\/quatang1\/san-pham\/vo-goi-ca-nhan-hoa\/#breadcrumb\",\"itemListElement\":[{\"@type\":\"ListItem\",\"position\":1,\"name\":\"Trang ch\u1ee7\",\"item\":\"https:\/\/mau1.hoabinhweb.com\/quatang1\/\"},{\"@type\":\"ListItem\",\"position\":2,\"name\":\"S\u1ea3n ph\u1ea9m\",\"item\":\"https:\/\/mau1.hoabinhweb.com\/quatang1\/san-pham\/\"},{\"@type\":\"ListItem\",\"position\":3,\"name\":\"S\u1ea3n ph\u1ea9m c\u00e1 nh\u00e2n h\u00f3a\",\"item\":\"https:\/\/mau1.hoabinhweb.com\/quatang1\/danh-muc\/san-pham-ca-nhan-hoa\/\"},{\"@type\":\"ListItem\",\"position\":4,\"name\":\"V\u1ecf G\u1ed1i C\u00e1 Nh\u00e2n H\u00f3a\"}]},{\"@type\":\"WebSite\",\"@id\":\"https:\/\/mau1.hoabinhweb.com\/quatang1\/#website\",\"url\":\"https:\/\/mau1.hoabinhweb.com\/quatang1\/\",\"name\":\"V\u1ee5n Art\",\"description\":\"\",\"potentialAction\":[{\"@type\":\"SearchAction\",\"target\":{\"@type\":\"EntryPoint\",\"urlTemplate\":\"https:\/\/mau1.hoabinhweb.com\/quatang1\/?s={search_term_string}\"},\"query-input\":\"required name=search_term_string\"}],\"inLanguage\":\"vi\"}]}<\/script>\n<!-- \/ Yoast SEO plugin. -->","yoast_head_json":{"title":"V\u1ecf G\u1ed1i C\u00e1 Nh\u00e2n H\u00f3a - V\u1ee5n Art","robots":{"index":"noindex","follow":"follow","max-snippet":"max-snippet:-1","max-image-preview":"max-image-preview:large","max-video-preview":"max-video-preview:-1"},"og_locale":"vi_VN","og_type":"article","og_title":"V\u1ecf G\u1ed1i C\u00e1 Nh\u00e2n H\u00f3a - V\u1ee5n Art","og_description":"K\u00edch th\u01b0\u1edbc:\u00a045x45 cm  Ch\u1ea5t li\u1ec7u:   V\u1ea3i lanh Th\u00e1i, v\u1ea3i canvas  H\u1ecda ti\u1ebft 100% gh\u00e9p b\u1eb1ng v\u1ea3i l\u1ee5a V\u1ea1n Ph\u00fac H\u00e0 \u0110\u00f4ng \u0111\u01b0\u1ee3c\u00a0d\u00e1n, \u00e9p nhi\u1ec7t b\u1eb1ng c\u00f4ng ngh\u1ec7 hi\u1ec7n \u0111\u1ea1i, kh\u00f4ng lo bong tr\u00f3c  C\u00f3 th\u1ec3 gi\u1eb7t tay ho\u1eb7c m\u00e1y  C\u00f4ng d\u1ee5ng:\u00a0d\u00f9ng l\u00e0m g\u1ed1i t\u1ef1a gh\u1ebf sofa, gh\u1ebf v\u0103n ph\u00f2ng, gh\u1ebf \u00f4 t\u00f4, g\u1ed1i \u0111\u1ea7u ng\u1ee7, qu\u00e0 t\u1eb7ng\u2026  Ch\u00fa \u00fd:\u00a0H\u1ecda ti\u1ebft c\u00f3 th\u1ec3 \u0111\u01b0\u1ee3c thi\u1ebft k\u1ebf theo y\u00eau c\u1ea7u c\u1ee7a kh\u00e1ch","og_url":"https:\/\/mau1.hoabinhweb.com\/quatang1\/san-pham\/vo-goi-ca-nhan-hoa\/","og_site_name":"V\u1ee5n Art","article_modified_time":"2024-06-18T04:05:32+00:00","og_image":[{"width":757,"height":760,"url":"https:\/\/mau1.hoabinhweb.com\/quatang1\/wp-content\/uploads\/2024\/01\/sp16.jpg","type":"image\/jpeg"}],"twitter_card":"summary_large_image","twitter_misc":{"\u01af\u1edbc t\u00ednh th\u1eddi gian \u0111\u1ecdc":"1 ph\u00fat"},"schema":{"@context":"https:\/\/schema.org","@graph":[{"@type":"WebPage","@id":"https:\/\/mau1.hoabinhweb.com\/quatang1\/san-pham\/vo-goi-ca-nhan-hoa\/","url":"https:\/\/mau1.hoabinhweb.com\/quatang1\/san-pham\/vo-goi-ca-nhan-hoa\/","name":"V\u1ecf G\u1ed1i C\u00e1 Nh\u00e2n H\u00f3a - V\u1ee5n Art","isPartOf":{"@id":"https:\/\/mau1.hoabinhweb.com\/quatang1\/#website"},"datePublished":"2024-01-09T07:17:40+00:00","dateModified":"2024-06-18T04:05:32+00:00","breadcrumb":{"@id":"https:\/\/mau1.hoabinhweb.com\/quatang1\/san-pham\/vo-goi-ca-nhan-hoa\/#breadcrumb"},"inLanguage":"vi","potentialAction":[{"@type":"ReadAction","target":["https:\/\/mau1.hoabinhweb.com\/quatang1\/san-pham\/vo-goi-ca-nhan-hoa\/"]}]},{"@type":"BreadcrumbList","@id":"https:\/\/mau1.hoabinhweb.com\/quatang1\/san-pham\/vo-goi-ca-nhan-hoa\/#breadcrumb","itemListElement":[{"@type":"ListItem","position":1,"name":"Trang ch\u1ee7","item":"https:\/\/mau1.hoabinhweb.com\/quatang1\/"},{"@type":"ListItem","position":2,"name":"S\u1ea3n ph\u1ea9m","item":"https:\/\/mau1.hoabinhweb.com\/quatang1\/san-pham\/"},{"@type":"ListItem","position":3,"name":"S\u1ea3n ph\u1ea9m c\u00e1 nh\u00e2n h\u00f3a","item":"https:\/\/mau1.hoabinhweb.com\/quatang1\/danh-muc\/san-pham-ca-nhan-hoa\/"},{"@type":"ListItem","position":4,"name":"V\u1ecf G\u1ed1i C\u00e1 Nh\u00e2n H\u00f3a"}]},{"@type":"WebSite","@id":"https:\/\/mau1.hoabinhweb.com\/quatang1\/#website","url":"https:\/\/mau1.hoabinhweb.com\/quatang1\/","name":"V\u1ee5n Art","description":"","potentialAction":[{"@type":"SearchAction","target":{"@type":"EntryPoint","urlTemplate":"https:\/\/mau1.hoabinhweb.com\/quatang1\/?s={search_term_string}"},"query-input":"required name=search_term_string"}],"inLanguage":"vi"}]}},"_links":{"self":[{"href":"https:\/\/mau1.hoabinhweb.com\/quatang1\/wp-json\/wp\/v2\/product\/70","targetHints":{"allow":["GET"]}}],"collection":[{"href":"https:\/\/mau1.hoabinhweb.com\/quatang1\/wp-json\/wp\/v2\/product"}],"about":[{"href":"https:\/\/mau1.hoabinhweb.com\/quatang1\/wp-json\/wp\/v2\/types\/product"}],"replies":[{"embeddable":true,"href":"https:\/\/mau1.hoabinhweb.com\/quatang1\/wp-json\/wp\/v2\/comments?post=70"}],"wp:featuredmedia":[{"embeddable":true,"href":"https:\/\/mau1.hoabinhweb.com\/quatang1\/wp-json\/wp\/v2\/media\/74"}],"wp:attachment":[{"href":"https:\/\/mau1.hoabinhweb.com\/quatang1\/wp-json\/wp\/v2\/media?parent=70"}],"wp:term":[{"taxonomy":"product_cat","embeddable":true,"href":"https:\/\/mau1.hoabinhweb.com\/quatang1\/wp-json\/wp\/v2\/product_cat?post=70"},{"taxonomy":"product_tag","embeddable":true,"href":"https:\/\/mau1.hoabinhweb.com\/quatang1\/wp-json\/wp\/v2\/product_tag?post=70"}],"curies":[{"name":"wp","href":"https:\/\/api.w.org\/{rel}","templated":true}]}}