{"id":18,"date":"2023-02-17T22:05:27","date_gmt":"2023-02-17T15:05:27","guid":{"rendered":"http:\/\/mau1.hoabinhweb.com\/thoitrang1\/?page_id=18"},"modified":"2024-05-07T15:50:31","modified_gmt":"2024-05-07T08:50:31","slug":"ve-rustico","status":"publish","type":"page","link":"https:\/\/mau1.hoabinhweb.com\/thoitrang1\/ve-rustico\/","title":{"rendered":"V\u1ec1 Rustico"},"content":{"rendered":"\n\t<section class=\"section home-section page-about page-about1\" id=\"section_1757310139\">\n\t\t<div class=\"bg section-bg fill bg-fill  \">\n\n\t\t\t\n\t\t\t\n\t\t\t\n\n\t\t<\/div>\n\n\t\t\n\n\t\t<div class=\"section-content relative\">\n\t\t\t\n\n\t<div id=\"text-929765613\" class=\"text tieude\">\n\t\t\n\n<p>Ch\u00e0o m\u1eebng b\u1ea1n \u0111\u1ebfn v\u1edbi Rustico<\/p>\n<h2>Th\u01b0\u01a1ng hi\u1ec7u th\u1eddi trang d\u00e0nh cho nam v\u1edbi phong c\u00e1ch b\u1ee5i b\u1eb7m\u2026<br \/>\n<\/h2>\n\t\t\t<\/div>\n\t\n\t<div class=\"box has-hover   has-hover box-text-bottom\">\n\n\t\t<div class=\"box-image\">\n\t\t\t\t\t\t<div class=\"\">\n\t\t\t\t<img loading=\"lazy\" decoding=\"async\" width=\"418\" height=\"585\" src=\"https:\/\/mau1.hoabinhweb.com\/thoitrang1\/wp-content\/uploads\/2023\/10\/banner-about.png\" class=\"attachment- size-\" alt=\"Banner About\" \/>\t\t\t\t\t\t\t\t\t\t\t<\/div>\n\t\t\t\t\t<\/div>\n\n\t\t<div class=\"box-text text-center\">\n\t\t\t<div class=\"box-text-inner\">\n\t\t\t\t\n\n<h3>Ch\u00fang t\u00f4i l\u00e0 rustico<\/h3>\n<p>Ch\u00e0o m\u1eebng b\u1ea1n \u0111\u1ebfn v\u1edbi Rustico \u2013 n\u01a1i kh\u00e1m ph\u00e1 v\u00e0 th\u1ec3 hi\u1ec7n ni\u1ec1m \u0111am m\u00ea c\u1ee7a ch\u00ednh b\u1ea1n th\u00f4ng qua t\u1eebng \u0111\u01b0\u1eddng may, t\u1eebng s\u1ee3i ch\u1ec9.<\/p>\n<p>\u1ede Rustico, ch\u00fang t\u00f4i kh\u00f4ng ch\u1ec9 cung c\u1ea5p qu\u1ea7n kaki, jean, \u00e1o kaki, v\u00e0 denim \u2013 ch\u00fang t\u00f4i l\u00e0 ngu\u1ed3n c\u1ea3m h\u1ee9ng cho nh\u1eefng ng\u01b0\u1eddi \u0111\u00e0n \u00f4ng \u0111a chi\u1ec1u, nh\u1eefng ng\u01b0\u1eddi mu\u1ed1n s\u1ed1ng \u0111\u00fang ch\u1ea5t c\u1ee7a m\u00ecnh v\u00e0 \u0103n m\u1eb7c theo phong c\u00e1ch ri\u00eang.<\/p>\n<p>Ch\u00fang t\u00f4i tin r\u1eb1ng, s\u1ef1 tho\u1ea3i m\u00e1i l\u00e0 ch\u00eca kh\u00f3a \u0111\u1ec3 t\u1ef1 tin, v\u00e0 m\u1ed7i s\u1ea3n ph\u1ea9m c\u1ee7a ch\u00fang t\u00f4i \u0111\u01b0\u1ee3c thi\u1ebft k\u1ebf v\u1edbi s\u1ef1 co gi\u00e3n linh ho\u1ea1t, \u0111\u1ec3 b\u1ea1n c\u00f3 th\u1ec3 t\u1ef1 tin b\u01b0\u1edbc \u0111i m\u1ecdi n\u01a1i, m\u1ecdi l\u00fac.<\/p>\n<p>Rustico kh\u00f4ng ch\u1ec9 l\u00e0 m\u1ed9t th\u01b0\u01a1ng hi\u1ec7u th\u1eddi trang, m\u00e0 l\u00e0 ng\u01b0\u1eddi b\u1ea1n \u0111\u1ed3ng h\u00e0nh, \u0111\u1ed3ng s\u00e1ng t\u1ea1o c\u1ee7a nh\u1eefng ng\u01b0\u1eddi \u0111\u00e0n \u00f4ng c\u00f3 t\u00ednh c\u00e1ch \u0111a d\u1ea1ng. \u0110\u1ebfn v\u1edbi Rustico, b\u1ea1n kh\u00f4ng ch\u1ec9 mua qu\u1ea7n \u00e1o, m\u00e0 c\u00f2n kh\u00e1m ph\u00e1 phong c\u00e1ch s\u1ed1ng \u0111\u00edch th\u1ef1c \u2013 ch\u00ednh b\u1ea1n.<\/p>\n<p>T\u1ea1i Rustico, n\u01a1i ni\u1ec1m \u0111am m\u00ea \u0111\u01b0\u1ee3c th\u1ec3 hi\u1ec7n m\u1ed7i ng\u00e0y, n\u01a1i m\u00e0 b\u1ea1n kh\u00f4ng ch\u1ec9 m\u1eb7c \u0111\u1eb9p, m\u00e0 c\u00f2n s\u1ed1ng \u0111\u00fang \u0111am m\u00ea.<\/p>\n<p>Ch\u1ecdn Rustico \u2013 Ch\u1ecdn ch\u00ednh m\u00ecnh.<\/p>\n\n\t\t\t<\/div>\n\t\t<\/div>\n\t<\/div>\n\t\n\n\t\t<\/div>\n\n\t\t\n<style>\n#section_1757310139 {\n  padding-top: 60px;\n  padding-bottom: 60px;\n}\n#section_1757310139 .section-bg.bg-loaded {\n  background-image: url(https:\/\/mau1.hoabinhweb.com\/thoitrang1\/wp-content\/uploads\/2023\/10\/bg-about1.jpg);\n}\n#section_1757310139 .ux-shape-divider--top svg {\n  height: 150px;\n  --divider-top-width: 100%;\n}\n#section_1757310139 .ux-shape-divider--bottom svg {\n  height: 150px;\n  --divider-width: 100%;\n}\n<\/style>\n\t<\/section>\n\t\n\t<section class=\"section home-section page-about page-about2\" id=\"section_556838657\">\n\t\t<div class=\"bg section-bg fill bg-fill  bg-loaded\">\n\n\t\t\t\n\t\t\t\n\t\t\t\n\n\t\t<\/div>\n\n\t\t\n\n\t\t<div class=\"section-content relative\">\n\t\t\t\n\n\t<div id=\"text-3536729971\" class=\"text tieude\">\n\t\t\n\n<h2>RUSTICO SINH RA \u0110\u1ec2 L\u00c0M G\u00cc?<\/h2>\n<p>Ch\u00fang t\u00f4i tin r\u1eb1ng m\u1ed7i g\u00e3 b\u1ee5i b\u1eb7m \u0111\u1ec1u c\u00f3 m\u1ed9t c\u00e2u chuy\u1ec7n ri\u00eang, v\u00e0 phong c\u00e1ch c\u00e1 nh\u00e2n c\u1ee7a m\u00ecnh kh\u00f4ng ch\u1ec9 l\u00e0 c\u00e1ch h\u1ecd m\u1eb7c, m\u00e0 c\u00f2n l\u00e0 c\u00e1ch h\u1ecd s\u1ed1ng. Rustico th\u1eadt vui khi \u0111\u01b0\u1ee3c b\u1ea1n l\u1ef1a ch\u1ecdn l\u00e0m ng\u01b0\u1eddi b\u1ea1n \u0111\u1ed3ng h\u00e0nh trong qu\u00e1 tr\u00ecnh th\u1ef1c hi\u1ec7n \u0111am m\u00ea c\u1ee7a m\u00ecnh.<\/p>\n\t\t\t<\/div>\n\t\n\t<div class=\"img has-hover x md-x lg-x y md-y lg-y\" id=\"image_518159745\">\n\t\t\t\t\t\t\t\t<div class=\"img-inner dark\">\n\t\t\t<img loading=\"lazy\" decoding=\"async\" width=\"1131\" height=\"606\" src=\"https:\/\/mau1.hoabinhweb.com\/thoitrang1\/wp-content\/uploads\/2023\/10\/banner-about2.jpg\" class=\"attachment-large size-large\" alt=\"Banner About2\" \/>\t\t\t\t\t\t\n\t\t\t\t\t<\/div>\n\t\t\t\t\t\t\t\t\n<style>\n#image_518159745 {\n  width: 100%;\n}\n<\/style>\n\t<\/div>\n\t\n\n\n\t\t<\/div>\n\n\t\t\n<style>\n#section_556838657 {\n  padding-top: 60px;\n  padding-bottom: 60px;\n  background-color: rgb(202, 184, 139);\n}\n#section_556838657 .ux-shape-divider--top svg {\n  height: 150px;\n  --divider-top-width: 100%;\n}\n#section_556838657 .ux-shape-divider--bottom svg {\n  height: 150px;\n  --divider-width: 100%;\n}\n<\/style>\n\t<\/section>\n\t\n\t<section class=\"section home-section page-about page-about3\" id=\"section_1825927552\">\n\t\t<div class=\"bg section-bg fill bg-fill  bg-loaded\">\n\n\t\t\t\n\t\t\t\n\t\t\t\n\n\t\t<\/div>\n\n\t\t\n\n\t\t<div class=\"section-content relative\">\n\t\t\t\n\n\t<div id=\"text-766828066\" class=\"text tieude\">\n\t\t\n\n<h2>RUSTICO H\u01af\u1edaNG T\u1edaI C\u00c1I G\u00cc<\/h2>\n\t\t\t<\/div>\n\t\n\n\t\t<\/div>\n\n\t\t\n<style>\n#section_1825927552 {\n  padding-top: 60px;\n  padding-bottom: 60px;\n}\n#section_1825927552 .ux-shape-divider--top svg {\n  height: 150px;\n  --divider-top-width: 100%;\n}\n#section_1825927552 .ux-shape-divider--bottom svg {\n  height: 150px;\n  --divider-width: 100%;\n}\n<\/style>\n\t<\/section>\n\t\n\t<section class=\"section home-section page-about page-about3a\" id=\"section_369772123\">\n\t\t<div class=\"bg section-bg fill bg-fill  bg-loaded\">\n\n\t\t\t\n\t\t\t\n\t\t\t\n\n\t\t<\/div>\n\n\t\t\n\n\t\t<div class=\"section-content relative\">\n\t\t\t\n\n\t<div class=\"box has-hover   has-hover box-text-bottom\">\n\n\t\t<div class=\"box-image\">\n\t\t\t\t\t\t<div class=\"image-cover\" style=\"padding-top:100%;\">\n\t\t\t\t<img loading=\"lazy\" decoding=\"async\" width=\"547\" height=\"577\" src=\"https:\/\/mau1.hoabinhweb.com\/thoitrang1\/wp-content\/uploads\/2023\/10\/banner-about3.jpg\" class=\"attachment- size-\" alt=\"Banner About3\" \/>\t\t\t\t\t\t\t\t\t\t\t<\/div>\n\t\t\t\t\t<\/div>\n\n\t\t<div class=\"box-text text-center\">\n\t\t\t<div class=\"box-text-inner\">\n\t\t\t\t\n\n<p>Nulla consectetur adipiscing elit.<\/p>\n<h2>KH\u00c1CH H\u00c0NG C\u1ee6A RUSTICO<\/h2>\n<p><em>L\u1eafng nghe- hi\u1ec3u:<\/em> Ch\u00fang t\u00f4i \u0111\u1eb7t kh\u00e1ch h\u00e0ng l\u00e0m trung t\u00e2m cho m\u1ecdi suy ngh\u0129 v\u00e0 h\u00e0nh \u0111\u1ed9ng, lu\u00f4n l\u1eafng nghe v\u00e0 hi\u1ec3u r\u00f5 nhu c\u1ea7u c\u1ee7a kh\u00e1ch h\u00e0ng. \u0110i\u1ec1u n\u00e0y gi\u00fap ch\u00fang t\u00f4i t\u1ea1o ra nh\u1eefng s\u1ea3n ph\u1ea9m v\u00e0 d\u1ecbch v\u1ee5 ch\u1ea5t l\u01b0\u1ee3ng, \u0111\u1ed3ng th\u1eddi cung c\u1ea5p tr\u1ea3i nghi\u1ec7m mua s\u1eafm t\u1ed1t nh\u1ea5t cho kh\u00e1ch h\u00e0ng.<\/p>\n<p><em>Ch\u0103m S\u00f3c:<\/em>\u00a0Rustico cam k\u1ebft \u0111\u01b0a ra nh\u1eefng ch\u00ednh s\u00e1ch h\u1eadu m\u00e3i v\u00e0 d\u1ecbch v\u1ee5 ch\u0103m s\u00f3c kh\u00e1ch h\u00e0ng xu\u1ea5t s\u1eafc. Ch\u00fang t\u00f4i xem kh\u00e1ch h\u00e0ng kh\u00f4ng ch\u1ec9 l\u00e0 ng\u01b0\u1eddi mua s\u1eafm m\u00e0 c\u00f2n l\u00e0 ng\u01b0\u1eddi \u0111\u1ed3ng h\u00e0nh, v\u00e0 s\u1ef1 h\u00e0i l\u00f2ng c\u1ee7a kh\u00e1ch h\u00e0ng l\u00e0 \u01b0u ti\u00ean h\u00e0ng \u0111\u1ea7u.<\/p>\n\n\t\t\t<\/div>\n\t\t<\/div>\n\t<\/div>\n\t\n\n\t\t<\/div>\n\n\t\t\n<style>\n#section_369772123 {\n  padding-top: 30px;\n  padding-bottom: 30px;\n}\n#section_369772123 .ux-shape-divider--top svg {\n  height: 150px;\n  --divider-top-width: 100%;\n}\n#section_369772123 .ux-shape-divider--bottom svg {\n  height: 150px;\n  --divider-width: 100%;\n}\n<\/style>\n\t<\/section>\n\t\n\t<section class=\"section home-section page-about page-about3b\" id=\"section_1313103878\">\n\t\t<div class=\"bg section-bg fill bg-fill  bg-loaded\">\n\n\t\t\t\n\t\t\t\n\t\t\t\n\n\t\t<\/div>\n\n\t\t\n\n\t\t<div class=\"section-content relative\">\n\t\t\t\n\n\t<div class=\"box has-hover   has-hover box-text-bottom\">\n\n\t\t<div class=\"box-image\">\n\t\t\t\t\t\t<div class=\"image-cover\" style=\"padding-top:100%;\">\n\t\t\t\t<img loading=\"lazy\" decoding=\"async\" width=\"547\" height=\"577\" src=\"https:\/\/mau1.hoabinhweb.com\/thoitrang1\/wp-content\/uploads\/2023\/10\/banner-about4.jpg\" class=\"attachment- size-\" alt=\"Banner About4\" \/>\t\t\t\t\t\t\t\t\t\t\t<\/div>\n\t\t\t\t\t<\/div>\n\n\t\t<div class=\"box-text text-center\">\n\t\t\t<div class=\"box-text-inner\">\n\t\t\t\t\n\n<p>Nulla consectetur adipiscing elit.<\/p>\n<h2>NH\u00c2N VI\u00caN C\u1ee6A RUSTICO<\/h2>\n<p><em>Ph\u00e1t Tri\u1ec3n C\u00e1 Nh\u00e2n:<\/em> Rustico coi tr\u1ecdng s\u1ef1 ph\u00e1t tri\u1ec3n c\u00e1 nh\u00e2n v\u00e0 chuy\u00ean nghi\u1ec7p c\u1ee7a nh\u00e2n vi\u00ean. Ch\u00fang t\u00f4i cung c\u1ea5p m\u00f4i tr\u01b0\u1eddng l\u00e0m vi\u1ec7c h\u1ea1nh ph\u00fac, t\u00edch c\u1ef1c, khuy\u1ebfn kh\u00edch s\u1ef1 s\u00e1ng t\u1ea1o v\u00e0 \u0111\u1ec1 cao tinh th\u1ea7n \u0111\u1ed3ng \u0111\u1ed9i.<\/p>\n<p><em>Ch\u0103m S\u00f3c Nh\u00e2n Vi\u00ean:<\/em>\u00a0Ch\u00fang t\u00f4i t\u1ea1o ra m\u1ed9t c\u1ed9ng \u0111\u1ed3ng l\u00e0m vi\u1ec7c l\u00e0nh m\u1ea1nh, n\u01a1i m\u00e0 m\u1ed7i nh\u00e2n vi\u00ean c\u1ea3m th\u1ea5y \u0111\u01b0\u1ee3c \u0111\u00e1nh gi\u00e1 v\u00e0 h\u1ed7 tr\u1ee3. Ch\u00ednh s\u00e1ch ph\u00fac l\u1ee3i v\u00e0 gi\u00e1o d\u1ee5c li\u00ean t\u1ee5c \u0111\u01b0\u1ee3c thi\u1ebft k\u1ebf \u0111\u1ec3 n\u00e2ng cao ch\u1ea5t l\u01b0\u1ee3ng cu\u1ed9c s\u1ed1ng v\u00e0 s\u1ef1 nghi\u1ec7p c\u1ee7a nh\u00e2n vi\u00ean.<\/p>\n\n\t\t\t<\/div>\n\t\t<\/div>\n\t<\/div>\n\t\n\n\t\t<\/div>\n\n\t\t\n<style>\n#section_1313103878 {\n  padding-top: 30px;\n  padding-bottom: 30px;\n}\n#section_1313103878 .ux-shape-divider--top svg {\n  height: 150px;\n  --divider-top-width: 100%;\n}\n#section_1313103878 .ux-shape-divider--bottom svg {\n  height: 150px;\n  --divider-width: 100%;\n}\n<\/style>\n\t<\/section>\n\t\n\t<section class=\"section home-section page-about page-about4\" id=\"section_484849536\">\n\t\t<div class=\"bg section-bg fill bg-fill  bg-loaded\">\n\n\t\t\t\n\t\t\t\n\t\t\t\n\n\t\t<\/div>\n\n\t\t\n\n\t\t<div class=\"section-content relative\">\n\t\t\t\n\n\t<div id=\"text-1300112884\" class=\"text tieude\">\n\t\t\n\n<h2>Gi\u00e1 tr\u1ecb c\u1ed1t l\u00f5i<\/h2>\n\t\t\t<\/div>\n\t\n\n\t<div  class=\"box-text-bottom hbw-image-box\">\n\t\t\t\t\t<div class=\"hbw-box-image box-image\">\n\t\t\t\t\t\t\t\t<div class=\"image-cover\" style=\"padding-top: 125%\">\t\t\t\n\t\t\t\t\t\t<img loading=\"lazy\" decoding=\"async\" width=\"1000\" height=\"1000\" src=\"https:\/\/mau1.hoabinhweb.com\/thoitrang1\/wp-content\/uploads\/2023\/10\/collection1.jpg\" class=\"attachment-large size-large\" alt=\"Collection1\" \/>\t\t\t\t<\/div>\n\t\t\t\t\t\t\t\t\t\t\t\t\n\t\t\t<\/div>\n\t\t\t\t<div class=\"box-text\"> \t\t\t<div class=\"box-text-inner\">\n\t\t\t\t\t\t<h4 class=\"title-icon\">Ki\u1ebfn T\u1ea1o H\u1ea1nh Ph\u00fac <\/h4>\t\t\t<div class=\"content-icon\">\n\t\t\t\t\n\n<p>Rustico c\u00f3 s\u1ee9 m\u1ec7nh Ki\u1ebfn T\u1ea1o H\u1ea1nh Ph\u00fac, s\u1ebd mang t\u1edbi cho kh\u00e1ch h\u00e0ng nh\u1eefng tr\u1ea3i nghi\u1ec7m tr\u00ean c\u1ea3 s\u1ef1 h\u00e0i l\u00f2ng b\u1eb1ng d\u1ecbch v\u1ee5 v\u00e0 ch\u1ea5t l\u01b0\u1ee3ng s\u1ea3n ph\u1ea9m m\u00e0 Rustico cung c\u1ea5p.<\/p>\n\n\t\t\t<\/div>\n\t\t\t<\/div>\n\t\t\t\t\t<\/div>\n\t<\/div>\n\n\t\n\n\t<div  class=\"box-text-bottom hbw-image-box\">\n\t\t\t\t\t<div class=\"hbw-box-image box-image\">\n\t\t\t\t\t\t\t\t<div class=\"image-cover\" style=\"padding-top: 125%\">\t\t\t\n\t\t\t\t\t\t<img loading=\"lazy\" decoding=\"async\" width=\"1000\" height=\"1000\" src=\"https:\/\/mau1.hoabinhweb.com\/thoitrang1\/wp-content\/uploads\/2023\/10\/ngoaicanh1.jpg\" class=\"attachment-large size-large\" alt=\"Ngoaicanh1\" \/>\t\t\t\t<\/div>\n\t\t\t\t\t\t\t\t\t\t\t\t\n\t\t\t<\/div>\n\t\t\t\t<div class=\"box-text\"> \t\t\t<div class=\"box-text-inner\">\n\t\t\t\t\t\t<h4 class=\"title-icon\">Ki\u1ebfn T\u1ea1o H\u1ea1nh Ph\u00fac <\/h4>\t\t\t<div class=\"content-icon\">\n\t\t\t\t\n\n<p>Rustico c\u00f3 s\u1ee9 m\u1ec7nh Ki\u1ebfn T\u1ea1o H\u1ea1nh Ph\u00fac, s\u1ebd mang t\u1edbi cho kh\u00e1ch h\u00e0ng nh\u1eefng tr\u1ea3i nghi\u1ec7m tr\u00ean c\u1ea3 s\u1ef1 h\u00e0i l\u00f2ng b\u1eb1ng d\u1ecbch v\u1ee5 v\u00e0 ch\u1ea5t l\u01b0\u1ee3ng s\u1ea3n ph\u1ea9m m\u00e0 Rustico cung c\u1ea5p.<\/p>\n\n\t\t\t<\/div>\n\t\t\t<\/div>\n\t\t\t\t\t<\/div>\n\t<\/div>\n\n\t\n\n\t<div  class=\"box-text-bottom hbw-image-box\">\n\t\t\t\t\t<div class=\"hbw-box-image box-image\">\n\t\t\t\t\t\t\t\t<div class=\"image-cover\" style=\"padding-top: 125%\">\t\t\t\n\t\t\t\t\t\t<img loading=\"lazy\" decoding=\"async\" width=\"2560\" height=\"2560\" src=\"https:\/\/mau1.hoabinhweb.com\/thoitrang1\/wp-content\/uploads\/2023\/10\/banner-home1.jpg\" class=\"attachment-large size-large\" alt=\"Banner Home1\" \/>\t\t\t\t<\/div>\n\t\t\t\t\t\t\t\t\t\t\t\t\n\t\t\t<\/div>\n\t\t\t\t<div class=\"box-text\"> \t\t\t<div class=\"box-text-inner\">\n\t\t\t\t\t\t<h4 class=\"title-icon\">Ki\u1ebfn T\u1ea1o H\u1ea1nh Ph\u00fac <\/h4>\t\t\t<div class=\"content-icon\">\n\t\t\t\t\n\n<p>Rustico c\u00f3 s\u1ee9 m\u1ec7nh Ki\u1ebfn T\u1ea1o H\u1ea1nh Ph\u00fac, s\u1ebd mang t\u1edbi cho kh\u00e1ch h\u00e0ng nh\u1eefng tr\u1ea3i nghi\u1ec7m tr\u00ean c\u1ea3 s\u1ef1 h\u00e0i l\u00f2ng b\u1eb1ng d\u1ecbch v\u1ee5 v\u00e0 ch\u1ea5t l\u01b0\u1ee3ng s\u1ea3n ph\u1ea9m m\u00e0 Rustico cung c\u1ea5p.<\/p>\n\n\t\t\t<\/div>\n\t\t\t<\/div>\n\t\t\t\t\t<\/div>\n\t<\/div>\n\n\t\n\n\t\t<\/div>\n\n\t\t\n<style>\n#section_484849536 {\n  padding-top: 60px;\n  padding-bottom: 60px;\n}\n#section_484849536 .ux-shape-divider--top svg {\n  height: 150px;\n  --divider-top-width: 100%;\n}\n#section_484849536 .ux-shape-divider--bottom svg {\n  height: 150px;\n  --divider-width: 100%;\n}\n<\/style>\n\t<\/section>\n\t\n\t<section class=\"section home-section page-about page-about5\" id=\"section_1981886216\">\n\t\t<div class=\"bg section-bg fill bg-fill  bg-loaded\">\n\n\t\t\t\n\t\t\t\n\t\t\t\n\n\t\t<\/div>\n\n\t\t\n\n\t\t<div class=\"section-content relative\">\n\t\t\t\n\n\t<div id=\"text-117776104\" class=\"text tieude\">\n\t\t\n\n<h2>TITLE DEMO TH\u1ee8 NH\u1ea4T<\/h2>\n<p>N\u1ed9i dung ph\u1ee5 tr\u1ee3, consectetur adipiscing elit. Nulla molestie molestie est vel eleifend. Morbi egestas sapien ac lectus commodo, a tempor quam eleifend.<\/p>\n\t\t\t<\/div>\n\t\n\t<div id=\"gap-746910121\" class=\"gap-element clearfix\" style=\"display:block; height:auto;\">\n\t\t\n<style>\n#gap-746910121 {\n  padding-top: 30px;\n}\n<\/style>\n\t<\/div>\n\t\n\n\t<div class=\"img has-hover x md-x lg-x y md-y lg-y\" id=\"image_182168200\">\n\t\t\t\t\t\t\t\t<div class=\"img-inner dark\">\n\t\t\t<img loading=\"lazy\" decoding=\"async\" width=\"1131\" height=\"606\" src=\"https:\/\/mau1.hoabinhweb.com\/thoitrang1\/wp-content\/uploads\/2023\/10\/banner-about2.jpg\" class=\"attachment-large size-large\" alt=\"Banner About2\" \/>\t\t\t\t\t\t\n\t\t\t\t\t<\/div>\n\t\t\t\t\t\t\t\t\n<style>\n#image_182168200 {\n  width: 100%;\n}\n<\/style>\n\t<\/div>\n\t\n\n\n\t\t<\/div>\n\n\t\t\n<style>\n#section_1981886216 {\n  padding-top: 60px;\n  padding-bottom: 60px;\n}\n#section_1981886216 .ux-shape-divider--top svg {\n  height: 150px;\n  --divider-top-width: 100%;\n}\n#section_1981886216 .ux-shape-divider--bottom svg {\n  height: 150px;\n  --divider-width: 100%;\n}\n<\/style>\n\t<\/section>\n\t\n\n","protected":false},"excerpt":{"rendered":"","protected":false},"author":1,"featured_media":0,"parent":0,"menu_order":0,"comment_status":"closed","ping_status":"closed","template":"page-blank.php","meta":{"footnotes":""},"class_list":["post-18","page","type-page","status-publish","hentry"],"acf":[],"yoast_head":"<!-- This site is optimized with the Yoast SEO plugin v21.4 - https:\/\/yoast.com\/wordpress\/plugins\/seo\/ -->\n<title>V\u1ec1 Rustico - Rustico<\/title>\n<meta name=\"robots\" content=\"noindex, follow, max-snippet:-1, max-image-preview:large, max-video-preview:-1\" \/>\n<meta property=\"og:locale\" content=\"vi_VN\" \/>\n<meta property=\"og:type\" content=\"article\" \/>\n<meta property=\"og:title\" content=\"V\u1ec1 Rustico - Rustico\" \/>\n<meta property=\"og:url\" content=\"https:\/\/mau1.hoabinhweb.com\/thoitrang1\/ve-rustico\/\" \/>\n<meta property=\"og:site_name\" content=\"Rustico\" \/>\n<meta property=\"article:modified_time\" content=\"2024-05-07T08:50:31+00:00\" \/>\n<meta name=\"twitter:card\" content=\"summary_large_image\" \/>\n<meta name=\"twitter:label1\" content=\"\u01af\u1edbc t\u00ednh th\u1eddi gian \u0111\u1ecdc\" \/>\n\t<meta name=\"twitter:data1\" content=\"1 ph\u00fat\" \/>\n<script type=\"application\/ld+json\" class=\"yoast-schema-graph\">{\"@context\":\"https:\/\/schema.org\",\"@graph\":[{\"@type\":\"WebPage\",\"@id\":\"https:\/\/mau1.hoabinhweb.com\/thoitrang1\/ve-rustico\/\",\"url\":\"https:\/\/mau1.hoabinhweb.com\/thoitrang1\/ve-rustico\/\",\"name\":\"V\u1ec1 Rustico - Rustico\",\"isPartOf\":{\"@id\":\"https:\/\/mau1.hoabinhweb.com\/thoitrang1\/#website\"},\"datePublished\":\"2023-02-17T15:05:27+00:00\",\"dateModified\":\"2024-05-07T08:50:31+00:00\",\"breadcrumb\":{\"@id\":\"https:\/\/mau1.hoabinhweb.com\/thoitrang1\/ve-rustico\/#breadcrumb\"},\"inLanguage\":\"vi\",\"potentialAction\":[{\"@type\":\"ReadAction\",\"target\":[\"https:\/\/mau1.hoabinhweb.com\/thoitrang1\/ve-rustico\/\"]}]},{\"@type\":\"BreadcrumbList\",\"@id\":\"https:\/\/mau1.hoabinhweb.com\/thoitrang1\/ve-rustico\/#breadcrumb\",\"itemListElement\":[{\"@type\":\"ListItem\",\"position\":1,\"name\":\"Trang ch\u1ee7\",\"item\":\"https:\/\/mau1.hoabinhweb.com\/thoitrang1\/\"},{\"@type\":\"ListItem\",\"position\":2,\"name\":\"V\u1ec1 Rustico\"}]},{\"@type\":\"WebSite\",\"@id\":\"https:\/\/mau1.hoabinhweb.com\/thoitrang1\/#website\",\"url\":\"https:\/\/mau1.hoabinhweb.com\/thoitrang1\/\",\"name\":\"Rustico\",\"description\":\"\",\"potentialAction\":[{\"@type\":\"SearchAction\",\"target\":{\"@type\":\"EntryPoint\",\"urlTemplate\":\"https:\/\/mau1.hoabinhweb.com\/thoitrang1\/?s={search_term_string}\"},\"query-input\":\"required name=search_term_string\"}],\"inLanguage\":\"vi\"}]}<\/script>\n<!-- \/ Yoast SEO plugin. -->","yoast_head_json":{"title":"V\u1ec1 Rustico - Rustico","robots":{"index":"noindex","follow":"follow","max-snippet":"max-snippet:-1","max-image-preview":"max-image-preview:large","max-video-preview":"max-video-preview:-1"},"og_locale":"vi_VN","og_type":"article","og_title":"V\u1ec1 Rustico - Rustico","og_url":"https:\/\/mau1.hoabinhweb.com\/thoitrang1\/ve-rustico\/","og_site_name":"Rustico","article_modified_time":"2024-05-07T08:50:31+00:00","twitter_card":"summary_large_image","twitter_misc":{"\u01af\u1edbc t\u00ednh th\u1eddi gian \u0111\u1ecdc":"1 ph\u00fat"},"schema":{"@context":"https:\/\/schema.org","@graph":[{"@type":"WebPage","@id":"https:\/\/mau1.hoabinhweb.com\/thoitrang1\/ve-rustico\/","url":"https:\/\/mau1.hoabinhweb.com\/thoitrang1\/ve-rustico\/","name":"V\u1ec1 Rustico - Rustico","isPartOf":{"@id":"https:\/\/mau1.hoabinhweb.com\/thoitrang1\/#website"},"datePublished":"2023-02-17T15:05:27+00:00","dateModified":"2024-05-07T08:50:31+00:00","breadcrumb":{"@id":"https:\/\/mau1.hoabinhweb.com\/thoitrang1\/ve-rustico\/#breadcrumb"},"inLanguage":"vi","potentialAction":[{"@type":"ReadAction","target":["https:\/\/mau1.hoabinhweb.com\/thoitrang1\/ve-rustico\/"]}]},{"@type":"BreadcrumbList","@id":"https:\/\/mau1.hoabinhweb.com\/thoitrang1\/ve-rustico\/#breadcrumb","itemListElement":[{"@type":"ListItem","position":1,"name":"Trang ch\u1ee7","item":"https:\/\/mau1.hoabinhweb.com\/thoitrang1\/"},{"@type":"ListItem","position":2,"name":"V\u1ec1 Rustico"}]},{"@type":"WebSite","@id":"https:\/\/mau1.hoabinhweb.com\/thoitrang1\/#website","url":"https:\/\/mau1.hoabinhweb.com\/thoitrang1\/","name":"Rustico","description":"","potentialAction":[{"@type":"SearchAction","target":{"@type":"EntryPoint","urlTemplate":"https:\/\/mau1.hoabinhweb.com\/thoitrang1\/?s={search_term_string}"},"query-input":"required name=search_term_string"}],"inLanguage":"vi"}]}},"_links":{"self":[{"href":"https:\/\/mau1.hoabinhweb.com\/thoitrang1\/wp-json\/wp\/v2\/pages\/18","targetHints":{"allow":["GET"]}}],"collection":[{"href":"https:\/\/mau1.hoabinhweb.com\/thoitrang1\/wp-json\/wp\/v2\/pages"}],"about":[{"href":"https:\/\/mau1.hoabinhweb.com\/thoitrang1\/wp-json\/wp\/v2\/types\/page"}],"author":[{"embeddable":true,"href":"https:\/\/mau1.hoabinhweb.com\/thoitrang1\/wp-json\/wp\/v2\/users\/1"}],"replies":[{"embeddable":true,"href":"https:\/\/mau1.hoabinhweb.com\/thoitrang1\/wp-json\/wp\/v2\/comments?post=18"}],"version-history":[{"count":5,"href":"https:\/\/mau1.hoabinhweb.com\/thoitrang1\/wp-json\/wp\/v2\/pages\/18\/revisions"}],"predecessor-version":[{"id":353,"href":"https:\/\/mau1.hoabinhweb.com\/thoitrang1\/wp-json\/wp\/v2\/pages\/18\/revisions\/353"}],"wp:attachment":[{"href":"https:\/\/mau1.hoabinhweb.com\/thoitrang1\/wp-json\/wp\/v2\/media?parent=18"}],"curies":[{"name":"wp","href":"https:\/\/api.w.org\/{rel}","templated":true}]}}