{"id":51,"date":"2023-10-16T22:25:13","date_gmt":"2023-10-16T15:25:13","guid":{"rendered":"https:\/\/mau1.hoabinhweb.com\/thoitrang1\/?post_type=product&#038;p=51"},"modified":"2023-10-25T10:25:42","modified_gmt":"2023-10-25T03:25:42","slug":"quan-kaki-qkk19","status":"publish","type":"product","link":"https:\/\/mau1.hoabinhweb.com\/thoitrang1\/san-pham\/quan-kaki-qkk19\/","title":{"rendered":"Qu\u1ea7n Kaki QKK19"},"content":{"rendered":"<p><strong>\u0110\u1eb7c \u0111i\u1ec3m s\u1ea3n ph\u1ea9m<\/strong><br \/>\n\u2013 Ch\u1ea5t li\u1ec7u: Kaki Cotton t\u1ef1 nhi\u00ean tho\u00e1ng m\u00e1t h\u00fat m\u1ed3 h\u00f4i, tho\u00e1ng m\u00e1t, v\u1edbi th\u00e0nh ph\u1ea7n v\u1ea3i 100% Cotton .\u00a0Rustico n\u00f3i KH\u00d4NG v\u1edbi s\u1ee3i t\u1ed5ng h\u1ee3p (V\u00ec t\u00ednh ch\u1ea5t h\u00fat k\u00e9m).<br \/>\nTh\u00f4ng tin th\u00eam v\u1ec1 ch\u1ee9c n\u0103ng th\u00e0nh ph\u1ea7n s\u1ee3i:<br \/>\n+ S\u1ee3i b\u00f4ng: Gi\u00fap v\u1ea3i c\u00f3 t\u00ednh h\u00fat t\u1ed1t.<br \/>\n\u2013 M\u00e0u s\u1eafc: 3 m\u00e0u: R\u00c2U- \u0110EN- GHI.<br \/>\n\u2013 C\u00f4ng ngh\u1ec7 gi\u1eb7t: S\u1ea3n ph\u1ea9m \u0111\u00e3 tr\u1ea3i qua qu\u00e1 tr\u00ecnh gi\u1eb7t t\u1ea9y Enzym, n\u00ean v\u1ea3i c\u00f3 t\u00ednh m\u1ec1m m\u1ecbn.<br \/>\n\u2013 T\u00ednh B\u1ec0N M\u00c0U: S\u1ea3n ph\u1ea9m \u0111\u01b0\u1ee3c x\u1eed l\u00fd B\u1ecdc c\u1ea7m m\u00e0u, v\u1edbi c\u00f4ng ngh\u1ec7 ti\u00ean ti\u1ebfn, n\u00ean ch\u1ea5t li\u1ec7u KH\u00d4NG C\u00d3 v\u1edbi vi\u1ec7c RA M\u00c0U.<\/p>\n<p><strong>H\u00ecnh \u1ea3nh chi ti\u1ebft<\/strong><\/p>\n<p><img loading=\"lazy\" decoding=\"async\" class=\"aligncenter size-full wp-image-111\" src=\"http:\/\/mau1.hoabinhweb.com\/thoitrang1\/wp-content\/uploads\/2023\/10\/sanpham6.jpg\" alt=\"Sanpham6\" width=\"1000\" height=\"1000\" \/> <img loading=\"lazy\" decoding=\"async\" class=\"aligncenter size-full wp-image-112\" src=\"http:\/\/mau1.hoabinhweb.com\/thoitrang1\/wp-content\/uploads\/2023\/10\/sanpham6a.jpg\" alt=\"Sanpham6a\" width=\"1000\" height=\"1000\" \/> <img loading=\"lazy\" decoding=\"async\" class=\"aligncenter size-full wp-image-113\" src=\"http:\/\/mau1.hoabinhweb.com\/thoitrang1\/wp-content\/uploads\/2023\/10\/sanpham6b.jpg\" alt=\"Sanpham6b\" width=\"1000\" height=\"1000\" \/><\/p>\n","protected":false},"excerpt":{"rendered":"<p>\u0110\u1eb7c \u0111i\u1ec3m s\u1ea3n ph\u1ea9m \u2013 Ch\u1ea5t li\u1ec7u: Kaki Cotton t\u1ef1 nhi\u00ean tho\u00e1ng m\u00e1t h\u00fat m\u1ed3 h\u00f4i, tho\u00e1ng m\u00e1t, v\u1edbi th\u00e0nh ph\u1ea7n v\u1ea3i 100% Cotton .\u00a0Rustico n\u00f3i KH\u00d4NG v\u1edbi s\u1ee3i t\u1ed5ng h\u1ee3p (V\u00ec t\u00ednh ch\u1ea5t h\u00fat k\u00e9m). Th\u00f4ng tin th\u00eam v\u1ec1 ch\u1ee9c n\u0103ng th\u00e0nh ph\u1ea7n s\u1ee3i: + S\u1ee3i b\u00f4ng: Gi\u00fap v\u1ea3i c\u00f3 t\u00ednh h\u00fat t\u1ed1t. \u2013<\/p>\n","protected":false},"featured_media":111,"comment_status":"open","ping_status":"closed","template":"","meta":[],"product_cat":[15,19,44,47,41,42,45,20,49,43,48,46],"product_tag":[],"class_list":["post-51","product","type-product","status-publish","has-post-thumbnail","hentry","product_cat-chua-phan-loai","product_cat-ao","product_cat-ao-khoac","product_cat-giay","product_cat-jean","product_cat-kaki","product_cat-phu-kien","product_cat-quan","product_cat-san-pham-khuyen-mai","product_cat-so-mi","product_cat-that-lung","product_cat-vi","pa_kich-thuoc-29","pa_kich-thuoc-30","pa_kich-thuoc-31","pa_kich-thuoc-32","pa_kich-thuoc-33","pa_kich-thuoc-34","pa_mau-sac-den","pa_mau-sac-ghi","pa_mau-sac-reu"],"acf":[],"yoast_head":"<!-- This site is optimized with the Yoast SEO plugin v21.4 - https:\/\/yoast.com\/wordpress\/plugins\/seo\/ -->\n<title>Qu\u1ea7n Kaki QKK19 - Rustico<\/title>\n<meta name=\"robots\" content=\"noindex, follow, max-snippet:-1, max-image-preview:large, max-video-preview:-1\" \/>\n<meta property=\"og:locale\" content=\"vi_VN\" \/>\n<meta property=\"og:type\" content=\"article\" \/>\n<meta property=\"og:title\" content=\"Qu\u1ea7n Kaki QKK19 - Rustico\" \/>\n<meta property=\"og:description\" content=\"\u0110\u1eb7c \u0111i\u1ec3m s\u1ea3n ph\u1ea9m \u2013 Ch\u1ea5t li\u1ec7u: Kaki Cotton t\u1ef1 nhi\u00ean tho\u00e1ng m\u00e1t h\u00fat m\u1ed3 h\u00f4i, tho\u00e1ng m\u00e1t, v\u1edbi th\u00e0nh ph\u1ea7n v\u1ea3i 100% Cotton .\u00a0Rustico n\u00f3i KH\u00d4NG v\u1edbi s\u1ee3i t\u1ed5ng h\u1ee3p (V\u00ec t\u00ednh ch\u1ea5t h\u00fat k\u00e9m). Th\u00f4ng tin th\u00eam v\u1ec1 ch\u1ee9c n\u0103ng th\u00e0nh ph\u1ea7n s\u1ee3i: + S\u1ee3i b\u00f4ng: Gi\u00fap v\u1ea3i c\u00f3 t\u00ednh h\u00fat t\u1ed1t. \u2013\" \/>\n<meta property=\"og:url\" content=\"https:\/\/mau1.hoabinhweb.com\/thoitrang1\/san-pham\/quan-kaki-qkk19\/\" \/>\n<meta property=\"og:site_name\" content=\"Rustico\" \/>\n<meta property=\"article:modified_time\" content=\"2023-10-25T03:25:42+00:00\" \/>\n<meta property=\"og:image\" content=\"https:\/\/mau1.hoabinhweb.com\/thoitrang1\/wp-content\/uploads\/2023\/10\/sanpham6.jpg\" \/>\n\t<meta property=\"og:image:width\" content=\"1000\" \/>\n\t<meta property=\"og:image:height\" content=\"1000\" \/>\n\t<meta property=\"og:image:type\" content=\"image\/jpeg\" \/>\n<meta name=\"twitter:card\" content=\"summary_large_image\" \/>\n<meta name=\"twitter:label1\" content=\"\u01af\u1edbc t\u00ednh th\u1eddi gian \u0111\u1ecdc\" \/>\n\t<meta name=\"twitter:data1\" content=\"2 ph\u00fat\" \/>\n<script type=\"application\/ld+json\" class=\"yoast-schema-graph\">{\"@context\":\"https:\/\/schema.org\",\"@graph\":[{\"@type\":\"WebPage\",\"@id\":\"https:\/\/mau1.hoabinhweb.com\/thoitrang1\/san-pham\/quan-kaki-qkk19\/\",\"url\":\"https:\/\/mau1.hoabinhweb.com\/thoitrang1\/san-pham\/quan-kaki-qkk19\/\",\"name\":\"Qu\u1ea7n Kaki QKK19 - Rustico\",\"isPartOf\":{\"@id\":\"https:\/\/mau1.hoabinhweb.com\/thoitrang1\/#website\"},\"datePublished\":\"2023-10-16T15:25:13+00:00\",\"dateModified\":\"2023-10-25T03:25:42+00:00\",\"breadcrumb\":{\"@id\":\"https:\/\/mau1.hoabinhweb.com\/thoitrang1\/san-pham\/quan-kaki-qkk19\/#breadcrumb\"},\"inLanguage\":\"vi\",\"potentialAction\":[{\"@type\":\"ReadAction\",\"target\":[\"https:\/\/mau1.hoabinhweb.com\/thoitrang1\/san-pham\/quan-kaki-qkk19\/\"]}]},{\"@type\":\"BreadcrumbList\",\"@id\":\"https:\/\/mau1.hoabinhweb.com\/thoitrang1\/san-pham\/quan-kaki-qkk19\/#breadcrumb\",\"itemListElement\":[{\"@type\":\"ListItem\",\"position\":1,\"name\":\"Trang ch\u1ee7\",\"item\":\"https:\/\/mau1.hoabinhweb.com\/thoitrang1\/\"},{\"@type\":\"ListItem\",\"position\":2,\"name\":\"S\u1ea3n ph\u1ea9m\",\"item\":\"http:\/\/mau1.hoabinhweb.com\/thoitrang1\/san-pham\/\"},{\"@type\":\"ListItem\",\"position\":3,\"name\":\"Qu\u1ea7n\",\"item\":\"https:\/\/mau1.hoabinhweb.com\/thoitrang1\/danh-muc\/quan\/\"},{\"@type\":\"ListItem\",\"position\":4,\"name\":\"Qu\u1ea7n Kaki QKK19\"}]},{\"@type\":\"WebSite\",\"@id\":\"https:\/\/mau1.hoabinhweb.com\/thoitrang1\/#website\",\"url\":\"https:\/\/mau1.hoabinhweb.com\/thoitrang1\/\",\"name\":\"Rustico\",\"description\":\"\",\"potentialAction\":[{\"@type\":\"SearchAction\",\"target\":{\"@type\":\"EntryPoint\",\"urlTemplate\":\"https:\/\/mau1.hoabinhweb.com\/thoitrang1\/?s={search_term_string}\"},\"query-input\":\"required name=search_term_string\"}],\"inLanguage\":\"vi\"}]}<\/script>\n<!-- \/ Yoast SEO plugin. -->","yoast_head_json":{"title":"Qu\u1ea7n Kaki QKK19 - Rustico","robots":{"index":"noindex","follow":"follow","max-snippet":"max-snippet:-1","max-image-preview":"max-image-preview:large","max-video-preview":"max-video-preview:-1"},"og_locale":"vi_VN","og_type":"article","og_title":"Qu\u1ea7n Kaki QKK19 - Rustico","og_description":"\u0110\u1eb7c \u0111i\u1ec3m s\u1ea3n ph\u1ea9m \u2013 Ch\u1ea5t li\u1ec7u: Kaki Cotton t\u1ef1 nhi\u00ean tho\u00e1ng m\u00e1t h\u00fat m\u1ed3 h\u00f4i, tho\u00e1ng m\u00e1t, v\u1edbi th\u00e0nh ph\u1ea7n v\u1ea3i 100% Cotton .\u00a0Rustico n\u00f3i KH\u00d4NG v\u1edbi s\u1ee3i t\u1ed5ng h\u1ee3p (V\u00ec t\u00ednh ch\u1ea5t h\u00fat k\u00e9m). Th\u00f4ng tin th\u00eam v\u1ec1 ch\u1ee9c n\u0103ng th\u00e0nh ph\u1ea7n s\u1ee3i: + S\u1ee3i b\u00f4ng: Gi\u00fap v\u1ea3i c\u00f3 t\u00ednh h\u00fat t\u1ed1t. \u2013","og_url":"https:\/\/mau1.hoabinhweb.com\/thoitrang1\/san-pham\/quan-kaki-qkk19\/","og_site_name":"Rustico","article_modified_time":"2023-10-25T03:25:42+00:00","og_image":[{"width":1000,"height":1000,"url":"https:\/\/mau1.hoabinhweb.com\/thoitrang1\/wp-content\/uploads\/2023\/10\/sanpham6.jpg","type":"image\/jpeg"}],"twitter_card":"summary_large_image","twitter_misc":{"\u01af\u1edbc t\u00ednh th\u1eddi gian \u0111\u1ecdc":"2 ph\u00fat"},"schema":{"@context":"https:\/\/schema.org","@graph":[{"@type":"WebPage","@id":"https:\/\/mau1.hoabinhweb.com\/thoitrang1\/san-pham\/quan-kaki-qkk19\/","url":"https:\/\/mau1.hoabinhweb.com\/thoitrang1\/san-pham\/quan-kaki-qkk19\/","name":"Qu\u1ea7n Kaki QKK19 - Rustico","isPartOf":{"@id":"https:\/\/mau1.hoabinhweb.com\/thoitrang1\/#website"},"datePublished":"2023-10-16T15:25:13+00:00","dateModified":"2023-10-25T03:25:42+00:00","breadcrumb":{"@id":"https:\/\/mau1.hoabinhweb.com\/thoitrang1\/san-pham\/quan-kaki-qkk19\/#breadcrumb"},"inLanguage":"vi","potentialAction":[{"@type":"ReadAction","target":["https:\/\/mau1.hoabinhweb.com\/thoitrang1\/san-pham\/quan-kaki-qkk19\/"]}]},{"@type":"BreadcrumbList","@id":"https:\/\/mau1.hoabinhweb.com\/thoitrang1\/san-pham\/quan-kaki-qkk19\/#breadcrumb","itemListElement":[{"@type":"ListItem","position":1,"name":"Trang ch\u1ee7","item":"https:\/\/mau1.hoabinhweb.com\/thoitrang1\/"},{"@type":"ListItem","position":2,"name":"S\u1ea3n ph\u1ea9m","item":"http:\/\/mau1.hoabinhweb.com\/thoitrang1\/san-pham\/"},{"@type":"ListItem","position":3,"name":"Qu\u1ea7n","item":"https:\/\/mau1.hoabinhweb.com\/thoitrang1\/danh-muc\/quan\/"},{"@type":"ListItem","position":4,"name":"Qu\u1ea7n Kaki QKK19"}]},{"@type":"WebSite","@id":"https:\/\/mau1.hoabinhweb.com\/thoitrang1\/#website","url":"https:\/\/mau1.hoabinhweb.com\/thoitrang1\/","name":"Rustico","description":"","potentialAction":[{"@type":"SearchAction","target":{"@type":"EntryPoint","urlTemplate":"https:\/\/mau1.hoabinhweb.com\/thoitrang1\/?s={search_term_string}"},"query-input":"required name=search_term_string"}],"inLanguage":"vi"}]}},"_links":{"self":[{"href":"https:\/\/mau1.hoabinhweb.com\/thoitrang1\/wp-json\/wp\/v2\/product\/51","targetHints":{"allow":["GET"]}}],"collection":[{"href":"https:\/\/mau1.hoabinhweb.com\/thoitrang1\/wp-json\/wp\/v2\/product"}],"about":[{"href":"https:\/\/mau1.hoabinhweb.com\/thoitrang1\/wp-json\/wp\/v2\/types\/product"}],"replies":[{"embeddable":true,"href":"https:\/\/mau1.hoabinhweb.com\/thoitrang1\/wp-json\/wp\/v2\/comments?post=51"}],"wp:featuredmedia":[{"embeddable":true,"href":"https:\/\/mau1.hoabinhweb.com\/thoitrang1\/wp-json\/wp\/v2\/media\/111"}],"wp:attachment":[{"href":"https:\/\/mau1.hoabinhweb.com\/thoitrang1\/wp-json\/wp\/v2\/media?parent=51"}],"wp:term":[{"taxonomy":"product_cat","embeddable":true,"href":"https:\/\/mau1.hoabinhweb.com\/thoitrang1\/wp-json\/wp\/v2\/product_cat?post=51"},{"taxonomy":"product_tag","embeddable":true,"href":"https:\/\/mau1.hoabinhweb.com\/thoitrang1\/wp-json\/wp\/v2\/product_tag?post=51"}],"curies":[{"name":"wp","href":"https:\/\/api.w.org\/{rel}","templated":true}]}}