{"id":53,"date":"2023-10-16T22:25:16","date_gmt":"2023-10-16T15:25:16","guid":{"rendered":"https:\/\/mau1.hoabinhweb.com\/thoitrang1\/?post_type=product&#038;p=53"},"modified":"2023-10-25T10:25:42","modified_gmt":"2023-10-25T03:25:42","slug":"ao-so-mi-denim-sm2303","status":"publish","type":"product","link":"https:\/\/mau1.hoabinhweb.com\/thoitrang1\/san-pham\/ao-so-mi-denim-sm2303\/","title":{"rendered":"\u00c1o S\u01a1 Mi Denim SM2303"},"content":{"rendered":"<p><strong>\u0110\u1eb7c \u0110i\u1ec3m s\u1ea3n ph\u1ea9m.<\/strong><br \/>\n\u2013 Ch\u1ea5t li\u1ec7u: Denim Cotton t\u1ef1 nhi\u00ean CO GI\u00c3N, v\u1edbi th\u00e0nh ph\u1ea7n v\u1ea3i 97% Cotton v\u00e0 3% s\u1ee3i Spandex. Rustico n\u00f3i KH\u00d4NG v\u1edbi s\u1ee3i t\u1ed5ng h\u1ee3p (V\u00ec t\u00ednh th\u1ea5m h\u00fat k\u00e9m).<br \/>\nTh\u00f4ng tin th\u00eam v\u1ec1 ch\u1ee9c n\u0103ng th\u00e0nh ph\u1ea7n s\u1ee3i:<br \/>\n+ S\u1ee3i Cotton: Gi\u00fap cho v\u1ea3i c\u00f3 t\u00ednh th\u1ea5m h\u00fat t\u1ed1t.<br \/>\n+ S\u1ee3i Spandex: Gi\u00fap cho v\u1ea3i c\u00f3 t\u00ednh \u0111\u00e0n h\u1ed3i, co gi\u00e3n, t\u1ea1o s\u1ef1 tho\u1ea3i m\u00e1i khi v\u1eadn \u0111\u1ed9ng.<br \/>\n\u2013 M\u00e0u s\u1eafc: 3 m\u00e0u: XANH \u2013 GHI \u2013 C\u00c1T.<br \/>\n\u2013 C\u00f4ng ngh\u1ec7 gi\u1eb7t: S\u1ea3n ph\u1ea9m \u0111\u00e3 tr\u1ea3i qua qu\u00e1 tr\u00ecnh gi\u1eb7t m\u1ec1m Enzym, n\u00ean s\u1ee3i v\u1ea3i c\u00f3 t\u00ednh m\u1ec1m m\u1ecbn.<br \/>\n\u2013 T\u00ednh B\u1ec0N M\u00c0U: S\u1ea3n ph\u1ea9m \u0111\u00e3 \u0111\u01b0\u1ee3c x\u1eed l\u00fd Gi\u1eb7t c\u1ea7m m\u00e0u, v\u1edbi c\u00f4ng ngh\u1ec7 nhu\u1ed9m ti\u00ean ti\u1ebfn, n\u00ean ch\u1ea5t li\u1ec7u N\u00d3I KH\u00d4NG v\u1edbi vi\u1ec7c RA M\u00c0U.<\/p>\n<p>\u2013 Ngu\u1ed3n g\u1ed1c s\u1ea3n ph\u1ea9m: S\u1ea3n ph\u1ea9m \u0111\u01b0\u1ee3c thi\u1ebft k\u1ebf v\u00e0 s\u1ea3n xu\u1ea5t t\u1ea1i Vi\u1ec7t Nam.\u00a0S\u1ea3n ph\u1ea9m \u0111\u01b0\u1ee3c s\u1ea3n xu\u1ea5t t\u1ea1i nh\u00e0 m\u00e1y \u0111\u1ea1t ti\u00eau chu\u1ea9n h\u00e0ng Xu\u1ea5t Kh\u1ea9u t\u1ea1i X\u00e3 L\u1ea1i Th\u01b0\u1ee3ng, Huy\u1ec7n Th\u1ea1ch Th\u1ea5t, TP H\u00e0 N\u1ed9i.<\/p>\n","protected":false},"excerpt":{"rendered":"<p>\u0110\u1eb7c \u0110i\u1ec3m s\u1ea3n ph\u1ea9m. \u2013 Ch\u1ea5t li\u1ec7u: Denim Cotton t\u1ef1 nhi\u00ean CO GI\u00c3N, v\u1edbi th\u00e0nh ph\u1ea7n v\u1ea3i 97% Cotton v\u00e0 3% s\u1ee3i Spandex. Rustico n\u00f3i KH\u00d4NG v\u1edbi s\u1ee3i t\u1ed5ng h\u1ee3p (V\u00ec t\u00ednh th\u1ea5m h\u00fat k\u00e9m). Th\u00f4ng tin th\u00eam v\u1ec1 ch\u1ee9c n\u0103ng th\u00e0nh ph\u1ea7n s\u1ee3i: + S\u1ee3i Cotton: Gi\u00fap cho v\u1ea3i c\u00f3 t\u00ednh th\u1ea5m h\u00fat t\u1ed1t.<\/p>\n","protected":false},"featured_media":132,"comment_status":"open","ping_status":"closed","template":"","meta":[],"product_cat":[15,19,44,47,41,42,45,20,49,43,48,46],"product_tag":[],"class_list":["post-53","product","type-product","status-publish","has-post-thumbnail","hentry","product_cat-chua-phan-loai","product_cat-ao","product_cat-ao-khoac","product_cat-giay","product_cat-jean","product_cat-kaki","product_cat-phu-kien","product_cat-quan","product_cat-san-pham-khuyen-mai","product_cat-so-mi","product_cat-that-lung","product_cat-vi","pa_kich-thuoc-3xl","pa_kich-thuoc-l","pa_kich-thuoc-m","pa_kich-thuoc-xl","pa_kich-thuoc-xxl","pa_mau-sac-den","pa_mau-sac-xanh-dam","pa_mau-sac-xanh-nhat"],"acf":[],"yoast_head":"<!-- This site is optimized with the Yoast SEO plugin v21.4 - https:\/\/yoast.com\/wordpress\/plugins\/seo\/ -->\n<title>\u00c1o S\u01a1 Mi Denim SM2303 - Rustico<\/title>\n<meta name=\"robots\" content=\"noindex, follow, max-snippet:-1, max-image-preview:large, max-video-preview:-1\" \/>\n<meta property=\"og:locale\" content=\"vi_VN\" \/>\n<meta property=\"og:type\" content=\"article\" \/>\n<meta property=\"og:title\" content=\"\u00c1o S\u01a1 Mi Denim SM2303 - Rustico\" \/>\n<meta property=\"og:description\" content=\"\u0110\u1eb7c \u0110i\u1ec3m s\u1ea3n ph\u1ea9m. \u2013 Ch\u1ea5t li\u1ec7u: Denim Cotton t\u1ef1 nhi\u00ean CO GI\u00c3N, v\u1edbi th\u00e0nh ph\u1ea7n v\u1ea3i 97% Cotton v\u00e0 3% s\u1ee3i Spandex. Rustico n\u00f3i KH\u00d4NG v\u1edbi s\u1ee3i t\u1ed5ng h\u1ee3p (V\u00ec t\u00ednh th\u1ea5m h\u00fat k\u00e9m). Th\u00f4ng tin th\u00eam v\u1ec1 ch\u1ee9c n\u0103ng th\u00e0nh ph\u1ea7n s\u1ee3i: + S\u1ee3i Cotton: Gi\u00fap cho v\u1ea3i c\u00f3 t\u00ednh th\u1ea5m h\u00fat t\u1ed1t.\" \/>\n<meta property=\"og:url\" content=\"https:\/\/mau1.hoabinhweb.com\/thoitrang1\/san-pham\/ao-so-mi-denim-sm2303\/\" \/>\n<meta property=\"og:site_name\" content=\"Rustico\" \/>\n<meta property=\"article:modified_time\" content=\"2023-10-25T03:25:42+00:00\" \/>\n<meta property=\"og:image\" content=\"https:\/\/mau1.hoabinhweb.com\/thoitrang1\/wp-content\/uploads\/2023\/10\/sanpham7.jpg\" \/>\n\t<meta property=\"og:image:width\" content=\"1000\" \/>\n\t<meta property=\"og:image:height\" content=\"1000\" \/>\n\t<meta property=\"og:image:type\" content=\"image\/jpeg\" \/>\n<meta name=\"twitter:card\" content=\"summary_large_image\" \/>\n<meta name=\"twitter:label1\" content=\"\u01af\u1edbc t\u00ednh th\u1eddi gian \u0111\u1ecdc\" \/>\n\t<meta name=\"twitter:data1\" content=\"1 ph\u00fat\" \/>\n<script type=\"application\/ld+json\" class=\"yoast-schema-graph\">{\"@context\":\"https:\/\/schema.org\",\"@graph\":[{\"@type\":\"WebPage\",\"@id\":\"https:\/\/mau1.hoabinhweb.com\/thoitrang1\/san-pham\/ao-so-mi-denim-sm2303\/\",\"url\":\"https:\/\/mau1.hoabinhweb.com\/thoitrang1\/san-pham\/ao-so-mi-denim-sm2303\/\",\"name\":\"\u00c1o S\u01a1 Mi Denim SM2303 - Rustico\",\"isPartOf\":{\"@id\":\"https:\/\/mau1.hoabinhweb.com\/thoitrang1\/#website\"},\"datePublished\":\"2023-10-16T15:25:16+00:00\",\"dateModified\":\"2023-10-25T03:25:42+00:00\",\"breadcrumb\":{\"@id\":\"https:\/\/mau1.hoabinhweb.com\/thoitrang1\/san-pham\/ao-so-mi-denim-sm2303\/#breadcrumb\"},\"inLanguage\":\"vi\",\"potentialAction\":[{\"@type\":\"ReadAction\",\"target\":[\"https:\/\/mau1.hoabinhweb.com\/thoitrang1\/san-pham\/ao-so-mi-denim-sm2303\/\"]}]},{\"@type\":\"BreadcrumbList\",\"@id\":\"https:\/\/mau1.hoabinhweb.com\/thoitrang1\/san-pham\/ao-so-mi-denim-sm2303\/#breadcrumb\",\"itemListElement\":[{\"@type\":\"ListItem\",\"position\":1,\"name\":\"Trang ch\u1ee7\",\"item\":\"https:\/\/mau1.hoabinhweb.com\/thoitrang1\/\"},{\"@type\":\"ListItem\",\"position\":2,\"name\":\"S\u1ea3n ph\u1ea9m\",\"item\":\"http:\/\/mau1.hoabinhweb.com\/thoitrang1\/san-pham\/\"},{\"@type\":\"ListItem\",\"position\":3,\"name\":\"\u00c1o\",\"item\":\"https:\/\/mau1.hoabinhweb.com\/thoitrang1\/danh-muc\/ao\/\"},{\"@type\":\"ListItem\",\"position\":4,\"name\":\"\u00c1o S\u01a1 Mi Denim SM2303\"}]},{\"@type\":\"WebSite\",\"@id\":\"https:\/\/mau1.hoabinhweb.com\/thoitrang1\/#website\",\"url\":\"https:\/\/mau1.hoabinhweb.com\/thoitrang1\/\",\"name\":\"Rustico\",\"description\":\"\",\"potentialAction\":[{\"@type\":\"SearchAction\",\"target\":{\"@type\":\"EntryPoint\",\"urlTemplate\":\"https:\/\/mau1.hoabinhweb.com\/thoitrang1\/?s={search_term_string}\"},\"query-input\":\"required name=search_term_string\"}],\"inLanguage\":\"vi\"}]}<\/script>\n<!-- \/ Yoast SEO plugin. -->","yoast_head_json":{"title":"\u00c1o S\u01a1 Mi Denim SM2303 - Rustico","robots":{"index":"noindex","follow":"follow","max-snippet":"max-snippet:-1","max-image-preview":"max-image-preview:large","max-video-preview":"max-video-preview:-1"},"og_locale":"vi_VN","og_type":"article","og_title":"\u00c1o S\u01a1 Mi Denim SM2303 - Rustico","og_description":"\u0110\u1eb7c \u0110i\u1ec3m s\u1ea3n ph\u1ea9m. \u2013 Ch\u1ea5t li\u1ec7u: Denim Cotton t\u1ef1 nhi\u00ean CO GI\u00c3N, v\u1edbi th\u00e0nh ph\u1ea7n v\u1ea3i 97% Cotton v\u00e0 3% s\u1ee3i Spandex. Rustico n\u00f3i KH\u00d4NG v\u1edbi s\u1ee3i t\u1ed5ng h\u1ee3p (V\u00ec t\u00ednh th\u1ea5m h\u00fat k\u00e9m). Th\u00f4ng tin th\u00eam v\u1ec1 ch\u1ee9c n\u0103ng th\u00e0nh ph\u1ea7n s\u1ee3i: + S\u1ee3i Cotton: Gi\u00fap cho v\u1ea3i c\u00f3 t\u00ednh th\u1ea5m h\u00fat t\u1ed1t.","og_url":"https:\/\/mau1.hoabinhweb.com\/thoitrang1\/san-pham\/ao-so-mi-denim-sm2303\/","og_site_name":"Rustico","article_modified_time":"2023-10-25T03:25:42+00:00","og_image":[{"width":1000,"height":1000,"url":"https:\/\/mau1.hoabinhweb.com\/thoitrang1\/wp-content\/uploads\/2023\/10\/sanpham7.jpg","type":"image\/jpeg"}],"twitter_card":"summary_large_image","twitter_misc":{"\u01af\u1edbc t\u00ednh th\u1eddi gian \u0111\u1ecdc":"1 ph\u00fat"},"schema":{"@context":"https:\/\/schema.org","@graph":[{"@type":"WebPage","@id":"https:\/\/mau1.hoabinhweb.com\/thoitrang1\/san-pham\/ao-so-mi-denim-sm2303\/","url":"https:\/\/mau1.hoabinhweb.com\/thoitrang1\/san-pham\/ao-so-mi-denim-sm2303\/","name":"\u00c1o S\u01a1 Mi Denim SM2303 - Rustico","isPartOf":{"@id":"https:\/\/mau1.hoabinhweb.com\/thoitrang1\/#website"},"datePublished":"2023-10-16T15:25:16+00:00","dateModified":"2023-10-25T03:25:42+00:00","breadcrumb":{"@id":"https:\/\/mau1.hoabinhweb.com\/thoitrang1\/san-pham\/ao-so-mi-denim-sm2303\/#breadcrumb"},"inLanguage":"vi","potentialAction":[{"@type":"ReadAction","target":["https:\/\/mau1.hoabinhweb.com\/thoitrang1\/san-pham\/ao-so-mi-denim-sm2303\/"]}]},{"@type":"BreadcrumbList","@id":"https:\/\/mau1.hoabinhweb.com\/thoitrang1\/san-pham\/ao-so-mi-denim-sm2303\/#breadcrumb","itemListElement":[{"@type":"ListItem","position":1,"name":"Trang ch\u1ee7","item":"https:\/\/mau1.hoabinhweb.com\/thoitrang1\/"},{"@type":"ListItem","position":2,"name":"S\u1ea3n ph\u1ea9m","item":"http:\/\/mau1.hoabinhweb.com\/thoitrang1\/san-pham\/"},{"@type":"ListItem","position":3,"name":"\u00c1o","item":"https:\/\/mau1.hoabinhweb.com\/thoitrang1\/danh-muc\/ao\/"},{"@type":"ListItem","position":4,"name":"\u00c1o S\u01a1 Mi Denim SM2303"}]},{"@type":"WebSite","@id":"https:\/\/mau1.hoabinhweb.com\/thoitrang1\/#website","url":"https:\/\/mau1.hoabinhweb.com\/thoitrang1\/","name":"Rustico","description":"","potentialAction":[{"@type":"SearchAction","target":{"@type":"EntryPoint","urlTemplate":"https:\/\/mau1.hoabinhweb.com\/thoitrang1\/?s={search_term_string}"},"query-input":"required name=search_term_string"}],"inLanguage":"vi"}]}},"_links":{"self":[{"href":"https:\/\/mau1.hoabinhweb.com\/thoitrang1\/wp-json\/wp\/v2\/product\/53","targetHints":{"allow":["GET"]}}],"collection":[{"href":"https:\/\/mau1.hoabinhweb.com\/thoitrang1\/wp-json\/wp\/v2\/product"}],"about":[{"href":"https:\/\/mau1.hoabinhweb.com\/thoitrang1\/wp-json\/wp\/v2\/types\/product"}],"replies":[{"embeddable":true,"href":"https:\/\/mau1.hoabinhweb.com\/thoitrang1\/wp-json\/wp\/v2\/comments?post=53"}],"wp:featuredmedia":[{"embeddable":true,"href":"https:\/\/mau1.hoabinhweb.com\/thoitrang1\/wp-json\/wp\/v2\/media\/132"}],"wp:attachment":[{"href":"https:\/\/mau1.hoabinhweb.com\/thoitrang1\/wp-json\/wp\/v2\/media?parent=53"}],"wp:term":[{"taxonomy":"product_cat","embeddable":true,"href":"https:\/\/mau1.hoabinhweb.com\/thoitrang1\/wp-json\/wp\/v2\/product_cat?post=53"},{"taxonomy":"product_tag","embeddable":true,"href":"https:\/\/mau1.hoabinhweb.com\/thoitrang1\/wp-json\/wp\/v2\/product_tag?post=53"}],"curies":[{"name":"wp","href":"https:\/\/api.w.org\/{rel}","templated":true}]}}