{"id":28,"date":"2023-02-17T23:17:16","date_gmt":"2023-02-17T16:17:16","guid":{"rendered":"http:\/\/mau1.hoabinhweb.com\/thucpham1\/?page_id=28"},"modified":"2023-10-23T21:05:57","modified_gmt":"2023-10-23T14:05:57","slug":"chinh-sach-giao-nhan-hang","status":"publish","type":"page","link":"https:\/\/mau1.hoabinhweb.com\/thucpham1\/chinh-sach-giao-nhan-hang\/","title":{"rendered":"Ch\u00ednh s\u00e1ch giao nh\u1eadn h\u00e0ng"},"content":{"rendered":"<div style=\"text-align: justify;\"><strong>Ch\u00ednh s\u00e1ch v\u1eadn chuy\u1ec3n \u2013 giao nh\u1eadn h\u00e0ng l\u00e0 m\u1ed9t ph\u1ea7n trong Quy ch\u1ebf ho\u1ea1t \u0111\u1ed9ng th\u01b0\u01a1ng m\u1ea1i \u0111i\u1ec7n t\u1eed c\u1ee7a <\/strong><strong>C\u00d4NG TY TNHH D\u01af\u1ee2C M\u1ef8 PH\u1ea8M NAM D\u01af\u01a0NG<\/strong><strong>, \u0111\u00e1p \u1ee9ng \u0111\u1ea7y \u0111\u1ee7 c\u00e1c Quy \u0111\u1ecbnh c\u1ee7a Ph\u00e1p lu\u1eadt c\u00f3 li\u00ean quan v\u00e0 tu\u00e2n th\u1ee7 theo Ngh\u1ecb \u0111\u1ecbnh 52\/2013\/N\u0110-CP c\u1ee7a Ch\u00ednh ph\u1ee7 n\u01b0\u1edbc C\u1ed9ng h\u00f2a x\u00e3 h\u1ed9i ch\u1ee7 ngh\u0129a Vi\u1ec7t Nam ban h\u00e0nh.\u00a0<\/strong><\/div>\n<div style=\"text-align: justify;\"><strong>Quy tr\u00ecnh giao nh\u1eadn, chuy\u1ec3n h\u00e0ng<\/strong><\/div>\n<div style=\"text-align: justify;\">C\u00f4ng ty C\u1ed5 ph\u1ea7n <strong>C\u00f4ng ty TNHH D\u01b0\u1ee3c m\u1ef9 ph\u1ea9m Nam D\u01b0\u01a1ng<\/strong> th\u1ef1c hi\u1ec7n giao h\u00e0ng \u0111\u1ebfn t\u1eadn tay kh\u00e1ch h\u00e0ng. Sau khi nh\u1eadn \u0111\u01a1n h\u00e0ng t\u1eeb ng\u01b0\u1eddi mua v\u00e0 \u0111\u00e3 x\u00e1c th\u1ef1c th\u00f4ng tin mua h\u00e0ng qua \u0111i\u1ec7n tho\u1ea1i, <strong>C\u00f4ng ty TNHH D\u01b0\u1ee3c m\u1ef9 ph\u1ea9m Nam D\u01b0\u01a1ng<\/strong> s\u1ebd ti\u1ebfn h\u00e0nh giao h\u00e0ng theo y\u00eau c\u1ea7u c\u1ee7a Qu\u00fd kh\u00e1ch h\u00e0ng.<\/div>\n<div style=\"text-align: justify;\"><strong>Ph\u1ea1m vi \u00e1p d\u1ee5ng<\/strong><\/div>\n<div style=\"text-align: justify;\">\n<ul>\n<li><strong>C\u00f4ng ty TNHH D\u01b0\u1ee3c m\u1ef9 ph\u1ea9m Nam D\u01b0\u01a1ng<\/strong> th\u1ef1c hi\u1ec7n giao h\u00e0ng tr\u00ean 63 t\u1ec9nh th\u00e0nh trong c\u1ea3 n\u01b0\u1edbc. B\u1ea5t k\u1ef3 l\u00fac n\u00e0o kh\u00e1ch h\u00e0ng c\u0169ng c\u00f3 th\u1ec3 tra c\u1ee9u, ki\u1ec3m tra l\u1ed9 tr\u00ecnh hay t\u00ecnh tr\u1ea1ng c\u1ee7a \u0111\u01a1n h\u00e0ng \u0111\u00e3 \u0111\u1eb7t mua qua c\u00e1c c\u00f4ng c\u1ee5 c\u1ee7a \u0111\u1ed1i t\u00e1c nh\u01b0: T\u1ed5ng c\u00f4ng ty b\u01b0u \u0111i\u1ec7n Vi\u1ec7t Nam (VN post)\u2026 \u0110\u01a1n h\u00e0ng c\u00f3 th\u1ec3 \u00e1p d\u1ee5ng h\u00ecnh th\u1ee9c C.O.D (thanh to\u00e1n khi nh\u1eadn h\u00e0ng).<\/li>\n<\/ul>\n<\/div>\n<div style=\"text-align: justify;\"><strong>Th\u1eddi gian giao h\u00e0ng<\/strong><\/div>\n<div style=\"text-align: justify;\">\n<ul>\n<li>Kh\u00e1ch h\u00e0ng s\u1ebd nh\u1eadn \u0111\u01b0\u1ee3c h\u00e0ng trong kho\u1ea3ng th\u1eddi gian t\u1eeb 2-7 ng\u00e0y sau khi ho\u00e0n t\u1ea5t cung c\u1ea5p c\u00e1c th\u00f4ng tin \u0111\u1eb7t \u0111\u01a1n h\u00e0ng nh\u01b0: h\u1ecd t\u00ean, \u0111\u1ecba ch\u1ec9, s\u1ed1 \u0111i\u1ec7n tho\u1ea1i\u2026 Th\u1eddi gian l\u01b0u tr\u1eef v\u00e0 giao h\u00e0ng nhanh hay ch\u1eadm t\u00f9y theo \u0111\u01a1n v\u1ecb chuy\u1ec3n ph\u00e1t t\u1ea1i \u0111\u1ecba ch\u1ec9 m\u00e0 kh\u00e1ch h\u00e0ng \u0111\u00e3 cung c\u1ea5p khi \u0111\u1eb7t h\u00e0ng.<\/li>\n<\/ul>\n<\/div>\n<div style=\"text-align: justify;\"><strong>Tr\u00e1ch nhi\u1ec7m v\u1edbi h\u00e0ng h\u00f3a v\u1eadn chuy\u1ec3n<\/strong><\/div>\n<div style=\"text-align: justify;\">\n<ul>\n<li><strong>C\u00f4ng ty TNHH D\u01b0\u1ee3c m\u1ef9 ph\u1ea9m Nam D\u01b0\u01a1ng<\/strong> s\u1ebd ch\u1ecbu tr\u00e1ch nhi\u1ec7m v\u1edbi h\u00e0ng h\u00f3a v\u00e0 c\u00e1c r\u1ee7i ro nh\u01b0 m\u1ea5t m\u00e1t ho\u1eb7c h\u01b0 h\u1ea1i c\u1ee7a h\u00e0ng h\u00f3a trong su\u1ed1t qu\u00e1 tr\u00ecnh v\u1eadn chuy\u1ec3n h\u00e0ng t\u1eeb kho h\u00e0ng ch\u00fang t\u00f4i \u0111\u1ebfn Qu\u00fd kh\u00e1ch.<\/li>\n<li>Qu\u00fd kh\u00e1ch c\u1ea7n ki\u1ec3m tra h\u00e0ng h\u00f3a khi nh\u1eadn h\u00e0ng. Khi ph\u00e1t hi\u1ec7n h\u00e0ng h\u00f3a b\u1ecb h\u01b0 h\u1ea1i, r\u00e1ch, m\u00f3p m\u00e9o ho\u1eb7c sai h\u00e0ng h\u00f3a th\u00ec k\u00fd x\u00e1c nh\u1eadn t\u00ecnh tr\u1ea1ng h\u00e0ng h\u00f3a v\u1edbi nh\u00e2n vi\u00ean giao nh\u1eadn v\u00e0 th\u00f4ng b\u00e1o ngay cho B\u1ed9 ph\u1eadn ch\u0103m s\u00f3c kh\u00e1ch h\u00e0ng theo s\u1ed1 hotline c\u1ee7a <strong>C\u00f4ng ty TNHH D\u01b0\u1ee3c m\u1ef9 ph\u1ea9m Nam D\u01b0\u01a1ng<\/strong>888.5863 t\u1eeb 8h-17h30 h\u00e0ng ng\u00e0y (tr\u1eeb Ch\u1ee7 nh\u1eadt &amp; Ng\u00e0y l\u1ec5).<\/li>\n<li>Sau khi Qu\u00fd kh\u00e1ch \u0111\u00e3 k\u00fd nh\u1eadn h\u00e0ng m\u00e0 kh\u00f4ng ghi ch\u00fa ho\u1eb7c c\u00f3 \u00fd ki\u1ebfn v\u1ec1 h\u00e0ng h\u00f3a, <strong>C\u00f4ng ty TNHH D\u01b0\u1ee3c m\u1ef9 ph\u1ea9m Nam D\u01b0\u01a1ng<\/strong> kh\u00f4ng c\u00f3 tr\u00e1ch nhi\u1ec7m v\u1edbi nh\u1eefng y\u00eau c\u1ea7u \u0111\u1ed5i tr\u1ea3 v\u00ec h\u01b0 h\u1ecfng, r\u00e1ch, m\u00f3p m\u00e9o, sai h\u00e0ng h\u00f3a\u2026 t\u1eeb Qu\u00fd kh\u00e1ch sau n\u00e0y.<\/li>\n<li>N\u1ebfu d\u1ecbch v\u1ee5 v\u1eadn chuy\u1ec3n do Qu\u00fd kh\u00e1ch ch\u1ec9 \u0111\u1ecbnh v\u00e0 l\u1ef1a ch\u1ecdn th\u00ec Qu\u00fd kh\u00e1ch s\u1ebd ch\u1ecbu tr\u00e1ch nhi\u1ec7m v\u1edbi h\u00e0ng h\u00f3a v\u00e0 c\u00e1c r\u1ee7i ro nh\u01b0 m\u1ea5t m\u00e1t ho\u1eb7c h\u01b0 h\u1ea1i c\u1ee7a h\u00e0ng h\u00f3a trong su\u1ed1t qu\u00e1 tr\u00ecnh v\u1eadn chuy\u1ec3n h\u00e0ng t\u1eeb kho h\u00e0ng c\u1ee7a c\u00f4ng ty \u0111\u1ebfn Qu\u00fd kh\u00e1ch. Kh\u00e1ch h\u00e0ng s\u1ebd ch\u1ecbu tr\u00e1ch nhi\u1ec7m c\u01b0\u1edbc ph\u00ed v\u00e0 t\u1ed5n th\u1ea5t li\u00ean quan.<\/li>\n<\/ul>\n<\/div>\n<div style=\"text-align: justify;\"><strong>Ph\u00ed giao h\u00e0ng:\u00a0<\/strong><strong>C\u00f4ng ty TNHH D\u01b0\u1ee3c m\u1ef9 ph\u1ea9m Nam D\u01b0\u01a1ng<\/strong><strong> giao h\u00e0ng to\u00e0n qu\u1ed1c v\u1edbi m\u1ee9c ph\u00ed giao h\u00e0ng nh\u01b0 sau<\/strong><\/div>\n<div style=\"text-align: justify;\">\n<ul>\n<li>N\u1ed9i th\u00e0nh H\u00e0 N\u1ed9i: 20.000 \u0111\u1ed3ng<\/li>\n<li>Ngo\u1ea1i th\u00e0nh H\u00e0 N\u1ed9i, TP H\u1ed3 Ch\u00ed Minh v\u00e0 c\u00e1c t\u1ec9nh\/ th\u00e0nh ph\u1ed1 tr\u00ean to\u00e0n qu\u1ed1c: 30.000 \u0111\u1ed3ng.<\/li>\n<li>Ch\u00ednh s\u00e1ch mi\u1ec5n ph\u00ed giao h\u00e0ng c\u00f3 th\u1ec3 \u0111\u01b0\u1ee3c \u00e1p d\u1ee5ng t\u00f9y th\u1eddi \u0111i\u1ec3m, s\u1ea3n ph\u1ea9m v\u00e0 \u0111i\u1ec1u ki\u1ec7n mua h\u00e0ng, theo th\u00f4ng b\u00e1o tr\u00ean c\u00e1c trang th\u00f4ng tin ch\u00ednh th\u1ee9c c\u1ee7a ch\u00fang t\u00f4i.<\/li>\n<\/ul>\n<\/div>\n<div style=\"text-align: justify;\"><strong>B\u1ea3o h\u00e0nh, \u0111\u1ed5i tr\u1ea3 h\u00e0ng:<\/strong>\u00a0<strong>S\u1ea3n ph\u1ea9m ch\u1ec9 \u0111\u01b0\u1ee3c \u0111\u1ed5i tr\u1ea3 khi l\u1ed7i do nh\u00e0 s\u1ea3n xu\u1ea5t v\u00e0 \u0111\u1ea3m b\u1ea3o \u0111\u00e1p \u1ee9ng \u0111\u1ea7y \u0111\u1ee7 c\u00e1c \u0111i\u1ec1u ki\u1ec7n sau d\u01b0\u1edbi \u0111\u00e2y<\/strong><\/div>\n<div style=\"text-align: justify;\">\n<ul>\n<li>S\u1ea3n ph\u1ea9m c\u00f2n nguy\u00ean bao b\u00ec<\/li>\n<li>C\u00f3 tem ch\u1ee9ng minh l\u00e0 h\u00e0ng ch\u00ednh h\u00e3ng c\u1ee7a C\u00f4ng ty<\/li>\n<li>S\u1ea3n ph\u1ea9m c\u00f2n h\u1ea1n s\u1eed d\u1ee5ng theo quy \u0111\u1ecbnh.<\/li>\n<li>Tr\u01b0\u1eddng h\u1ee3p kh\u00f4ng ch\u1ea5p nh\u1eadn \u0111\u1ed5i ho\u1eb7c tr\u1ea3 s\u1ea3n ph\u1ea9m: Qu\u00fd kh\u00e1ch h\u00e0ng mu\u1ed1n thay \u0111\u1ed5i ch\u1ee7ng lo\u1ea1i, m\u1eabu m\u00e3 s\u1ea3n ph\u1ea9m ho\u1eb7c L\u1ed7i do ng\u01b0\u1eddi s\u1eed d\u1ee5ng.<\/li>\n<li>L\u01b0u \u00fd: Qu\u00fd kh\u00e1ch h\u00e0ng vui l\u00f2ng ki\u1ec3m tra k\u1ef9 s\u1ea3n ph\u1ea9m tr\u01b0\u1edbc khi mua t\u1ea1i c\u1eeda h\u00e0ng ph\u00e2n ph\u1ed1i ho\u1eb7c nh\u1eadn h\u00e0ng qua chuy\u1ec3n ph\u00e1t nhanh.<\/li>\n<\/ul>\n<\/div>\n<div style=\"text-align: justify;\"><strong>N\u1ebfu c\u00f3 b\u1ea5t k\u1ef3 th\u1eafc m\u1eafc v\u1ec1 s\u1ea3n ph\u1ea9m v\u00e0 d\u1ecbch v\u1ee5 kh\u00e1ch h\u00e0ng, Qu\u00fd kh\u00e1ch h\u00e0ng vui l\u00f2ng g\u1ecdi t\u1edbi s\u1ed1 hotline 091.888.5863 \u0111\u1ec3 \u0111\u01b0\u1ee3c gi\u1ea3i \u0111\u00e1p ch\u00ednh x\u00e1c nh\u1ea5t!<\/strong><\/div>\n<div style=\"text-align: justify;\">\n<ul>\n<li>Tr\u1ee5 s\u1edf c\u00f4ng ty: <strong>C\u00f4ng ty TNHH D\u01b0\u1ee3c m\u1ef9 ph\u1ea9m Nam D\u01b0\u01a1ng<\/strong><\/li>\n<li>\u0110\u1ecba ch\u1ec9: \u0110\u1ecba ch\u1ec9: S\u1ed1 22, ng\u00f5 81\/35 Ph\u1ed1 Linh Lang, Ph\u01b0\u1eddng C\u1ed1ng V\u1ecb, Qu\u1eadn Ba \u0110\u00ecnh, H\u00e0 N\u1ed9i.<\/li>\n<li>MST\/\u0110KKD\/Q\u0110TL: 0108240247<\/li>\n<li>Email:<\/li>\n<\/ul>\n<\/div>\n<div style=\"text-align: justify;\"><strong>Xin ch\u00e2n th\u00e0nh c\u1ea3m \u01a1n Qu\u00fd Kh\u00e1ch h\u00e0ng!<\/strong><\/div>\n","protected":false},"excerpt":{"rendered":"<p>Ch\u00ednh s\u00e1ch v\u1eadn chuy\u1ec3n \u2013 giao nh\u1eadn h\u00e0ng l\u00e0 m\u1ed9t ph\u1ea7n trong Quy ch\u1ebf ho\u1ea1t \u0111\u1ed9ng th\u01b0\u01a1ng m\u1ea1i \u0111i\u1ec7n t\u1eed c\u1ee7a C\u00d4NG TY TNHH D\u01af\u1ee2C M\u1ef8 PH\u1ea8M NAM D\u01af\u01a0NG, \u0111\u00e1p \u1ee9ng \u0111\u1ea7y \u0111\u1ee7 c\u00e1c Quy \u0111\u1ecbnh c\u1ee7a Ph\u00e1p lu\u1eadt c\u00f3 li\u00ean quan v\u00e0 tu\u00e2n th\u1ee7 theo Ngh\u1ecb \u0111\u1ecbnh 52\/2013\/N\u0110-CP c\u1ee7a Ch\u00ednh ph\u1ee7 n\u01b0\u1edbc C\u1ed9ng h\u00f2a<\/p>\n","protected":false},"author":1,"featured_media":0,"parent":0,"menu_order":0,"comment_status":"closed","ping_status":"closed","template":"","meta":{"footnotes":""},"class_list":["post-28","page","type-page","status-publish","hentry"],"acf":[],"yoast_head":"<!-- This site is optimized with the Yoast SEO plugin v20.1 - https:\/\/yoast.com\/wordpress\/plugins\/seo\/ -->\n<title>Ch\u00ednh s\u00e1ch giao nh\u1eadn h\u00e0ng - D\u01b0\u1ee3c M\u1ef9 Ph\u1ea9m Nam D\u01b0\u01a1ng<\/title>\n<meta name=\"robots\" content=\"noindex, follow, max-snippet:-1, max-image-preview:large, max-video-preview:-1\" \/>\n<meta property=\"og:locale\" content=\"vi_VN\" \/>\n<meta property=\"og:type\" content=\"article\" \/>\n<meta property=\"og:title\" content=\"Ch\u00ednh s\u00e1ch giao nh\u1eadn h\u00e0ng - D\u01b0\u1ee3c M\u1ef9 Ph\u1ea9m Nam D\u01b0\u01a1ng\" \/>\n<meta property=\"og:description\" content=\"Ch\u00ednh s\u00e1ch v\u1eadn chuy\u1ec3n \u2013 giao nh\u1eadn h\u00e0ng l\u00e0 m\u1ed9t ph\u1ea7n trong Quy ch\u1ebf ho\u1ea1t \u0111\u1ed9ng th\u01b0\u01a1ng m\u1ea1i \u0111i\u1ec7n t\u1eed c\u1ee7a C\u00d4NG TY TNHH D\u01af\u1ee2C M\u1ef8 PH\u1ea8M NAM D\u01af\u01a0NG, \u0111\u00e1p \u1ee9ng \u0111\u1ea7y \u0111\u1ee7 c\u00e1c Quy \u0111\u1ecbnh c\u1ee7a Ph\u00e1p lu\u1eadt c\u00f3 li\u00ean quan v\u00e0 tu\u00e2n th\u1ee7 theo Ngh\u1ecb \u0111\u1ecbnh 52\/2013\/N\u0110-CP c\u1ee7a Ch\u00ednh ph\u1ee7 n\u01b0\u1edbc C\u1ed9ng h\u00f2a\" \/>\n<meta property=\"og:url\" content=\"https:\/\/mau1.hoabinhweb.com\/thucpham1\/chinh-sach-giao-nhan-hang\/\" \/>\n<meta property=\"og:site_name\" content=\"D\u01b0\u1ee3c M\u1ef9 Ph\u1ea9m Nam D\u01b0\u01a1ng\" \/>\n<meta property=\"article:modified_time\" content=\"2023-10-23T14:05:57+00:00\" \/>\n<meta name=\"twitter:card\" content=\"summary_large_image\" \/>\n<meta name=\"twitter:label1\" content=\"\u01af\u1edbc t\u00ednh th\u1eddi gian \u0111\u1ecdc\" \/>\n\t<meta name=\"twitter:data1\" content=\"5 ph\u00fat\" \/>\n<script type=\"application\/ld+json\" class=\"yoast-schema-graph\">{\"@context\":\"https:\/\/schema.org\",\"@graph\":[{\"@type\":\"WebPage\",\"@id\":\"https:\/\/mau1.hoabinhweb.com\/thucpham1\/chinh-sach-giao-nhan-hang\/\",\"url\":\"https:\/\/mau1.hoabinhweb.com\/thucpham1\/chinh-sach-giao-nhan-hang\/\",\"name\":\"Ch\u00ednh s\u00e1ch giao nh\u1eadn h\u00e0ng - D\u01b0\u1ee3c M\u1ef9 Ph\u1ea9m Nam D\u01b0\u01a1ng\",\"isPartOf\":{\"@id\":\"https:\/\/mau1.hoabinhweb.com\/thucpham1\/#website\"},\"datePublished\":\"2023-02-17T16:17:16+00:00\",\"dateModified\":\"2023-10-23T14:05:57+00:00\",\"breadcrumb\":{\"@id\":\"https:\/\/mau1.hoabinhweb.com\/thucpham1\/chinh-sach-giao-nhan-hang\/#breadcrumb\"},\"inLanguage\":\"vi\",\"potentialAction\":[{\"@type\":\"ReadAction\",\"target\":[\"https:\/\/mau1.hoabinhweb.com\/thucpham1\/chinh-sach-giao-nhan-hang\/\"]}]},{\"@type\":\"BreadcrumbList\",\"@id\":\"https:\/\/mau1.hoabinhweb.com\/thucpham1\/chinh-sach-giao-nhan-hang\/#breadcrumb\",\"itemListElement\":[{\"@type\":\"ListItem\",\"position\":1,\"name\":\"Trang ch\u1ee7\",\"item\":\"https:\/\/mau1.hoabinhweb.com\/thucpham1\/\"},{\"@type\":\"ListItem\",\"position\":2,\"name\":\"Ch\u00ednh s\u00e1ch giao nh\u1eadn h\u00e0ng\"}]},{\"@type\":\"WebSite\",\"@id\":\"https:\/\/mau1.hoabinhweb.com\/thucpham1\/#website\",\"url\":\"https:\/\/mau1.hoabinhweb.com\/thucpham1\/\",\"name\":\"D\u01b0\u1ee3c M\u1ef9 Ph\u1ea9m Nam D\u01b0\u01a1ng\",\"description\":\"\",\"potentialAction\":[{\"@type\":\"SearchAction\",\"target\":{\"@type\":\"EntryPoint\",\"urlTemplate\":\"https:\/\/mau1.hoabinhweb.com\/thucpham1\/?s={search_term_string}\"},\"query-input\":\"required name=search_term_string\"}],\"inLanguage\":\"vi\"}]}<\/script>\n<!-- \/ Yoast SEO plugin. -->","yoast_head_json":{"title":"Ch\u00ednh s\u00e1ch giao nh\u1eadn h\u00e0ng - D\u01b0\u1ee3c M\u1ef9 Ph\u1ea9m Nam D\u01b0\u01a1ng","robots":{"index":"noindex","follow":"follow","max-snippet":"max-snippet:-1","max-image-preview":"max-image-preview:large","max-video-preview":"max-video-preview:-1"},"og_locale":"vi_VN","og_type":"article","og_title":"Ch\u00ednh s\u00e1ch giao nh\u1eadn h\u00e0ng - D\u01b0\u1ee3c M\u1ef9 Ph\u1ea9m Nam D\u01b0\u01a1ng","og_description":"Ch\u00ednh s\u00e1ch v\u1eadn chuy\u1ec3n \u2013 giao nh\u1eadn h\u00e0ng l\u00e0 m\u1ed9t ph\u1ea7n trong Quy ch\u1ebf ho\u1ea1t \u0111\u1ed9ng th\u01b0\u01a1ng m\u1ea1i \u0111i\u1ec7n t\u1eed c\u1ee7a C\u00d4NG TY TNHH D\u01af\u1ee2C M\u1ef8 PH\u1ea8M NAM D\u01af\u01a0NG, \u0111\u00e1p \u1ee9ng \u0111\u1ea7y \u0111\u1ee7 c\u00e1c Quy \u0111\u1ecbnh c\u1ee7a Ph\u00e1p lu\u1eadt c\u00f3 li\u00ean quan v\u00e0 tu\u00e2n th\u1ee7 theo Ngh\u1ecb \u0111\u1ecbnh 52\/2013\/N\u0110-CP c\u1ee7a Ch\u00ednh ph\u1ee7 n\u01b0\u1edbc C\u1ed9ng h\u00f2a","og_url":"https:\/\/mau1.hoabinhweb.com\/thucpham1\/chinh-sach-giao-nhan-hang\/","og_site_name":"D\u01b0\u1ee3c M\u1ef9 Ph\u1ea9m Nam D\u01b0\u01a1ng","article_modified_time":"2023-10-23T14:05:57+00:00","twitter_card":"summary_large_image","twitter_misc":{"\u01af\u1edbc t\u00ednh th\u1eddi gian \u0111\u1ecdc":"5 ph\u00fat"},"schema":{"@context":"https:\/\/schema.org","@graph":[{"@type":"WebPage","@id":"https:\/\/mau1.hoabinhweb.com\/thucpham1\/chinh-sach-giao-nhan-hang\/","url":"https:\/\/mau1.hoabinhweb.com\/thucpham1\/chinh-sach-giao-nhan-hang\/","name":"Ch\u00ednh s\u00e1ch giao nh\u1eadn h\u00e0ng - D\u01b0\u1ee3c M\u1ef9 Ph\u1ea9m Nam D\u01b0\u01a1ng","isPartOf":{"@id":"https:\/\/mau1.hoabinhweb.com\/thucpham1\/#website"},"datePublished":"2023-02-17T16:17:16+00:00","dateModified":"2023-10-23T14:05:57+00:00","breadcrumb":{"@id":"https:\/\/mau1.hoabinhweb.com\/thucpham1\/chinh-sach-giao-nhan-hang\/#breadcrumb"},"inLanguage":"vi","potentialAction":[{"@type":"ReadAction","target":["https:\/\/mau1.hoabinhweb.com\/thucpham1\/chinh-sach-giao-nhan-hang\/"]}]},{"@type":"BreadcrumbList","@id":"https:\/\/mau1.hoabinhweb.com\/thucpham1\/chinh-sach-giao-nhan-hang\/#breadcrumb","itemListElement":[{"@type":"ListItem","position":1,"name":"Trang ch\u1ee7","item":"https:\/\/mau1.hoabinhweb.com\/thucpham1\/"},{"@type":"ListItem","position":2,"name":"Ch\u00ednh s\u00e1ch giao nh\u1eadn h\u00e0ng"}]},{"@type":"WebSite","@id":"https:\/\/mau1.hoabinhweb.com\/thucpham1\/#website","url":"https:\/\/mau1.hoabinhweb.com\/thucpham1\/","name":"D\u01b0\u1ee3c M\u1ef9 Ph\u1ea9m Nam D\u01b0\u01a1ng","description":"","potentialAction":[{"@type":"SearchAction","target":{"@type":"EntryPoint","urlTemplate":"https:\/\/mau1.hoabinhweb.com\/thucpham1\/?s={search_term_string}"},"query-input":"required name=search_term_string"}],"inLanguage":"vi"}]}},"_links":{"self":[{"href":"https:\/\/mau1.hoabinhweb.com\/thucpham1\/wp-json\/wp\/v2\/pages\/28","targetHints":{"allow":["GET"]}}],"collection":[{"href":"https:\/\/mau1.hoabinhweb.com\/thucpham1\/wp-json\/wp\/v2\/pages"}],"about":[{"href":"https:\/\/mau1.hoabinhweb.com\/thucpham1\/wp-json\/wp\/v2\/types\/page"}],"author":[{"embeddable":true,"href":"https:\/\/mau1.hoabinhweb.com\/thucpham1\/wp-json\/wp\/v2\/users\/1"}],"replies":[{"embeddable":true,"href":"https:\/\/mau1.hoabinhweb.com\/thucpham1\/wp-json\/wp\/v2\/comments?post=28"}],"version-history":[{"count":3,"href":"https:\/\/mau1.hoabinhweb.com\/thucpham1\/wp-json\/wp\/v2\/pages\/28\/revisions"}],"predecessor-version":[{"id":452,"href":"https:\/\/mau1.hoabinhweb.com\/thucpham1\/wp-json\/wp\/v2\/pages\/28\/revisions\/452"}],"wp:attachment":[{"href":"https:\/\/mau1.hoabinhweb.com\/thucpham1\/wp-json\/wp\/v2\/media?parent=28"}],"curies":[{"name":"wp","href":"https:\/\/api.w.org\/{rel}","templated":true}]}}