{"id":410,"date":"2023-10-21T15:49:44","date_gmt":"2023-10-21T08:49:44","guid":{"rendered":"http:\/\/mau1.hoabinhweb.com\/thucpham1\/?page_id=410"},"modified":"2023-10-21T16:03:52","modified_gmt":"2023-10-21T09:03:52","slug":"300-ngay-vang-dau-doi","status":"publish","type":"page","link":"https:\/\/mau1.hoabinhweb.com\/thucpham1\/300-ngay-vang-dau-doi\/","title":{"rendered":"300 ng\u00e0y v\u00e0ng \u0111\u1ea7u \u0111\u1eddi"},"content":{"rendered":"\n\t<section class=\"section home-section page-ngayvang page-ngayvang1\" id=\"section_490422124\">\n\t\t<div class=\"bg section-bg fill bg-fill  \">\n\n\t\t\t\n\t\t\t\n\t\t\t\n\n\t\t<\/div>\n\n\t\t\n\n\t\t<div class=\"section-content relative\">\n\t\t\t\n\n\t<div class=\"img has-hover col-left x md-x lg-x y md-y lg-y\" id=\"image_1535764660\">\n\t\t\t\t\t\t\t\t<div class=\"img-inner dark\">\n\t\t\t<img loading=\"lazy\" decoding=\"async\" width=\"651\" height=\"514\" src=\"https:\/\/mau1.hoabinhweb.com\/thucpham1\/wp-content\/uploads\/2023\/10\/slide2-left.png\" class=\"attachment-large size-large\" alt=\"Slide2 Left\" \/>\t\t\t\t\t\t\n\t\t\t\t\t<\/div>\n\t\t\t\t\t\t\t\t\n<style>\n#image_1535764660 {\n  width: 100%;\n}\n<\/style>\n\t<\/div>\n\t\n\n\t<div class=\"img has-hover col-right x md-x lg-x y md-y lg-y\" id=\"image_34369590\">\n\t\t\t\t\t\t\t\t<div class=\"img-inner dark\">\n\t\t\t<img loading=\"lazy\" decoding=\"async\" width=\"587\" height=\"380\" src=\"https:\/\/mau1.hoabinhweb.com\/thucpham1\/wp-content\/uploads\/2023\/10\/banner-300ngay.png\" class=\"attachment-large size-large\" alt=\"Banner 300ngay\" \/>\t\t\t\t\t\t\n\t\t\t\t\t<\/div>\n\t\t\t\t\t\t\t\t\n<style>\n#image_34369590 {\n  width: 100%;\n}\n<\/style>\n\t<\/div>\n\t\n\n\t<div id=\"stack-2290523620\" class=\"stack star-left stack-row justify-start items-stretch\">\n\t\t\n\n\t<div class=\"img has-hover star1 blinker1 x md-x lg-x y md-y lg-y\" id=\"image_1923176495\">\n\t\t\t\t\t\t\t\t<div class=\"img-inner dark\">\n\t\t\t<img loading=\"lazy\" decoding=\"async\" width=\"48\" height=\"46\" src=\"https:\/\/mau1.hoabinhweb.com\/thucpham1\/wp-content\/uploads\/2023\/09\/icon-star.png\" class=\"attachment-large size-large\" alt=\"Icon Star\" \/>\t\t\t\t\t\t\n\t\t\t\t\t<\/div>\n\t\t\t\t\t\t\t\t\n<style>\n#image_1923176495 {\n  width: 100%;\n}\n<\/style>\n\t<\/div>\n\t\n\n\t<div class=\"img has-hover star2 blinker2 x md-x lg-x y md-y lg-y\" id=\"image_521750604\">\n\t\t\t\t\t\t\t\t<div class=\"img-inner dark\">\n\t\t\t<img loading=\"lazy\" decoding=\"async\" width=\"48\" height=\"46\" src=\"https:\/\/mau1.hoabinhweb.com\/thucpham1\/wp-content\/uploads\/2023\/09\/icon-star.png\" class=\"attachment-large size-large\" alt=\"Icon Star\" \/>\t\t\t\t\t\t\n\t\t\t\t\t<\/div>\n\t\t\t\t\t\t\t\t\n<style>\n#image_521750604 {\n  width: 100%;\n}\n<\/style>\n\t<\/div>\n\t\n\n\t<div class=\"img has-hover star3 blinker3 x md-x lg-x y md-y lg-y\" id=\"image_1091355367\">\n\t\t\t\t\t\t\t\t<div class=\"img-inner dark\">\n\t\t\t<img loading=\"lazy\" decoding=\"async\" width=\"48\" height=\"46\" src=\"https:\/\/mau1.hoabinhweb.com\/thucpham1\/wp-content\/uploads\/2023\/09\/icon-star.png\" class=\"attachment-large size-large\" alt=\"Icon Star\" \/>\t\t\t\t\t\t\n\t\t\t\t\t<\/div>\n\t\t\t\t\t\t\t\t\n<style>\n#image_1091355367 {\n  width: 100%;\n}\n<\/style>\n\t<\/div>\n\t\n\n\t<div class=\"img has-hover star4 blinker2 x md-x lg-x y md-y lg-y\" id=\"image_1883870310\">\n\t\t\t\t\t\t\t\t<div class=\"img-inner dark\">\n\t\t\t<img loading=\"lazy\" decoding=\"async\" width=\"48\" height=\"46\" src=\"https:\/\/mau1.hoabinhweb.com\/thucpham1\/wp-content\/uploads\/2023\/09\/icon-star.png\" class=\"attachment-large size-large\" alt=\"Icon Star\" \/>\t\t\t\t\t\t\n\t\t\t\t\t<\/div>\n\t\t\t\t\t\t\t\t\n<style>\n#image_1883870310 {\n  width: 100%;\n}\n<\/style>\n\t<\/div>\n\t\n\n\t<div class=\"img has-hover star5 blinker1 x md-x lg-x y md-y lg-y\" id=\"image_482006447\">\n\t\t\t\t\t\t\t\t<div class=\"img-inner dark\">\n\t\t\t<img loading=\"lazy\" decoding=\"async\" width=\"48\" height=\"46\" src=\"https:\/\/mau1.hoabinhweb.com\/thucpham1\/wp-content\/uploads\/2023\/09\/icon-star.png\" class=\"attachment-large size-large\" alt=\"Icon Star\" \/>\t\t\t\t\t\t\n\t\t\t\t\t<\/div>\n\t\t\t\t\t\t\t\t\n<style>\n#image_482006447 {\n  width: 100%;\n}\n<\/style>\n\t<\/div>\n\t\n\n\n\t\t\n<style>\n#stack-2290523620 > * {\n  --stack-gap: 0rem;\n}\n<\/style>\n\t<\/div>\n\t\n\t<div id=\"stack-581045833\" class=\"stack star-right stack-row justify-start items-stretch\">\n\t\t\n\n\t<div class=\"img has-hover star1 blinker1 x md-x lg-x y md-y lg-y\" id=\"image_681235780\">\n\t\t\t\t\t\t\t\t<div class=\"img-inner dark\">\n\t\t\t<img loading=\"lazy\" decoding=\"async\" width=\"48\" height=\"46\" src=\"https:\/\/mau1.hoabinhweb.com\/thucpham1\/wp-content\/uploads\/2023\/09\/icon-star.png\" class=\"attachment-large size-large\" alt=\"Icon Star\" \/>\t\t\t\t\t\t\n\t\t\t\t\t<\/div>\n\t\t\t\t\t\t\t\t\n<style>\n#image_681235780 {\n  width: 100%;\n}\n<\/style>\n\t<\/div>\n\t\n\n\t<div class=\"img has-hover star2 blinker2 x md-x lg-x y md-y lg-y\" id=\"image_1362185035\">\n\t\t\t\t\t\t\t\t<div class=\"img-inner dark\">\n\t\t\t<img loading=\"lazy\" decoding=\"async\" width=\"48\" height=\"46\" src=\"https:\/\/mau1.hoabinhweb.com\/thucpham1\/wp-content\/uploads\/2023\/09\/icon-star.png\" class=\"attachment-large size-large\" alt=\"Icon Star\" \/>\t\t\t\t\t\t\n\t\t\t\t\t<\/div>\n\t\t\t\t\t\t\t\t\n<style>\n#image_1362185035 {\n  width: 100%;\n}\n<\/style>\n\t<\/div>\n\t\n\n\t<div class=\"img has-hover star3 blinker3 x md-x lg-x y md-y lg-y\" id=\"image_1005522232\">\n\t\t\t\t\t\t\t\t<div class=\"img-inner dark\">\n\t\t\t<img loading=\"lazy\" decoding=\"async\" width=\"48\" height=\"46\" src=\"https:\/\/mau1.hoabinhweb.com\/thucpham1\/wp-content\/uploads\/2023\/09\/icon-star.png\" class=\"attachment-large size-large\" alt=\"Icon Star\" \/>\t\t\t\t\t\t\n\t\t\t\t\t<\/div>\n\t\t\t\t\t\t\t\t\n<style>\n#image_1005522232 {\n  width: 100%;\n}\n<\/style>\n\t<\/div>\n\t\n\n\t<div class=\"img has-hover star4 blinker2 x md-x lg-x y md-y lg-y\" id=\"image_636538794\">\n\t\t\t\t\t\t\t\t<div class=\"img-inner dark\">\n\t\t\t<img loading=\"lazy\" decoding=\"async\" width=\"48\" height=\"46\" src=\"https:\/\/mau1.hoabinhweb.com\/thucpham1\/wp-content\/uploads\/2023\/09\/icon-star.png\" class=\"attachment-large size-large\" alt=\"Icon Star\" \/>\t\t\t\t\t\t\n\t\t\t\t\t<\/div>\n\t\t\t\t\t\t\t\t\n<style>\n#image_636538794 {\n  width: 100%;\n}\n<\/style>\n\t<\/div>\n\t\n\n\t<div class=\"img has-hover star5 blinker1 x md-x lg-x y md-y lg-y\" id=\"image_418897060\">\n\t\t\t\t\t\t\t\t<div class=\"img-inner dark\">\n\t\t\t<img loading=\"lazy\" decoding=\"async\" width=\"48\" height=\"46\" src=\"https:\/\/mau1.hoabinhweb.com\/thucpham1\/wp-content\/uploads\/2023\/09\/icon-star.png\" class=\"attachment-large size-large\" alt=\"Icon Star\" \/>\t\t\t\t\t\t\n\t\t\t\t\t<\/div>\n\t\t\t\t\t\t\t\t\n<style>\n#image_418897060 {\n  width: 100%;\n}\n<\/style>\n\t<\/div>\n\t\n\n\n\t\t\n<style>\n#stack-581045833 > * {\n  --stack-gap: 0rem;\n}\n<\/style>\n\t<\/div>\n\t\n\n\t\t<\/div>\n\n\t\t\n<style>\n#section_490422124 {\n  padding-top: 160px;\n  padding-bottom: 160px;\n}\n#section_490422124 .section-bg.bg-loaded {\n  background-image: url(https:\/\/mau1.hoabinhweb.com\/thucpham1\/wp-content\/uploads\/2023\/09\/bg-home.jpg);\n}\n#section_490422124 .ux-shape-divider--top svg {\n  height: 150px;\n  --divider-top-width: 100%;\n}\n#section_490422124 .ux-shape-divider--bottom svg {\n  height: 150px;\n  --divider-width: 100%;\n}\n<\/style>\n\t<\/section>\n\t\n\t<section class=\"section home-section page-ngayvang page-ngayvang2\" id=\"section_1649083546\">\n\t\t<div class=\"bg section-bg fill bg-fill  bg-loaded\">\n\n\t\t\t\n\t\t\t\n\t\t\t\n\n\t\t<\/div>\n\n\t\t\n\n\t\t<div class=\"section-content relative\">\n\t\t\t\n\n<p>300 ng\u00e0y v\u00e0ng \u0111\u1ea7u \u0111\u1eddi ch\u00ednh l\u00e0 kho\u1ea3ng th\u1eddi gian v\u00e0 c\u01a1 h\u1ed9i quy\u1ebft \u0111\u1ecbnh s\u1ee9c kho\u1ebb,\u00a0 t\u1ea7m v\u00f3c, tr\u00ed tu\u1ec7 c\u1ea3 cu\u1ed9c \u0111\u1eddi c\u1ee7a b\u00e9. Theo m\u1ed9t nghi\u00ean c\u1ee9u khoa h\u1ecdc, khi m\u1edbi sinh, n\u00e3o c\u1ee7a tr\u1ebb ch\u1ec9 n\u1eb7ng 300g v\u00e0 300 ng\u00e0y \u0111\u1ea7u \u0111\u1eddi l\u00e0 kho\u1ea3ng th\u1eddi gian n\u00e3o b\u1ed9 t\u0103ng tr\u01b0\u1edfng \u0111\u1ea1t \u0111\u1ebfn 1.100g, chi\u1ebfm 80% tr\u1ecdng l\u01b0\u1ee3ng n\u00e3o khi tr\u01b0\u1edfng th\u00e0nh.<\/p>\n<p>V\u1ea5n \u0111\u1ec1 gi\u1ea5c ng\u1ee7 \u0111\u1ed1i v\u1edbi tr\u1ebb s\u01a1 sinh trong 300 ng\u00e0y v\u00e0ng \u0111\u1ea7u \u0111\u1eddi l\u00e0 t\u1ed1i quan tr\u1ecdng b\u1edfi trong giai \u0111o\u1ea1n n\u00e0y, b\u00e9 d\u00e0nh 16-18 ti\u1ebfng cho vi\u1ec7c ng\u1ee7. Ng\u1ee7 ch\u00ednh l\u00e0 th\u1eddi \u0111i\u1ec3m c\u00e1c c\u01a1 quan b\u00ean trong c\u1ee7a b\u00e9 ph\u00e1t tri\u1ec3n to\u00e0n di\u1ec7n.<\/p>\n<p>Ch\u1ec9 khi b\u00e9 c\u00f3 gi\u1ea5c ng\u1ee7 ngon, tr\u1ecdn v\u1eb9n th\u00ec n\u00e3o b\u1ed9 v\u00e0 chi\u1ec1u cao m\u1edbi c\u00f3 th\u1ec3 ph\u00e1t tri\u1ec3n t\u1ed1i \u01b0u nh\u1ea5t &#8211; 80% t\u1ebf b\u00e0o n\u00e3o b\u1ed9 \u0111\u01b0\u1ee3c t\u1ea1o ra c\u00f3 li\u00ean quan \u0111\u1ebfn th\u1eddi gian v\u00e0 ch\u1ea5t l\u01b0\u1ee3ng trong gi\u1ea5c ng\u1ee7 c\u1ee7a b\u00e9.<\/p>\n<p>\u0110\u1ed1i m\u1eb7t v\u1edbi vi\u1ec7c b\u00e9 ch\u01b0a c\u00f3 m\u1ed9t n\u1ebfp ng\u1ee7 ch\u1ea5t l\u01b0\u1ee3ng, c\u00f3 kh\u1ea3 n\u0103ng g\u00e2y \u1ea3nh h\u01b0\u1edfng t\u1edbi s\u1ef1 ph\u00e1t tri\u1ec3n to\u00e0n di\u1ec7n c\u1ee7a con ch\u00ednh l\u00e0 m\u1ed9t trong nh\u1eefng n\u1ed7i lo r\u1ea5t l\u1edbn c\u1ee7a b\u1ed1 m\u1eb9 hi\u1ec7n\u00a0 nay.<\/p>\n<p>Hi\u1ec3u \u0111\u01b0\u1ee3c \u0111i\u1ec1u n\u00e0y v\u00e0 t\u1ea7m quan tr\u1ecdng c\u1ee7a gi\u1ea5c ng\u1ee7 \u0111\u1ed1i v\u1edbi th\u1ec3 ch\u1ea5t v\u00e0 tinh th\u1ea7n c\u1ee7a tr\u1ebb em Vi\u1ec7t Nam trong t\u01b0\u01a1ng lai, OPILAC v\u1edbi s\u1ee9 m\u1ec7nh \u0111em \u0111\u1ebfn h\u00e0ng tri\u1ec7u gi\u1ea5c ng\u1ee7 ngon cho tr\u1ebb em Vi\u1ec7t Nam &#8211; gi\u1ea3i quy\u1ebft t\u1eadn g\u1ed1c c\u0103n nguy\u00ean g\u00e2y n\u00ean t\u00ecnh tr\u1ea1ng b\u00e9: ng\u1ee7 ng\u00e0y c\u00e0y \u0111\u00eam, ng\u1ee7 kh\u00f4ng s\u00e2u gi\u1ea5c, qu\u1eb1n qu\u1ea1i qu\u1ea5y kh\u00f3c \u0111\u00eam, tr\u1eb1n tr\u1ecdc kh\u00f3\u00a0 v\u00e0o gi\u1ea5c trong 300 ng\u00e0y v\u00e0ng \u0111\u1ea7u \u0111\u1eddi.<\/p>\n<p>T\u1eeb \u0111\u00f3, b\u1eb1ng nh\u1eefng g\u00ec t\u00e2n ti\u1ebfn v\u00e0 t\u1ef1 nhi\u00ean nh\u1ea5t \u0111\u1ec3 thi\u1ebft l\u1eadp v\u00e0 ki\u1ebfn t\u1ea1o cho b\u00e9 n\u1ebfp ng\u1ee7 ch\u1ea5t l\u01b0\u1ee3ng, b\u1ec1n v\u1eefng; \u0111\u1ed3ng th\u1eddi c\u1ee7ng c\u1ed1 h\u1ec7 th\u1ed1ng ti\u00eau ho\u00e1 kho\u1ebb m\u1ea1nh v\u00e0 cung c\u1ea5p \u0111\u1ea7y \u0111\u1ee7 dinh d\u01b0\u1ee1ng thi\u1ebft y\u1ebfu \u0111\u1ec3 t\u1ea1o ti\u1ec1n \u0111\u1ec1 cho s\u1ef1 ph\u00e1t tri\u1ec3n to\u00e0n di\u1ec7n\u00a0 c\u1ee7a b\u00e9 trong h\u00e0nh tr\u00ecnh kh\u00f4n l\u1edbn.\u00a0<\/p>\n\n\t\t<\/div>\n\n\t\t\n<style>\n#section_1649083546 {\n  padding-top: 30px;\n  padding-bottom: 30px;\n}\n#section_1649083546 .ux-shape-divider--top svg {\n  height: 150px;\n  --divider-top-width: 100%;\n}\n#section_1649083546 .ux-shape-divider--bottom svg {\n  height: 150px;\n  --divider-width: 100%;\n}\n<\/style>\n\t<\/section>\n\t\n\t<section class=\"section home-section page-ngayvang page-ngayvang3\" id=\"section_450864883\">\n\t\t<div class=\"bg section-bg fill bg-fill  bg-loaded\">\n\n\t\t\t\n\t\t\t\n\t\t\t\n\n\t\t<\/div>\n\n\t\t\n\n\t\t<div class=\"section-content relative\">\n\t\t\t\n\n<div class=\"container section-title-container\"><h2 class=\"section-title section-title-normal\"><b><\/b><span class=\"section-title-main\">N\u1ed9i dung n\u1ed5i b\u1eadt<\/span><b><\/b><a href=\"http:\/\/mau1.hoabinhweb.com\/thucpham1\/tin-noi-bat\/\" target=\"\">Xem t\u1ea5t c\u1ea3<i class=\"icon-angle-right\"><\/i><\/a><\/h2><\/div>\n\n\n  \n    <div class=\"row blog-left large-columns-1 medium-columns-1 small-columns-1\">\n  <div class=\"col post-item\">\n\t\t\t<div class=\"col-inner\">\n\t\t\t<a href=\"https:\/\/mau1.hoabinhweb.com\/thucpham1\/10-cach-giup-con-ngu-ngon-vao-ban-dem-it-quay-khoc\/\" class=\"plain\">\n\t\t\t\t<div class=\"box box-normal box-text-bottom box-blog-post has-hover\">\n            \t\t\t\t\t<div class=\"box-image\">\n  \t\t\t\t\t\t<div class=\"image-cover\" style=\"padding-top:67%;\">\n  \t\t\t\t\t\t\t<img loading=\"lazy\" decoding=\"async\" width=\"700\" height=\"438\" src=\"https:\/\/mau1.hoabinhweb.com\/thucpham1\/wp-content\/uploads\/2023\/10\/tintuc6.jpg\" class=\"attachment-original size-original wp-post-image\" alt=\"Tintuc6\" \/>  \t\t\t\t\t\t\t  \t\t\t\t\t\t\t  \t\t\t\t\t\t<\/div>\n  \t\t\t\t\t\t  \t\t\t\t\t<\/div>\n          \t\t\t\t\t<div class=\"box-text text-left\">\n\t\t\t\t\t<div class=\"box-text-inner blog-post-inner\">\n\n\t\t\t\t\t\n\t\t\t\t\t\t\t\t\t\t<h5 class=\"post-title is-large \">10 c\u00e1ch gi\u00fap con ng\u1ee7 ngon v\u00e0o ban \u0111\u00eam, \u00edt qu\u1ea5y kh\u00f3c<\/h5>\n\t\t\t\t\t<div class=\"post-meta is-small op-8\">10\/10\/2023<\/div>\t\t\t\t\t<div class=\"is-divider\"><\/div>\n\t\t\t\t\t\t\t\t\t\t<p class=\"from_the_blog_excerpt \">Cha m\u1eb9 n\u00e0o b\u01b0\u1edbc v\u00e0o th\u1eddi k\u1ef3 b\u1ec9m s\u1eefa c\u0169ng g\u1eb7p t\u00ecnh tr\u1ea1ng con d\u1ec5 qu\u1ea5y kh\u00f3c, kh\u00f3 ng\u1ee7 ban \u0111\u00eam do tr\u1ebb s\u01a1 sinh ch\u01b0a ph\u00e2n bi\u1ec7t \u0111\u01b0\u1ee3c ng\u00e0y \u0111\u00eam. V\u00ec v\u1eady, t\u00ecnh tr\u1ea1ng n\u00e0y k\u00e9o d\u00e0i c\u00f3 th\u1ec3\t\t\t\t\t<\/p>\n\t\t\t\t\t                    \n\t\t\t\t\t\t\t\t\t\t\t<button href=\"https:\/\/mau1.hoabinhweb.com\/thucpham1\/10-cach-giup-con-ngu-ngon-vao-ban-dem-it-quay-khoc\/\" class=\"button  is-bevel is-small mb-0\">\n\t\t\t\t\t\t\tXem th\u00eam\t\t\t\t\t\t<\/button>\n\t\t\t\t\t\n\t\t\t\t\t\n\t\t\t\t\t<\/div>\n\t\t\t\t\t<\/div>\n\t\t\t\t\t\t\t\t\t<\/div>\n\t\t\t\t<\/a>\n\t\t\t<\/div>\n\t\t<\/div><\/div>\n\n\n  \n    <div class=\"row blog-right large-columns-1 medium-columns-1 small-columns-1\">\n  <div class=\"col post-item\">\n\t\t\t<div class=\"col-inner\">\n\t\t\t<a href=\"https:\/\/mau1.hoabinhweb.com\/thucpham1\/nhung-benh-thuong-gap-o-tre-vao-dip-tet-ba-me-khong-nen-bo-qua\/\" class=\"plain\">\n\t\t\t\t<div class=\"box box-normal box-text-bottom box-blog-post has-hover\">\n            \t\t\t\t\t<div class=\"box-image\">\n  \t\t\t\t\t\t<div class=\"image-cover\" style=\"padding-top:100%;\">\n  \t\t\t\t\t\t\t<img loading=\"lazy\" decoding=\"async\" width=\"150\" height=\"150\" src=\"https:\/\/mau1.hoabinhweb.com\/thucpham1\/wp-content\/uploads\/2023\/10\/tintuc5-150x150.jpg\" class=\"attachment-thumbnail size-thumbnail wp-post-image\" alt=\"Tintuc5\" \/>  \t\t\t\t\t\t\t  \t\t\t\t\t\t\t  \t\t\t\t\t\t<\/div>\n  \t\t\t\t\t\t  \t\t\t\t\t<\/div>\n          \t\t\t\t\t<div class=\"box-text text-left\">\n\t\t\t\t\t<div class=\"box-text-inner blog-post-inner\">\n\n\t\t\t\t\t\n\t\t\t\t\t\t\t\t\t\t<h5 class=\"post-title is-large \">Nh\u1eefng b\u1ec7nh th\u01b0\u1eddng g\u1eb7p \u1edf tr\u1ebb v\u00e0o d\u1ecbp T\u1ebft ba m\u1eb9 kh\u00f4ng n\u00ean b\u1ecf qua<\/h5>\n\t\t\t\t\t<div class=\"post-meta is-small op-8\">10\/10\/2023<\/div>\t\t\t\t\t<div class=\"is-divider\"><\/div>\n\t\t\t\t\t                    \n\t\t\t\t\t\t\t\t\t\t\t<button href=\"https:\/\/mau1.hoabinhweb.com\/thucpham1\/nhung-benh-thuong-gap-o-tre-vao-dip-tet-ba-me-khong-nen-bo-qua\/\" class=\"button  is-link is-small mb-0\">\n\t\t\t\t\t\t\tXem th\u00eam\t\t\t\t\t\t<\/button>\n\t\t\t\t\t\n\t\t\t\t\t\n\t\t\t\t\t<\/div>\n\t\t\t\t\t<\/div>\n\t\t\t\t\t\t\t\t\t<\/div>\n\t\t\t\t<\/a>\n\t\t\t<\/div>\n\t\t<\/div><div class=\"col post-item\">\n\t\t\t<div class=\"col-inner\">\n\t\t\t<a href=\"https:\/\/mau1.hoabinhweb.com\/thucpham1\/6-dau-hieu-cho-thay-be-dang-mac-hoi-chung-colic-me-dung-chu-quan\/\" class=\"plain\">\n\t\t\t\t<div class=\"box box-normal box-text-bottom box-blog-post has-hover\">\n            \t\t\t\t\t<div class=\"box-image\">\n  \t\t\t\t\t\t<div class=\"image-cover\" style=\"padding-top:100%;\">\n  \t\t\t\t\t\t\t<img loading=\"lazy\" decoding=\"async\" width=\"150\" height=\"150\" src=\"https:\/\/mau1.hoabinhweb.com\/thucpham1\/wp-content\/uploads\/2023\/10\/tintuc4-150x150.jpg\" class=\"attachment-thumbnail size-thumbnail wp-post-image\" alt=\"Tintuc4\" \/>  \t\t\t\t\t\t\t  \t\t\t\t\t\t\t  \t\t\t\t\t\t<\/div>\n  \t\t\t\t\t\t  \t\t\t\t\t<\/div>\n          \t\t\t\t\t<div class=\"box-text text-left\">\n\t\t\t\t\t<div class=\"box-text-inner blog-post-inner\">\n\n\t\t\t\t\t\n\t\t\t\t\t\t\t\t\t\t<h5 class=\"post-title is-large \">6 d\u1ea5u hi\u1ec7u cho th\u1ea5y b\u00e9 \u0111ang m\u1eafc H\u1ed9i ch\u1ee9ng colic \u2013 M\u1eb9 \u0111\u1eebng ch\u1ee7 quan!<\/h5>\n\t\t\t\t\t<div class=\"post-meta is-small op-8\">10\/10\/2023<\/div>\t\t\t\t\t<div class=\"is-divider\"><\/div>\n\t\t\t\t\t                    \n\t\t\t\t\t\t\t\t\t\t\t<button href=\"https:\/\/mau1.hoabinhweb.com\/thucpham1\/6-dau-hieu-cho-thay-be-dang-mac-hoi-chung-colic-me-dung-chu-quan\/\" class=\"button  is-link is-small mb-0\">\n\t\t\t\t\t\t\tXem th\u00eam\t\t\t\t\t\t<\/button>\n\t\t\t\t\t\n\t\t\t\t\t\n\t\t\t\t\t<\/div>\n\t\t\t\t\t<\/div>\n\t\t\t\t\t\t\t\t\t<\/div>\n\t\t\t\t<\/a>\n\t\t\t<\/div>\n\t\t<\/div><div class=\"col post-item\">\n\t\t\t<div class=\"col-inner\">\n\t\t\t<a href=\"https:\/\/mau1.hoabinhweb.com\/thucpham1\/bi-quyet-nao-giai-quyet-triet-de-tinh-trang-tre-quay-khoc-dem-mua-lanh\/\" class=\"plain\">\n\t\t\t\t<div class=\"box box-normal box-text-bottom box-blog-post has-hover\">\n            \t\t\t\t\t<div class=\"box-image\">\n  \t\t\t\t\t\t<div class=\"image-cover\" style=\"padding-top:100%;\">\n  \t\t\t\t\t\t\t<img loading=\"lazy\" decoding=\"async\" width=\"150\" height=\"150\" src=\"https:\/\/mau1.hoabinhweb.com\/thucpham1\/wp-content\/uploads\/2023\/10\/tintuc3-150x150.jpg\" class=\"attachment-thumbnail size-thumbnail wp-post-image\" alt=\"Tintuc3\" \/>  \t\t\t\t\t\t\t  \t\t\t\t\t\t\t  \t\t\t\t\t\t<\/div>\n  \t\t\t\t\t\t  \t\t\t\t\t<\/div>\n          \t\t\t\t\t<div class=\"box-text text-left\">\n\t\t\t\t\t<div class=\"box-text-inner blog-post-inner\">\n\n\t\t\t\t\t\n\t\t\t\t\t\t\t\t\t\t<h5 class=\"post-title is-large \">B\u00ed quy\u1ebft n\u00e0o gi\u1ea3i quy\u1ebft tri\u1ec7t \u0111\u1ec3 t\u00ecnh tr\u1ea1ng tr\u1ebb qu\u1ea5y kh\u00f3c \u0111\u00eam m\u00f9a l\u1ea1nh?<\/h5>\n\t\t\t\t\t<div class=\"post-meta is-small op-8\">10\/10\/2023<\/div>\t\t\t\t\t<div class=\"is-divider\"><\/div>\n\t\t\t\t\t                    \n\t\t\t\t\t\t\t\t\t\t\t<button href=\"https:\/\/mau1.hoabinhweb.com\/thucpham1\/bi-quyet-nao-giai-quyet-triet-de-tinh-trang-tre-quay-khoc-dem-mua-lanh\/\" class=\"button  is-link is-small mb-0\">\n\t\t\t\t\t\t\tXem th\u00eam\t\t\t\t\t\t<\/button>\n\t\t\t\t\t\n\t\t\t\t\t\n\t\t\t\t\t<\/div>\n\t\t\t\t\t<\/div>\n\t\t\t\t\t\t\t\t\t<\/div>\n\t\t\t\t<\/a>\n\t\t\t<\/div>\n\t\t<\/div><div class=\"col post-item\">\n\t\t\t<div class=\"col-inner\">\n\t\t\t<a href=\"https:\/\/mau1.hoabinhweb.com\/thucpham1\/van-minh-quay-dem-o-tre-nho-co-phai-dau-hieu-benh-ly-nguy-hiem\/\" class=\"plain\">\n\t\t\t\t<div class=\"box box-normal box-text-bottom box-blog-post has-hover\">\n            \t\t\t\t\t<div class=\"box-image\">\n  \t\t\t\t\t\t<div class=\"image-cover\" style=\"padding-top:100%;\">\n  \t\t\t\t\t\t\t<img loading=\"lazy\" decoding=\"async\" width=\"150\" height=\"150\" src=\"https:\/\/mau1.hoabinhweb.com\/thucpham1\/wp-content\/uploads\/2023\/10\/tintuc2-150x150.jpg\" class=\"attachment-thumbnail size-thumbnail wp-post-image\" alt=\"Tintuc2\" \/>  \t\t\t\t\t\t\t  \t\t\t\t\t\t\t  \t\t\t\t\t\t<\/div>\n  \t\t\t\t\t\t  \t\t\t\t\t<\/div>\n          \t\t\t\t\t<div class=\"box-text text-left\">\n\t\t\t\t\t<div class=\"box-text-inner blog-post-inner\">\n\n\t\t\t\t\t\n\t\t\t\t\t\t\t\t\t\t<h5 class=\"post-title is-large \">V\u1eb7n m\u00ecnh qu\u1ea5y \u0111\u00eam \u1edf tr\u1ebb nh\u1ecf c\u00f3 ph\u1ea3i d\u1ea5u hi\u1ec7u b\u1ec7nh l\u00fd nguy hi\u1ec3m?<\/h5>\n\t\t\t\t\t<div class=\"post-meta is-small op-8\">10\/10\/2023<\/div>\t\t\t\t\t<div class=\"is-divider\"><\/div>\n\t\t\t\t\t                    \n\t\t\t\t\t\t\t\t\t\t\t<button href=\"https:\/\/mau1.hoabinhweb.com\/thucpham1\/van-minh-quay-dem-o-tre-nho-co-phai-dau-hieu-benh-ly-nguy-hiem\/\" class=\"button  is-link is-small mb-0\">\n\t\t\t\t\t\t\tXem th\u00eam\t\t\t\t\t\t<\/button>\n\t\t\t\t\t\n\t\t\t\t\t\n\t\t\t\t\t<\/div>\n\t\t\t\t\t<\/div>\n\t\t\t\t\t\t\t\t\t<\/div>\n\t\t\t\t<\/a>\n\t\t\t<\/div>\n\t\t<\/div><\/div>\n\n\n\t\t<\/div>\n\n\t\t\n<style>\n#section_450864883 {\n  padding-top: 60px;\n  padding-bottom: 60px;\n}\n#section_450864883 .ux-shape-divider--top svg {\n  height: 150px;\n  --divider-top-width: 100%;\n}\n#section_450864883 .ux-shape-divider--bottom svg {\n  height: 150px;\n  --divider-width: 100%;\n}\n<\/style>\n\t<\/section>\n\t\n\n","protected":false},"excerpt":{"rendered":"","protected":false},"author":1,"featured_media":0,"parent":0,"menu_order":0,"comment_status":"closed","ping_status":"closed","template":"page-blank.php","meta":{"footnotes":""},"class_list":["post-410","page","type-page","status-publish","hentry"],"acf":[],"yoast_head":"<!-- This site is optimized with the Yoast SEO plugin v20.1 - https:\/\/yoast.com\/wordpress\/plugins\/seo\/ -->\n<title>300 ng\u00e0y v\u00e0ng \u0111\u1ea7u \u0111\u1eddi - D\u01b0\u1ee3c M\u1ef9 Ph\u1ea9m Nam D\u01b0\u01a1ng<\/title>\n<meta name=\"robots\" content=\"noindex, follow, max-snippet:-1, max-image-preview:large, max-video-preview:-1\" \/>\n<meta property=\"og:locale\" content=\"vi_VN\" \/>\n<meta property=\"og:type\" content=\"article\" \/>\n<meta property=\"og:title\" content=\"300 ng\u00e0y v\u00e0ng \u0111\u1ea7u \u0111\u1eddi - D\u01b0\u1ee3c M\u1ef9 Ph\u1ea9m Nam D\u01b0\u01a1ng\" \/>\n<meta property=\"og:url\" content=\"https:\/\/mau1.hoabinhweb.com\/thucpham1\/300-ngay-vang-dau-doi\/\" \/>\n<meta property=\"og:site_name\" content=\"D\u01b0\u1ee3c M\u1ef9 Ph\u1ea9m Nam D\u01b0\u01a1ng\" \/>\n<meta property=\"article:modified_time\" content=\"2023-10-21T09:03:52+00:00\" \/>\n<meta name=\"twitter:card\" content=\"summary_large_image\" \/>\n<meta name=\"twitter:label1\" content=\"\u01af\u1edbc t\u00ednh th\u1eddi gian \u0111\u1ecdc\" \/>\n\t<meta name=\"twitter:data1\" content=\"1 ph\u00fat\" \/>\n<script type=\"application\/ld+json\" class=\"yoast-schema-graph\">{\"@context\":\"https:\/\/schema.org\",\"@graph\":[{\"@type\":\"WebPage\",\"@id\":\"https:\/\/mau1.hoabinhweb.com\/thucpham1\/300-ngay-vang-dau-doi\/\",\"url\":\"https:\/\/mau1.hoabinhweb.com\/thucpham1\/300-ngay-vang-dau-doi\/\",\"name\":\"300 ng\u00e0y v\u00e0ng \u0111\u1ea7u \u0111\u1eddi - D\u01b0\u1ee3c M\u1ef9 Ph\u1ea9m Nam D\u01b0\u01a1ng\",\"isPartOf\":{\"@id\":\"https:\/\/mau1.hoabinhweb.com\/thucpham1\/#website\"},\"datePublished\":\"2023-10-21T08:49:44+00:00\",\"dateModified\":\"2023-10-21T09:03:52+00:00\",\"breadcrumb\":{\"@id\":\"https:\/\/mau1.hoabinhweb.com\/thucpham1\/300-ngay-vang-dau-doi\/#breadcrumb\"},\"inLanguage\":\"vi\",\"potentialAction\":[{\"@type\":\"ReadAction\",\"target\":[\"https:\/\/mau1.hoabinhweb.com\/thucpham1\/300-ngay-vang-dau-doi\/\"]}]},{\"@type\":\"BreadcrumbList\",\"@id\":\"https:\/\/mau1.hoabinhweb.com\/thucpham1\/300-ngay-vang-dau-doi\/#breadcrumb\",\"itemListElement\":[{\"@type\":\"ListItem\",\"position\":1,\"name\":\"Trang ch\u1ee7\",\"item\":\"https:\/\/mau1.hoabinhweb.com\/thucpham1\/\"},{\"@type\":\"ListItem\",\"position\":2,\"name\":\"300 ng\u00e0y v\u00e0ng \u0111\u1ea7u \u0111\u1eddi\"}]},{\"@type\":\"WebSite\",\"@id\":\"https:\/\/mau1.hoabinhweb.com\/thucpham1\/#website\",\"url\":\"https:\/\/mau1.hoabinhweb.com\/thucpham1\/\",\"name\":\"D\u01b0\u1ee3c M\u1ef9 Ph\u1ea9m Nam D\u01b0\u01a1ng\",\"description\":\"\",\"potentialAction\":[{\"@type\":\"SearchAction\",\"target\":{\"@type\":\"EntryPoint\",\"urlTemplate\":\"https:\/\/mau1.hoabinhweb.com\/thucpham1\/?s={search_term_string}\"},\"query-input\":\"required name=search_term_string\"}],\"inLanguage\":\"vi\"}]}<\/script>\n<!-- \/ Yoast SEO plugin. -->","yoast_head_json":{"title":"300 ng\u00e0y v\u00e0ng \u0111\u1ea7u \u0111\u1eddi - D\u01b0\u1ee3c M\u1ef9 Ph\u1ea9m Nam D\u01b0\u01a1ng","robots":{"index":"noindex","follow":"follow","max-snippet":"max-snippet:-1","max-image-preview":"max-image-preview:large","max-video-preview":"max-video-preview:-1"},"og_locale":"vi_VN","og_type":"article","og_title":"300 ng\u00e0y v\u00e0ng \u0111\u1ea7u \u0111\u1eddi - D\u01b0\u1ee3c M\u1ef9 Ph\u1ea9m Nam D\u01b0\u01a1ng","og_url":"https:\/\/mau1.hoabinhweb.com\/thucpham1\/300-ngay-vang-dau-doi\/","og_site_name":"D\u01b0\u1ee3c M\u1ef9 Ph\u1ea9m Nam D\u01b0\u01a1ng","article_modified_time":"2023-10-21T09:03:52+00:00","twitter_card":"summary_large_image","twitter_misc":{"\u01af\u1edbc t\u00ednh th\u1eddi gian \u0111\u1ecdc":"1 ph\u00fat"},"schema":{"@context":"https:\/\/schema.org","@graph":[{"@type":"WebPage","@id":"https:\/\/mau1.hoabinhweb.com\/thucpham1\/300-ngay-vang-dau-doi\/","url":"https:\/\/mau1.hoabinhweb.com\/thucpham1\/300-ngay-vang-dau-doi\/","name":"300 ng\u00e0y v\u00e0ng \u0111\u1ea7u \u0111\u1eddi - D\u01b0\u1ee3c M\u1ef9 Ph\u1ea9m Nam D\u01b0\u01a1ng","isPartOf":{"@id":"https:\/\/mau1.hoabinhweb.com\/thucpham1\/#website"},"datePublished":"2023-10-21T08:49:44+00:00","dateModified":"2023-10-21T09:03:52+00:00","breadcrumb":{"@id":"https:\/\/mau1.hoabinhweb.com\/thucpham1\/300-ngay-vang-dau-doi\/#breadcrumb"},"inLanguage":"vi","potentialAction":[{"@type":"ReadAction","target":["https:\/\/mau1.hoabinhweb.com\/thucpham1\/300-ngay-vang-dau-doi\/"]}]},{"@type":"BreadcrumbList","@id":"https:\/\/mau1.hoabinhweb.com\/thucpham1\/300-ngay-vang-dau-doi\/#breadcrumb","itemListElement":[{"@type":"ListItem","position":1,"name":"Trang ch\u1ee7","item":"https:\/\/mau1.hoabinhweb.com\/thucpham1\/"},{"@type":"ListItem","position":2,"name":"300 ng\u00e0y v\u00e0ng \u0111\u1ea7u \u0111\u1eddi"}]},{"@type":"WebSite","@id":"https:\/\/mau1.hoabinhweb.com\/thucpham1\/#website","url":"https:\/\/mau1.hoabinhweb.com\/thucpham1\/","name":"D\u01b0\u1ee3c M\u1ef9 Ph\u1ea9m Nam D\u01b0\u01a1ng","description":"","potentialAction":[{"@type":"SearchAction","target":{"@type":"EntryPoint","urlTemplate":"https:\/\/mau1.hoabinhweb.com\/thucpham1\/?s={search_term_string}"},"query-input":"required name=search_term_string"}],"inLanguage":"vi"}]}},"_links":{"self":[{"href":"https:\/\/mau1.hoabinhweb.com\/thucpham1\/wp-json\/wp\/v2\/pages\/410","targetHints":{"allow":["GET"]}}],"collection":[{"href":"https:\/\/mau1.hoabinhweb.com\/thucpham1\/wp-json\/wp\/v2\/pages"}],"about":[{"href":"https:\/\/mau1.hoabinhweb.com\/thucpham1\/wp-json\/wp\/v2\/types\/page"}],"author":[{"embeddable":true,"href":"https:\/\/mau1.hoabinhweb.com\/thucpham1\/wp-json\/wp\/v2\/users\/1"}],"replies":[{"embeddable":true,"href":"https:\/\/mau1.hoabinhweb.com\/thucpham1\/wp-json\/wp\/v2\/comments?post=410"}],"version-history":[{"count":4,"href":"https:\/\/mau1.hoabinhweb.com\/thucpham1\/wp-json\/wp\/v2\/pages\/410\/revisions"}],"predecessor-version":[{"id":415,"href":"https:\/\/mau1.hoabinhweb.com\/thucpham1\/wp-json\/wp\/v2\/pages\/410\/revisions\/415"}],"wp:attachment":[{"href":"https:\/\/mau1.hoabinhweb.com\/thucpham1\/wp-json\/wp\/v2\/media?parent=410"}],"curies":[{"name":"wp","href":"https:\/\/api.w.org\/{rel}","templated":true}]}}