{"id":422,"date":"2023-10-23T14:25:50","date_gmt":"2023-10-23T07:25:50","guid":{"rendered":"http:\/\/mau1.hoabinhweb.com\/thucpham1\/?page_id=422"},"modified":"2023-10-29T21:40:40","modified_gmt":"2023-10-29T14:40:40","slug":"cach-thuc-mua-hang","status":"publish","type":"page","link":"https:\/\/mau1.hoabinhweb.com\/thucpham1\/cach-thuc-mua-hang\/","title":{"rendered":"C\u00e1ch th\u1ee9c mua h\u00e0ng"},"content":{"rendered":"\n<div class=\"hbw-accordion\">\n\n<a id=\"hbw-accordion-919754092-label\" href=\"#\" class=\"accordion-title plain active\" aria-expanded=\"true\" aria-controls=\"hbw-accordion-919754092-content\"> <div class=\"img\"> <img loading=\"lazy\" decoding=\"async\" width=\"116\" height=\"152\" src=\"https:\/\/mau1.hoabinhweb.com\/thucpham1\/wp-content\/uploads\/2023\/10\/icon-muahang4-1.png\" class=\"attachment-large size-large\" alt=\"Icon Muahang4\" \/>  <\/div>  <span>\u0110\u1eb7t h\u00e0ng Online<\/span><\/a><div id=\"hbw-accordion-919754092-content\" class=\"accordion-inner accordion1\" style=\"display: block;\" aria-labelledby=\"hbw-accordion-919754092-label\">\n\n\n  \n    <div class=\"row  equalize-box large-columns-2 medium-columns- small-columns- row-small\">\n  \t\n\t     <div class=\"col\">\n\t\t\t\t\t\t<div class=\"col-inner\">\n\t\t\t\t\t\t\n<div class=\"badge-container absolute left top z-1\">\n\n<\/div>\n\t\t\t\t\t\t<div class=\"product-small box has-hover box-normal box-text-bottom\">\n\t\t\t\t\t\t\t<div class=\"box-image\">\n\t\t\t\t\t\t\t\t<div class=\"image-cover\" style=\"padding-top:100%;\">\n\t\t\t\t\t\t\t\t\t<a href=\"https:\/\/mau1.hoabinhweb.com\/thucpham1\/san-pham\/sua-ngu-ngon-opilac\/\" aria-label=\"S\u1eefa ng\u1ee7 ngon Opilac\">\n\t\t\t\t\t\t\t\t\t\t<img loading=\"lazy\" decoding=\"async\" width=\"707\" height=\"707\" src=\"https:\/\/mau1.hoabinhweb.com\/thucpham1\/wp-content\/uploads\/2023\/10\/sanpham-final.jpg\" class=\"attachment-original size-original\" alt=\"Sanpham Final\" \/>\t\t\t\t\t\t\t\t\t<\/a>\n\t\t\t\t\t\t\t\t\t\t\t\t\t\t\t\t\t\t \t\t\t\t\t\t\t\t<\/div>\n\t\t\t\t\t\t\t\t<div class=\"image-tools top right show-on-hover\">\n\t\t\t\t\t\t\t\t\t\t\t\t\t\t\t\t\t<\/div>\n\t\t\t\t\t\t\t\t\t\t\t\t\t\t\t\t\t<div class=\"image-tools grid-tools text-center hide-for-small bottom hover-slide-in show-on-hover\">\n\t\t\t\t\t\t\t\t\t\t\t\t\t\t\t\t\t\t\t<\/div>\n\t\t\t\t\t\t\t\t\t\t\t\t\t\t\t\t\t\t\t\t\t\t\t<\/div>\n\n\t\t\t\t\t\t\t<div class=\"box-text text-left\">\n\t\t\t\t\t\t\t\t<div class=\"title-wrapper\"><\/div><div class=\"price-wrapper\"><\/div><div class=\"add-to-cart-button\"><a href=\"?add-to-cart=314\" data-quantity=\"1\" class=\"primary is-small mb-0 button wp-element-button product_type_simple add_to_cart_button ajax_add_to_cart is-outline\" data-product_id=\"314\" data-product_sku=\"\" aria-label=\"Add &ldquo;S\u1eefa ng\u1ee7 ngon Opilac&rdquo; to your cart\" rel=\"nofollow\">Mua ngay<\/a><\/div>\t\t\t\t\t\t\t<\/div>\n\t\t\t\t\t\t<\/div>\n\t\t\t\t\t\t<\/div>\n\t\t\t\t\t<\/div><\/div>\n\n\n<\/div>\n<a id=\"hbw-accordion-2902571999-label\" href=\"#\" class=\"accordion-title plain\" aria-expanded=\"false\" aria-controls=\"hbw-accordion-2902571999-content\"> <div class=\"img\"> <img loading=\"lazy\" decoding=\"async\" width=\"124\" height=\"152\" src=\"https:\/\/mau1.hoabinhweb.com\/thucpham1\/wp-content\/uploads\/2023\/10\/icon-muahang5.png\" class=\"attachment-large size-large\" alt=\"Icon Muahang5\" \/>  <\/div>  <span>\u0110\u1eb7t h\u00e0ng qua s\u00e0n TM\u0110T<\/span><\/a><div id=\"hbw-accordion-2902571999-content\" class=\"accordion-inner accordion2\" aria-labelledby=\"hbw-accordion-2902571999-label\">\n\n\t<div id=\"stack-1247405068\" class=\"stack stack-row justify-start items-stretch\">\n\t\t\n\n\t<div class=\"img has-hover x md-x lg-x y md-y lg-y\" id=\"image_96484988\">\n\t\t<a class=\"\" href=\"#\">\t\t\t\t\t\t<div class=\"img-inner dark\">\n\t\t\t<img loading=\"lazy\" decoding=\"async\" width=\"278\" height=\"87\" src=\"https:\/\/mau1.hoabinhweb.com\/thucpham1\/wp-content\/uploads\/2023\/10\/lzd.png\" class=\"attachment-large size-large\" alt=\"Lzd\" \/>\t\t\t\t\t\t\n\t\t\t\t\t<\/div>\n\t\t\t\t\t\t<\/a>\t\t\n<style>\n#image_96484988 {\n  width: 100%;\n}\n<\/style>\n\t<\/div>\n\t\n\n\t<div class=\"img has-hover x md-x lg-x y md-y lg-y\" id=\"image_1285983349\">\n\t\t<a class=\"\" href=\"#\">\t\t\t\t\t\t<div class=\"img-inner dark\">\n\t\t\t<img loading=\"lazy\" decoding=\"async\" width=\"279\" height=\"86\" src=\"https:\/\/mau1.hoabinhweb.com\/thucpham1\/wp-content\/uploads\/2023\/10\/sp.png\" class=\"attachment-large size-large\" alt=\"Sp\" \/>\t\t\t\t\t\t\n\t\t\t\t\t<\/div>\n\t\t\t\t\t\t<\/a>\t\t\n<style>\n#image_1285983349 {\n  width: 100%;\n}\n<\/style>\n\t<\/div>\n\t\n\n\t<div class=\"img has-hover x md-x lg-x y md-y lg-y\" id=\"image_1138191950\">\n\t\t<a class=\"\" href=\"#\">\t\t\t\t\t\t<div class=\"img-inner dark\">\n\t\t\t<img loading=\"lazy\" decoding=\"async\" width=\"278\" height=\"86\" src=\"https:\/\/mau1.hoabinhweb.com\/thucpham1\/wp-content\/uploads\/2023\/10\/tk.png\" class=\"attachment-large size-large\" alt=\"Tk\" \/>\t\t\t\t\t\t\n\t\t\t\t\t<\/div>\n\t\t\t\t\t\t<\/a>\t\t\n<style>\n#image_1138191950 {\n  width: 100%;\n}\n<\/style>\n\t<\/div>\n\t\n\n\n\t\t\n<style>\n#stack-1247405068 > * {\n  --stack-gap: 0rem;\n}\n<\/style>\n\t<\/div>\n\t\n\n<\/div>\n<a id=\"hbw-accordion-4063789088-label\" href=\"#\" class=\"accordion-title plain\" aria-expanded=\"false\" aria-controls=\"hbw-accordion-4063789088-content\"> <div class=\"img\"> <img loading=\"lazy\" decoding=\"async\" width=\"124\" height=\"134\" src=\"https:\/\/mau1.hoabinhweb.com\/thucpham1\/wp-content\/uploads\/2023\/10\/icon-muahang6.png\" class=\"attachment-large size-large\" alt=\"Icon Muahang6\" \/>  <\/div>  <span>Chu\u1ed7i Nh\u00e0 thu\u1ed1c & Shop m\u1eb9 b\u00e9<\/span><\/a><div id=\"hbw-accordion-4063789088-content\" class=\"accordion-inner accordion3\" aria-labelledby=\"hbw-accordion-4063789088-label\">\n\n<div class=\"row align-equal\"  id=\"row-139387053\">\n\n\n\t<div id=\"col-777021687\" class=\"col medium-6 small-12 large-6\">\n\t\t\t\t<div class=\"col-inner\">\n\t\t\t\n\t\t\t\n\n<h5>C\u1eeda h\u00e0ng m\u1eb9 v\u00e0 b\u00e9 H\u00e0 N\u1ed9i<\/h5>\n<ul>\n<li>S\u1ed1 50 V\u0103n Cao, Li\u1ec5u Giai, Ba \u0110\u00ecnh H\u00e0 N\u1ed9i<\/li>\n<li>024625808888<\/li>\n<\/ul>\n\n\n\t\t<\/div>\n\t\t\t\t\t<\/div>\n\n\t\n\n\t<div id=\"col-1481739775\" class=\"col medium-6 small-12 large-6\">\n\t\t\t\t<div class=\"col-inner\">\n\t\t\t\n\t\t\t\n\n<h5>C\u1eeda h\u00e0ng m\u1eb9 v\u00e0 b\u00e9 H\u00e0 N\u1ed9i<\/h5>\n<ul>\n<li>S\u1ed1 50 V\u0103n Cao, Li\u1ec5u Giai, Ba \u0110\u00ecnh H\u00e0 N\u1ed9i<\/li>\n<li>024625808888<\/li>\n<\/ul>\n\n\n\t\t<\/div>\n\t\t\t\t\t<\/div>\n\n\t\n\n<\/div>\n\n<\/div>\n<a id=\"hbw-accordion-103761513-label\" href=\"#\" class=\"accordion-title plain\" aria-expanded=\"false\" aria-controls=\"hbw-accordion-103761513-content\"> <div class=\"img\"> <img loading=\"lazy\" decoding=\"async\" width=\"131\" height=\"126\" src=\"https:\/\/mau1.hoabinhweb.com\/thucpham1\/wp-content\/uploads\/2023\/10\/icon-muahang7.png\" class=\"attachment-large size-large\" alt=\"Icon Muahang7\" \/>  <\/div>  <span>Nh\u00e0 thu\u1ed1c & c\u1eeda h\u00e0ng m\u1eb9 b\u00e9 b\u00e1n l\u1ebb<\/span><\/a><div id=\"hbw-accordion-103761513-content\" class=\"accordion-inner accordion3\" aria-labelledby=\"hbw-accordion-103761513-label\">\n\n<div class=\"row align-equal\"  id=\"row-1745599367\">\n\n\n\t<div id=\"col-2057482978\" class=\"col medium-6 small-12 large-6\">\n\t\t\t\t<div class=\"col-inner\">\n\t\t\t\n\t\t\t\n\n<h5>C\u1eeda h\u00e0ng m\u1eb9 v\u00e0 b\u00e9 H\u00e0 N\u1ed9i<\/h5>\n<ul>\n<li>S\u1ed1 50 V\u0103n Cao, Li\u1ec5u Giai, Ba \u0110\u00ecnh H\u00e0 N\u1ed9i<\/li>\n<li>024625808888<\/li>\n<\/ul>\n\n\n\t\t<\/div>\n\t\t\t\t\t<\/div>\n\n\t\n\n\t<div id=\"col-161502123\" class=\"col medium-6 small-12 large-6\">\n\t\t\t\t<div class=\"col-inner\">\n\t\t\t\n\t\t\t\n\n<h5>C\u1eeda h\u00e0ng m\u1eb9 v\u00e0 b\u00e9 H\u00e0 N\u1ed9i<\/h5>\n<ul>\n<li>S\u1ed1 50 V\u0103n Cao, Li\u1ec5u Giai, Ba \u0110\u00ecnh H\u00e0 N\u1ed9i<\/li>\n<li>024625808888<\/li>\n<\/ul>\n\n\n\t\t<\/div>\n\t\t\t\t\t<\/div>\n\n\t\n\n<\/div>\n\n<\/div>\n\n<\/div>\n\n","protected":false},"excerpt":{"rendered":"","protected":false},"author":1,"featured_media":0,"parent":0,"menu_order":0,"comment_status":"closed","ping_status":"closed","template":"","meta":{"footnotes":""},"class_list":["post-422","page","type-page","status-publish","hentry"],"acf":[],"yoast_head":"<!-- This site is optimized with the Yoast SEO plugin v20.1 - https:\/\/yoast.com\/wordpress\/plugins\/seo\/ -->\n<title>C\u00e1ch th\u1ee9c mua h\u00e0ng - D\u01b0\u1ee3c M\u1ef9 Ph\u1ea9m Nam D\u01b0\u01a1ng<\/title>\n<meta name=\"robots\" content=\"noindex, follow, max-snippet:-1, max-image-preview:large, max-video-preview:-1\" \/>\n<meta property=\"og:locale\" content=\"vi_VN\" \/>\n<meta property=\"og:type\" content=\"article\" \/>\n<meta property=\"og:title\" content=\"C\u00e1ch th\u1ee9c mua h\u00e0ng - D\u01b0\u1ee3c M\u1ef9 Ph\u1ea9m Nam D\u01b0\u01a1ng\" \/>\n<meta property=\"og:url\" content=\"https:\/\/mau1.hoabinhweb.com\/thucpham1\/cach-thuc-mua-hang\/\" \/>\n<meta property=\"og:site_name\" content=\"D\u01b0\u1ee3c M\u1ef9 Ph\u1ea9m Nam D\u01b0\u01a1ng\" \/>\n<meta property=\"article:modified_time\" content=\"2023-10-29T14:40:40+00:00\" \/>\n<meta name=\"twitter:card\" content=\"summary_large_image\" \/>\n<script type=\"application\/ld+json\" class=\"yoast-schema-graph\">{\"@context\":\"https:\/\/schema.org\",\"@graph\":[{\"@type\":\"WebPage\",\"@id\":\"https:\/\/mau1.hoabinhweb.com\/thucpham1\/cach-thuc-mua-hang\/\",\"url\":\"https:\/\/mau1.hoabinhweb.com\/thucpham1\/cach-thuc-mua-hang\/\",\"name\":\"C\u00e1ch th\u1ee9c mua h\u00e0ng - D\u01b0\u1ee3c M\u1ef9 Ph\u1ea9m Nam D\u01b0\u01a1ng\",\"isPartOf\":{\"@id\":\"https:\/\/mau1.hoabinhweb.com\/thucpham1\/#website\"},\"datePublished\":\"2023-10-23T07:25:50+00:00\",\"dateModified\":\"2023-10-29T14:40:40+00:00\",\"breadcrumb\":{\"@id\":\"https:\/\/mau1.hoabinhweb.com\/thucpham1\/cach-thuc-mua-hang\/#breadcrumb\"},\"inLanguage\":\"vi\",\"potentialAction\":[{\"@type\":\"ReadAction\",\"target\":[\"https:\/\/mau1.hoabinhweb.com\/thucpham1\/cach-thuc-mua-hang\/\"]}]},{\"@type\":\"BreadcrumbList\",\"@id\":\"https:\/\/mau1.hoabinhweb.com\/thucpham1\/cach-thuc-mua-hang\/#breadcrumb\",\"itemListElement\":[{\"@type\":\"ListItem\",\"position\":1,\"name\":\"Trang ch\u1ee7\",\"item\":\"https:\/\/mau1.hoabinhweb.com\/thucpham1\/\"},{\"@type\":\"ListItem\",\"position\":2,\"name\":\"C\u00e1ch th\u1ee9c mua h\u00e0ng\"}]},{\"@type\":\"WebSite\",\"@id\":\"https:\/\/mau1.hoabinhweb.com\/thucpham1\/#website\",\"url\":\"https:\/\/mau1.hoabinhweb.com\/thucpham1\/\",\"name\":\"D\u01b0\u1ee3c M\u1ef9 Ph\u1ea9m Nam D\u01b0\u01a1ng\",\"description\":\"\",\"potentialAction\":[{\"@type\":\"SearchAction\",\"target\":{\"@type\":\"EntryPoint\",\"urlTemplate\":\"https:\/\/mau1.hoabinhweb.com\/thucpham1\/?s={search_term_string}\"},\"query-input\":\"required name=search_term_string\"}],\"inLanguage\":\"vi\"}]}<\/script>\n<!-- \/ Yoast SEO plugin. -->","yoast_head_json":{"title":"C\u00e1ch th\u1ee9c mua h\u00e0ng - D\u01b0\u1ee3c M\u1ef9 Ph\u1ea9m Nam D\u01b0\u01a1ng","robots":{"index":"noindex","follow":"follow","max-snippet":"max-snippet:-1","max-image-preview":"max-image-preview:large","max-video-preview":"max-video-preview:-1"},"og_locale":"vi_VN","og_type":"article","og_title":"C\u00e1ch th\u1ee9c mua h\u00e0ng - D\u01b0\u1ee3c M\u1ef9 Ph\u1ea9m Nam D\u01b0\u01a1ng","og_url":"https:\/\/mau1.hoabinhweb.com\/thucpham1\/cach-thuc-mua-hang\/","og_site_name":"D\u01b0\u1ee3c M\u1ef9 Ph\u1ea9m Nam D\u01b0\u01a1ng","article_modified_time":"2023-10-29T14:40:40+00:00","twitter_card":"summary_large_image","schema":{"@context":"https:\/\/schema.org","@graph":[{"@type":"WebPage","@id":"https:\/\/mau1.hoabinhweb.com\/thucpham1\/cach-thuc-mua-hang\/","url":"https:\/\/mau1.hoabinhweb.com\/thucpham1\/cach-thuc-mua-hang\/","name":"C\u00e1ch th\u1ee9c mua h\u00e0ng - D\u01b0\u1ee3c M\u1ef9 Ph\u1ea9m Nam D\u01b0\u01a1ng","isPartOf":{"@id":"https:\/\/mau1.hoabinhweb.com\/thucpham1\/#website"},"datePublished":"2023-10-23T07:25:50+00:00","dateModified":"2023-10-29T14:40:40+00:00","breadcrumb":{"@id":"https:\/\/mau1.hoabinhweb.com\/thucpham1\/cach-thuc-mua-hang\/#breadcrumb"},"inLanguage":"vi","potentialAction":[{"@type":"ReadAction","target":["https:\/\/mau1.hoabinhweb.com\/thucpham1\/cach-thuc-mua-hang\/"]}]},{"@type":"BreadcrumbList","@id":"https:\/\/mau1.hoabinhweb.com\/thucpham1\/cach-thuc-mua-hang\/#breadcrumb","itemListElement":[{"@type":"ListItem","position":1,"name":"Trang ch\u1ee7","item":"https:\/\/mau1.hoabinhweb.com\/thucpham1\/"},{"@type":"ListItem","position":2,"name":"C\u00e1ch th\u1ee9c mua h\u00e0ng"}]},{"@type":"WebSite","@id":"https:\/\/mau1.hoabinhweb.com\/thucpham1\/#website","url":"https:\/\/mau1.hoabinhweb.com\/thucpham1\/","name":"D\u01b0\u1ee3c M\u1ef9 Ph\u1ea9m Nam D\u01b0\u01a1ng","description":"","potentialAction":[{"@type":"SearchAction","target":{"@type":"EntryPoint","urlTemplate":"https:\/\/mau1.hoabinhweb.com\/thucpham1\/?s={search_term_string}"},"query-input":"required name=search_term_string"}],"inLanguage":"vi"}]}},"_links":{"self":[{"href":"https:\/\/mau1.hoabinhweb.com\/thucpham1\/wp-json\/wp\/v2\/pages\/422","targetHints":{"allow":["GET"]}}],"collection":[{"href":"https:\/\/mau1.hoabinhweb.com\/thucpham1\/wp-json\/wp\/v2\/pages"}],"about":[{"href":"https:\/\/mau1.hoabinhweb.com\/thucpham1\/wp-json\/wp\/v2\/types\/page"}],"author":[{"embeddable":true,"href":"https:\/\/mau1.hoabinhweb.com\/thucpham1\/wp-json\/wp\/v2\/users\/1"}],"replies":[{"embeddable":true,"href":"https:\/\/mau1.hoabinhweb.com\/thucpham1\/wp-json\/wp\/v2\/comments?post=422"}],"version-history":[{"count":5,"href":"https:\/\/mau1.hoabinhweb.com\/thucpham1\/wp-json\/wp\/v2\/pages\/422\/revisions"}],"predecessor-version":[{"id":479,"href":"https:\/\/mau1.hoabinhweb.com\/thucpham1\/wp-json\/wp\/v2\/pages\/422\/revisions\/479"}],"wp:attachment":[{"href":"https:\/\/mau1.hoabinhweb.com\/thucpham1\/wp-json\/wp\/v2\/media?parent=422"}],"curies":[{"name":"wp","href":"https:\/\/api.w.org\/{rel}","templated":true}]}}